{"id":8809,"date":"2025-05-21T13:55:04","date_gmt":"2025-05-21T11:55:04","guid":{"rendered":"https:\/\/www.praloup.com\/area-professionale\/"},"modified":"2025-11-06T10:25:00","modified_gmt":"2025-11-06T09:25:00","slug":"area-professionale","status":"publish","type":"page","link":"https:\/\/www.praloup.com\/it\/area-professionale-2\/area-professionale\/","title":{"rendered":"Centro per i partner"},"content":{"rendered":"\n<div class=\"wp-block-ws-library-ws-header-interne alignfull\" data-season=\"winter\"><div class=\"header-container\"><div class=\"group-media has-image\"><img loading=\"lazy\" decoding=\"async\" width=\"1920\" height=\"640\" src=\"https:\/\/www.praloup.com\/wp-content\/uploads\/2025\/11\/thomas-bruno-2025-1-1920x640.jpg\" alt=\"\" class=\"image_large_square wp-image-25483 \"\/><\/div><div class=\"group-content\"><div class=\"title\"><h1>Centro per i partner<\/h1><\/div><\/div><\/div><div class=\"yoast-breadcrumbs\"><span><span><a href=\"https:\/\/www.praloup.com\/it\/pra-loup-lesperienza-sciistica-alle-porte-del-parco-nazionale-del-mercantour\/\">Accueil<\/a><\/span>  <span><a href=\"https:\/\/www.praloup.com\/it\/area-professionale-2\/\">Area professionale<\/a><\/span>  <span class=\"breadcrumb_last\" aria-current=\"page\">Centro per i partner<\/span><\/span><\/div><\/div>\n\n<div class=\"wp-block-ws-library-ws-header-interne alignfull\" data-season=\"summer\"><div class=\"header-container\"><div class=\"group-media has-image\"><img loading=\"lazy\" decoding=\"async\" width=\"2560\" height=\"1707\" src=\"https:\/\/www.praloup.com\/wp-content\/uploads\/2025\/08\/thomas-bruno-2025-10-scaled.jpg\" alt=\"\" class=\"image_large_square wp-image-15800 \" srcset=\"https:\/\/www.praloup.com\/wp-content\/uploads\/2025\/08\/thomas-bruno-2025-10-scaled.jpg 2560w, https:\/\/www.praloup.com\/wp-content\/uploads\/2025\/08\/thomas-bruno-2025-10-scaled-300x200.jpg 300w, https:\/\/www.praloup.com\/wp-content\/uploads\/2025\/08\/thomas-bruno-2025-10-scaled-1024x683.jpg 1024w, https:\/\/www.praloup.com\/wp-content\/uploads\/2025\/08\/thomas-bruno-2025-10-scaled-768x512.jpg 768w, https:\/\/www.praloup.com\/wp-content\/uploads\/2025\/08\/thomas-bruno-2025-10-scaled-1536x1024.jpg 1536w, https:\/\/www.praloup.com\/wp-content\/uploads\/2025\/08\/thomas-bruno-2025-10-scaled-2048x1366.jpg 2048w, https:\/\/www.praloup.com\/wp-content\/uploads\/2025\/08\/thomas-bruno-2025-10-scaled-60x40.jpg 60w, https:\/\/www.praloup.com\/wp-content\/uploads\/2025\/08\/thomas-bruno-2025-10-scaled-120x80.jpg 120w, https:\/\/www.praloup.com\/wp-content\/uploads\/2025\/08\/thomas-bruno-2025-10-scaled-855x570.jpg 855w\" sizes=\"auto, (max-width: 2560px) 100vw, 2560px\" \/><\/div><div class=\"group-content\"><div class=\"title\"><h1>Area professionale<\/h1><\/div><\/div><\/div><div class=\"yoast-breadcrumbs\"><span><span><a href=\"https:\/\/www.praloup.com\/it\/pra-loup-lesperienza-sciistica-alle-porte-del-parco-nazionale-del-mercantour\/\">Accueil<\/a><\/span>  <span><a href=\"https:\/\/www.praloup.com\/it\/area-professionale-2\/\">Area professionale<\/a><\/span>  <span class=\"breadcrumb_last\" aria-current=\"page\">Centro per i partner<\/span><\/span><\/div><\/div>\n\n<div class=\"wp-block-ws-library-ws-columns alignfull has-2-columns are-vertically-aligned-center layout-5050\">\n<div class=\"wp-block-ws-library-ws-column\"><div class=\"wrapper\">\n<div class=\"wp-block-ws-library-ws-title\" data-season=\"allseasons\"><h2>Diventa partner <strong>dell&#8217;Ufficio<\/strong> del Turismo di <strong>Pra Loup<\/strong><\/h2><\/div>\n\n\n\n<p>Entrare a far parte della rete di partner dell&#8217;Ufficio del Turismo \u00e8 molto pi\u00f9 di una semplice adesione. Significa scegliere di dare ancora pi\u00f9 visibilit\u00e0 alla propria attivit\u00e0, di usufruire di potenti rel\u00e8 di comunicazione e di beneficiare di un supporto quotidiano. <\/p>\n\n\n\n<p>Come professionista, sai quanto sia essenziale essere visti, ascoltati e presentati ai visitatori. Grazie alla tua quota associativa, beneficerai della forza degli strumenti dell&#8217;OT: sito web, brochure, social network, stampa, eventi, ecc. ma anche una rete di aiuto reciproco e momenti conviviali da scambiare con altri socio-professionisti. <\/p>\n\n\n\n<p>Essere partner significa anche contribuire all&#8217;attrattiva collettiva di Pra Loup. Pi\u00f9 lavoriamo insieme, pi\u00f9 il resort brilla e attrae nuovi clienti. Insieme, diamo vita alla nostra destinazione, ed \u00e8 questa dinamica condivisa che fa la differenza.  <\/p>\n\n\n\n<p>In sintesi, diventare partner significa entrambi:<\/p>\n\n\n\n<ul class=\"wp-block-list\">\n<li>Aumenta la tua visibilit\u00e0, grazie a una promozione professionale e qualificata.<\/li>\n\n\n\n<li>Facilita l&#8217;accoglienza dei tuoi clienti, con supporti adeguati e pratici.<\/li>\n\n\n\n<li>Partecipa alla promozione della stazione, insieme all&#8217;OT e ad altri stakeholder.<\/li>\n\n\n\n<li>Approfitta di una rete di scambi per rimanere informato e ispirato.<\/li>\n\n\n\n<li>Creare legami umani e privilegiati con l&#8217;intera comunit\u00e0 locale.<\/li>\n<\/ul>\n<\/div><\/div>\n\n\n\n<div class=\"wp-block-ws-library-ws-column\"><div class=\"wrapper\">\n<div class=\"wp-block-ws-library-ws-image\"><div class=\"wrapper\"><div class=\"group-media\"><img decoding=\"async\" src=\"https:\/\/www.praloup.com\/wp-content\/uploads\/2025\/08\/thomas-bruno-2025-10-900x570.jpg\" alt=\"\" class=\"single_image ws-image-15800\"><div class=\"credits\">Tommaso Bruno<\/div><\/div><p class=\"caption\"><\/p><\/div><\/div>\n<\/div><\/div>\n<\/div>\n\n<div class=\"wp-block-ws-library-ws-title alignfull\"><h3>Scarica la nostra guida per i partner:<\/h3><\/div>\n\n<div class=\"wp-block-ws-library-ws-documents\">\n<div class=\"wp-block-ws-library-ws-document\"><a href=\"https:\/\/www.praloup.com\/wp-content\/uploads\/2025\/09\/guide-du-partenaire-2025-2026.pdf\" target=\"_blank\" rel=\"noopener noreferrer\" class=\"link-document\">Guida per i partner 2025-2026<\/a><\/div>\n\n\n\n<div class=\"wp-block-ws-library-ws-document\"><a href=\"https:\/\/www.praloup.com\/wp-content\/uploads\/2025\/09\/bon-de-commande-guide-du-partenaire.pdf\" target=\"_blank\" rel=\"noopener noreferrer\" class=\"link-document\">Modulo d&#8217;ordine Guida per i partner<\/a><\/div>\n<\/div>\n\n<div class=\"wp-block-ws-library-ws-share\"><span class=\"share-subtitle\">Ti \u00e8 piaciuta questa pagina?<\/span><span class=\"share-title\">Condividilo!<\/span><button class=\"ws-share-button wp-element-button\">Condividi questa pagina<\/button><\/div>\n","protected":false},"excerpt":{"rendered":"","protected":false},"author":1,"featured_media":15802,"parent":24216,"menu_order":0,"comment_status":"closed","ping_status":"closed","template":"","meta":{"_thumbnail_id_2":0,"summer_excerpt":"","season":"","menu_page_1":"","menu_page_2":"","footnotes":""},"class_list":["post-8809","page","type-page","status-publish","has-post-thumbnail","hentry"],"yoast_head":"<!-- This site is optimized with the Yoast SEO plugin v27.5 - https:\/\/yoast.com\/product\/yoast-seo-wordpress\/ -->\n<title>Centro per i partner - Pra Loup - Office de Tourisme<\/title>\n<meta name=\"robots\" content=\"index, follow, max-snippet:-1, max-image-preview:large, max-video-preview:-1\" \/>\n<link rel=\"canonical\" href=\"https:\/\/www.praloup.com\/it\/area-professionale-2\/area-professionale\/\" \/>\n<meta property=\"og:locale\" content=\"it_IT\" \/>\n<meta property=\"og:type\" content=\"article\" \/>\n<meta property=\"og:title\" content=\"Centro per i partner - Pra Loup - Office de Tourisme\" \/>\n<meta property=\"og:url\" content=\"https:\/\/www.praloup.com\/it\/area-professionale-2\/area-professionale\/\" \/>\n<meta property=\"og:site_name\" content=\"Pra Loup - Office de Tourisme\" \/>\n<meta property=\"article:publisher\" content=\"https:\/\/www.facebook.com\/praloup\" \/>\n<meta property=\"article:modified_time\" content=\"2025-11-06T09:25:00+00:00\" \/>\n<meta property=\"og:image\" content=\"https:\/\/www.praloup.com\/wp-content\/uploads\/2025\/08\/thomas-bruno-2025-10-scaled.jpg\" \/>\n\t<meta property=\"og:image:width\" content=\"2560\" \/>\n\t<meta property=\"og:image:height\" content=\"1707\" \/>\n\t<meta property=\"og:image:type\" content=\"image\/jpeg\" \/>\n<meta name=\"twitter:card\" content=\"summary_large_image\" \/>\n<meta name=\"twitter:label1\" content=\"Tempo di lettura stimato\" \/>\n\t<meta name=\"twitter:data1\" content=\"1 minuto\" \/>\n<script type=\"application\/ld+json\" class=\"yoast-schema-graph\">{\"@context\":\"https:\\\/\\\/schema.org\",\"@graph\":[{\"@type\":\"WebPage\",\"@id\":\"https:\\\/\\\/www.praloup.com\\\/it\\\/area-professionale-2\\\/area-professionale\\\/\",\"url\":\"https:\\\/\\\/www.praloup.com\\\/it\\\/area-professionale-2\\\/area-professionale\\\/\",\"name\":\"Centro per i partner - Pra Loup - Office de Tourisme\",\"isPartOf\":{\"@id\":\"https:\\\/\\\/www.praloup.com\\\/it\\\/#website\"},\"primaryImageOfPage\":{\"@id\":\"https:\\\/\\\/www.praloup.com\\\/it\\\/area-professionale-2\\\/area-professionale\\\/#primaryimage\"},\"image\":{\"@id\":\"https:\\\/\\\/www.praloup.com\\\/it\\\/area-professionale-2\\\/area-professionale\\\/#primaryimage\"},\"thumbnailUrl\":\"https:\\\/\\\/www.praloup.com\\\/wp-content\\\/uploads\\\/2025\\\/08\\\/thomas-bruno-2025-10-scaled.jpg\",\"datePublished\":\"2025-05-21T11:55:04+00:00\",\"dateModified\":\"2025-11-06T09:25:00+00:00\",\"breadcrumb\":{\"@id\":\"https:\\\/\\\/www.praloup.com\\\/it\\\/area-professionale-2\\\/area-professionale\\\/#breadcrumb\"},\"inLanguage\":\"it-IT\",\"potentialAction\":[{\"@type\":\"ReadAction\",\"target\":[\"https:\\\/\\\/www.praloup.com\\\/it\\\/area-professionale-2\\\/area-professionale\\\/\"]}]},{\"@type\":\"ImageObject\",\"inLanguage\":\"it-IT\",\"@id\":\"https:\\\/\\\/www.praloup.com\\\/it\\\/area-professionale-2\\\/area-professionale\\\/#primaryimage\",\"url\":\"https:\\\/\\\/www.praloup.com\\\/wp-content\\\/uploads\\\/2025\\\/08\\\/thomas-bruno-2025-10-scaled.jpg\",\"contentUrl\":\"https:\\\/\\\/www.praloup.com\\\/wp-content\\\/uploads\\\/2025\\\/08\\\/thomas-bruno-2025-10-scaled.jpg\",\"width\":2560,\"height\":1707,\"caption\":\"Thomas Bruno\"},{\"@type\":\"BreadcrumbList\",\"@id\":\"https:\\\/\\\/www.praloup.com\\\/it\\\/area-professionale-2\\\/area-professionale\\\/#breadcrumb\",\"itemListElement\":[{\"@type\":\"ListItem\",\"position\":1,\"name\":\"Accueil\",\"item\":\"https:\\\/\\\/www.praloup.com\\\/it\\\/pra-loup-lesperienza-sciistica-alle-porte-del-parco-nazionale-del-mercantour\\\/\"},{\"@type\":\"ListItem\",\"position\":2,\"name\":\"Area professionale\",\"item\":\"https:\\\/\\\/www.praloup.com\\\/it\\\/area-professionale-2\\\/\"},{\"@type\":\"ListItem\",\"position\":3,\"name\":\"Centro per i partner\"}]},{\"@type\":\"WebSite\",\"@id\":\"https:\\\/\\\/www.praloup.com\\\/it\\\/#website\",\"url\":\"https:\\\/\\\/www.praloup.com\\\/it\\\/\",\"name\":\"Praloup - Office de Tourisme\",\"description\":\"\",\"publisher\":{\"@id\":\"https:\\\/\\\/www.praloup.com\\\/it\\\/#organization\"},\"potentialAction\":[{\"@type\":\"SearchAction\",\"target\":{\"@type\":\"EntryPoint\",\"urlTemplate\":\"https:\\\/\\\/www.praloup.com\\\/it\\\/?s={search_term_string}\"},\"query-input\":{\"@type\":\"PropertyValueSpecification\",\"valueRequired\":true,\"valueName\":\"search_term_string\"}}],\"inLanguage\":\"it-IT\"},{\"@type\":\"Organization\",\"@id\":\"https:\\\/\\\/www.praloup.com\\\/it\\\/#organization\",\"name\":\"Praloup - Office de Tourisme\",\"url\":\"https:\\\/\\\/www.praloup.com\\\/it\\\/\",\"logo\":{\"@type\":\"ImageObject\",\"inLanguage\":\"it-IT\",\"@id\":\"https:\\\/\\\/www.praloup.com\\\/it\\\/#\\\/schema\\\/logo\\\/image\\\/\",\"url\":\"https:\\\/\\\/www.praloup.com\\\/wp-content\\\/uploads\\\/2025\\\/05\\\/praloup-logo.svg\",\"contentUrl\":\"https:\\\/\\\/www.praloup.com\\\/wp-content\\\/uploads\\\/2025\\\/05\\\/praloup-logo.svg\",\"width\":1,\"height\":1,\"caption\":\"Praloup - Office de Tourisme\"},\"image\":{\"@id\":\"https:\\\/\\\/www.praloup.com\\\/it\\\/#\\\/schema\\\/logo\\\/image\\\/\"},\"sameAs\":[\"https:\\\/\\\/www.facebook.com\\\/praloup\",\"https:\\\/\\\/www.linkedin.com\\\/company\\\/praloup\\\/\",\"https:\\\/\\\/www.instagram.com\\\/pra_loup\\\/\"]}]}<\/script>\n<!-- \/ Yoast SEO plugin. -->","yoast_head_json":{"title":"Centro per i partner - Pra Loup - Office de Tourisme","robots":{"index":"index","follow":"follow","max-snippet":"max-snippet:-1","max-image-preview":"max-image-preview:large","max-video-preview":"max-video-preview:-1"},"canonical":"https:\/\/www.praloup.com\/it\/area-professionale-2\/area-professionale\/","og_locale":"it_IT","og_type":"article","og_title":"Centro per i partner - Pra Loup - Office de Tourisme","og_url":"https:\/\/www.praloup.com\/it\/area-professionale-2\/area-professionale\/","og_site_name":"Pra Loup - Office de Tourisme","article_publisher":"https:\/\/www.facebook.com\/praloup","article_modified_time":"2025-11-06T09:25:00+00:00","og_image":[{"width":2560,"height":1707,"url":"https:\/\/www.praloup.com\/wp-content\/uploads\/2025\/08\/thomas-bruno-2025-10-scaled.jpg","type":"image\/jpeg"}],"twitter_card":"summary_large_image","twitter_misc":{"Tempo di lettura stimato":"1 minuto"},"schema":{"@context":"https:\/\/schema.org","@graph":[{"@type":"WebPage","@id":"https:\/\/www.praloup.com\/it\/area-professionale-2\/area-professionale\/","url":"https:\/\/www.praloup.com\/it\/area-professionale-2\/area-professionale\/","name":"Centro per i partner - Pra Loup - Office de Tourisme","isPartOf":{"@id":"https:\/\/www.praloup.com\/it\/#website"},"primaryImageOfPage":{"@id":"https:\/\/www.praloup.com\/it\/area-professionale-2\/area-professionale\/#primaryimage"},"image":{"@id":"https:\/\/www.praloup.com\/it\/area-professionale-2\/area-professionale\/#primaryimage"},"thumbnailUrl":"https:\/\/www.praloup.com\/wp-content\/uploads\/2025\/08\/thomas-bruno-2025-10-scaled.jpg","datePublished":"2025-05-21T11:55:04+00:00","dateModified":"2025-11-06T09:25:00+00:00","breadcrumb":{"@id":"https:\/\/www.praloup.com\/it\/area-professionale-2\/area-professionale\/#breadcrumb"},"inLanguage":"it-IT","potentialAction":[{"@type":"ReadAction","target":["https:\/\/www.praloup.com\/it\/area-professionale-2\/area-professionale\/"]}]},{"@type":"ImageObject","inLanguage":"it-IT","@id":"https:\/\/www.praloup.com\/it\/area-professionale-2\/area-professionale\/#primaryimage","url":"https:\/\/www.praloup.com\/wp-content\/uploads\/2025\/08\/thomas-bruno-2025-10-scaled.jpg","contentUrl":"https:\/\/www.praloup.com\/wp-content\/uploads\/2025\/08\/thomas-bruno-2025-10-scaled.jpg","width":2560,"height":1707,"caption":"Thomas Bruno"},{"@type":"BreadcrumbList","@id":"https:\/\/www.praloup.com\/it\/area-professionale-2\/area-professionale\/#breadcrumb","itemListElement":[{"@type":"ListItem","position":1,"name":"Accueil","item":"https:\/\/www.praloup.com\/it\/pra-loup-lesperienza-sciistica-alle-porte-del-parco-nazionale-del-mercantour\/"},{"@type":"ListItem","position":2,"name":"Area professionale","item":"https:\/\/www.praloup.com\/it\/area-professionale-2\/"},{"@type":"ListItem","position":3,"name":"Centro per i partner"}]},{"@type":"WebSite","@id":"https:\/\/www.praloup.com\/it\/#website","url":"https:\/\/www.praloup.com\/it\/","name":"Praloup - Office de Tourisme","description":"","publisher":{"@id":"https:\/\/www.praloup.com\/it\/#organization"},"potentialAction":[{"@type":"SearchAction","target":{"@type":"EntryPoint","urlTemplate":"https:\/\/www.praloup.com\/it\/?s={search_term_string}"},"query-input":{"@type":"PropertyValueSpecification","valueRequired":true,"valueName":"search_term_string"}}],"inLanguage":"it-IT"},{"@type":"Organization","@id":"https:\/\/www.praloup.com\/it\/#organization","name":"Praloup - Office de Tourisme","url":"https:\/\/www.praloup.com\/it\/","logo":{"@type":"ImageObject","inLanguage":"it-IT","@id":"https:\/\/www.praloup.com\/it\/#\/schema\/logo\/image\/","url":"https:\/\/www.praloup.com\/wp-content\/uploads\/2025\/05\/praloup-logo.svg","contentUrl":"https:\/\/www.praloup.com\/wp-content\/uploads\/2025\/05\/praloup-logo.svg","width":1,"height":1,"caption":"Praloup - Office de Tourisme"},"image":{"@id":"https:\/\/www.praloup.com\/it\/#\/schema\/logo\/image\/"},"sameAs":["https:\/\/www.facebook.com\/praloup","https:\/\/www.linkedin.com\/company\/praloup\/","https:\/\/www.instagram.com\/pra_loup\/"]}]}},"_links":{"self":[{"href":"https:\/\/www.praloup.com\/it\/wp-json\/wp\/v2\/pages\/8809","targetHints":{"allow":["GET"]}}],"collection":[{"href":"https:\/\/www.praloup.com\/it\/wp-json\/wp\/v2\/pages"}],"about":[{"href":"https:\/\/www.praloup.com\/it\/wp-json\/wp\/v2\/types\/page"}],"author":[{"embeddable":true,"href":"https:\/\/www.praloup.com\/it\/wp-json\/wp\/v2\/users\/1"}],"replies":[{"embeddable":true,"href":"https:\/\/www.praloup.com\/it\/wp-json\/wp\/v2\/comments?post=8809"}],"version-history":[{"count":4,"href":"https:\/\/www.praloup.com\/it\/wp-json\/wp\/v2\/pages\/8809\/revisions"}],"predecessor-version":[{"id":25488,"href":"https:\/\/www.praloup.com\/it\/wp-json\/wp\/v2\/pages\/8809\/revisions\/25488"}],"up":[{"embeddable":true,"href":"https:\/\/www.praloup.com\/it\/wp-json\/wp\/v2\/pages\/24216"}],"wp:featuredmedia":[{"embeddable":true,"href":"https:\/\/www.praloup.com\/it\/wp-json\/wp\/v2\/media\/15802"}],"wp:attachment":[{"href":"https:\/\/www.praloup.com\/it\/wp-json\/wp\/v2\/media?parent=8809"}],"curies":[{"name":"wp","href":"https:\/\/api.w.org\/{rel}","templated":true}]}}