{"id":5707,"date":"2025-05-08T22:21:36","date_gmt":"2025-05-08T20:21:36","guid":{"rendered":"https:\/\/www.praloup.com\/note-legali-e-crediti\/"},"modified":"2025-09-09T15:39:07","modified_gmt":"2025-09-09T13:39:07","slug":"note-legali-e-crediti","status":"publish","type":"page","link":"https:\/\/www.praloup.com\/it\/note-legali-e-crediti\/","title":{"rendered":"Note legali e crediti"},"content":{"rendered":"\n<div class=\"wp-block-ws-library-ws-header-interne alignfull\"><div class=\"header-container\"><div class=\"group-media has-image\"><img loading=\"lazy\" decoding=\"async\" width=\"2560\" height=\"1707\" src=\"https:\/\/www.praloup.com\/wp-content\/uploads\/2025\/05\/pra-loup-alpesphotographiescom-89-scaled.jpg\" alt=\"\" class=\"image_large_square wp-image-3748 \" srcset=\"https:\/\/www.praloup.com\/wp-content\/uploads\/2025\/05\/pra-loup-alpesphotographiescom-89-scaled.jpg 2560w, https:\/\/www.praloup.com\/wp-content\/uploads\/2025\/05\/pra-loup-alpesphotographiescom-89-scaled-300x200.jpg 300w, https:\/\/www.praloup.com\/wp-content\/uploads\/2025\/05\/pra-loup-alpesphotographiescom-89-scaled-1024x683.jpg 1024w, https:\/\/www.praloup.com\/wp-content\/uploads\/2025\/05\/pra-loup-alpesphotographiescom-89-scaled-768x512.jpg 768w, https:\/\/www.praloup.com\/wp-content\/uploads\/2025\/05\/pra-loup-alpesphotographiescom-89-scaled-1536x1024.jpg 1536w, https:\/\/www.praloup.com\/wp-content\/uploads\/2025\/05\/pra-loup-alpesphotographiescom-89-scaled-2048x1366.jpg 2048w, https:\/\/www.praloup.com\/wp-content\/uploads\/2025\/05\/pra-loup-alpesphotographiescom-89-scaled-60x40.jpg 60w, https:\/\/www.praloup.com\/wp-content\/uploads\/2025\/05\/pra-loup-alpesphotographiescom-89-scaled-120x80.jpg 120w, https:\/\/www.praloup.com\/wp-content\/uploads\/2025\/05\/pra-loup-alpesphotographiescom-89-scaled-855x570.jpg 855w\" sizes=\"auto, (max-width: 2560px) 100vw, 2560px\" \/><\/div><div class=\"group-content\"><div class=\"title\"><h1>Note legali e crediti<\/h1><\/div><\/div><\/div><div class=\"yoast-breadcrumbs\"><span><span><a href=\"https:\/\/www.praloup.com\/it\/pra-loup-lesperienza-sciistica-alle-porte-del-parco-nazionale-del-mercantour\/\">Accueil<\/a><\/span>  <span class=\"breadcrumb_last\" aria-current=\"page\">Note legali e crediti<\/span><\/span><\/div><\/div>\n\n<p>Il<a href=\"https:\/\/www.praloup.com\/it\/\"> sito https:\/\/www.praloup.com\/<\/a> \u00e8 di propriet\u00e0 dell&#8217;Ufficio del Turismo:  <\/p>\n\n<p>Ufficio del Turismo<br\/>04400 Pra Loup, Francia<br\/>SIRET: 97948629700018<br\/>E-mail: info@praloup.com  <\/p>\n\n<p>Regia: C\u00e9dric Brunet<\/p>\n\n<div class=\"wp-block-columns is-layout-flex wp-container-core-columns-is-layout-6c531013 wp-block-columns-is-layout-flex\">\n<div class=\"wp-block-column is-layout-flow wp-block-column-is-layout-flow\">\n<h3 class=\"wp-block-heading\">Progettazione siti<\/h3>\n\n\n\n<p>La creazione di UI\/UX Design e l \u201cintegrazione CSS sono state realizzate <a title=\"Agenzia WebSenso - UX design webdesign\" href=\"https:\/\/www.websenso.com\/expertises\/ux-design\" target=\"_blank\" rel=\"noopener\">dall\u201d agenzia WebSenso<\/a> sulla base degli elementi messi a disposizione (logo, carta grafica, ecc.).<\/p>\n<\/div>\n\n\n\n<div class=\"wp-block-column is-layout-flow wp-block-column-is-layout-flow\">\n<h3 class=\"wp-block-heading\">Sviluppo<\/h3>\n\n\n\n<p>Questo progetto web \u00e8 stato realizzato <a title=\"WebSenso Agency - Sviluppo di applicazioni WordPress\" href=\"https:\/\/www.websenso.com\" target=\"_blank\" rel=\"noopener\">dall&#8217;agenzia WebSenso<\/a> sul CMS WordPress: configurazione, plugin, tema, ecc.<\/p>\n<\/div>\n<\/div>\n\n<div class=\"wp-block-group alignfull has-global-padding is-layout-constrained wp-block-group-is-layout-constrained\">\n<div class=\"wp-block-column is-layout-flow wp-block-column-is-layout-flow\">\n<div class=\"wp-block-columns is-layout-flex wp-container-core-columns-is-layout-6c531013 wp-block-columns-is-layout-flex\">\n<div class=\"wp-block-column is-layout-flow wp-block-column-is-layout-flow\">\n<h3 class=\"wp-block-heading\">Manutenzione<\/h3>\n\n\n\n<p><a href=\"https:\/\/www.websenso.com\/expertises\/wordpress\" target=\"_blank\" rel=\"noopener\">Il TMA<\/a> (Third-Party Application Maintenance) di WordPress \u00e8 gestito <a href=\"https:\/\/www.websenso.com\" target=\"_blank\" rel=\"noopener\">dall&#8217;agenzia WebSenso<\/a>.<\/p>\n<\/div>\n\n\n\n<div class=\"wp-block-column is-layout-flow wp-block-column-is-layout-flow\">\n<h3 class=\"wp-block-heading\">Alloggio<\/h3>\n\n\n\n<p>Questo servizio \u00e8 fisicamente ospitato in Francia in un data center della societ\u00e0 OVHCloud.<\/p>\n<\/div>\n<\/div>\n<\/div>\n<\/div>\n\n<h3 class=\"wp-block-heading\">Propriet\u00e0 intellettuale<\/h3>\n\n<p>La nostra entit\u00e0 \u00e8 titolare dei diritti di propriet\u00e0 intellettuale o detiene i diritti di utilizzo su tutti gli elementi accessibili sul sito, in particolare testi, immagini, grafica, logo, ecc. Quindi, prima di copiare, adattare, citare questo contenuto&#8230; Si prega di ottenere un&#8217;autorizzazione scritta preventiva. <\/p>\n\n<h3 class=\"wp-block-heading\">Collegamenti ipertestuali<\/h3>\n\n<p>Durante la navigazione, scoprirai diversi collegamenti ipertestuali ad altri siti Web. La nostra entit\u00e0 non ha la possibilit\u00e0 di verificare il contenuto di questi siti e quindi non si assume alcuna responsabilit\u00e0 per questo fatto. <\/p>\n\n<h3 class=\"wp-block-heading\">Biscotti<\/h3>\n\n<p>La navigazione su questo sito provoca l&#8217;installazione di piccoli file, chiamati <a href=\"https:\/\/fr.wikipedia.org\/wiki\/Cookie_(informatique)\" target=\"_blank\" rel=\"nofollow noopener external\">cookie<\/a>, sul browser dell&#8217;utente. Sono belli e non occupano spazio. Tuttavia, il rifiuto di installare un cookie pu\u00f2 tecnicamente bloccare l&#8217;accesso a determinati servizi e ridurre la nostra capacit\u00e0 di migliorare l&#8217;esperienza di navigazione. Di seguito l&#8217;elenco dei cookie utilizzati.   <\/p>\n\n    \n    <div class=\"table-responsive\">\n        <table class=\"table cookie-tracker-table\">\n            <thead>\n                <tr>\n                    <th>Outil<\/th>\n                    <th>Fonctionnalit\u00e9<\/th>\n                    <th>Fichier(s)<\/th>\n                    <th>Dur\u00e9e de vie<\/th>\n                    <th>IP collect\u00e9e<\/th>\n                    <th><a href=\"https:\/\/www.eff.org\/issues\/do-not-track\" target=\"_blank\">DNT<\/a> respect\u00e9<\/th>\n                <\/tr>\n            <\/thead>\n            <tbody>\n                <tr>\n                    <td><strong>Ce site uniquement<\/strong> <br\/>CMS WordPress<\/td>\n                    <td>G\u00e8re les sessions utilisateur, la d\u00e9tection de JavaScript, et la persistance de la connexion.<\/td>\n                    <td>has_js<br\/>wordpress_logged_in_*<\/td>\n                    <td>Expire \u00e0 la fermeture du navigateur.<\/td>\n                    <td>-<\/td>\n                    <td>-<\/td>\n                <\/tr>\n\n                                    <tr>\n                        <td><strong>Matomo<\/strong> <br\/>H\u00e9berg\u00e9 en France<\/td>\n                        <td>Votre navigation est mesur\u00e9e par la solution Matomo. H\u00e9berg\u00e9e sur des serveurs en France (<a href=\"https:\/\/www.websenso.com\/analytics\" target=\"_blank\">https:\/\/www.websenso.com\/analytics<\/a>), ce logiciel est configur\u00e9 avec les param\u00e8tres stricts du respect de la vie priv\u00e9.<\/td>\n                        <td> Aucun<\/td>\n                        <td>-<\/td>\n                        <td>\n                            <div style=\"color: green;\">\ud83d\ude0e R\u00e9duite<\/div>\n                            <small>IP (2 octets masqu\u00e9s)\u00a0: 216.73.xxx.xxx<\/small>\n                        <\/td>\n                        <td>\n                            -                        <\/td>\n                    <\/tr>\n                \n                                    <tr>\n                        <td><strong>Google Analytics<\/strong> <br\/>Google Inc, USA<\/td>\n                        <td>Analyse du trafic en attribuant un identifiant unique.<\/td>\n                        <td>_ga<br\/>_gat<br\/>_gid<\/td>\n                        <td>14 mois<\/td>\n                        <td>\n                            <div style=\"color: red;\">\ud83d\ude15 Compl\u00e8te<\/div>\n                            <small>IP compl\u00e8te collect\u00e9e<\/small>\n                        <\/td>\n                        <td>-<\/td>\n                    <\/tr>\n                            <\/tbody>\n        <\/table>\n    <\/div>\n\n    \n\n<h3 class=\"wp-block-heading\">Gestione dei dati personali<\/h3>\n\n<p>Navigando su questo sito web, possono essere raccolte informazioni: origine, provider di accesso, indirizzo IP, ecc. Il sito raccoglie informazioni personali ai fini di alcuni servizi offerti da questo sito, vedi sopra. Il diritto di accesso, rettifica e opposizione ai dati personali dei visitatori \u00e8 effettuato mediante richiesta scritta all&#8217;indirizzo sopra indicato.  <\/p>\n\n<h3 class=\"wp-block-heading\">Legge applicabile e foro competente<\/h3>\n\n<p>Qualsiasi controversia relativa all&#8217;utilizzo di questo sito \u00e8 soggetta alla legge francese e nella lingua di Moli\u00e8re. Chicchirich\u00ec! <\/p>\n\n<h3 class=\"wp-block-heading\">Ancora l\u00ec?<\/h3>\n\n<p>Felicitazioni! Perch\u00e9 questa pagina \u00e8 probabilmente la meno interessante di questo sito \ud83d\ude09 <\/p>\n","protected":false},"excerpt":{"rendered":"<p>Il sito https:\/\/www.praloup.com\/ \u00e8 di propriet\u00e0 dell&#8217;Ufficio del Turismo: Ufficio del Turismo04400 Pra Loup, FranciaSIRET: 97948629700018E-mail: info@praloup.com Regia: C\u00e9dric Brunet [&hellip;]<\/p>\n","protected":false},"author":1,"featured_media":0,"parent":0,"menu_order":0,"comment_status":"closed","ping_status":"closed","template":"","meta":{"_thumbnail_id_2":0,"summer_excerpt":"","season":"","menu_page_1":"","menu_page_2":"","footnotes":""},"class_list":["post-5707","page","type-page","status-publish","hentry"],"yoast_head":"<!-- This site is optimized with the Yoast SEO plugin v27.5 - https:\/\/yoast.com\/product\/yoast-seo-wordpress\/ -->\n<title>Note legali e crediti - Pra Loup - Office de Tourisme<\/title>\n<meta name=\"robots\" content=\"index, follow, max-snippet:-1, max-image-preview:large, max-video-preview:-1\" \/>\n<link rel=\"canonical\" href=\"https:\/\/www.praloup.com\/it\/note-legali-e-crediti\/\" \/>\n<meta property=\"og:locale\" content=\"it_IT\" \/>\n<meta property=\"og:type\" content=\"article\" \/>\n<meta property=\"og:title\" content=\"Note legali e crediti - Pra Loup - Office de Tourisme\" \/>\n<meta property=\"og:description\" content=\"Il sito https:\/\/www.praloup.com\/ \u00e8 di propriet\u00e0 dell&#8217;Ufficio del Turismo: Ufficio del Turismo04400 Pra Loup, FranciaSIRET: 97948629700018E-mail: info@praloup.com Regia: C\u00e9dric Brunet [&hellip;]\" \/>\n<meta property=\"og:url\" content=\"https:\/\/www.praloup.com\/it\/note-legali-e-crediti\/\" \/>\n<meta property=\"og:site_name\" content=\"Pra Loup - Office de Tourisme\" \/>\n<meta property=\"article:publisher\" content=\"https:\/\/www.facebook.com\/praloup\" \/>\n<meta property=\"article:modified_time\" content=\"2025-09-09T13:39:07+00:00\" \/>\n<meta property=\"og:image\" content=\"http:\/\/www.praloup.com\/wp-content\/uploads\/2025\/05\/pra-loup-alpesphotographiescom-89-1920x640.jpg\" \/>\n<meta name=\"twitter:card\" content=\"summary_large_image\" \/>\n<meta name=\"twitter:label1\" content=\"Tempo di lettura stimato\" \/>\n\t<meta name=\"twitter:data1\" content=\"2 minuti\" \/>\n<script type=\"application\/ld+json\" class=\"yoast-schema-graph\">{\"@context\":\"https:\\\/\\\/schema.org\",\"@graph\":[{\"@type\":\"WebPage\",\"@id\":\"https:\\\/\\\/www.praloup.com\\\/it\\\/note-legali-e-crediti\\\/\",\"url\":\"https:\\\/\\\/www.praloup.com\\\/it\\\/note-legali-e-crediti\\\/\",\"name\":\"Note legali e crediti - Pra Loup - Office de Tourisme\",\"isPartOf\":{\"@id\":\"https:\\\/\\\/www.praloup.com\\\/it\\\/#website\"},\"primaryImageOfPage\":{\"@id\":\"https:\\\/\\\/www.praloup.com\\\/it\\\/note-legali-e-crediti\\\/#primaryimage\"},\"image\":{\"@id\":\"https:\\\/\\\/www.praloup.com\\\/it\\\/note-legali-e-crediti\\\/#primaryimage\"},\"thumbnailUrl\":\"https:\\\/\\\/www.praloup.com\\\/wp-content\\\/uploads\\\/2025\\\/05\\\/pra-loup-alpesphotographiescom-89-scaled.jpg\",\"datePublished\":\"2025-05-08T20:21:36+00:00\",\"dateModified\":\"2025-09-09T13:39:07+00:00\",\"breadcrumb\":{\"@id\":\"https:\\\/\\\/www.praloup.com\\\/it\\\/note-legali-e-crediti\\\/#breadcrumb\"},\"inLanguage\":\"it-IT\",\"potentialAction\":[{\"@type\":\"ReadAction\",\"target\":[\"https:\\\/\\\/www.praloup.com\\\/it\\\/note-legali-e-crediti\\\/\"]}]},{\"@type\":\"ImageObject\",\"inLanguage\":\"it-IT\",\"@id\":\"https:\\\/\\\/www.praloup.com\\\/it\\\/note-legali-e-crediti\\\/#primaryimage\",\"url\":\"https:\\\/\\\/www.praloup.com\\\/wp-content\\\/uploads\\\/2025\\\/05\\\/pra-loup-alpesphotographiescom-89-scaled.jpg\",\"contentUrl\":\"https:\\\/\\\/www.praloup.com\\\/wp-content\\\/uploads\\\/2025\\\/05\\\/pra-loup-alpesphotographiescom-89-scaled.jpg\"},{\"@type\":\"BreadcrumbList\",\"@id\":\"https:\\\/\\\/www.praloup.com\\\/it\\\/note-legali-e-crediti\\\/#breadcrumb\",\"itemListElement\":[{\"@type\":\"ListItem\",\"position\":1,\"name\":\"Accueil\",\"item\":\"https:\\\/\\\/www.praloup.com\\\/it\\\/pra-loup-lesperienza-sciistica-alle-porte-del-parco-nazionale-del-mercantour\\\/\"},{\"@type\":\"ListItem\",\"position\":2,\"name\":\"Note legali e crediti\"}]},{\"@type\":\"WebSite\",\"@id\":\"https:\\\/\\\/www.praloup.com\\\/it\\\/#website\",\"url\":\"https:\\\/\\\/www.praloup.com\\\/it\\\/\",\"name\":\"Praloup - Office de Tourisme\",\"description\":\"\",\"publisher\":{\"@id\":\"https:\\\/\\\/www.praloup.com\\\/it\\\/#organization\"},\"potentialAction\":[{\"@type\":\"SearchAction\",\"target\":{\"@type\":\"EntryPoint\",\"urlTemplate\":\"https:\\\/\\\/www.praloup.com\\\/it\\\/?s={search_term_string}\"},\"query-input\":{\"@type\":\"PropertyValueSpecification\",\"valueRequired\":true,\"valueName\":\"search_term_string\"}}],\"inLanguage\":\"it-IT\"},{\"@type\":\"Organization\",\"@id\":\"https:\\\/\\\/www.praloup.com\\\/it\\\/#organization\",\"name\":\"Praloup - Office de Tourisme\",\"url\":\"https:\\\/\\\/www.praloup.com\\\/it\\\/\",\"logo\":{\"@type\":\"ImageObject\",\"inLanguage\":\"it-IT\",\"@id\":\"https:\\\/\\\/www.praloup.com\\\/it\\\/#\\\/schema\\\/logo\\\/image\\\/\",\"url\":\"https:\\\/\\\/www.praloup.com\\\/wp-content\\\/uploads\\\/2025\\\/05\\\/praloup-logo.svg\",\"contentUrl\":\"https:\\\/\\\/www.praloup.com\\\/wp-content\\\/uploads\\\/2025\\\/05\\\/praloup-logo.svg\",\"width\":1,\"height\":1,\"caption\":\"Praloup - Office de Tourisme\"},\"image\":{\"@id\":\"https:\\\/\\\/www.praloup.com\\\/it\\\/#\\\/schema\\\/logo\\\/image\\\/\"},\"sameAs\":[\"https:\\\/\\\/www.facebook.com\\\/praloup\",\"https:\\\/\\\/www.linkedin.com\\\/company\\\/praloup\\\/\",\"https:\\\/\\\/www.instagram.com\\\/pra_loup\\\/\"]}]}<\/script>\n<!-- \/ Yoast SEO plugin. -->","yoast_head_json":{"title":"Note legali e crediti - Pra Loup - Office de Tourisme","robots":{"index":"index","follow":"follow","max-snippet":"max-snippet:-1","max-image-preview":"max-image-preview:large","max-video-preview":"max-video-preview:-1"},"canonical":"https:\/\/www.praloup.com\/it\/note-legali-e-crediti\/","og_locale":"it_IT","og_type":"article","og_title":"Note legali e crediti - Pra Loup - Office de Tourisme","og_description":"Il sito https:\/\/www.praloup.com\/ \u00e8 di propriet\u00e0 dell&#8217;Ufficio del Turismo: Ufficio del Turismo04400 Pra Loup, FranciaSIRET: 97948629700018E-mail: info@praloup.com Regia: C\u00e9dric Brunet [&hellip;]","og_url":"https:\/\/www.praloup.com\/it\/note-legali-e-crediti\/","og_site_name":"Pra Loup - Office de Tourisme","article_publisher":"https:\/\/www.facebook.com\/praloup","article_modified_time":"2025-09-09T13:39:07+00:00","og_image":[{"url":"http:\/\/www.praloup.com\/wp-content\/uploads\/2025\/05\/pra-loup-alpesphotographiescom-89-1920x640.jpg","type":"","width":"","height":""}],"twitter_card":"summary_large_image","twitter_misc":{"Tempo di lettura stimato":"2 minuti"},"schema":{"@context":"https:\/\/schema.org","@graph":[{"@type":"WebPage","@id":"https:\/\/www.praloup.com\/it\/note-legali-e-crediti\/","url":"https:\/\/www.praloup.com\/it\/note-legali-e-crediti\/","name":"Note legali e crediti - Pra Loup - Office de Tourisme","isPartOf":{"@id":"https:\/\/www.praloup.com\/it\/#website"},"primaryImageOfPage":{"@id":"https:\/\/www.praloup.com\/it\/note-legali-e-crediti\/#primaryimage"},"image":{"@id":"https:\/\/www.praloup.com\/it\/note-legali-e-crediti\/#primaryimage"},"thumbnailUrl":"https:\/\/www.praloup.com\/wp-content\/uploads\/2025\/05\/pra-loup-alpesphotographiescom-89-scaled.jpg","datePublished":"2025-05-08T20:21:36+00:00","dateModified":"2025-09-09T13:39:07+00:00","breadcrumb":{"@id":"https:\/\/www.praloup.com\/it\/note-legali-e-crediti\/#breadcrumb"},"inLanguage":"it-IT","potentialAction":[{"@type":"ReadAction","target":["https:\/\/www.praloup.com\/it\/note-legali-e-crediti\/"]}]},{"@type":"ImageObject","inLanguage":"it-IT","@id":"https:\/\/www.praloup.com\/it\/note-legali-e-crediti\/#primaryimage","url":"https:\/\/www.praloup.com\/wp-content\/uploads\/2025\/05\/pra-loup-alpesphotographiescom-89-scaled.jpg","contentUrl":"https:\/\/www.praloup.com\/wp-content\/uploads\/2025\/05\/pra-loup-alpesphotographiescom-89-scaled.jpg"},{"@type":"BreadcrumbList","@id":"https:\/\/www.praloup.com\/it\/note-legali-e-crediti\/#breadcrumb","itemListElement":[{"@type":"ListItem","position":1,"name":"Accueil","item":"https:\/\/www.praloup.com\/it\/pra-loup-lesperienza-sciistica-alle-porte-del-parco-nazionale-del-mercantour\/"},{"@type":"ListItem","position":2,"name":"Note legali e crediti"}]},{"@type":"WebSite","@id":"https:\/\/www.praloup.com\/it\/#website","url":"https:\/\/www.praloup.com\/it\/","name":"Praloup - Office de Tourisme","description":"","publisher":{"@id":"https:\/\/www.praloup.com\/it\/#organization"},"potentialAction":[{"@type":"SearchAction","target":{"@type":"EntryPoint","urlTemplate":"https:\/\/www.praloup.com\/it\/?s={search_term_string}"},"query-input":{"@type":"PropertyValueSpecification","valueRequired":true,"valueName":"search_term_string"}}],"inLanguage":"it-IT"},{"@type":"Organization","@id":"https:\/\/www.praloup.com\/it\/#organization","name":"Praloup - Office de Tourisme","url":"https:\/\/www.praloup.com\/it\/","logo":{"@type":"ImageObject","inLanguage":"it-IT","@id":"https:\/\/www.praloup.com\/it\/#\/schema\/logo\/image\/","url":"https:\/\/www.praloup.com\/wp-content\/uploads\/2025\/05\/praloup-logo.svg","contentUrl":"https:\/\/www.praloup.com\/wp-content\/uploads\/2025\/05\/praloup-logo.svg","width":1,"height":1,"caption":"Praloup - Office de Tourisme"},"image":{"@id":"https:\/\/www.praloup.com\/it\/#\/schema\/logo\/image\/"},"sameAs":["https:\/\/www.facebook.com\/praloup","https:\/\/www.linkedin.com\/company\/praloup\/","https:\/\/www.instagram.com\/pra_loup\/"]}]}},"_links":{"self":[{"href":"https:\/\/www.praloup.com\/it\/wp-json\/wp\/v2\/pages\/5707","targetHints":{"allow":["GET"]}}],"collection":[{"href":"https:\/\/www.praloup.com\/it\/wp-json\/wp\/v2\/pages"}],"about":[{"href":"https:\/\/www.praloup.com\/it\/wp-json\/wp\/v2\/types\/page"}],"author":[{"embeddable":true,"href":"https:\/\/www.praloup.com\/it\/wp-json\/wp\/v2\/users\/1"}],"replies":[{"embeddable":true,"href":"https:\/\/www.praloup.com\/it\/wp-json\/wp\/v2\/comments?post=5707"}],"version-history":[{"count":4,"href":"https:\/\/www.praloup.com\/it\/wp-json\/wp\/v2\/pages\/5707\/revisions"}],"predecessor-version":[{"id":21331,"href":"https:\/\/www.praloup.com\/it\/wp-json\/wp\/v2\/pages\/5707\/revisions\/21331"}],"wp:attachment":[{"href":"https:\/\/www.praloup.com\/it\/wp-json\/wp\/v2\/media?parent=5707"}],"curies":[{"name":"wp","href":"https:\/\/api.w.org\/{rel}","templated":true}]}}