{"id":5694,"date":"2025-05-21T10:49:13","date_gmt":"2025-05-21T08:49:13","guid":{"rendered":"https:\/\/www.praloup.com\/partner\/"},"modified":"2025-09-05T15:00:53","modified_gmt":"2025-09-05T13:00:53","slug":"partner","status":"publish","type":"page","link":"https:\/\/www.praloup.com\/it\/partner\/","title":{"rendered":"Partner"},"content":{"rendered":"\n<div class=\"wp-block-ws-library-ws-header-interne alignfull\" data-season=\"winter\"><div class=\"header-container\"><div class=\"group-media has-image\"><img loading=\"lazy\" decoding=\"async\" width=\"2560\" height=\"1707\" src=\"https:\/\/www.praloup.com\/wp-content\/uploads\/2025\/05\/pra-loup-1600-neige-ut-brendan-le-peru-77-scaled.jpg\" alt=\"\" class=\"image_large_square wp-image-3826 \" srcset=\"https:\/\/www.praloup.com\/wp-content\/uploads\/2025\/05\/pra-loup-1600-neige-ut-brendan-le-peru-77-scaled.jpg 2560w, https:\/\/www.praloup.com\/wp-content\/uploads\/2025\/05\/pra-loup-1600-neige-ut-brendan-le-peru-77-scaled-300x200.jpg 300w, https:\/\/www.praloup.com\/wp-content\/uploads\/2025\/05\/pra-loup-1600-neige-ut-brendan-le-peru-77-scaled-1024x683.jpg 1024w, https:\/\/www.praloup.com\/wp-content\/uploads\/2025\/05\/pra-loup-1600-neige-ut-brendan-le-peru-77-scaled-768x512.jpg 768w, https:\/\/www.praloup.com\/wp-content\/uploads\/2025\/05\/pra-loup-1600-neige-ut-brendan-le-peru-77-scaled-1536x1024.jpg 1536w, https:\/\/www.praloup.com\/wp-content\/uploads\/2025\/05\/pra-loup-1600-neige-ut-brendan-le-peru-77-scaled-2048x1366.jpg 2048w, https:\/\/www.praloup.com\/wp-content\/uploads\/2025\/05\/pra-loup-1600-neige-ut-brendan-le-peru-77-scaled-60x40.jpg 60w, https:\/\/www.praloup.com\/wp-content\/uploads\/2025\/05\/pra-loup-1600-neige-ut-brendan-le-peru-77-scaled-120x80.jpg 120w, https:\/\/www.praloup.com\/wp-content\/uploads\/2025\/05\/pra-loup-1600-neige-ut-brendan-le-peru-77-scaled-855x570.jpg 855w\" sizes=\"auto, (max-width: 2560px) 100vw, 2560px\" \/><\/div><div class=\"group-content\"><div class=\"title\"><h1>Partner<\/h1><\/div><\/div><\/div><div class=\"yoast-breadcrumbs\"><span><span><a href=\"https:\/\/www.praloup.com\/it\/pra-loup-lesperienza-sciistica-alle-porte-del-parco-nazionale-del-mercantour\/\">Accueil<\/a><\/span>  <span class=\"breadcrumb_last\" aria-current=\"page\">Partner<\/span><\/span><\/div><\/div>\n\n<div class=\"wp-block-ws-library-ws-header-interne alignfull\" data-season=\"summer\"><div class=\"header-container\"><div class=\"group-media has-image\"><img loading=\"lazy\" decoding=\"async\" width=\"1920\" height=\"640\" src=\"https:\/\/www.praloup.com\/wp-content\/uploads\/2025\/08\/thomas-bruno-2025-1-1920x640.jpg\" alt=\"\" class=\"image_large_square wp-image-15492 \"\/><\/div><div class=\"group-content\"><div class=\"title\"><h1><\/h1><\/div><\/div><\/div><div class=\"yoast-breadcrumbs\"><span><span><a href=\"https:\/\/www.praloup.com\/it\/pra-loup-lesperienza-sciistica-alle-porte-del-parco-nazionale-del-mercantour\/\">Accueil<\/a><\/span>  <span class=\"breadcrumb_last\" aria-current=\"page\">Partner<\/span><\/span><\/div><\/div>\n\n<div class=\"wp-block-ws-library-ws-columns alignfull has-2-columns are-vertically-aligned-center layout-5050\">\n<div class=\"wp-block-ws-library-ws-column\"><div class=\"wrapper\">\n<div class=\"wp-block-ws-library-ws-title\" data-season=\"allseasons\"><h2>Diventa partner <strong>dell&#8217;Ufficio<\/strong> del Turismo di <strong>Pra Loup<\/strong><\/h2><\/div>\n\n\n\n<p>Entrare a far parte della rete di partner dell&#8217;Ufficio del Turismo \u00e8 molto pi\u00f9 di una semplice adesione. Significa scegliere di dare ancora pi\u00f9 visibilit\u00e0 alla propria attivit\u00e0, di usufruire di potenti rel\u00e8 di comunicazione e di beneficiare di un supporto quotidiano. <\/p>\n\n\n\n<p>Come professionista, sai quanto sia essenziale essere visti, ascoltati e presentati ai visitatori. Grazie alla tua quota associativa, beneficerai della forza degli strumenti dell&#8217;OT: sito web, brochure, social network, stampa, eventi, ecc. ma anche una rete di aiuto reciproco e momenti conviviali da scambiare con altri socio-professionisti. <\/p>\n\n\n\n<p>Essere partner significa anche contribuire all&#8217;attrattiva collettiva di Pra Loup. Pi\u00f9 lavoriamo insieme, pi\u00f9 il resort brilla e attrae nuovi clienti. Insieme, diamo vita alla nostra destinazione, ed \u00e8 questa dinamica condivisa che fa la differenza.  <\/p>\n\n\n\n<p>In sintesi, diventare partner significa entrambi:<\/p>\n\n\n\n<ul class=\"wp-block-list\">\n<li>Aumenta la tua visibilit\u00e0, grazie a una promozione professionale e qualificata.<\/li>\n\n\n\n<li>Facilita l&#8217;accoglienza dei tuoi clienti, con supporti adeguati e pratici.<\/li>\n\n\n\n<li>Partecipa alla promozione della stazione, insieme all&#8217;OT e ad altri stakeholder.<\/li>\n\n\n\n<li>Approfitta di una rete di scambi per rimanere informato e ispirato.<\/li>\n\n\n\n<li>Creare legami umani e privilegiati con l&#8217;intera comunit\u00e0 locale.<\/li>\n<\/ul>\n<\/div><\/div>\n\n\n\n<div class=\"wp-block-ws-library-ws-column\"><div class=\"wrapper\">\n<div class=\"wp-block-ws-library-ws-image\"><div class=\"wrapper\"><div class=\"group-media\"><img decoding=\"async\" src=\"https:\/\/www.praloup.com\/wp-content\/uploads\/2025\/08\/thomas-bruno-2025-10-900x570.jpg\" alt=\"\" class=\"single_image ws-image-15800\"><div class=\"credits\">Tommaso Bruno<\/div><\/div><p class=\"caption\"><\/p><\/div><\/div>\n<\/div><\/div>\n<\/div>\n\n<div class=\"wp-block-ws-library-ws-title alignfull\"><h3>Scarica la nostra guida per i partner:<\/h3><\/div>\n\n<div class=\"wp-block-ws-library-ws-documents\">\n<div class=\"wp-block-ws-library-ws-document\"><a href=\"https:\/\/www.praloup.com\/wp-content\/uploads\/2025\/09\/guide-du-partenaire-2025-2026.pdf\" target=\"_blank\" rel=\"noopener noreferrer\" class=\"link-document\">Guida per i partner 2025-2026<\/a><\/div>\n\n\n\n<div class=\"wp-block-ws-library-ws-document\"><a href=\"https:\/\/www.praloup.com\/wp-content\/uploads\/2025\/09\/bon-de-commande-guide-du-partenaire.pdf\" target=\"_blank\" rel=\"noopener noreferrer\" class=\"link-document\">Modulo d&#8217;ordine Guida per i partner<\/a><\/div>\n<\/div>\n\n<div class=\"wp-block-ws-library-ws-share\"><span class=\"share-subtitle\">Ti \u00e8 piaciuta questa pagina?<\/span><span class=\"share-title\">Condividilo!<\/span><button class=\"ws-share-button wp-element-button\">Condividi questa pagina<\/button><\/div>\n","protected":false},"excerpt":{"rendered":"","protected":false},"author":1,"featured_media":0,"parent":0,"menu_order":0,"comment_status":"closed","ping_status":"closed","template":"","meta":{"_thumbnail_id_2":0,"summer_excerpt":"","season":"","menu_page_1":"","menu_page_2":"","footnotes":""},"class_list":["post-5694","page","type-page","status-publish","hentry"],"yoast_head":"<!-- This site is optimized with the Yoast SEO plugin v27.5 - https:\/\/yoast.com\/product\/yoast-seo-wordpress\/ -->\n<title>Partner - Pra Loup - Office de Tourisme<\/title>\n<meta name=\"robots\" content=\"index, follow, max-snippet:-1, max-image-preview:large, max-video-preview:-1\" \/>\n<link rel=\"canonical\" href=\"https:\/\/www.praloup.com\/it\/partner\/\" \/>\n<meta property=\"og:locale\" content=\"it_IT\" \/>\n<meta property=\"og:type\" content=\"article\" \/>\n<meta property=\"og:title\" content=\"Partner - Pra Loup - Office de Tourisme\" \/>\n<meta property=\"og:url\" content=\"https:\/\/www.praloup.com\/it\/partner\/\" \/>\n<meta property=\"og:site_name\" content=\"Pra Loup - Office de Tourisme\" \/>\n<meta property=\"article:publisher\" content=\"https:\/\/www.facebook.com\/praloup\" \/>\n<meta property=\"article:modified_time\" content=\"2025-09-05T13:00:53+00:00\" \/>\n<meta property=\"og:image\" content=\"http:\/\/www.praloup.com\/wp-content\/uploads\/2025\/05\/pra-loup-1600-neige-ut-brendan-le-peru-77-1920x640.jpg\" \/>\n<meta name=\"twitter:card\" content=\"summary_large_image\" \/>\n<meta name=\"twitter:label1\" content=\"Tempo di lettura stimato\" \/>\n\t<meta name=\"twitter:data1\" content=\"1 minuto\" \/>\n<script type=\"application\/ld+json\" class=\"yoast-schema-graph\">{\"@context\":\"https:\\\/\\\/schema.org\",\"@graph\":[{\"@type\":\"WebPage\",\"@id\":\"https:\\\/\\\/www.praloup.com\\\/it\\\/partner\\\/\",\"url\":\"https:\\\/\\\/www.praloup.com\\\/it\\\/partner\\\/\",\"name\":\"Partner - Pra Loup - Office de Tourisme\",\"isPartOf\":{\"@id\":\"https:\\\/\\\/www.praloup.com\\\/it\\\/#website\"},\"primaryImageOfPage\":{\"@id\":\"https:\\\/\\\/www.praloup.com\\\/it\\\/partner\\\/#primaryimage\"},\"image\":{\"@id\":\"https:\\\/\\\/www.praloup.com\\\/it\\\/partner\\\/#primaryimage\"},\"thumbnailUrl\":\"https:\\\/\\\/www.praloup.com\\\/wp-content\\\/uploads\\\/2025\\\/05\\\/pra-loup-1600-neige-ut-brendan-le-peru-77-scaled.jpg\",\"datePublished\":\"2025-05-21T08:49:13+00:00\",\"dateModified\":\"2025-09-05T13:00:53+00:00\",\"breadcrumb\":{\"@id\":\"https:\\\/\\\/www.praloup.com\\\/it\\\/partner\\\/#breadcrumb\"},\"inLanguage\":\"it-IT\",\"potentialAction\":[{\"@type\":\"ReadAction\",\"target\":[\"https:\\\/\\\/www.praloup.com\\\/it\\\/partner\\\/\"]}]},{\"@type\":\"ImageObject\",\"inLanguage\":\"it-IT\",\"@id\":\"https:\\\/\\\/www.praloup.com\\\/it\\\/partner\\\/#primaryimage\",\"url\":\"https:\\\/\\\/www.praloup.com\\\/wp-content\\\/uploads\\\/2025\\\/05\\\/pra-loup-1600-neige-ut-brendan-le-peru-77-scaled.jpg\",\"contentUrl\":\"https:\\\/\\\/www.praloup.com\\\/wp-content\\\/uploads\\\/2025\\\/05\\\/pra-loup-1600-neige-ut-brendan-le-peru-77-scaled.jpg\"},{\"@type\":\"BreadcrumbList\",\"@id\":\"https:\\\/\\\/www.praloup.com\\\/it\\\/partner\\\/#breadcrumb\",\"itemListElement\":[{\"@type\":\"ListItem\",\"position\":1,\"name\":\"Accueil\",\"item\":\"https:\\\/\\\/www.praloup.com\\\/it\\\/pra-loup-lesperienza-sciistica-alle-porte-del-parco-nazionale-del-mercantour\\\/\"},{\"@type\":\"ListItem\",\"position\":2,\"name\":\"Partner\"}]},{\"@type\":\"WebSite\",\"@id\":\"https:\\\/\\\/www.praloup.com\\\/it\\\/#website\",\"url\":\"https:\\\/\\\/www.praloup.com\\\/it\\\/\",\"name\":\"Praloup - Office de Tourisme\",\"description\":\"\",\"publisher\":{\"@id\":\"https:\\\/\\\/www.praloup.com\\\/it\\\/#organization\"},\"potentialAction\":[{\"@type\":\"SearchAction\",\"target\":{\"@type\":\"EntryPoint\",\"urlTemplate\":\"https:\\\/\\\/www.praloup.com\\\/it\\\/?s={search_term_string}\"},\"query-input\":{\"@type\":\"PropertyValueSpecification\",\"valueRequired\":true,\"valueName\":\"search_term_string\"}}],\"inLanguage\":\"it-IT\"},{\"@type\":\"Organization\",\"@id\":\"https:\\\/\\\/www.praloup.com\\\/it\\\/#organization\",\"name\":\"Praloup - Office de Tourisme\",\"url\":\"https:\\\/\\\/www.praloup.com\\\/it\\\/\",\"logo\":{\"@type\":\"ImageObject\",\"inLanguage\":\"it-IT\",\"@id\":\"https:\\\/\\\/www.praloup.com\\\/it\\\/#\\\/schema\\\/logo\\\/image\\\/\",\"url\":\"https:\\\/\\\/www.praloup.com\\\/wp-content\\\/uploads\\\/2025\\\/05\\\/praloup-logo.svg\",\"contentUrl\":\"https:\\\/\\\/www.praloup.com\\\/wp-content\\\/uploads\\\/2025\\\/05\\\/praloup-logo.svg\",\"width\":1,\"height\":1,\"caption\":\"Praloup - Office de Tourisme\"},\"image\":{\"@id\":\"https:\\\/\\\/www.praloup.com\\\/it\\\/#\\\/schema\\\/logo\\\/image\\\/\"},\"sameAs\":[\"https:\\\/\\\/www.facebook.com\\\/praloup\",\"https:\\\/\\\/www.linkedin.com\\\/company\\\/praloup\\\/\",\"https:\\\/\\\/www.instagram.com\\\/pra_loup\\\/\"]}]}<\/script>\n<!-- \/ Yoast SEO plugin. -->","yoast_head_json":{"title":"Partner - Pra Loup - Office de Tourisme","robots":{"index":"index","follow":"follow","max-snippet":"max-snippet:-1","max-image-preview":"max-image-preview:large","max-video-preview":"max-video-preview:-1"},"canonical":"https:\/\/www.praloup.com\/it\/partner\/","og_locale":"it_IT","og_type":"article","og_title":"Partner - Pra Loup - Office de Tourisme","og_url":"https:\/\/www.praloup.com\/it\/partner\/","og_site_name":"Pra Loup - Office de Tourisme","article_publisher":"https:\/\/www.facebook.com\/praloup","article_modified_time":"2025-09-05T13:00:53+00:00","og_image":[{"url":"http:\/\/www.praloup.com\/wp-content\/uploads\/2025\/05\/pra-loup-1600-neige-ut-brendan-le-peru-77-1920x640.jpg","type":"","width":"","height":""}],"twitter_card":"summary_large_image","twitter_misc":{"Tempo di lettura stimato":"1 minuto"},"schema":{"@context":"https:\/\/schema.org","@graph":[{"@type":"WebPage","@id":"https:\/\/www.praloup.com\/it\/partner\/","url":"https:\/\/www.praloup.com\/it\/partner\/","name":"Partner - Pra Loup - Office de Tourisme","isPartOf":{"@id":"https:\/\/www.praloup.com\/it\/#website"},"primaryImageOfPage":{"@id":"https:\/\/www.praloup.com\/it\/partner\/#primaryimage"},"image":{"@id":"https:\/\/www.praloup.com\/it\/partner\/#primaryimage"},"thumbnailUrl":"https:\/\/www.praloup.com\/wp-content\/uploads\/2025\/05\/pra-loup-1600-neige-ut-brendan-le-peru-77-scaled.jpg","datePublished":"2025-05-21T08:49:13+00:00","dateModified":"2025-09-05T13:00:53+00:00","breadcrumb":{"@id":"https:\/\/www.praloup.com\/it\/partner\/#breadcrumb"},"inLanguage":"it-IT","potentialAction":[{"@type":"ReadAction","target":["https:\/\/www.praloup.com\/it\/partner\/"]}]},{"@type":"ImageObject","inLanguage":"it-IT","@id":"https:\/\/www.praloup.com\/it\/partner\/#primaryimage","url":"https:\/\/www.praloup.com\/wp-content\/uploads\/2025\/05\/pra-loup-1600-neige-ut-brendan-le-peru-77-scaled.jpg","contentUrl":"https:\/\/www.praloup.com\/wp-content\/uploads\/2025\/05\/pra-loup-1600-neige-ut-brendan-le-peru-77-scaled.jpg"},{"@type":"BreadcrumbList","@id":"https:\/\/www.praloup.com\/it\/partner\/#breadcrumb","itemListElement":[{"@type":"ListItem","position":1,"name":"Accueil","item":"https:\/\/www.praloup.com\/it\/pra-loup-lesperienza-sciistica-alle-porte-del-parco-nazionale-del-mercantour\/"},{"@type":"ListItem","position":2,"name":"Partner"}]},{"@type":"WebSite","@id":"https:\/\/www.praloup.com\/it\/#website","url":"https:\/\/www.praloup.com\/it\/","name":"Praloup - Office de Tourisme","description":"","publisher":{"@id":"https:\/\/www.praloup.com\/it\/#organization"},"potentialAction":[{"@type":"SearchAction","target":{"@type":"EntryPoint","urlTemplate":"https:\/\/www.praloup.com\/it\/?s={search_term_string}"},"query-input":{"@type":"PropertyValueSpecification","valueRequired":true,"valueName":"search_term_string"}}],"inLanguage":"it-IT"},{"@type":"Organization","@id":"https:\/\/www.praloup.com\/it\/#organization","name":"Praloup - Office de Tourisme","url":"https:\/\/www.praloup.com\/it\/","logo":{"@type":"ImageObject","inLanguage":"it-IT","@id":"https:\/\/www.praloup.com\/it\/#\/schema\/logo\/image\/","url":"https:\/\/www.praloup.com\/wp-content\/uploads\/2025\/05\/praloup-logo.svg","contentUrl":"https:\/\/www.praloup.com\/wp-content\/uploads\/2025\/05\/praloup-logo.svg","width":1,"height":1,"caption":"Praloup - Office de Tourisme"},"image":{"@id":"https:\/\/www.praloup.com\/it\/#\/schema\/logo\/image\/"},"sameAs":["https:\/\/www.facebook.com\/praloup","https:\/\/www.linkedin.com\/company\/praloup\/","https:\/\/www.instagram.com\/pra_loup\/"]}]}},"_links":{"self":[{"href":"https:\/\/www.praloup.com\/it\/wp-json\/wp\/v2\/pages\/5694","targetHints":{"allow":["GET"]}}],"collection":[{"href":"https:\/\/www.praloup.com\/it\/wp-json\/wp\/v2\/pages"}],"about":[{"href":"https:\/\/www.praloup.com\/it\/wp-json\/wp\/v2\/types\/page"}],"author":[{"embeddable":true,"href":"https:\/\/www.praloup.com\/it\/wp-json\/wp\/v2\/users\/1"}],"replies":[{"embeddable":true,"href":"https:\/\/www.praloup.com\/it\/wp-json\/wp\/v2\/comments?post=5694"}],"version-history":[{"count":16,"href":"https:\/\/www.praloup.com\/it\/wp-json\/wp\/v2\/pages\/5694\/revisions"}],"predecessor-version":[{"id":21030,"href":"https:\/\/www.praloup.com\/it\/wp-json\/wp\/v2\/pages\/5694\/revisions\/21030"}],"wp:attachment":[{"href":"https:\/\/www.praloup.com\/it\/wp-json\/wp\/v2\/media?parent=5694"}],"curies":[{"name":"wp","href":"https:\/\/api.w.org\/{rel}","templated":true}]}}