{"id":5685,"date":"2025-05-21T11:15:42","date_gmt":"2025-05-21T09:15:42","guid":{"rendered":"https:\/\/www.praloup.com\/termini\/"},"modified":"2026-02-02T10:37:59","modified_gmt":"2026-02-02T09:37:59","slug":"termini","status":"publish","type":"page","link":"https:\/\/www.praloup.com\/it\/termini\/","title":{"rendered":"TERMINI"},"content":{"rendered":"\n<div class=\"wp-block-ws-library-ws-header-interne alignfull\"><div class=\"header-container\"><div class=\"group-media has-image\"><img loading=\"lazy\" decoding=\"async\" width=\"1920\" height=\"640\" src=\"https:\/\/www.praloup.com\/wp-content\/uploads\/2025\/12\/boutique-hiver-modele-beatriz-thomas-bruno-5-1920x640.jpg\" alt=\"\" class=\"image_large_square wp-image-30170 \"\/><\/div><div class=\"group-content\"><div class=\"title\"><h1>TERMINI<\/h1><\/div><\/div><\/div><div class=\"yoast-breadcrumbs\"><span><span><a href=\"https:\/\/www.praloup.com\/it\/pra-loup-lesperienza-sciistica-alle-porte-del-parco-nazionale-del-mercantour\/\">Accueil<\/a><\/span>  <span class=\"breadcrumb_last\" aria-current=\"page\">TERMINI<\/span><\/span><\/div><\/div>\n\n<p><strong>TERMINI E CONDIZIONI GENERALI DI VENDITA<\/strong><\/p>\n\n<p>  Informazioni di contatto legali<\/p>\n\n<p>Ufficio Turistico di Pra Loup<\/p>\n\n<p>Status: Istituto Industriale e Commerciale Pubblico (EPIC)<\/p>\n\n<p>Indirizzo: 24 PLACE HONORE BONNET<\/p>\n\n<p>Telefono: 04 92 84 10 04<\/p>\n\n<p>Email: <a href=\"mailto:info@praloup.com\">info@praloup.com<\/a><\/p>\n\n<p>SIRE: 979 486 297 000 18<\/p>\n\n<p>Codice NAF: 7990Z<\/p>\n\n<p><strong><u>1. Scopo<\/u><\/strong><\/p>\n\n<p>Lo scopo di questi Termini e Condizioni \u00e8 definire le condizioni e i termini sotto cui il venditore offre, in particolare da remoto e elettronicamente, ma anche in loco, vari servizi riservati agli acquirenti, quali:<\/p>\n\n<p>\u2013 Laboratori per bambini (creazione di oggetti)<\/p>\n\n<p>\u2013 Spettacoli (pubblico giovane o intero),<\/p>\n\n<p>\u2013 Conferenze (offerte da professionisti come nutrizionisti, relatori all&#8217;aperto, ecc.)<\/p>\n\n<p>\u2013 Attivit\u00e0 sportive e culturali<\/p>\n\n<p>\u2013 Attivit\u00e0 sportive o culturali (yoga, racchette da neve, ecc.)<\/p>\n\n<p>\u2013 Visite guidate<\/p>\n\n<p>Di conseguenza, qualsiasi ordine effettuato dall&#8217;acquirente implica la sua accettazione senza riserva e la piena aderenza a questi Termini e Condizioni, che hanno la precedenza su qualsiasi altro documento, salvo che il venditore abbia espressamente concordato condizioni specifiche.<\/p>\n\n<p>Questi Termini e Condizioni entrano<sup>in vigore il 1\u00b0 febbraio<\/sup> 2026.<\/p>\n\n<p>Il venditore si riserva il diritto di modificare questi Termini e Condizioni in qualsiasi momento pubblicando una nuova versione sul proprio sito web. In caso di modifiche ai Termini e Condizioni, i Termini e Condizioni applicabili sono quelli in vigore alla data dell&#8217;ordine. L&#8217;invalidit\u00e0 di una clausola di questi Termini e Condizioni non comporta la nullit\u00e0 dell&#8217;intero Termini e Condizioni. La non applicazione temporanea o permanente di una o pi\u00f9 clausole dei Termini e Condizioni da parte del venditore non costituisce una rinuncia da parte del venditore alle altre clausole dei Termini e Condizioni che continuano ad avere effetto. Le foto sul sito web e nelle brochure del venditore non hanno valore contrattuale. Questi Termini e Condizioni si applicano a qualsiasi ordine effettuato da un cliente, una persona fisica maggiorenne, per suo conto o per conto di un minorenne di cui \u00e8 legalmente responsabile.     <\/p>\n\n<p><strong><u>2. Responsabilit\u00e0<\/u><\/strong><\/p>\n\n<p>2-1 L&#8217;Ufficio Turistico di Pra Loup (il venditore) \u00e8 l&#8217;unico interlocutore dell&#8217;acquirente, al quale facilita il processo offrendo una scelta di servizi e garantendo una prenotazione rapida e sicura. \u00c8 responsabile davanti al Direttore Generale per l&#8217;adempimento degli obblighi derivanti da questi Termini e Condizioni. <\/p>\n\n<p>2-2 L&#8217;Ufficio Turistico di Pra Loup non pu\u00f2 essere ritenuto responsabile per la mancata esecuzione totale o parziale dei servizi ordinati o per il mancato rispetto totale o parziale degli obblighi previsti in questi termini e condizioni generali di vendita, in caso di circostanze imprevedibili, forza maggiore, scarsa prestazione o difetti commessi dal cliente,  o eventi imprevedibili e insormontabili di una terza parte non collegati alla fornitura dei servizi.<\/p>\n\n<p><strong><u>3. Descrizione dei servizi<\/u><\/strong><\/p>\n\n<p>Le caratteristiche essenziali dei servizi (contenuto, durata, et\u00e0 richiesta, prezzo, data, orari, luogo) sono specificate al momento della prenotazione.<\/p>\n\n<p>Il cliente \u00e8 tenuto a leggerli prima di effettuare un ordine.<\/p>\n\n<p><strong><u>4. Termini di prenotazione<\/u><\/strong><\/p>\n\n<p>4-1 Si ricorda che qualsiasi ordine per uno o pi\u00f9 servizi offerti dall&#8217;Ufficio Turismo implica l&#8217;accettazione senza restrizioni o riservata da parte del cliente di questi termini e condizioni generali di vendita, che possono essere consultati sia al banco dell&#8217;Ufficio Turismo sia nelle pagine del sito web dell&#8217;Ufficio Turismo www.praloup.com.<\/p>\n\n<p>Tutte le riserve sono ferme e definitive non appena sono state pagate.<\/p>\n\n<p>Prenotazioni 4-2<\/p>\n\n<p>Tutte le riserve sono solide e definitive.<\/p>\n\n<p>4-2-1 Termini e condizioni della prenotazione<\/p>\n\n<p>I servizi offerti dall&#8217;Ufficio Turismo possono essere prenotati sia al banco dell&#8217;Ufficio Turismo sia tramite il sito web www.praloup.com<\/p>\n\n<p>Per quanto riguarda la vendita al bancone, la prenotazione \u00e8 valida dopo il pagamento completo presso la reception dell&#8217;Ufficio Turismo.<\/p>\n\n<p>Il cliente riceve un&#8217;email di conferma.<\/p>\n\n<p>4-2-2 Disposizioni speciali per la prenotazione online<\/p>\n\n<p>4-2-2-1 Le descrizioni e le fotografie dei servizi menzionati dall&#8217;Ufficio Turistico, presenti sul sito, hanno uno scopo puramente informativo, il cui contenuto pu\u00f2 variare a seconda del fornitore del servizio. Pertanto, \u00e8 consigliabile contattare direttamente il fornitore del servizio per raccogliere informazioni aggiornate. <\/p>\n\n<p>Se il cliente non si considera sufficientemente informato sulle caratteristiche dei servizi che desidera ordinare, pu\u00f2, prima di effettuare un ordine, richiedere ulteriori informazioni su tali servizi all&#8217;Ufficio Turismo.<\/p>\n\n<p>Effettuando un ordine, il cliente riconosce esplicitamente di aver ottenuto tutte le informazioni desiderate sulla natura e le caratteristiche dei servizi ordinati.<\/p>\n\n<p>4-2-2-2 La prenotazione diventa ferma e definitiva quando il cliente ha validato il suo ordine sul sito web dove compare il riepilogo dei servizi ordinati e ha pagato il prezzo intero dei servizi ordinati.<\/p>\n\n<p>Una email di conferma viene inviata al cliente non appena seleziona la richiesta di conferma al momento dell&#8217;ordine.<\/p>\n\n<p><strong><u>5. Tasse e pagamento<\/u><\/strong><\/p>\n\n<p>I prezzi dei servizi o prodotti presenti sul sito del venditore includono tutte le tasse in euro.<\/p>\n\n<p><em>5.1 Per prenotazioni effettuate presso il banco di accoglienza<\/em> dell&#8217;Ufficio Turistico di Pra Loup situato al 24 Place Honor\u00e9 Bonnet 04 400 Pra Loup:<\/p>\n\n<p>Il prezzo corrisponde ai servizi previsti e come descritto nei documenti forniti al banco dell&#8217;Ufficio Turismo di Praloup.<\/p>\n\n<p>Il pagamento dei servizi ordinati pu\u00f2 essere effettuato tramite carta di credito, contanti o assegno.<\/p>\n\n<p><em>5.2 Per le prenotazioni effettuate tramite il sito web<\/em><\/p>\n\n<p>I prezzi corrispondono ai servizi previsti e come descritto sul sito web.<\/p>\n\n<p>Il pagamento dei servizi ordinati tramite il sito web avviene tramite carta di credito (sono accettate carte delle reti Carte Bleue, Visa, Eurocard \/ Mastercard) tramite un sistema di pagamento sicuro (STRIPE) al momento della prenotazione.<\/p>\n\n<p><strong><u>6. Nessun diritto di ritiro<\/u><\/strong><\/p>\n\n<p>Secondo l&#8217;articolo L221-28 del Codice dei Consumatori, i servizi ricreativi forniti in una data o frequenza specifica non beneficiano del diritto di prelievo.<\/p>\n\n<p>Non \u00e8 possibile richiedere alcun rimborso dopo la convalida dell&#8217;ordine.<\/p>\n\n<p><strong><u>7. Condizioni specifiche \u2013 Laboratori per bambini<\/u><\/strong><\/p>\n\n<p>Le prenotazioni vengono effettuate per i bambini che devono essere accompagnati da un adulto che non paga il biglietto.<\/p>\n\n<p><em>7.1 Et\u00e0 e partecipazione<\/em><\/p>\n\n<p>I laboratori sono riservati ai bambini la cui et\u00e0 corrisponde a quella indicata al momento della prenotazione.<\/p>\n\n<p>Non saranno rimborsati in caso di mancata conformit\u00e0 a questa condizione.<\/p>\n\n<p><em>7.2 Responsabilit\u00e0 dei rappresentanti legali<\/em><\/p>\n\n<p>I genitori o i rappresentanti legali certificano che il bambino \u00e8 idoneo a partecipare all&#8217;attivit\u00e0 e non presenta controindicazioni mediche.<\/p>\n\n<p>I bambini devono essere accompagnati da un genitore e rimanere sotto la responsabilit\u00e0 dei genitori per tutta la durata del workshop.<\/p>\n\n<p><em>7.3 Comportamento<\/em><\/p>\n\n<p>Qualsiasi comportamento dirompente o pericoloso pu\u00f2 comportare l&#8217;esclusione del minore, senza rimborso.<\/p>\n\n<p><strong><u>8. Condizioni specifiche \u2013 Spettacoli<\/u><\/strong><\/p>\n\n<p><em>8.1 Biglietteria<\/em><\/p>\n\n<p>I biglietti sono validi solo per la data, l&#8217;ora e lo spettacolo indicati.<\/p>\n\n<p>Il biglietto ricevuto via email sar\u00e0 consegnato all&#8217;ingresso della struttura. Chiunque desideri partecipare allo spettacolo deve avere un biglietto. <\/p>\n\n<p><em>8.2 Ritardo<\/em><\/p>\n\n<p>L&#8217;accesso alla sede dopo l&#8217;inizio dello spettacolo pu\u00f2 essere rifiutato o posticipato, senza che ci\u00f2 garantisca il diritto a un rimborso.<\/p>\n\n<p><em>8.3 Cattura<\/em><\/p>\n\n<p>Sono vietati registrazioni audio, fotografiche o video senza autorizzazione preventiva.<\/p>\n\n<p><strong><u>9- Condizioni per l&#8217;esecuzione dei servizi<\/u><\/strong><\/p>\n\n<p>La durata di ogni servizio \u00e8 quella prevista al banco dell&#8217;Ufficio Turismo o sul sito web.<\/p>\n\n<p><strong><u>10. Cancellazione e modifica<\/u><\/strong><\/p>\n\n<p><em>10.1 Cancellazione da parte del cliente<\/em><\/p>\n\n<p>Per i laboratori per bambini, i biglietti non sono cancellabili n\u00e9 rimborsabili.<\/p>\n\n<p>Per gli spettacoli (per il pubblico giovane o per tutti), i biglietti non possono essere cancellati n\u00e9 rimborsabili.<\/p>\n\n<p>Per eventi culturali, i biglietti non sono cancellabili e non rimborsabili.<\/p>\n\n<p>Per le conferenze, i biglietti non sono cancellabili n\u00e9 rimborsabili.<\/p>\n\n<p>Per le attivit\u00e0 sportive e culturali, i biglietti non sono cancellabili n\u00e9 rimborsabili.<\/p>\n\n<p>Per attivit\u00e0 sportive o culturali, i biglietti non possono essere cancellati n\u00e9 rimborsabili.<\/p>\n\n<p>Per le visite guidate i biglietti non sono cancellabili n\u00e9 rimborsabili.<\/p>\n\n<p><em>10.2 Cancellazione da parte dell&#8217;Ufficio Turistico di Pra Loup<\/em><\/p>\n\n<p>In caso di cancellazione del servizio da parte dell&#8217;Ufficio Turismo (condizioni meteorologiche, personale insufficiente, forza maggiore, indisponibilit\u00e0 del fornitore del servizio), il cliente sar\u00e0 informato dall&#8217;Ufficio Turistico e rimborsato integralmente senza poter richiedere ulteriori risarcimenti.<\/p>\n\n<p><strong><u>11. Forza maggiore<\/u><\/strong><\/p>\n\n<p>11.1 Forza maggiore significa qualsiasi evento esterno alle parti che sia imprevedibile e insormontabile e che impedisca sia al Cliente che ai fornitori di servizi coinvolti nell&#8217;esecuzione del servizio di adempiere a tutti o parte degli obblighi previsti dal contratto. Questo avverr\u00e0 in particolare per quanto riguarda gli scioperi dei mezzi di trasporto, le dimostrazioni, le condizioni climatiche (maltempo, tempeste, ecc.), le condizioni idrologiche (inondazioni, inondazioni, ecc.), la chiusura degli istitutivi. <\/p>\n\n<p>11.2 Il verificarsi di un caso di forza maggiore sospende gli obblighi da tali colpiti e scaonera da qualsiasi responsabilit\u00e0 la parte che avrebbe dovuto adempiere all&#8217;obbligo cos\u00ec colpito.<\/p>\n\n<p>Il fornitore si riserva il diritto di annullare qualsiasi prenotazione in caso di forza maggiore. Se il fornitore \u00e8 obbligato a cancellare il servizio prima dell&#8217;attivit\u00e0, verr\u00e0 rimborsato. <\/p>\n\n<p><strong><u>12. Assicurazione<\/u><\/strong><\/p>\n\n<p>L&#8217;Ufficio Turismo \u00e8 coperto da un&#8217;assicurazione di responsabilit\u00e0 professionale per le attivit\u00e0 offerte.<\/p>\n\n<p><strong><u>13. Dati personali<\/u><\/strong><\/p>\n\n<p>I dati personali raccolti sono necessari per la gestione delle registrazioni.<\/p>\n\n<p>Viene elaborato in conformit\u00e0 con i regolamenti vigenti e non viene trasferito a terzi in nessuna circostanza.<\/p>\n\n<p>Il diritto di accesso, rettifica e opposizione ai dati personali riguardanti i visitatori \u00e8 effettuato tramite richiesta scritta all&#8217;indirizzo info@praloup.com.<\/p>\n\n<p><strong><u>14. Diritto applicabile e controversie<\/u><\/strong><\/p>\n\n<p>Questi Termini e Condizioni sono soggetti alla legge francese.<\/p>\n\n<p>In caso di controversia, si cercher\u00e0 una soluzione amichevole prima di qualsiasi azione legale.<\/p>\n\n<p>Altrimenti, i tribunali competenti saranno quelli di competenza della sede centrale dell&#8217;Ufficio Turismo.<\/p>\n","protected":false},"excerpt":{"rendered":"<p>TERMINI E CONDIZIONI GENERALI DI VENDITA Informazioni di contatto legali Ufficio Turistico di Pra Loup Status: Istituto Industriale e Commerciale [&hellip;]<\/p>\n","protected":false},"author":1,"featured_media":0,"parent":0,"menu_order":0,"comment_status":"closed","ping_status":"closed","template":"","meta":{"_thumbnail_id_2":0,"summer_excerpt":"","season":"","menu_page_1":"","menu_page_2":"","footnotes":""},"class_list":["post-5685","page","type-page","status-publish","hentry"],"yoast_head":"<!-- This site is optimized with the Yoast SEO plugin v27.5 - https:\/\/yoast.com\/product\/yoast-seo-wordpress\/ -->\n<title>TERMINI - Pra Loup - Office de Tourisme<\/title>\n<meta name=\"robots\" content=\"index, follow, max-snippet:-1, max-image-preview:large, max-video-preview:-1\" \/>\n<link rel=\"canonical\" href=\"https:\/\/www.praloup.com\/it\/termini\/\" \/>\n<meta property=\"og:locale\" content=\"it_IT\" \/>\n<meta property=\"og:type\" content=\"article\" \/>\n<meta property=\"og:title\" content=\"TERMINI - Pra Loup - Office de Tourisme\" \/>\n<meta property=\"og:description\" content=\"TERMINI E CONDIZIONI GENERALI DI VENDITA Informazioni di contatto legali Ufficio Turistico di Pra Loup Status: Istituto Industriale e Commerciale [&hellip;]\" \/>\n<meta property=\"og:url\" content=\"https:\/\/www.praloup.com\/it\/termini\/\" \/>\n<meta property=\"og:site_name\" content=\"Pra Loup - Office de Tourisme\" \/>\n<meta property=\"article:publisher\" content=\"https:\/\/www.facebook.com\/praloup\" \/>\n<meta property=\"article:modified_time\" content=\"2026-02-02T09:37:59+00:00\" \/>\n<meta property=\"og:image\" content=\"https:\/\/www.praloup.com\/wp-content\/uploads\/2025\/12\/boutique-hiver-modele-beatriz-thomas-bruno-5-scaled.jpg\" \/>\n\t<meta property=\"og:image:width\" content=\"2560\" \/>\n\t<meta property=\"og:image:height\" content=\"1707\" \/>\n\t<meta property=\"og:image:type\" content=\"image\/jpeg\" \/>\n<meta name=\"twitter:card\" content=\"summary_large_image\" \/>\n<meta name=\"twitter:label1\" content=\"Tempo di lettura stimato\" \/>\n\t<meta name=\"twitter:data1\" content=\"7 minuti\" \/>\n<script type=\"application\/ld+json\" class=\"yoast-schema-graph\">{\"@context\":\"https:\\\/\\\/schema.org\",\"@graph\":[{\"@type\":\"WebPage\",\"@id\":\"https:\\\/\\\/www.praloup.com\\\/it\\\/termini\\\/\",\"url\":\"https:\\\/\\\/www.praloup.com\\\/it\\\/termini\\\/\",\"name\":\"TERMINI - Pra Loup - Office de Tourisme\",\"isPartOf\":{\"@id\":\"https:\\\/\\\/www.praloup.com\\\/it\\\/#website\"},\"primaryImageOfPage\":{\"@id\":\"https:\\\/\\\/www.praloup.com\\\/it\\\/termini\\\/#primaryimage\"},\"image\":{\"@id\":\"https:\\\/\\\/www.praloup.com\\\/it\\\/termini\\\/#primaryimage\"},\"thumbnailUrl\":\"https:\\\/\\\/www.praloup.com\\\/wp-content\\\/uploads\\\/2025\\\/12\\\/boutique-hiver-modele-beatriz-thomas-bruno-5-1920x640.jpg\",\"datePublished\":\"2025-05-21T09:15:42+00:00\",\"dateModified\":\"2026-02-02T09:37:59+00:00\",\"breadcrumb\":{\"@id\":\"https:\\\/\\\/www.praloup.com\\\/it\\\/termini\\\/#breadcrumb\"},\"inLanguage\":\"it-IT\",\"potentialAction\":[{\"@type\":\"ReadAction\",\"target\":[\"https:\\\/\\\/www.praloup.com\\\/it\\\/termini\\\/\"]}]},{\"@type\":\"ImageObject\",\"inLanguage\":\"it-IT\",\"@id\":\"https:\\\/\\\/www.praloup.com\\\/it\\\/termini\\\/#primaryimage\",\"url\":\"https:\\\/\\\/www.praloup.com\\\/wp-content\\\/uploads\\\/2025\\\/12\\\/boutique-hiver-modele-beatriz-thomas-bruno-5-1920x640.jpg\",\"contentUrl\":\"https:\\\/\\\/www.praloup.com\\\/wp-content\\\/uploads\\\/2025\\\/12\\\/boutique-hiver-modele-beatriz-thomas-bruno-5-1920x640.jpg\"},{\"@type\":\"BreadcrumbList\",\"@id\":\"https:\\\/\\\/www.praloup.com\\\/it\\\/termini\\\/#breadcrumb\",\"itemListElement\":[{\"@type\":\"ListItem\",\"position\":1,\"name\":\"Accueil\",\"item\":\"https:\\\/\\\/www.praloup.com\\\/it\\\/pra-loup-lesperienza-sciistica-alle-porte-del-parco-nazionale-del-mercantour\\\/\"},{\"@type\":\"ListItem\",\"position\":2,\"name\":\"TERMINI\"}]},{\"@type\":\"WebSite\",\"@id\":\"https:\\\/\\\/www.praloup.com\\\/it\\\/#website\",\"url\":\"https:\\\/\\\/www.praloup.com\\\/it\\\/\",\"name\":\"Praloup - Office de Tourisme\",\"description\":\"\",\"publisher\":{\"@id\":\"https:\\\/\\\/www.praloup.com\\\/it\\\/#organization\"},\"potentialAction\":[{\"@type\":\"SearchAction\",\"target\":{\"@type\":\"EntryPoint\",\"urlTemplate\":\"https:\\\/\\\/www.praloup.com\\\/it\\\/?s={search_term_string}\"},\"query-input\":{\"@type\":\"PropertyValueSpecification\",\"valueRequired\":true,\"valueName\":\"search_term_string\"}}],\"inLanguage\":\"it-IT\"},{\"@type\":\"Organization\",\"@id\":\"https:\\\/\\\/www.praloup.com\\\/it\\\/#organization\",\"name\":\"Praloup - Office de Tourisme\",\"url\":\"https:\\\/\\\/www.praloup.com\\\/it\\\/\",\"logo\":{\"@type\":\"ImageObject\",\"inLanguage\":\"it-IT\",\"@id\":\"https:\\\/\\\/www.praloup.com\\\/it\\\/#\\\/schema\\\/logo\\\/image\\\/\",\"url\":\"https:\\\/\\\/www.praloup.com\\\/wp-content\\\/uploads\\\/2025\\\/05\\\/praloup-logo.svg\",\"contentUrl\":\"https:\\\/\\\/www.praloup.com\\\/wp-content\\\/uploads\\\/2025\\\/05\\\/praloup-logo.svg\",\"width\":1,\"height\":1,\"caption\":\"Praloup - Office de Tourisme\"},\"image\":{\"@id\":\"https:\\\/\\\/www.praloup.com\\\/it\\\/#\\\/schema\\\/logo\\\/image\\\/\"},\"sameAs\":[\"https:\\\/\\\/www.facebook.com\\\/praloup\",\"https:\\\/\\\/www.linkedin.com\\\/company\\\/praloup\\\/\",\"https:\\\/\\\/www.instagram.com\\\/pra_loup\\\/\"]}]}<\/script>\n<!-- \/ Yoast SEO plugin. -->","yoast_head_json":{"title":"TERMINI - Pra Loup - Office de Tourisme","robots":{"index":"index","follow":"follow","max-snippet":"max-snippet:-1","max-image-preview":"max-image-preview:large","max-video-preview":"max-video-preview:-1"},"canonical":"https:\/\/www.praloup.com\/it\/termini\/","og_locale":"it_IT","og_type":"article","og_title":"TERMINI - Pra Loup - Office de Tourisme","og_description":"TERMINI E CONDIZIONI GENERALI DI VENDITA Informazioni di contatto legali Ufficio Turistico di Pra Loup Status: Istituto Industriale e Commerciale [&hellip;]","og_url":"https:\/\/www.praloup.com\/it\/termini\/","og_site_name":"Pra Loup - Office de Tourisme","article_publisher":"https:\/\/www.facebook.com\/praloup","article_modified_time":"2026-02-02T09:37:59+00:00","og_image":[{"width":2560,"height":1707,"url":"https:\/\/www.praloup.com\/wp-content\/uploads\/2025\/12\/boutique-hiver-modele-beatriz-thomas-bruno-5-scaled.jpg","type":"image\/jpeg"}],"twitter_card":"summary_large_image","twitter_misc":{"Tempo di lettura stimato":"7 minuti"},"schema":{"@context":"https:\/\/schema.org","@graph":[{"@type":"WebPage","@id":"https:\/\/www.praloup.com\/it\/termini\/","url":"https:\/\/www.praloup.com\/it\/termini\/","name":"TERMINI - Pra Loup - Office de Tourisme","isPartOf":{"@id":"https:\/\/www.praloup.com\/it\/#website"},"primaryImageOfPage":{"@id":"https:\/\/www.praloup.com\/it\/termini\/#primaryimage"},"image":{"@id":"https:\/\/www.praloup.com\/it\/termini\/#primaryimage"},"thumbnailUrl":"https:\/\/www.praloup.com\/wp-content\/uploads\/2025\/12\/boutique-hiver-modele-beatriz-thomas-bruno-5-1920x640.jpg","datePublished":"2025-05-21T09:15:42+00:00","dateModified":"2026-02-02T09:37:59+00:00","breadcrumb":{"@id":"https:\/\/www.praloup.com\/it\/termini\/#breadcrumb"},"inLanguage":"it-IT","potentialAction":[{"@type":"ReadAction","target":["https:\/\/www.praloup.com\/it\/termini\/"]}]},{"@type":"ImageObject","inLanguage":"it-IT","@id":"https:\/\/www.praloup.com\/it\/termini\/#primaryimage","url":"https:\/\/www.praloup.com\/wp-content\/uploads\/2025\/12\/boutique-hiver-modele-beatriz-thomas-bruno-5-1920x640.jpg","contentUrl":"https:\/\/www.praloup.com\/wp-content\/uploads\/2025\/12\/boutique-hiver-modele-beatriz-thomas-bruno-5-1920x640.jpg"},{"@type":"BreadcrumbList","@id":"https:\/\/www.praloup.com\/it\/termini\/#breadcrumb","itemListElement":[{"@type":"ListItem","position":1,"name":"Accueil","item":"https:\/\/www.praloup.com\/it\/pra-loup-lesperienza-sciistica-alle-porte-del-parco-nazionale-del-mercantour\/"},{"@type":"ListItem","position":2,"name":"TERMINI"}]},{"@type":"WebSite","@id":"https:\/\/www.praloup.com\/it\/#website","url":"https:\/\/www.praloup.com\/it\/","name":"Praloup - Office de Tourisme","description":"","publisher":{"@id":"https:\/\/www.praloup.com\/it\/#organization"},"potentialAction":[{"@type":"SearchAction","target":{"@type":"EntryPoint","urlTemplate":"https:\/\/www.praloup.com\/it\/?s={search_term_string}"},"query-input":{"@type":"PropertyValueSpecification","valueRequired":true,"valueName":"search_term_string"}}],"inLanguage":"it-IT"},{"@type":"Organization","@id":"https:\/\/www.praloup.com\/it\/#organization","name":"Praloup - Office de Tourisme","url":"https:\/\/www.praloup.com\/it\/","logo":{"@type":"ImageObject","inLanguage":"it-IT","@id":"https:\/\/www.praloup.com\/it\/#\/schema\/logo\/image\/","url":"https:\/\/www.praloup.com\/wp-content\/uploads\/2025\/05\/praloup-logo.svg","contentUrl":"https:\/\/www.praloup.com\/wp-content\/uploads\/2025\/05\/praloup-logo.svg","width":1,"height":1,"caption":"Praloup - Office de Tourisme"},"image":{"@id":"https:\/\/www.praloup.com\/it\/#\/schema\/logo\/image\/"},"sameAs":["https:\/\/www.facebook.com\/praloup","https:\/\/www.linkedin.com\/company\/praloup\/","https:\/\/www.instagram.com\/pra_loup\/"]}]}},"_links":{"self":[{"href":"https:\/\/www.praloup.com\/it\/wp-json\/wp\/v2\/pages\/5685","targetHints":{"allow":["GET"]}}],"collection":[{"href":"https:\/\/www.praloup.com\/it\/wp-json\/wp\/v2\/pages"}],"about":[{"href":"https:\/\/www.praloup.com\/it\/wp-json\/wp\/v2\/types\/page"}],"author":[{"embeddable":true,"href":"https:\/\/www.praloup.com\/it\/wp-json\/wp\/v2\/users\/1"}],"replies":[{"embeddable":true,"href":"https:\/\/www.praloup.com\/it\/wp-json\/wp\/v2\/comments?post=5685"}],"version-history":[{"count":2,"href":"https:\/\/www.praloup.com\/it\/wp-json\/wp\/v2\/pages\/5685\/revisions"}],"predecessor-version":[{"id":32993,"href":"https:\/\/www.praloup.com\/it\/wp-json\/wp\/v2\/pages\/5685\/revisions\/32993"}],"wp:attachment":[{"href":"https:\/\/www.praloup.com\/it\/wp-json\/wp\/v2\/media?parent=5685"}],"curies":[{"name":"wp","href":"https:\/\/api.w.org\/{rel}","templated":true}]}}