{"id":39731,"date":"2026-05-06T15:38:23","date_gmt":"2026-05-06T13:38:23","guid":{"rendered":"https:\/\/www.praloup.com\/i-nostri-partner-etichettati\/"},"modified":"2026-05-06T15:42:28","modified_gmt":"2026-05-06T13:42:28","slug":"i-nostri-partner-etichettati","status":"publish","type":"page","link":"https:\/\/www.praloup.com\/it\/i-nostri-partner-etichettati\/","title":{"rendered":"I nostri partner etichettati"},"content":{"rendered":"\n<div class=\"wp-block-ws-library-ws-header-interne alignfull\"><div class=\"header-container\"><div class=\"group-media has-image\"><img loading=\"lazy\" decoding=\"async\" width=\"1878\" height=\"640\" src=\"https:\/\/www.praloup.com\/wp-content\/uploads\/2026\/05\/design-sans-titre-ghu-1878x640.png\" alt=\"\" class=\"image_large_square wp-image-39741 \"\/><\/div><div class=\"group-content\"><div class=\"title\"><h1>I nostri partner etichettati  <\/h1><\/div><\/div><\/div><div class=\"yoast-breadcrumbs\"><span><span><a href=\"https:\/\/www.praloup.com\/it\/pra-loup-lesperienza-sciistica-alle-porte-del-parco-nazionale-del-mercantour\/\">Accueil<\/a><\/span>  <span class=\"breadcrumb_last\" aria-current=\"page\">I nostri partner etichettati<\/span><\/span><\/div><\/div>\n\n<div class=\"wp-block-ws-library-ws-columns alignfull has-2-columns are-vertically-aligned-center layout-5050\">\n<div class=\"wp-block-ws-library-ws-column\"><div class=\"wrapper\">\n<div class=\"wp-block-ws-library-ws-title\"><h2>Chantal Bonaglia<br>Guida <strong>alpina \u2013 Rando Passion<\/strong><\/h2><\/div>\n\n\n\n<p>Mercantour Ecotourism &amp; Spirit Mercantour Marchio del Parco Nazionale Mercantour<\/p>\n\n\n\n<p>Una passione per la natura e la condivisione<\/p>\n\n\n\n<p>Da 30 anni, Chantal Bonaglia percorre i sentieri del Parco Nazionale Mercantour con una sola convinzione: unire la scoperta della montagna alla conservazione del suo ecosistema. Fin dall&#8217;inizio della sua attivit\u00e0, ha scelto di lavorare fianco a fianco con il Parco, facendo dello scambio, della trasmissione e del rispetto per l&#8217;ambiente i pilastri della sua professione. <\/p>\n\n\n\n<p>Un impegno riconosciuto<\/p>\n\n\n\n<p>Fedele ai suoi valori, Chantal ha naturalmente aderito al marchio Esprit Parc e all&#8217;etichetta Mercantour Ecotourism fin dalla loro creazione. Queste distinzioni mettono in evidenza la sua competenza, il suo know-how e il suo impegno per un turismo responsabile, in armonia con gli attori locali e gli agenti del Parco. <\/p>\n\n\n\n<p>Escursioni &#8220;Park Spirit&#8221; da vivere<\/p>\n\n\n\n<p>Con Rando Passion, Chantal ti offre escursioni guidate in cui ogni passo \u00e8 un invito a:<\/p>\n\n\n\n<ul class=\"wp-block-list\">\n<li>Scopri le ricchezze naturali e culturali del Mercantour<\/li>\n<\/ul>\n\n\n\n<ul class=\"wp-block-list\">\n<li>  Comprendere le sfide della biodiversit\u00e0 e della conservazione<\/li>\n<\/ul>\n\n\n\n<ul class=\"wp-block-list\">\n<li>Condividere momenti autentici, rispettando l&#8217;ambiente<\/li>\n<\/ul>\n\n\n\n<p><strong>Perch\u00e9 scegliere Chantal?<\/strong><\/p>\n\n\n\n<ul class=\"wp-block-list\">\n<li>30 anni di esperienza nel cuore del Mercantour<\/li>\n<\/ul>\n\n\n\n<ul class=\"wp-block-list\">\n<li>Doppia etichettatura: Mercantour Ecotourism &amp; Esprit Parc<\/li>\n<\/ul>\n\n\n\n<ul class=\"wp-block-list\">\n<li>Stretta collaborazione con gli agenti del Parco Nazionale<\/li>\n<\/ul>\n\n\n\n<ul class=\"wp-block-list\">\n<li>Approccio pedagogico e intuitivo<\/li>\n<\/ul>\n\n\n\n<p>Trova le sue escursioni &#8220;Esprit Parc&#8221; e vivi un&#8217;avventura unica, dove la montagna si mostra con passione e rispetto.<\/p>\n<\/div><\/div>\n\n\n\n<div class=\"wp-block-ws-library-ws-column\"><div class=\"wrapper\">\n<div class=\"wp-block-ws-library-ws-image\"><div class=\"wrapper\"><div class=\"group-media\"><img decoding=\"async\" src=\"https:\/\/www.praloup.com\/wp-content\/uploads\/2026\/05\/89-252-6880345-800x520-2.webp\" alt=\"\" class=\"single_image ws-image-39711\"><div class=\"credits\"><\/div><\/div><p class=\"caption\"><\/p><\/div><\/div>\n<\/div><\/div>\n<\/div>\n\n<div class=\"wp-block-ws-library-ws-title alignwide\"><h3>Scopri di pi\u00f9 su Rando Passion:  <\/h3><\/div>\n<div class=\"wp-block-ws-library-ws-list-content\"><div class=\"list-items\"><div class=\"item\"><div class=\"card \"><div class=\"group-media\"><div class=\"field-image\"><img decoding=\"async\" src=\"https:\/\/images.weserv.nl\/?url=https:\/\/static.apidae-tourisme.com\/filestore\/objets-touristiques\/images\/16\/104\/21391376-diaporama.jpg&#038;w=337&#038;h=475&#038;fit=cover&#038;output=webp&#038;q=45\" alt=\"Agenzia multi-attivit\u00e0 Rando Passion\"\/><\/div><\/div><div class=\"group-content\"><h3 class=\"field-title\">Agenzia multi-attivit\u00e0 Rando Passion<\/h3><div class=\"field-description\">Rando Passion \u00e8 un piccolo team di professionisti riuniti in un&#8217;agenzia di attivit\u00e0 all&#8217;aperto. Il nostro unico limite \u00e8 la&#8230;<\/div><\/div><div class=\"field-link\"><a href=\"https:\/\/www.praloup.com\/it\/fiche\/agenzia-multiattivita-rando-passion\/\" class=\"cardlink\">Agenzia multi-attivit\u00e0 Rando Passion<\/a><\/div><\/div><\/div><\/div><\/div>\n<div class=\"wp-block-ws-library-ws-columns alignfull has-2-columns are-vertically-aligned-center layout-5050\">\n<div class=\"wp-block-ws-library-ws-column\"><div class=\"wrapper\">\n<div class=\"wp-block-ws-library-ws-title\"><h2>B\u00e9atrice Belon<br>Produttore di marmellate con sapori locali <strong>\u2013 Les Gaillardises<\/strong><\/h2><\/div>\n\n\n\n<p><strong>Etichetta Mercantour Ecoturismo<\/strong><\/p>\n\n\n\n<p>Con sede a Bayasse, nel comune di Uvernet, firmataria dello statuto del Parco Nazionale del Mercantour, B\u00e9atrice Belon realizza le sue marmellate Les Gaillardises con una filosofia semplice: rispetto per la natura e valorizzazione dei prodotti locali. Ai margini dell&#8217;area centrale del Parco, partecipa attivamente allo sviluppo del turismo sostenibile, trasformando i tesori della montagna in sapori autentici. <\/p>\n\n\n\n<p>Raccolta sostenibile e partnership affidabili<\/p>\n\n\n\n<p>Per le sue ricette, B\u00e9atrice attinge direttamente con cura alla natura circostante e alle fonti:<\/p>\n\n\n\n<p>Ceci di rosa e larice raccolti sul posto, per marmellate 100% locali.<\/p>\n\n\n\n<p>Raccolta ragionata: lascia sempre la canchina per la fauna selvatica, garantendo la rigenerazione della biodiversit\u00e0.<\/p>\n\n\n\n<p>Attenzione a ogni dettaglio: le bacche alla base dei cespugli per lepri e volpi, quelle in cima per cervi e caprioli, garantendo cos\u00ec l&#8217;equilibrio dell&#8217;ecosistema.<\/p>\n\n\n\n<p>Altri gusti, scelti con cura tra i piccoli produttori della zona, per ampliare la gamma pur rimanendo fedele ai suoi valori.<\/p>\n\n\n\n<p>Un impegno per la biodiversit\u00e0 e il legame territoriale<\/p>\n\n\n\n<p>Entrando a far parte della rete di Ecoturismo Mercantour, B\u00e9atrice fa parte di una dinamica collettiva:<\/p>\n\n\n\n<ul class=\"wp-block-list\">\n<li>  Creare legami tra le valli e gli attori locali<\/li>\n<\/ul>\n\n\n\n<ul class=\"wp-block-list\">\n<li>  Consigliare i visitatori sulle ricchezze del territorio<\/li>\n<\/ul>\n\n\n\n<ul class=\"wp-block-list\">\n<li>  Garantendo la qualit\u00e0 dei suoi prodotti, realizzati con passione e rispetto<\/li>\n<\/ul>\n\n\n\n<p>Perch\u00e9 scegliere les jam Les Gaillardises?<\/p>\n\n\n\n<p>Ingredienti 100% locali, raccolti o selezionati con rispetto per la natura<\/p>\n\n\n\n<p>Un approccio ecologico al servizio della biodiversit\u00e0<\/p>\n\n\n\n<p>Maestria artigianale e partecipazione attiva al turismo sostenibile<\/p>\n\n\n\n<p>La garanzia di un prodotto autentico, etichettato dalla rete Mercantour Ecotourism<\/p>\n\n\n\n<p>Trova le Gaillardis al mercato Barcelonnette o direttamente a Bayasse, sulla strada per il Col de la Cayolle, per una pausa gourmet.<\/p>\n<\/div><\/div>\n\n\n\n<div class=\"wp-block-ws-library-ws-column\"><div class=\"wrapper\">\n<p><\/p>\n\n\n\n<div class=\"wp-block-ws-library-ws-image\"><div class=\"wrapper\"><div class=\"group-media\"><img decoding=\"async\" src=\"https:\/\/www.praloup.com\/wp-content\/uploads\/2026\/05\/pra-loup-alpesphotographiescom-20-900x570.jpg\" alt=\"\" class=\"single_image ws-image-39714\"><div class=\"credits\"><\/div><\/div><p class=\"caption\"><\/p><\/div><\/div>\n<\/div><\/div>\n<\/div>\n\n<div class=\"wp-block-ws-library-ws-slider alignwide\"><div class=\"splide\" data-splide=\"{\"type\":\"slide\",\"heightRatio\":\"auto\",\"perPage\":5,\"start\":1,\"perMove\":1,\"drag\":true,\"pagination\":0,\"autoplay\":false,\"gap\":\"2px\",\"breakpoints\":{\"450\":{\"perPage\":1},\"768\":{\"perPage\":2},\"992\":{\"perPage\":3},\"1200\":{\"perPage\":4}}}\"><div class=\"splide__track\"><div class=\"splide__list\"><div class=\"splide__slide\"><a href=\"https:\/\/www.praloup.com\/wp-content\/uploads\/2026\/05\/pra-loup-alpesphotographiescom-29-scaled.jpg\" data-glightbox=\"true\" class=\"lightbox-trigger\"><img decoding=\"async\" src=\"https:\/\/www.praloup.com\/wp-content\/uploads\/2026\/05\/pra-loup-alpesphotographiescom-29-425x585.jpg\" alt=\"\"><\/a><\/div><div class=\"splide__slide\"><a href=\"https:\/\/www.praloup.com\/wp-content\/uploads\/2026\/05\/pra-loup-alpesphotographiescom-28-scaled.jpg\" data-glightbox=\"true\" class=\"lightbox-trigger\"><img decoding=\"async\" src=\"https:\/\/www.praloup.com\/wp-content\/uploads\/2026\/05\/pra-loup-alpesphotographiescom-28-425x585.jpg\" alt=\"\"><\/a><\/div><div class=\"splide__slide\"><a href=\"https:\/\/www.praloup.com\/wp-content\/uploads\/2026\/05\/pra-loup-alpesphotographiescom-11-scaled.jpg\" data-glightbox=\"true\" class=\"lightbox-trigger\"><img decoding=\"async\" src=\"https:\/\/www.praloup.com\/wp-content\/uploads\/2026\/05\/pra-loup-alpesphotographiescom-11-425x585.jpg\" alt=\"\"><\/a><\/div><div class=\"splide__slide\"><a href=\"https:\/\/www.praloup.com\/wp-content\/uploads\/2026\/05\/pra-loup-alpesphotographiescom-12-scaled.jpg\" data-glightbox=\"true\" class=\"lightbox-trigger\"><img decoding=\"async\" src=\"https:\/\/www.praloup.com\/wp-content\/uploads\/2026\/05\/pra-loup-alpesphotographiescom-12-425x585.jpg\" alt=\"\"><\/a><\/div><div class=\"splide__slide\"><a href=\"https:\/\/www.praloup.com\/wp-content\/uploads\/2025\/07\/les-gaillardises-thomas-bruno-15-scaled.jpg\" data-glightbox=\"true\" class=\"lightbox-trigger\"><img decoding=\"async\" src=\"https:\/\/www.praloup.com\/wp-content\/uploads\/2025\/07\/les-gaillardises-thomas-bruno-15-scaled.jpg\" alt=\"\"><\/a><\/div><div class=\"splide__slide\"><a href=\"https:\/\/www.praloup.com\/wp-content\/uploads\/2025\/07\/les-gaillardises-beatrice-bellon-scaled.jpg\" data-glightbox=\"true\" class=\"lightbox-trigger\"><img decoding=\"async\" src=\"https:\/\/www.praloup.com\/wp-content\/uploads\/2025\/07\/les-gaillardises-beatrice-bellon-scaled.jpg\" alt=\"\"><\/a><\/div><\/div><\/div><\/div><\/div>\n\n<div class=\"wp-block-ws-library-ws-title\"><h3>Scopri di pi\u00f9 su Les Gaillardises:  <\/h3><\/div>\n<div class=\"alignwide wp-block-ws-library-ws-list-content\"><div class=\"list-items\"><div class=\"item\"><div class=\"card \"><div class=\"group-media\"><div class=\"field-image\"><img loading=\"lazy\" decoding=\"async\" width=\"337\" height=\"475\" src=\"https:\/\/www.praloup.com\/wp-content\/uploads\/2026\/05\/pra-loup-alpesphotographiescom-11-337x475.jpg\" class=\"winter all-seasons wp-post-image\" alt=\"\" data-season=\"all-seasons\" \/><\/div><\/div><div class=\"group-content\"><h3 class=\"field-title\">I Gaillardises dell&#8217;Ubaye<\/h3><\/div><div class=\"field-link\"><a href=\"https:\/\/www.praloup.com\/it\/il-know-how-di-pralope\/i-gaillardises-dellubaye\/\" class=\"cardlink\">I Gaillardises dell&#8217;Ubaye<\/a><\/div><\/div><\/div><div class=\"item\"><div class=\"card \"><div class=\"group-media\"><div class=\"field-image\"><img decoding=\"async\" src=\"https:\/\/images.weserv.nl\/?url=https:\/\/static.apidae-tourisme.com\/filestore\/objets-touristiques\/images\/18\/87\/17258258-diaporama.jpg&#038;w=337&#038;h=475&#038;fit=cover&#038;output=webp&#038;q=45\" alt=\"Les Gaillardises de l&#8217;Ubaye jams\"\/><\/div><\/div><div class=\"group-content\"><h3 class=\"field-title\">Les Gaillardises de l&#8217;Ubaye jams<\/h3><div class=\"field-description\">Le mie confetture sono prodotte a 1800 m di altitudine, nel Parco del Mercantour, vicino al Col de la Cayolle,&#8230;<\/div><\/div><div class=\"field-link\"><a href=\"https:\/\/www.praloup.com\/it\/fiche\/les-gaillardises-de-lubaye-2\/\" class=\"cardlink\">Les Gaillardises de l&#8217;Ubaye jams<\/a><\/div><\/div><\/div><\/div><\/div>","protected":false},"excerpt":{"rendered":"","protected":false},"author":3,"featured_media":0,"parent":0,"menu_order":0,"comment_status":"closed","ping_status":"closed","template":"","meta":{"_thumbnail_id_2":0,"summer_excerpt":"","season":"","menu_page_1":"","menu_page_2":"","footnotes":""},"class_list":["post-39731","page","type-page","status-publish","hentry"],"yoast_head":"<!-- This site is optimized with the Yoast SEO plugin v27.2 - https:\/\/yoast.com\/product\/yoast-seo-wordpress\/ -->\n<title>I nostri partner etichettati - Pra Loup - Office de Tourisme<\/title>\n<meta name=\"robots\" content=\"index, follow, max-snippet:-1, max-image-preview:large, max-video-preview:-1\" \/>\n<link rel=\"canonical\" href=\"https:\/\/www.praloup.com\/it\/i-nostri-partner-etichettati\/\" \/>\n<meta property=\"og:locale\" content=\"it_IT\" \/>\n<meta property=\"og:type\" content=\"article\" \/>\n<meta property=\"og:title\" content=\"I nostri partner etichettati - Pra Loup - Office de Tourisme\" \/>\n<meta property=\"og:url\" content=\"https:\/\/www.praloup.com\/it\/i-nostri-partner-etichettati\/\" \/>\n<meta property=\"og:site_name\" content=\"Pra Loup - Office de Tourisme\" \/>\n<meta property=\"article:publisher\" content=\"https:\/\/www.facebook.com\/praloup\" \/>\n<meta property=\"article:modified_time\" content=\"2026-05-06T13:42:28+00:00\" \/>\n<meta property=\"og:image\" content=\"https:\/\/www.praloup.com\/wp-content\/uploads\/2026\/05\/design-sans-titre-ghu-1024x576.png\" \/>\n\t<meta property=\"og:image:width\" content=\"1024\" \/>\n\t<meta property=\"og:image:height\" content=\"576\" \/>\n\t<meta property=\"og:image:type\" content=\"image\/png\" \/>\n<meta name=\"twitter:card\" content=\"summary_large_image\" \/>\n<meta name=\"twitter:label1\" content=\"Tempo di lettura stimato\" \/>\n\t<meta name=\"twitter:data1\" content=\"3 minuti\" \/>\n<script type=\"application\/ld+json\" class=\"yoast-schema-graph\">{\"@context\":\"https:\/\/schema.org\",\"@graph\":[{\"@type\":\"WebPage\",\"@id\":\"https:\/\/www.praloup.com\/it\/i-nostri-partner-etichettati\/\",\"url\":\"https:\/\/www.praloup.com\/it\/i-nostri-partner-etichettati\/\",\"name\":\"I nostri partner etichettati - Pra Loup - Office de Tourisme\",\"isPartOf\":{\"@id\":\"https:\/\/www.praloup.com\/it\/#website\"},\"primaryImageOfPage\":{\"@id\":\"https:\/\/www.praloup.com\/it\/i-nostri-partner-etichettati\/#primaryimage\"},\"image\":{\"@id\":\"https:\/\/www.praloup.com\/it\/i-nostri-partner-etichettati\/#primaryimage\"},\"thumbnailUrl\":\"https:\/\/www.praloup.com\/wp-content\/uploads\/2026\/05\/design-sans-titre-ghu-1878x640.png\",\"datePublished\":\"2026-05-06T13:38:23+00:00\",\"dateModified\":\"2026-05-06T13:42:28+00:00\",\"breadcrumb\":{\"@id\":\"https:\/\/www.praloup.com\/it\/i-nostri-partner-etichettati\/#breadcrumb\"},\"inLanguage\":\"it-IT\",\"potentialAction\":[{\"@type\":\"ReadAction\",\"target\":[\"https:\/\/www.praloup.com\/it\/i-nostri-partner-etichettati\/\"]}]},{\"@type\":\"ImageObject\",\"inLanguage\":\"it-IT\",\"@id\":\"https:\/\/www.praloup.com\/it\/i-nostri-partner-etichettati\/#primaryimage\",\"url\":\"https:\/\/www.praloup.com\/wp-content\/uploads\/2026\/05\/design-sans-titre-ghu-1878x640.png\",\"contentUrl\":\"https:\/\/www.praloup.com\/wp-content\/uploads\/2026\/05\/design-sans-titre-ghu-1878x640.png\"},{\"@type\":\"BreadcrumbList\",\"@id\":\"https:\/\/www.praloup.com\/it\/i-nostri-partner-etichettati\/#breadcrumb\",\"itemListElement\":[{\"@type\":\"ListItem\",\"position\":1,\"name\":\"Accueil\",\"item\":\"https:\/\/www.praloup.com\/it\/pra-loup-lesperienza-sciistica-alle-porte-del-parco-nazionale-del-mercantour\/\"},{\"@type\":\"ListItem\",\"position\":2,\"name\":\"I nostri partner etichettati\"}]},{\"@type\":\"WebSite\",\"@id\":\"https:\/\/www.praloup.com\/it\/#website\",\"url\":\"https:\/\/www.praloup.com\/it\/\",\"name\":\"Praloup - Office de Tourisme\",\"description\":\"\",\"publisher\":{\"@id\":\"https:\/\/www.praloup.com\/it\/#organization\"},\"potentialAction\":[{\"@type\":\"SearchAction\",\"target\":{\"@type\":\"EntryPoint\",\"urlTemplate\":\"https:\/\/www.praloup.com\/it\/?s={search_term_string}\"},\"query-input\":{\"@type\":\"PropertyValueSpecification\",\"valueRequired\":true,\"valueName\":\"search_term_string\"}}],\"inLanguage\":\"it-IT\"},{\"@type\":\"Organization\",\"@id\":\"https:\/\/www.praloup.com\/it\/#organization\",\"name\":\"Praloup - Office de Tourisme\",\"url\":\"https:\/\/www.praloup.com\/it\/\",\"logo\":{\"@type\":\"ImageObject\",\"inLanguage\":\"it-IT\",\"@id\":\"https:\/\/www.praloup.com\/it\/#\/schema\/logo\/image\/\",\"url\":\"https:\/\/www.praloup.com\/wp-content\/uploads\/2025\/05\/praloup-logo.svg\",\"contentUrl\":\"https:\/\/www.praloup.com\/wp-content\/uploads\/2025\/05\/praloup-logo.svg\",\"width\":1,\"height\":1,\"caption\":\"Praloup - Office de Tourisme\"},\"image\":{\"@id\":\"https:\/\/www.praloup.com\/it\/#\/schema\/logo\/image\/\"},\"sameAs\":[\"https:\/\/www.facebook.com\/praloup\",\"https:\/\/www.linkedin.com\/company\/praloup\/\",\"https:\/\/www.instagram.com\/pra_loup\/\"]}]}<\/script>\n<!-- \/ Yoast SEO plugin. -->","yoast_head_json":{"title":"I nostri partner etichettati - Pra Loup - Office de Tourisme","robots":{"index":"index","follow":"follow","max-snippet":"max-snippet:-1","max-image-preview":"max-image-preview:large","max-video-preview":"max-video-preview:-1"},"canonical":"https:\/\/www.praloup.com\/it\/i-nostri-partner-etichettati\/","og_locale":"it_IT","og_type":"article","og_title":"I nostri partner etichettati - Pra Loup - Office de Tourisme","og_url":"https:\/\/www.praloup.com\/it\/i-nostri-partner-etichettati\/","og_site_name":"Pra Loup - Office de Tourisme","article_publisher":"https:\/\/www.facebook.com\/praloup","article_modified_time":"2026-05-06T13:42:28+00:00","og_image":[{"width":1024,"height":576,"url":"https:\/\/www.praloup.com\/wp-content\/uploads\/2026\/05\/design-sans-titre-ghu-1024x576.png","type":"image\/png"}],"twitter_card":"summary_large_image","twitter_misc":{"Tempo di lettura stimato":"3 minuti"},"schema":{"@context":"https:\/\/schema.org","@graph":[{"@type":"WebPage","@id":"https:\/\/www.praloup.com\/it\/i-nostri-partner-etichettati\/","url":"https:\/\/www.praloup.com\/it\/i-nostri-partner-etichettati\/","name":"I nostri partner etichettati - Pra Loup - Office de Tourisme","isPartOf":{"@id":"https:\/\/www.praloup.com\/it\/#website"},"primaryImageOfPage":{"@id":"https:\/\/www.praloup.com\/it\/i-nostri-partner-etichettati\/#primaryimage"},"image":{"@id":"https:\/\/www.praloup.com\/it\/i-nostri-partner-etichettati\/#primaryimage"},"thumbnailUrl":"https:\/\/www.praloup.com\/wp-content\/uploads\/2026\/05\/design-sans-titre-ghu-1878x640.png","datePublished":"2026-05-06T13:38:23+00:00","dateModified":"2026-05-06T13:42:28+00:00","breadcrumb":{"@id":"https:\/\/www.praloup.com\/it\/i-nostri-partner-etichettati\/#breadcrumb"},"inLanguage":"it-IT","potentialAction":[{"@type":"ReadAction","target":["https:\/\/www.praloup.com\/it\/i-nostri-partner-etichettati\/"]}]},{"@type":"ImageObject","inLanguage":"it-IT","@id":"https:\/\/www.praloup.com\/it\/i-nostri-partner-etichettati\/#primaryimage","url":"https:\/\/www.praloup.com\/wp-content\/uploads\/2026\/05\/design-sans-titre-ghu-1878x640.png","contentUrl":"https:\/\/www.praloup.com\/wp-content\/uploads\/2026\/05\/design-sans-titre-ghu-1878x640.png"},{"@type":"BreadcrumbList","@id":"https:\/\/www.praloup.com\/it\/i-nostri-partner-etichettati\/#breadcrumb","itemListElement":[{"@type":"ListItem","position":1,"name":"Accueil","item":"https:\/\/www.praloup.com\/it\/pra-loup-lesperienza-sciistica-alle-porte-del-parco-nazionale-del-mercantour\/"},{"@type":"ListItem","position":2,"name":"I nostri partner etichettati"}]},{"@type":"WebSite","@id":"https:\/\/www.praloup.com\/it\/#website","url":"https:\/\/www.praloup.com\/it\/","name":"Praloup - Office de Tourisme","description":"","publisher":{"@id":"https:\/\/www.praloup.com\/it\/#organization"},"potentialAction":[{"@type":"SearchAction","target":{"@type":"EntryPoint","urlTemplate":"https:\/\/www.praloup.com\/it\/?s={search_term_string}"},"query-input":{"@type":"PropertyValueSpecification","valueRequired":true,"valueName":"search_term_string"}}],"inLanguage":"it-IT"},{"@type":"Organization","@id":"https:\/\/www.praloup.com\/it\/#organization","name":"Praloup - Office de Tourisme","url":"https:\/\/www.praloup.com\/it\/","logo":{"@type":"ImageObject","inLanguage":"it-IT","@id":"https:\/\/www.praloup.com\/it\/#\/schema\/logo\/image\/","url":"https:\/\/www.praloup.com\/wp-content\/uploads\/2025\/05\/praloup-logo.svg","contentUrl":"https:\/\/www.praloup.com\/wp-content\/uploads\/2025\/05\/praloup-logo.svg","width":1,"height":1,"caption":"Praloup - Office de Tourisme"},"image":{"@id":"https:\/\/www.praloup.com\/it\/#\/schema\/logo\/image\/"},"sameAs":["https:\/\/www.facebook.com\/praloup","https:\/\/www.linkedin.com\/company\/praloup\/","https:\/\/www.instagram.com\/pra_loup\/"]}]}},"_links":{"self":[{"href":"https:\/\/www.praloup.com\/it\/wp-json\/wp\/v2\/pages\/39731","targetHints":{"allow":["GET"]}}],"collection":[{"href":"https:\/\/www.praloup.com\/it\/wp-json\/wp\/v2\/pages"}],"about":[{"href":"https:\/\/www.praloup.com\/it\/wp-json\/wp\/v2\/types\/page"}],"author":[{"embeddable":true,"href":"https:\/\/www.praloup.com\/it\/wp-json\/wp\/v2\/users\/3"}],"replies":[{"embeddable":true,"href":"https:\/\/www.praloup.com\/it\/wp-json\/wp\/v2\/comments?post=39731"}],"version-history":[{"count":4,"href":"https:\/\/www.praloup.com\/it\/wp-json\/wp\/v2\/pages\/39731\/revisions"}],"predecessor-version":[{"id":39745,"href":"https:\/\/www.praloup.com\/it\/wp-json\/wp\/v2\/pages\/39731\/revisions\/39745"}],"wp:attachment":[{"href":"https:\/\/www.praloup.com\/it\/wp-json\/wp\/v2\/media?parent=39731"}],"curies":[{"name":"wp","href":"https:\/\/api.w.org\/{rel}","templated":true}]}}