{"id":39691,"date":"2026-05-06T12:40:43","date_gmt":"2026-05-06T10:40:43","guid":{"rendered":"https:\/\/www.praloup.com\/area-professionale-2\/insieme-verso-una-destinazione-di-eccellenza\/"},"modified":"2026-05-06T12:40:52","modified_gmt":"2026-05-06T10:40:52","slug":"insieme-verso-una-destinazione-di-eccellenza","status":"publish","type":"page","link":"https:\/\/www.praloup.com\/it\/area-professionale-2\/insieme-verso-una-destinazione-di-eccellenza\/","title":{"rendered":"Insieme verso una destinazione di eccellenza"},"content":{"rendered":"\n<div class=\"wp-block-ws-library-ws-header-interne alignfull\"><div class=\"header-container\"><div class=\"group-media has-image\"><img loading=\"lazy\" decoding=\"async\" width=\"1920\" height=\"640\" src=\"https:\/\/www.praloup.com\/wp-content\/uploads\/2026\/05\/design-sans-titre-exel-1920x640.png\" alt=\"\" class=\"image_large_square wp-image-39687 \"\/><\/div><div class=\"group-content\"><div class=\"title\"><h1>Insieme verso una destinazione di eccellenza<\/h1><\/div><\/div><\/div><div class=\"yoast-breadcrumbs\"><span><span><a href=\"https:\/\/www.praloup.com\/it\/pra-loup-lesperienza-sciistica-alle-porte-del-parco-nazionale-del-mercantour\/\">Accueil<\/a><\/span>  <span><a href=\"https:\/\/www.praloup.com\/it\/area-professionale-2\/\">Area professionale<\/a><\/span>  <span class=\"breadcrumb_last\" aria-current=\"page\">Insieme verso una destinazione di eccellenza<\/span><\/span><\/div><\/div>\n\n<div class=\"wp-block-ws-library-ws-title\"><h3>Professionisti del turismo: <strong>impegniamoci insieme a Destination of Excellence<\/strong><\/h3><\/div>\n\n<p>L&#8217;ufficio turistico di Pra Loup \u00e8 impegnato nell&#8217;approccio <strong>Destination of Excellence<\/strong>, il nuovo marchio statale che sta gradualmente sostituendo il marchio <strong>Qualit\u00e9 Tourisme\u2122<\/strong>. Creato nel 2024, questo marchio mira a promuovere i professionisti del turismo impegnati in un processo di qualit\u00e0, sostenibilit\u00e0, inclusivit\u00e0 e miglioramento continuo. Riguarda l&#8217;intera offerta turistica: alloggio, ristoranti, attivit\u00e0 ricreative, luoghi da visitare, trasporti e uffici turistici.  <\/p>\n\n<p>Attraverso questa etichetta, l&#8217;obiettivo \u00e8 chiaro: offrire ai visitatori un&#8217;esperienza sempre pi\u00f9 qualitativa, rafforzando al contempo gli impegni in termini di <strong>eco-responsabilit\u00e0<\/strong>. Accoglienza, servizi, informazioni, accessibilit\u00e0, rispetto per l&#8217;ambiente, valorizzazione del territorio: ogni professionista ha un ruolo nel rendere Pra Loup una destinazione esemplare. <\/p>\n\n<p>Per i visitatori, l&#8217;etichetta <strong>Destination of Excellence<\/strong> \u00e8 un punto di riferimento affidabile. Garantisce un alto livello di accoglienza e servizi, mettendo in evidenza le strutture impegnate in un turismo pi\u00f9 responsabile. Per i professionisti, rappresenta un vero riconoscimento ufficiale, uno strumento di promozione e una leva per la differenziazione con clienti francesi e internazionali.  <\/p>\n\n<p>Partecipando a questa iniziativa, contribuisci a rafforzare l&#8217;immagine di Pra Loup come destinazione accogliente, professionale, sostenibile e orientata al futuro. \u00c8 anche un&#8217;opportunit\u00e0 per strutturare le proprie pratiche, rafforzare i propri impegni esistenti e partecipare a una dinamica collettiva al servizio del territorio. <\/p>\n\n<p>L&#8217;ufficio turistico di Pra Loup desidera sostenere i volontari socio-professionisti in questa evoluzione. Insieme, facciamo in modo che qualit\u00e0, responsabilit\u00e0 ecologica e esperienza del cliente siano forti indicatori della nostra destinazione. <\/p>\n\n<p><strong>Sei un ospite, ristoratore, fornitore di attivit\u00e0, negoziante o turistico della zona? Partecipa con noi nell&#8217;approccio Destination of Excellence e partecipa attivamente al turismo di domani a Pra Loup. <\/strong><\/p>\n<div class=\"alignfull wp-block-ws-library-ws-list-content\"><div class=\"list-items\"><div class=\"item\"><div class=\"card \"><div class=\"group-media\"><div class=\"field-image\"><img loading=\"lazy\" decoding=\"async\" width=\"337\" height=\"475\" src=\"https:\/\/www.praloup.com\/wp-content\/uploads\/2026\/05\/marque-qualite-tourisme-337x475.webp\" class=\"winter wp-post-image\" alt=\"\" data-season=\"winter\" \/><img loading=\"lazy\" decoding=\"async\" width=\"337\" height=\"475\" src=\"https:\/\/www.praloup.com\/wp-content\/uploads\/2026\/05\/marque-qualite-tourisme-337x475.webp\" class=\"vivaldi-thumb summer\" alt=\"\" data-season=\"summer\" \/><\/div><\/div><div class=\"group-content\"><h3 class=\"field-title\">Turismo di qualit\u00e0<\/h3><\/div><div class=\"field-link\"><a href=\"https:\/\/www.praloup.com\/it\/turismo-di-qualita\/\" class=\"cardlink\">Turismo di qualit\u00e0<\/a><\/div><\/div><\/div><div class=\"item\"><div class=\"card \"><div class=\"group-media\"><div class=\"field-image\"><img loading=\"lazy\" decoding=\"async\" width=\"337\" height=\"475\" src=\"https:\/\/www.praloup.com\/wp-content\/uploads\/2026\/05\/logo-label-destination-excellence-337x475.webp\" class=\"winter all-seasons wp-post-image\" alt=\"\" data-season=\"all-seasons\" \/><\/div><\/div><div class=\"group-content\"><h3 class=\"field-title\">Etichetta Destination of Excellence<\/h3><\/div><div class=\"field-link\"><a href=\"https:\/\/www.praloup.com\/it\/etichetta-destination-of-excellence\/\" class=\"cardlink\">Etichetta Destination of Excellence<\/a><\/div><\/div><\/div><div class=\"item\"><div class=\"card \"><div class=\"group-media\"><div class=\"field-image\"><img loading=\"lazy\" decoding=\"async\" width=\"337\" height=\"475\" src=\"https:\/\/www.praloup.com\/wp-content\/uploads\/2025\/08\/office-de-tourisme-de-pra-loup-ut-brendan-le-peru-2-337x475.jpg\" class=\"winter all-seasons wp-post-image\" alt=\"\" data-season=\"all-seasons\" \/><\/div><\/div><div class=\"group-content\"><h3 class=\"field-title\">L&#8217;Ufficio Turistico<\/h3><\/div><div class=\"field-link\"><a href=\"https:\/\/www.praloup.com\/it\/contatta-lot\/\" class=\"cardlink\">L&#8217;Ufficio Turistico<\/a><\/div><\/div><\/div><\/div><\/div>","protected":false},"excerpt":{"rendered":"<p>L&#8217;ufficio turistico di Pra Loup \u00e8 impegnato nell&#8217;approccio Destination of Excellence, il nuovo marchio statale che sta gradualmente sostituendo il [&hellip;]<\/p>\n","protected":false},"author":3,"featured_media":39656,"parent":24216,"menu_order":0,"comment_status":"closed","ping_status":"closed","template":"","meta":{"_thumbnail_id_2":0,"summer_excerpt":"","season":"","menu_page_1":"","menu_page_2":"","footnotes":""},"class_list":["post-39691","page","type-page","status-publish","has-post-thumbnail","hentry"],"yoast_head":"<!-- This site is optimized with the Yoast SEO plugin v27.2 - https:\/\/yoast.com\/product\/yoast-seo-wordpress\/ -->\n<title>Insieme verso una destinazione di eccellenza - Pra Loup - Office de Tourisme<\/title>\n<meta name=\"robots\" content=\"index, follow, max-snippet:-1, max-image-preview:large, max-video-preview:-1\" \/>\n<link rel=\"canonical\" href=\"https:\/\/www.praloup.com\/it\/area-professionale-2\/insieme-verso-una-destinazione-di-eccellenza\/\" \/>\n<meta property=\"og:locale\" content=\"it_IT\" \/>\n<meta property=\"og:type\" content=\"article\" \/>\n<meta property=\"og:title\" content=\"Insieme verso una destinazione di eccellenza - Pra Loup - Office de Tourisme\" \/>\n<meta property=\"og:description\" content=\"L&#8217;ufficio turistico di Pra Loup \u00e8 impegnato nell&#8217;approccio Destination of Excellence, il nuovo marchio statale che sta gradualmente sostituendo il [&hellip;]\" \/>\n<meta property=\"og:url\" content=\"https:\/\/www.praloup.com\/it\/area-professionale-2\/insieme-verso-una-destinazione-di-eccellenza\/\" \/>\n<meta property=\"og:site_name\" content=\"Pra Loup - Office de Tourisme\" \/>\n<meta property=\"article:publisher\" content=\"https:\/\/www.facebook.com\/praloup\" \/>\n<meta property=\"article:modified_time\" content=\"2026-05-06T10:40:52+00:00\" \/>\n<meta property=\"og:image\" content=\"https:\/\/www.praloup.com\/wp-content\/uploads\/2026\/05\/logo-label-destination-excellence.webp\" \/>\n\t<meta property=\"og:image:width\" content=\"1920\" \/>\n\t<meta property=\"og:image:height\" content=\"1080\" \/>\n\t<meta property=\"og:image:type\" content=\"image\/webp\" \/>\n<meta name=\"twitter:card\" content=\"summary_large_image\" \/>\n<meta name=\"twitter:label1\" content=\"Tempo di lettura stimato\" \/>\n\t<meta name=\"twitter:data1\" content=\"1 minuto\" \/>\n<script type=\"application\/ld+json\" class=\"yoast-schema-graph\">{\"@context\":\"https:\/\/schema.org\",\"@graph\":[{\"@type\":\"WebPage\",\"@id\":\"https:\/\/www.praloup.com\/it\/area-professionale-2\/insieme-verso-una-destinazione-di-eccellenza\/\",\"url\":\"https:\/\/www.praloup.com\/it\/area-professionale-2\/insieme-verso-una-destinazione-di-eccellenza\/\",\"name\":\"Insieme verso una destinazione di eccellenza - Pra Loup - Office de Tourisme\",\"isPartOf\":{\"@id\":\"https:\/\/www.praloup.com\/it\/#website\"},\"primaryImageOfPage\":{\"@id\":\"https:\/\/www.praloup.com\/it\/area-professionale-2\/insieme-verso-una-destinazione-di-eccellenza\/#primaryimage\"},\"image\":{\"@id\":\"https:\/\/www.praloup.com\/it\/area-professionale-2\/insieme-verso-una-destinazione-di-eccellenza\/#primaryimage\"},\"thumbnailUrl\":\"https:\/\/www.praloup.com\/wp-content\/uploads\/2026\/05\/logo-label-destination-excellence.webp\",\"datePublished\":\"2026-05-06T10:40:43+00:00\",\"dateModified\":\"2026-05-06T10:40:52+00:00\",\"breadcrumb\":{\"@id\":\"https:\/\/www.praloup.com\/it\/area-professionale-2\/insieme-verso-una-destinazione-di-eccellenza\/#breadcrumb\"},\"inLanguage\":\"it-IT\",\"potentialAction\":[{\"@type\":\"ReadAction\",\"target\":[\"https:\/\/www.praloup.com\/it\/area-professionale-2\/insieme-verso-una-destinazione-di-eccellenza\/\"]}]},{\"@type\":\"ImageObject\",\"inLanguage\":\"it-IT\",\"@id\":\"https:\/\/www.praloup.com\/it\/area-professionale-2\/insieme-verso-una-destinazione-di-eccellenza\/#primaryimage\",\"url\":\"https:\/\/www.praloup.com\/wp-content\/uploads\/2026\/05\/logo-label-destination-excellence.webp\",\"contentUrl\":\"https:\/\/www.praloup.com\/wp-content\/uploads\/2026\/05\/logo-label-destination-excellence.webp\",\"width\":1920,\"height\":1080},{\"@type\":\"BreadcrumbList\",\"@id\":\"https:\/\/www.praloup.com\/it\/area-professionale-2\/insieme-verso-una-destinazione-di-eccellenza\/#breadcrumb\",\"itemListElement\":[{\"@type\":\"ListItem\",\"position\":1,\"name\":\"Accueil\",\"item\":\"https:\/\/www.praloup.com\/it\/pra-loup-lesperienza-sciistica-alle-porte-del-parco-nazionale-del-mercantour\/\"},{\"@type\":\"ListItem\",\"position\":2,\"name\":\"Area professionale\",\"item\":\"https:\/\/www.praloup.com\/it\/area-professionale-2\/\"},{\"@type\":\"ListItem\",\"position\":3,\"name\":\"Insieme verso una destinazione di eccellenza\"}]},{\"@type\":\"WebSite\",\"@id\":\"https:\/\/www.praloup.com\/it\/#website\",\"url\":\"https:\/\/www.praloup.com\/it\/\",\"name\":\"Praloup - Office de Tourisme\",\"description\":\"\",\"publisher\":{\"@id\":\"https:\/\/www.praloup.com\/it\/#organization\"},\"potentialAction\":[{\"@type\":\"SearchAction\",\"target\":{\"@type\":\"EntryPoint\",\"urlTemplate\":\"https:\/\/www.praloup.com\/it\/?s={search_term_string}\"},\"query-input\":{\"@type\":\"PropertyValueSpecification\",\"valueRequired\":true,\"valueName\":\"search_term_string\"}}],\"inLanguage\":\"it-IT\"},{\"@type\":\"Organization\",\"@id\":\"https:\/\/www.praloup.com\/it\/#organization\",\"name\":\"Praloup - Office de Tourisme\",\"url\":\"https:\/\/www.praloup.com\/it\/\",\"logo\":{\"@type\":\"ImageObject\",\"inLanguage\":\"it-IT\",\"@id\":\"https:\/\/www.praloup.com\/it\/#\/schema\/logo\/image\/\",\"url\":\"https:\/\/www.praloup.com\/wp-content\/uploads\/2025\/05\/praloup-logo.svg\",\"contentUrl\":\"https:\/\/www.praloup.com\/wp-content\/uploads\/2025\/05\/praloup-logo.svg\",\"width\":1,\"height\":1,\"caption\":\"Praloup - Office de Tourisme\"},\"image\":{\"@id\":\"https:\/\/www.praloup.com\/it\/#\/schema\/logo\/image\/\"},\"sameAs\":[\"https:\/\/www.facebook.com\/praloup\",\"https:\/\/www.linkedin.com\/company\/praloup\/\",\"https:\/\/www.instagram.com\/pra_loup\/\"]}]}<\/script>\n<!-- \/ Yoast SEO plugin. -->","yoast_head_json":{"title":"Insieme verso una destinazione di eccellenza - Pra Loup - Office de Tourisme","robots":{"index":"index","follow":"follow","max-snippet":"max-snippet:-1","max-image-preview":"max-image-preview:large","max-video-preview":"max-video-preview:-1"},"canonical":"https:\/\/www.praloup.com\/it\/area-professionale-2\/insieme-verso-una-destinazione-di-eccellenza\/","og_locale":"it_IT","og_type":"article","og_title":"Insieme verso una destinazione di eccellenza - Pra Loup - Office de Tourisme","og_description":"L&#8217;ufficio turistico di Pra Loup \u00e8 impegnato nell&#8217;approccio Destination of Excellence, il nuovo marchio statale che sta gradualmente sostituendo il [&hellip;]","og_url":"https:\/\/www.praloup.com\/it\/area-professionale-2\/insieme-verso-una-destinazione-di-eccellenza\/","og_site_name":"Pra Loup - Office de Tourisme","article_publisher":"https:\/\/www.facebook.com\/praloup","article_modified_time":"2026-05-06T10:40:52+00:00","og_image":[{"width":1920,"height":1080,"url":"https:\/\/www.praloup.com\/wp-content\/uploads\/2026\/05\/logo-label-destination-excellence.webp","type":"image\/webp"}],"twitter_card":"summary_large_image","twitter_misc":{"Tempo di lettura stimato":"1 minuto"},"schema":{"@context":"https:\/\/schema.org","@graph":[{"@type":"WebPage","@id":"https:\/\/www.praloup.com\/it\/area-professionale-2\/insieme-verso-una-destinazione-di-eccellenza\/","url":"https:\/\/www.praloup.com\/it\/area-professionale-2\/insieme-verso-una-destinazione-di-eccellenza\/","name":"Insieme verso una destinazione di eccellenza - Pra Loup - Office de Tourisme","isPartOf":{"@id":"https:\/\/www.praloup.com\/it\/#website"},"primaryImageOfPage":{"@id":"https:\/\/www.praloup.com\/it\/area-professionale-2\/insieme-verso-una-destinazione-di-eccellenza\/#primaryimage"},"image":{"@id":"https:\/\/www.praloup.com\/it\/area-professionale-2\/insieme-verso-una-destinazione-di-eccellenza\/#primaryimage"},"thumbnailUrl":"https:\/\/www.praloup.com\/wp-content\/uploads\/2026\/05\/logo-label-destination-excellence.webp","datePublished":"2026-05-06T10:40:43+00:00","dateModified":"2026-05-06T10:40:52+00:00","breadcrumb":{"@id":"https:\/\/www.praloup.com\/it\/area-professionale-2\/insieme-verso-una-destinazione-di-eccellenza\/#breadcrumb"},"inLanguage":"it-IT","potentialAction":[{"@type":"ReadAction","target":["https:\/\/www.praloup.com\/it\/area-professionale-2\/insieme-verso-una-destinazione-di-eccellenza\/"]}]},{"@type":"ImageObject","inLanguage":"it-IT","@id":"https:\/\/www.praloup.com\/it\/area-professionale-2\/insieme-verso-una-destinazione-di-eccellenza\/#primaryimage","url":"https:\/\/www.praloup.com\/wp-content\/uploads\/2026\/05\/logo-label-destination-excellence.webp","contentUrl":"https:\/\/www.praloup.com\/wp-content\/uploads\/2026\/05\/logo-label-destination-excellence.webp","width":1920,"height":1080},{"@type":"BreadcrumbList","@id":"https:\/\/www.praloup.com\/it\/area-professionale-2\/insieme-verso-una-destinazione-di-eccellenza\/#breadcrumb","itemListElement":[{"@type":"ListItem","position":1,"name":"Accueil","item":"https:\/\/www.praloup.com\/it\/pra-loup-lesperienza-sciistica-alle-porte-del-parco-nazionale-del-mercantour\/"},{"@type":"ListItem","position":2,"name":"Area professionale","item":"https:\/\/www.praloup.com\/it\/area-professionale-2\/"},{"@type":"ListItem","position":3,"name":"Insieme verso una destinazione di eccellenza"}]},{"@type":"WebSite","@id":"https:\/\/www.praloup.com\/it\/#website","url":"https:\/\/www.praloup.com\/it\/","name":"Praloup - Office de Tourisme","description":"","publisher":{"@id":"https:\/\/www.praloup.com\/it\/#organization"},"potentialAction":[{"@type":"SearchAction","target":{"@type":"EntryPoint","urlTemplate":"https:\/\/www.praloup.com\/it\/?s={search_term_string}"},"query-input":{"@type":"PropertyValueSpecification","valueRequired":true,"valueName":"search_term_string"}}],"inLanguage":"it-IT"},{"@type":"Organization","@id":"https:\/\/www.praloup.com\/it\/#organization","name":"Praloup - Office de Tourisme","url":"https:\/\/www.praloup.com\/it\/","logo":{"@type":"ImageObject","inLanguage":"it-IT","@id":"https:\/\/www.praloup.com\/it\/#\/schema\/logo\/image\/","url":"https:\/\/www.praloup.com\/wp-content\/uploads\/2025\/05\/praloup-logo.svg","contentUrl":"https:\/\/www.praloup.com\/wp-content\/uploads\/2025\/05\/praloup-logo.svg","width":1,"height":1,"caption":"Praloup - Office de Tourisme"},"image":{"@id":"https:\/\/www.praloup.com\/it\/#\/schema\/logo\/image\/"},"sameAs":["https:\/\/www.facebook.com\/praloup","https:\/\/www.linkedin.com\/company\/praloup\/","https:\/\/www.instagram.com\/pra_loup\/"]}]}},"_links":{"self":[{"href":"https:\/\/www.praloup.com\/it\/wp-json\/wp\/v2\/pages\/39691","targetHints":{"allow":["GET"]}}],"collection":[{"href":"https:\/\/www.praloup.com\/it\/wp-json\/wp\/v2\/pages"}],"about":[{"href":"https:\/\/www.praloup.com\/it\/wp-json\/wp\/v2\/types\/page"}],"author":[{"embeddable":true,"href":"https:\/\/www.praloup.com\/it\/wp-json\/wp\/v2\/users\/3"}],"replies":[{"embeddable":true,"href":"https:\/\/www.praloup.com\/it\/wp-json\/wp\/v2\/comments?post=39691"}],"version-history":[{"count":1,"href":"https:\/\/www.praloup.com\/it\/wp-json\/wp\/v2\/pages\/39691\/revisions"}],"predecessor-version":[{"id":39692,"href":"https:\/\/www.praloup.com\/it\/wp-json\/wp\/v2\/pages\/39691\/revisions\/39692"}],"up":[{"embeddable":true,"href":"https:\/\/www.praloup.com\/it\/wp-json\/wp\/v2\/pages\/24216"}],"wp:featuredmedia":[{"embeddable":true,"href":"https:\/\/www.praloup.com\/it\/wp-json\/wp\/v2\/media\/39656"}],"wp:attachment":[{"href":"https:\/\/www.praloup.com\/it\/wp-json\/wp\/v2\/media?parent=39691"}],"curies":[{"name":"wp","href":"https:\/\/api.w.org\/{rel}","templated":true}]}}