{"id":39661,"date":"2026-05-06T12:11:05","date_gmt":"2026-05-06T10:11:05","guid":{"rendered":"https:\/\/www.praloup.com\/etichetta-destination-of-excellence\/"},"modified":"2026-05-06T12:15:50","modified_gmt":"2026-05-06T10:15:50","slug":"etichetta-destination-of-excellence","status":"publish","type":"page","link":"https:\/\/www.praloup.com\/it\/etichetta-destination-of-excellence\/","title":{"rendered":"Etichetta Destination of Excellence"},"content":{"rendered":"\n<div class=\"wp-block-ws-library-ws-header-interne alignfull\"><div class=\"header-container\"><div class=\"group-media has-image\"><img loading=\"lazy\" decoding=\"async\" width=\"1920\" height=\"640\" src=\"https:\/\/www.praloup.com\/wp-content\/uploads\/2026\/05\/destination-exellence-2-1920x640.png\" alt=\"\" class=\"image_large_square wp-image-39651 \"\/><\/div><div class=\"group-content\"><div class=\"title\"><h1>Etichetta Destination of Excellence<\/h1><\/div><\/div><\/div><div class=\"yoast-breadcrumbs\"><span><span><a href=\"https:\/\/www.praloup.com\/it\/pra-loup-lesperienza-sciistica-alle-porte-del-parco-nazionale-del-mercantour\/\">Accueil<\/a><\/span>  <span class=\"breadcrumb_last\" aria-current=\"page\">Etichetta Destination of Excellence<\/span><\/span><\/div><\/div>\n\n<p>L&#8217;etichetta Destination Excellence Tourism \u00e8 stata creata nel 2024 per sostituire quella di Quality Tourism con l&#8217;obiettivo di promuovere e supportare destinazioni turistiche impegnate in un processo di eccellenza. Questo marchio \u00e8 un riconoscimento ufficiale e nazionale che garantisce un&#8217;alta qualit\u00e0 del servizio, una gestione responsabile del territorio e un&#8217;esperienza unica per i visitatori <\/p>\n\n<p><strong>L&#8217;Ufficio Turistico di Pra Loup punta al marchio di Destinazione di Eccellenza<\/strong>, successore di Qualit\u00e9 Tourisme dal 2024. \u00c8 nella continuit\u00e0 della sua classificazione nella Categoria I del Turismo di Qualit\u00e0 che il nostro team compie ogni sforzo per raggiungere l&#8217;eccellenza. <\/p>\n\n<div class=\"wp-block-ws-library-ws-featured-content\">\n<div class=\"wp-block-ws-library-ws-title\"><h4>L&#8217;ufficio turistico di Pra Loup ha ottenuto il marchio Qualit\u00e9 Tourisme\u2122 nell&#8217;agosto 2024,<\/h4><\/div>\n\n\n\n<p>dopo solo un anno di esistenza. Questo riconoscimento testimonia l&#8217;impegno del team per un&#8217;accoglienza di qualit\u00e0, informazioni affidabili e un miglioramento continuo dei servizi offerti a visitatori, partner e fornitori di servizi. <\/p>\n\n\n\n<p>Dal 2024, la <strong>nuova etichetta statale Destination of Excellence<\/strong> ha gradualmente sostituito il marchio Qualit\u00e9 Tourisme\u2122. Mantiene il requisito di qualit\u00e0 della ricezione e dei servizi, rafforzando al contempo i criteri relativi alla <strong>responsabilit\u00e0 ecologica<\/strong>, alla sostenibilit\u00e0 e all&#8217;accessibilit\u00e0. <\/p>\n\n\n\n<p>In questa continuit\u00e0, l&#8217;ufficio turistico di Pra Loup \u00e8 pienamente impegnato in un approccio allo sviluppo sostenibile, con un obiettivo chiaro: <strong>convalidare la componente di eco-responsabilit\u00e0 del marchio Destination of Excellence entro la fine del 2026<\/strong>.<\/p>\n\n\n\n<p>Questo futuro riconoscimento confermer\u00e0 il nostro impegno concreto verso un turismo pi\u00f9 responsabile, pi\u00f9 rispettoso dell&#8217;ambiente e dei territori, garantendo al contempo un&#8217;esperienza turistica sempre pi\u00f9 qualitativa e sostenibile, adattata alle aspettative dei visitatori.<\/p>\n\n\n\n<div class=\"wp-block-ws-library-ws-button has-text-align-left\"><a href=\"https:\/\/www.atout-france.fr\/fr\/destination-dexcellence\" class=\"wp-block-button__link wp-element-button btn\">  Scopri di pi\u00f9<\/a><\/div>\n<\/div>\n\n<div class=\"wp-block-ws-library-ws-columns alignfull has-2-columns are-vertically-aligned-center layout-5050\">\n<div class=\"wp-block-ws-library-ws-column\"><div class=\"wrapper\">\n<div class=\"wp-block-ws-library-ws-title\"><h3>Il ruolo dell&#8217;etichetta  <\/h3><\/div>\n\n\n\n<p>L&#8217;etichetta Destination Excellence Tourism svolge un ruolo chiave nello sviluppo di un turismo sostenibile e di qualit\u00e0.<\/p>\n\n\n\n<p>Mira a:<\/p>\n\n\n\n<ol class=\"wp-block-list\">\n<li>Strutturazione dell&#8217;offerta turistica<\/li>\n\n\n\n<li>Incoraggiare l&#8217;innovazione<\/li>\n\n\n\n<li>Promuovere un approccio eco-responsabile<\/li>\n\n\n\n<li>Rafforzare l&#8217;attrattiva della destinazione<\/li>\n\n\n\n<li>Garantire un&#8217;esperienza turistica di qualit\u00e0<\/li>\n<\/ol>\n\n\n\n<p>Destination of Excellence \u00e8 un&#8217;etichetta che mira a rafforzare la qualit\u00e0 in tutto il campo dell&#8217;offerta turistica.<\/p>\n<\/div><\/div>\n\n\n\n<div class=\"wp-block-ws-library-ws-column\"><div class=\"wrapper\">\n<div class=\"wp-block-ws-library-ws-image\"><div class=\"wrapper\"><div class=\"group-media\"><img decoding=\"async\" src=\"https:\/\/www.praloup.com\/wp-content\/uploads\/2026\/05\/logo-label-destination-excellence-900x570.webp\" alt=\"\" class=\"single_image ws-image-39654\"><div class=\"credits\"><\/div><\/div><p class=\"caption\"><\/p><\/div><\/div>\n<\/div><\/div>\n<\/div>\n<div class=\"alignfull wp-block-ws-library-ws-list-content\"><div class=\"list-items\"><div class=\"item\"><div class=\"card \"><div class=\"group-media\"><div class=\"field-image\"><img loading=\"lazy\" decoding=\"async\" width=\"337\" height=\"475\" src=\"https:\/\/www.praloup.com\/wp-content\/uploads\/2026\/05\/marque-qualite-tourisme-337x475.webp\" class=\"winter wp-post-image\" alt=\"\" data-season=\"winter\" \/><img loading=\"lazy\" decoding=\"async\" width=\"337\" height=\"475\" src=\"https:\/\/www.praloup.com\/wp-content\/uploads\/2026\/05\/marque-qualite-tourisme-337x475.webp\" class=\"vivaldi-thumb summer\" alt=\"\" data-season=\"summer\" \/><\/div><\/div><div class=\"group-content\"><h3 class=\"field-title\">Turismo di qualit\u00e0<\/h3><\/div><div class=\"field-link\"><a href=\"https:\/\/www.praloup.com\/it\/turismo-di-qualita\/\" class=\"cardlink\">Turismo di qualit\u00e0<\/a><\/div><\/div><\/div><div class=\"item\"><div class=\"card \"><div class=\"group-media\"><div class=\"field-image\"><img loading=\"lazy\" decoding=\"async\" width=\"337\" height=\"475\" src=\"https:\/\/www.praloup.com\/wp-content\/uploads\/2025\/08\/pra-loup-1500-neige-ut-brendan-le-peru-31-337x475.jpg\" class=\"winter wp-post-image\" alt=\"\" data-season=\"winter\" \/><img loading=\"lazy\" decoding=\"async\" width=\"337\" height=\"475\" src=\"https:\/\/www.praloup.com\/wp-content\/uploads\/2026\/04\/chatgpt-image-28-avr-2026-13-15-57-337x475.png\" class=\"vivaldi-thumb summer\" alt=\"\" data-season=\"summer\" \/><\/div><\/div><div class=\"group-content\"><h3 class=\"field-title\">Arrivare a Pra Loup&#8230; in modalit\u00e0 eco-responsabile<\/h3><\/div><div class=\"field-link\"><a href=\"https:\/\/www.praloup.com\/it\/come-organizzarsi\/arrivare-praloup\/\" class=\"cardlink\">Arrivare a Pra Loup&#8230; in modalit\u00e0 eco-responsabile<\/a><\/div><\/div><\/div><div class=\"item\"><div class=\"card \"><div class=\"group-media\"><div class=\"field-image\"><img loading=\"lazy\" decoding=\"async\" width=\"337\" height=\"399\" src=\"https:\/\/www.praloup.com\/wp-content\/uploads\/2025\/07\/25348-pnm-blanc-jacques-337x399.jpg\" class=\"winter wp-post-image\" alt=\"Lagop\u00e8de hiver Pra Loup Ubaye Mercantour\" data-season=\"winter\" \/><img loading=\"lazy\" decoding=\"async\" width=\"337\" height=\"475\" src=\"https:\/\/www.praloup.com\/wp-content\/uploads\/2025\/07\/pra-loup-1600-ete-thomas-bruno-2025-12-scaled-337x475.jpg\" class=\"vivaldi-thumb summer\" alt=\"Chapeau de gendarme Pra Loup 1600\" data-season=\"summer\" \/><\/div><\/div><div class=\"group-content\"><h3 class=\"field-title\">Pra Loup, una destinazione responsabile<\/h3><\/div><div class=\"field-link\"><a href=\"https:\/\/www.praloup.com\/it\/destinazione-mercantour\/destinazioni-responsabili\/\" class=\"cardlink\">Pra Loup, una destinazione responsabile<\/a><\/div><\/div><\/div><\/div><\/div>\n<div class=\"wp-block-ws-library-ws-share\"><span class=\"share-subtitle\">Cette page vous a plu ?<\/span><span class=\"share-title\">Partagez-la !<\/span><button class=\"ws-share-button wp-element-button\">Partager cette page<\/button><\/div>\n","protected":false},"excerpt":{"rendered":"<p>L&#8217;etichetta Destination Excellence Tourism \u00e8 stata creata nel 2024 per sostituire quella di Quality Tourism con l&#8217;obiettivo di promuovere e [&hellip;]<\/p>\n","protected":false},"author":3,"featured_media":39656,"parent":0,"menu_order":0,"comment_status":"closed","ping_status":"closed","template":"","meta":{"_thumbnail_id_2":0,"summer_excerpt":"","season":"","menu_page_1":"","menu_page_2":"","footnotes":""},"class_list":["post-39661","page","type-page","status-publish","has-post-thumbnail","hentry"],"yoast_head":"<!-- This site is optimized with the Yoast SEO plugin v27.2 - https:\/\/yoast.com\/product\/yoast-seo-wordpress\/ -->\n<title>Etichetta Destination of Excellence - Pra Loup - Office de Tourisme<\/title>\n<meta name=\"robots\" content=\"index, follow, max-snippet:-1, max-image-preview:large, max-video-preview:-1\" \/>\n<link rel=\"canonical\" href=\"https:\/\/www.praloup.com\/it\/etichetta-destination-of-excellence\/\" \/>\n<meta property=\"og:locale\" content=\"it_IT\" \/>\n<meta property=\"og:type\" content=\"article\" \/>\n<meta property=\"og:title\" content=\"Etichetta Destination of Excellence - Pra Loup - Office de Tourisme\" \/>\n<meta property=\"og:description\" content=\"L&#8217;etichetta Destination Excellence Tourism \u00e8 stata creata nel 2024 per sostituire quella di Quality Tourism con l&#8217;obiettivo di promuovere e [&hellip;]\" \/>\n<meta property=\"og:url\" content=\"https:\/\/www.praloup.com\/it\/etichetta-destination-of-excellence\/\" \/>\n<meta property=\"og:site_name\" content=\"Pra Loup - Office de Tourisme\" \/>\n<meta property=\"article:publisher\" content=\"https:\/\/www.facebook.com\/praloup\" \/>\n<meta property=\"article:modified_time\" content=\"2026-05-06T10:15:50+00:00\" \/>\n<meta property=\"og:image\" content=\"https:\/\/www.praloup.com\/wp-content\/uploads\/2026\/05\/logo-label-destination-excellence.webp\" \/>\n\t<meta property=\"og:image:width\" content=\"1920\" \/>\n\t<meta property=\"og:image:height\" content=\"1080\" \/>\n\t<meta property=\"og:image:type\" content=\"image\/webp\" \/>\n<meta name=\"twitter:card\" content=\"summary_large_image\" \/>\n<meta name=\"twitter:label1\" content=\"Tempo di lettura stimato\" \/>\n\t<meta name=\"twitter:data1\" content=\"2 minuti\" \/>\n<script type=\"application\/ld+json\" class=\"yoast-schema-graph\">{\"@context\":\"https:\/\/schema.org\",\"@graph\":[{\"@type\":\"WebPage\",\"@id\":\"https:\/\/www.praloup.com\/it\/etichetta-destination-of-excellence\/\",\"url\":\"https:\/\/www.praloup.com\/it\/etichetta-destination-of-excellence\/\",\"name\":\"Etichetta Destination of Excellence - Pra Loup - Office de Tourisme\",\"isPartOf\":{\"@id\":\"https:\/\/www.praloup.com\/it\/#website\"},\"primaryImageOfPage\":{\"@id\":\"https:\/\/www.praloup.com\/it\/etichetta-destination-of-excellence\/#primaryimage\"},\"image\":{\"@id\":\"https:\/\/www.praloup.com\/it\/etichetta-destination-of-excellence\/#primaryimage\"},\"thumbnailUrl\":\"https:\/\/www.praloup.com\/wp-content\/uploads\/2026\/05\/logo-label-destination-excellence.webp\",\"datePublished\":\"2026-05-06T10:11:05+00:00\",\"dateModified\":\"2026-05-06T10:15:50+00:00\",\"breadcrumb\":{\"@id\":\"https:\/\/www.praloup.com\/it\/etichetta-destination-of-excellence\/#breadcrumb\"},\"inLanguage\":\"it-IT\",\"potentialAction\":[{\"@type\":\"ReadAction\",\"target\":[\"https:\/\/www.praloup.com\/it\/etichetta-destination-of-excellence\/\"]}]},{\"@type\":\"ImageObject\",\"inLanguage\":\"it-IT\",\"@id\":\"https:\/\/www.praloup.com\/it\/etichetta-destination-of-excellence\/#primaryimage\",\"url\":\"https:\/\/www.praloup.com\/wp-content\/uploads\/2026\/05\/logo-label-destination-excellence.webp\",\"contentUrl\":\"https:\/\/www.praloup.com\/wp-content\/uploads\/2026\/05\/logo-label-destination-excellence.webp\",\"width\":1920,\"height\":1080},{\"@type\":\"BreadcrumbList\",\"@id\":\"https:\/\/www.praloup.com\/it\/etichetta-destination-of-excellence\/#breadcrumb\",\"itemListElement\":[{\"@type\":\"ListItem\",\"position\":1,\"name\":\"Accueil\",\"item\":\"https:\/\/www.praloup.com\/it\/pra-loup-lesperienza-sciistica-alle-porte-del-parco-nazionale-del-mercantour\/\"},{\"@type\":\"ListItem\",\"position\":2,\"name\":\"Etichetta Destination of Excellence\"}]},{\"@type\":\"WebSite\",\"@id\":\"https:\/\/www.praloup.com\/it\/#website\",\"url\":\"https:\/\/www.praloup.com\/it\/\",\"name\":\"Praloup - Office de Tourisme\",\"description\":\"\",\"publisher\":{\"@id\":\"https:\/\/www.praloup.com\/it\/#organization\"},\"potentialAction\":[{\"@type\":\"SearchAction\",\"target\":{\"@type\":\"EntryPoint\",\"urlTemplate\":\"https:\/\/www.praloup.com\/it\/?s={search_term_string}\"},\"query-input\":{\"@type\":\"PropertyValueSpecification\",\"valueRequired\":true,\"valueName\":\"search_term_string\"}}],\"inLanguage\":\"it-IT\"},{\"@type\":\"Organization\",\"@id\":\"https:\/\/www.praloup.com\/it\/#organization\",\"name\":\"Praloup - Office de Tourisme\",\"url\":\"https:\/\/www.praloup.com\/it\/\",\"logo\":{\"@type\":\"ImageObject\",\"inLanguage\":\"it-IT\",\"@id\":\"https:\/\/www.praloup.com\/it\/#\/schema\/logo\/image\/\",\"url\":\"https:\/\/www.praloup.com\/wp-content\/uploads\/2025\/05\/praloup-logo.svg\",\"contentUrl\":\"https:\/\/www.praloup.com\/wp-content\/uploads\/2025\/05\/praloup-logo.svg\",\"width\":1,\"height\":1,\"caption\":\"Praloup - Office de Tourisme\"},\"image\":{\"@id\":\"https:\/\/www.praloup.com\/it\/#\/schema\/logo\/image\/\"},\"sameAs\":[\"https:\/\/www.facebook.com\/praloup\",\"https:\/\/www.linkedin.com\/company\/praloup\/\",\"https:\/\/www.instagram.com\/pra_loup\/\"]}]}<\/script>\n<!-- \/ Yoast SEO plugin. -->","yoast_head_json":{"title":"Etichetta Destination of Excellence - Pra Loup - Office de Tourisme","robots":{"index":"index","follow":"follow","max-snippet":"max-snippet:-1","max-image-preview":"max-image-preview:large","max-video-preview":"max-video-preview:-1"},"canonical":"https:\/\/www.praloup.com\/it\/etichetta-destination-of-excellence\/","og_locale":"it_IT","og_type":"article","og_title":"Etichetta Destination of Excellence - Pra Loup - Office de Tourisme","og_description":"L&#8217;etichetta Destination Excellence Tourism \u00e8 stata creata nel 2024 per sostituire quella di Quality Tourism con l&#8217;obiettivo di promuovere e [&hellip;]","og_url":"https:\/\/www.praloup.com\/it\/etichetta-destination-of-excellence\/","og_site_name":"Pra Loup - Office de Tourisme","article_publisher":"https:\/\/www.facebook.com\/praloup","article_modified_time":"2026-05-06T10:15:50+00:00","og_image":[{"width":1920,"height":1080,"url":"https:\/\/www.praloup.com\/wp-content\/uploads\/2026\/05\/logo-label-destination-excellence.webp","type":"image\/webp"}],"twitter_card":"summary_large_image","twitter_misc":{"Tempo di lettura stimato":"2 minuti"},"schema":{"@context":"https:\/\/schema.org","@graph":[{"@type":"WebPage","@id":"https:\/\/www.praloup.com\/it\/etichetta-destination-of-excellence\/","url":"https:\/\/www.praloup.com\/it\/etichetta-destination-of-excellence\/","name":"Etichetta Destination of Excellence - Pra Loup - Office de Tourisme","isPartOf":{"@id":"https:\/\/www.praloup.com\/it\/#website"},"primaryImageOfPage":{"@id":"https:\/\/www.praloup.com\/it\/etichetta-destination-of-excellence\/#primaryimage"},"image":{"@id":"https:\/\/www.praloup.com\/it\/etichetta-destination-of-excellence\/#primaryimage"},"thumbnailUrl":"https:\/\/www.praloup.com\/wp-content\/uploads\/2026\/05\/logo-label-destination-excellence.webp","datePublished":"2026-05-06T10:11:05+00:00","dateModified":"2026-05-06T10:15:50+00:00","breadcrumb":{"@id":"https:\/\/www.praloup.com\/it\/etichetta-destination-of-excellence\/#breadcrumb"},"inLanguage":"it-IT","potentialAction":[{"@type":"ReadAction","target":["https:\/\/www.praloup.com\/it\/etichetta-destination-of-excellence\/"]}]},{"@type":"ImageObject","inLanguage":"it-IT","@id":"https:\/\/www.praloup.com\/it\/etichetta-destination-of-excellence\/#primaryimage","url":"https:\/\/www.praloup.com\/wp-content\/uploads\/2026\/05\/logo-label-destination-excellence.webp","contentUrl":"https:\/\/www.praloup.com\/wp-content\/uploads\/2026\/05\/logo-label-destination-excellence.webp","width":1920,"height":1080},{"@type":"BreadcrumbList","@id":"https:\/\/www.praloup.com\/it\/etichetta-destination-of-excellence\/#breadcrumb","itemListElement":[{"@type":"ListItem","position":1,"name":"Accueil","item":"https:\/\/www.praloup.com\/it\/pra-loup-lesperienza-sciistica-alle-porte-del-parco-nazionale-del-mercantour\/"},{"@type":"ListItem","position":2,"name":"Etichetta Destination of Excellence"}]},{"@type":"WebSite","@id":"https:\/\/www.praloup.com\/it\/#website","url":"https:\/\/www.praloup.com\/it\/","name":"Praloup - Office de Tourisme","description":"","publisher":{"@id":"https:\/\/www.praloup.com\/it\/#organization"},"potentialAction":[{"@type":"SearchAction","target":{"@type":"EntryPoint","urlTemplate":"https:\/\/www.praloup.com\/it\/?s={search_term_string}"},"query-input":{"@type":"PropertyValueSpecification","valueRequired":true,"valueName":"search_term_string"}}],"inLanguage":"it-IT"},{"@type":"Organization","@id":"https:\/\/www.praloup.com\/it\/#organization","name":"Praloup - Office de Tourisme","url":"https:\/\/www.praloup.com\/it\/","logo":{"@type":"ImageObject","inLanguage":"it-IT","@id":"https:\/\/www.praloup.com\/it\/#\/schema\/logo\/image\/","url":"https:\/\/www.praloup.com\/wp-content\/uploads\/2025\/05\/praloup-logo.svg","contentUrl":"https:\/\/www.praloup.com\/wp-content\/uploads\/2025\/05\/praloup-logo.svg","width":1,"height":1,"caption":"Praloup - Office de Tourisme"},"image":{"@id":"https:\/\/www.praloup.com\/it\/#\/schema\/logo\/image\/"},"sameAs":["https:\/\/www.facebook.com\/praloup","https:\/\/www.linkedin.com\/company\/praloup\/","https:\/\/www.instagram.com\/pra_loup\/"]}]}},"_links":{"self":[{"href":"https:\/\/www.praloup.com\/it\/wp-json\/wp\/v2\/pages\/39661","targetHints":{"allow":["GET"]}}],"collection":[{"href":"https:\/\/www.praloup.com\/it\/wp-json\/wp\/v2\/pages"}],"about":[{"href":"https:\/\/www.praloup.com\/it\/wp-json\/wp\/v2\/types\/page"}],"author":[{"embeddable":true,"href":"https:\/\/www.praloup.com\/it\/wp-json\/wp\/v2\/users\/3"}],"replies":[{"embeddable":true,"href":"https:\/\/www.praloup.com\/it\/wp-json\/wp\/v2\/comments?post=39661"}],"version-history":[{"count":1,"href":"https:\/\/www.praloup.com\/it\/wp-json\/wp\/v2\/pages\/39661\/revisions"}],"predecessor-version":[{"id":39662,"href":"https:\/\/www.praloup.com\/it\/wp-json\/wp\/v2\/pages\/39661\/revisions\/39662"}],"wp:featuredmedia":[{"embeddable":true,"href":"https:\/\/www.praloup.com\/it\/wp-json\/wp\/v2\/media\/39656"}],"wp:attachment":[{"href":"https:\/\/www.praloup.com\/it\/wp-json\/wp\/v2\/media?parent=39661"}],"curies":[{"name":"wp","href":"https:\/\/api.w.org\/{rel}","templated":true}]}}