{"id":13736,"date":"2025-07-25T11:49:04","date_gmt":"2025-07-25T09:49:04","guid":{"rendered":"https:\/\/www.praloup.com\/attivita\/giocare-a-golf-a-pra-loup\/"},"modified":"2025-08-14T11:04:18","modified_gmt":"2025-08-14T09:04:18","slug":"giocare-a-golf-a-pra-loup","status":"publish","type":"page","link":"https:\/\/www.praloup.com\/it\/attivita\/giocare-a-golf-a-pra-loup\/","title":{"rendered":"Giocare a golf a Pra Loup"},"content":{"rendered":"\n<div class=\"wp-block-ws-library-ws-header-interne alignfull\"><div class=\"header-container\"><div class=\"group-media has-image\"><img loading=\"lazy\" decoding=\"async\" width=\"1920\" height=\"640\" src=\"https:\/\/www.praloup.com\/wp-content\/uploads\/2025\/07\/golf-ut-brendan-le-peru-15-1920x640.jpg\" alt=\"Golf du Bois Chenu Barcelonnette Pra Loup\" class=\"image_large_square wp-image-11553 \"\/><\/div><div class=\"group-content\"><div class=\"title\"><h1>Giocare a golf a Pra Loup<\/h1><\/div><\/div><\/div><div class=\"yoast-breadcrumbs\"><span><span><a href=\"https:\/\/www.praloup.com\/it\/pra-loup-lesperienza-sciistica-alle-porte-del-parco-nazionale-del-mercantour\/\">Accueil<\/a><\/span>  <span><a href=\"https:\/\/www.praloup.com\/it\/attivita\/\">Attivit\u00e0<\/a><\/span>  <span class=\"breadcrumb_last\" aria-current=\"page\">Giocare a golf a Pra Loup<\/span><\/span><\/div><\/div>\n\n<p><br\/>Sogni di colpire qualche palla in un&#8217;ambientazione da cartolina? Venite a scoprire il <strong><a href=\"https:\/\/www.golf-bois-chenu.fr\/\" target=\"_blank\" rel=\"noreferrer noopener\">Golf du Bois Chenu<\/a><\/strong>, un superbo campo a 9 buche incastonato tra <strong>Barcelonnette<\/strong> e <strong>Pra Loup<\/strong>, nel cuore della valle dell&#8217;Ubaye. Qui si gioca <strong>a golf in montagna<\/strong>, circondati da vette, cascate e fiumi cristallini. A 1100 metri di altitudine, ogni altalena ti fa respirare l&#8217;aria pura&#8230; e vai pi\u00f9 lontano che mai!   <\/p>\n\n<div class=\"wp-block-ws-library-ws-title alignwide\"><h2><em>Tra Pra Loup e Barcelonnette<\/em>Un campo da golf a 9 buche per <strong>tutti i livelli<\/strong><\/h2><\/div>\n\n<p>Che tu sia un principiante curioso o un giocatore esperto, il <strong>Golf de Barcelonnette \u2013 Pra Loup<\/strong> ti accoglie da aprile a ottobre su un percorso a 9 buche tanto bello quanto tecnico. Di facile accesso, pianeggiante ma stretta, \u00e8 stata progettata dall&#8217;architetto Hugues Lambert per unire il <strong>piacere del gioco<\/strong> e i <strong>panorami grandiosi<\/strong>. <\/p>\n\n<p>Il piccolo extra? Grazie all&#8217;altitudine, le tue palle volano pi\u00f9 lontano. Una sensazione esaltante che ti far\u00e0 sentire un professionista, anche se sei appena agli inizi!  <\/p>\n\n<div class=\"wp-block-ws-library-ws-video\"><div class=\"wrapper\"><div class=\"group-media\">\n<figure class=\"wp-block-embed is-type-video is-provider-youtube wp-block-embed-youtube\"><div class=\"wp-block-embed__wrapper\">\n<iframe loading=\"lazy\" title=\"Golf du Bois Chenu - SURVOL DU PARCOURS\" width=\"500\" height=\"281\" src=\"https:\/\/www.youtube.com\/embed\/uHgMDhlZrK0?feature=oembed\" frameborder=\"0\" allow=\"accelerometer; autoplay; clipboard-write; encrypted-media; gyroscope; picture-in-picture; web-share\" referrerpolicy=\"strict-origin-when-cross-origin\" allowfullscreen><\/iframe>\n<\/div><\/figure>\n<\/div><\/div><\/div>\n\n<div class=\"wp-block-ws-library-ws-columns alignwide has-2-columns are-vertically-aligned-center layout-5050\">\n<div class=\"wp-block-ws-library-ws-column\"><div class=\"wrapper\">\n<div class=\"wp-block-ws-library-ws-title\"><h3>Perch\u00e9 giocare <strong>a golf in montagna?<\/strong><\/h3><\/div>\n\n\n\n<p><br\/>Giocare a golf in quota <strong>\u00e8 un&#8217;esperienza unica.<\/strong> Vedrai: la palla va pi\u00f9 lontano, l&#8217;aria \u00e8 pi\u00f9 fresca, le montagne ti tolgono il fiato&#8230; ma non il tuo slancio!<br\/>Qui, ogni buca \u00e8 un momento di puro piacere visivo, sempre sovrastato da un passo, da una cresta o da un punto innevato. Si pu\u00f2 godere della calma della natura, con il <strong>Bachelard<\/strong> e <strong>l&#8217;Ubaye che costeggiano<\/strong> il percorso. Una vera boccata d&#8217;aria fresca, lontano dal verde urbano.  <\/p>\n<\/div><\/div>\n\n\n\n<div class=\"wp-block-ws-library-ws-column\"><div class=\"wrapper\">\n<div class=\"wp-block-ws-library-ws-image\"><div class=\"wrapper\"><div class=\"group-media\"><img decoding=\"async\" src=\"https:\/\/www.praloup.com\/wp-content\/uploads\/2025\/07\/golf-ut-brendan-le-peru-12-900x570.jpg\" alt=\"Golf du Bois Chenu Barcelonnette Pra Loup\" class=\"single_image ws-image-11532\"><div class=\"credits\">Brendan Le Peru<\/div><\/div><p class=\"caption\"><\/p><\/div><\/div>\n<\/div><\/div>\n<\/div>\n\n<div class=\"wp-block-ws-library-ws-banner alignfull\"><div class=\"wrapper\"><div class=\"group-media\"><img loading=\"lazy\" decoding=\"async\" width=\"1920\" height=\"480\" src=\"https:\/\/www.praloup.com\/wp-content\/uploads\/2025\/07\/golf-ut-brendan-le-peru-10-1920x480.jpg\" alt=\"Golf \u00e0 Pra Loup\" class=\"single_image wp-image-11517\"><div class=\"credits\">Brendan Le Peru<\/div><\/div>\n<div class=\"group-content\"><div class=\"wp-block-ws-library-ws-title\"><h3>Allenati in un ambiente eccezionale<\/h3><\/div><p>Prima o dopo il corso, puoi anche esercitarti in un <strong>centro di formazione completo<\/strong>, progettato per tutti i livelli:<\/p><ul class=\"wp-block-list\">\n<li>Un <strong>campo pratica panoramico<\/strong> da colpire a pi\u00f9 di 200 m con vista sulle vette.<\/li>\n\n\n\n<li>4 <strong>putting green<\/strong> per affinare la tua precisione.<\/li>\n\n\n\n<li>Un <strong>green di avvicinamento<\/strong> e un <strong>bunker di pratica<\/strong> per padroneggiare il tuo gioco corto.<\/li>\n\n\n\n<li>E un <strong>Campo Scuola a 4 buche<\/strong>, perfetto per imparare o rimettersi in forma.<\/li>\n<\/ul><\/div>\n\n\n\n\n\n\n\n\n<\/div><\/div>\n\n<div class=\"wp-block-ws-library-ws-featured-content is-style-picto-eagle\">\n<div class=\"wp-block-ws-library-ws-title\"><h3>Informazioni pratiche<\/h3><\/div>\n\n\n\n<p><strong>Campo da golf di Bois Chenu<\/strong><\/p>\n\n\n\n<p><a href=\"https:\/\/maps.app.goo.gl\/Rq1APTyYivViBWug9\" target=\"_blank\" rel=\"noreferrer noopener\">Route de Pra Loup<\/a> \u2013 04 400 Barcelonnette<br\/>Telefono : <a href=\"tel:+33492354407\">04 92 35 44 07<\/a><\/p>\n\n\n\n<div class=\"wp-block-ws-library-ws-button has-text-align-left\"><a href=\"https:\/\/www.golf-bois-chenu.fr\/tarifs.html\" class=\"wp-block-button__link wp-element-button btn\" target=\"_blank\">  Vedi i prezzi<\/a><\/div>\n<\/div>\n\n<div class=\"wp-block-ws-library-ws-image\"><div class=\"wrapper\"><div class=\"group-media\"><a href=\"https:\/\/www.praloup.com\/wp-content\/uploads\/2025\/07\/plan2022.png\" data-glightbox=\"true\" class=\"lightbox-trigger\"><img decoding=\"async\" src=\"https:\/\/www.praloup.com\/wp-content\/uploads\/2025\/07\/plan2022-586x570.png\" alt=\"Campo da golf di Bois Chenu\" class=\"single_image ws-image-11619\"><\/a><div class=\"credits\"><\/div><\/div><p class=\"caption\"><\/p><\/div><\/div>\n\n<p><br\/>Allora, sei pronto a provare il <strong>golf a Ubaye<\/strong> in un grandioso ambiente naturale? Che tu sia un appassionato di golf o curioso di scoprire questo sport in vacanza, il <strong>Golf de Pra Loup \u2013 Barcelonnette<\/strong> ti apre i suoi fairway con un sorriso! <\/p>\n\n<div class=\"wp-block-ws-library-ws-title alignwide\"><h3>Ancora pi\u00f9 attivit\u00e0 <strong>all&#8217;aria aperta<\/strong><\/h3><\/div>\n<div class=\"alignwide is-style-card-portrait wp-block-ws-library-ws-list-content\"><div class=\"list-items splide\" data-splide=\"{&quot;type&quot;:&quot;slide&quot;,&quot;fixedWidth&quot;:320,&quot;heightRatio&quot;:&quot;auto&quot;,&quot;perMove&quot;:1,&quot;drag&quot;:true,&quot;arrows&quot;:true,&quot;pagination&quot;:0,&quot;autoplay&quot;:false,&quot;gap&quot;:&quot;54px&quot;,&quot;breakpoints&quot;:{&quot;1450&quot;:{&quot;gap&quot;:&quot;15px&quot;}}}\"><div class=\"splide__track\"><div class=\"splide__list\"><div class=\"splide__slide\"><div class=\"item\"><div class=\"card \"><div class=\"group-media\"><div class=\"field-image\"><img loading=\"lazy\" decoding=\"async\" width=\"337\" height=\"475\" src=\"https:\/\/www.praloup.com\/wp-content\/uploads\/2025\/07\/randonnee-et-bouquetins-clo-de-la-cloche-thomas-bruno-2025-463-1-337x475.jpg\" class=\"winter all-seasons wp-post-image\" alt=\"Randonn\u00e9e Pra Loup Ubaye Mercantour\" data-season=\"all-seasons\" \/><\/div><\/div><div class=\"group-content\"><h3 class=\"field-title\">Escursioni a Pra Loup<\/h3><\/div><div class=\"field-link\"><a href=\"https:\/\/www.praloup.com\/it\/100-naturale\/escursioni\/\" class=\"cardlink\">Escursioni a Pra Loup<\/a><\/div><\/div><\/div><\/div><div class=\"splide__slide\"><div class=\"item\"><div class=\"card \"><div class=\"group-media\"><div class=\"field-image\"><img loading=\"lazy\" decoding=\"async\" width=\"337\" height=\"475\" src=\"https:\/\/www.praloup.com\/wp-content\/uploads\/2025\/07\/img-0156-337x475.jpg\" class=\"winter all-seasons wp-post-image\" alt=\"\" data-season=\"all-seasons\" \/><\/div><\/div><div class=\"group-content\"><h3 class=\"field-title\">Bike Park de Pra Loup<\/h3><\/div><div class=\"field-link\"><a href=\"https:\/\/www.praloup.com\/it\/attivita\/terreno-avventura\/bike-park-de-pra-loup\/\" class=\"cardlink\">Bike Park de Pra Loup<\/a><\/div><\/div><\/div><\/div><div class=\"splide__slide\"><div class=\"item\"><div class=\"card \"><div class=\"group-media\"><div class=\"field-image\"><img loading=\"lazy\" decoding=\"async\" width=\"337\" height=\"475\" src=\"https:\/\/www.praloup.com\/wp-content\/uploads\/2025\/07\/41600-j-blanc-blanc-jacques-1-337x475.jpg\" class=\"winter all-seasons wp-post-image\" alt=\"Marmottes Mercantour\" data-season=\"all-seasons\" \/><\/div><\/div><div class=\"group-content\"><h3 class=\"field-title\">Una passeggiata con gli animali locali<\/h3><\/div><div class=\"field-link\"><a href=\"https:\/\/www.praloup.com\/it\/100-naturale\/una-passeggiata-con-gli-animali-locali\/\" class=\"cardlink\">Una passeggiata con gli animali locali<\/a><\/div><\/div><\/div><\/div><div class=\"splide__slide\"><div class=\"item\"><div class=\"card \"><div class=\"group-media\"><div class=\"field-image\"><img loading=\"lazy\" decoding=\"async\" width=\"337\" height=\"475\" src=\"https:\/\/www.praloup.com\/wp-content\/uploads\/2025\/07\/velo-de-route-col-de-la-cayolle-thomas-bruno-2025-51-337x475.jpg\" class=\"winter all-seasons wp-post-image\" alt=\"\" data-season=\"all-seasons\" \/><\/div><\/div><div class=\"group-content\"><h3 class=\"field-title\">Cicloturismo e passi alpini<\/h3><\/div><div class=\"field-link\"><a href=\"https:\/\/www.praloup.com\/it\/attivita\/cicloturismo-e-grandi-passi-alpini\/\" class=\"cardlink\">Cicloturismo e passi alpini<\/a><\/div><\/div><\/div><\/div><\/div><\/div><\/div><\/div>","protected":false},"excerpt":{"rendered":"<p>Giocate a golf in montagna al Golf du Bois Chenu, un campo a 9 buche tra Pra Loup e Barcelonnette, con vista sulle cime dell&#8217;Ubaye.<\/p>\n","protected":false},"author":2,"featured_media":11555,"parent":1184,"menu_order":0,"comment_status":"closed","ping_status":"closed","template":"","meta":{"_thumbnail_id_2":0,"summer_excerpt":"","season":"","menu_page_1":"","menu_page_2":"","footnotes":""},"class_list":["post-13736","page","type-page","status-publish","has-post-thumbnail","hentry"],"yoast_head":"<!-- This site is optimized with the Yoast SEO plugin v27.5 - https:\/\/yoast.com\/product\/yoast-seo-wordpress\/ -->\n<title>Giocare a golf a Pra Loup - Pra Loup - Office de Tourisme<\/title>\n<meta name=\"description\" content=\"Golf du Bois Chenu, tra Pra Loup e Barcelonnette: percorso a 9 buche in montagna, accessibile a tutti, con campo pratica panoramico e vista mozzafiato.\" \/>\n<meta name=\"robots\" content=\"index, follow, max-snippet:-1, max-image-preview:large, max-video-preview:-1\" \/>\n<link rel=\"canonical\" href=\"https:\/\/www.praloup.com\/it\/attivita\/giocare-a-golf-a-pra-loup\/\" \/>\n<meta property=\"og:locale\" content=\"it_IT\" \/>\n<meta property=\"og:type\" content=\"article\" \/>\n<meta property=\"og:title\" content=\"Giocare a golf a Pra Loup - Pra Loup - Office de Tourisme\" \/>\n<meta property=\"og:description\" content=\"Golf du Bois Chenu, tra Pra Loup e Barcelonnette: percorso a 9 buche in montagna, accessibile a tutti, con campo pratica panoramico e vista mozzafiato.\" \/>\n<meta property=\"og:url\" content=\"https:\/\/www.praloup.com\/it\/attivita\/giocare-a-golf-a-pra-loup\/\" \/>\n<meta property=\"og:site_name\" content=\"Pra Loup - Office de Tourisme\" \/>\n<meta property=\"article:publisher\" content=\"https:\/\/www.facebook.com\/praloup\" \/>\n<meta property=\"article:modified_time\" content=\"2025-08-14T09:04:18+00:00\" \/>\n<meta property=\"og:image\" content=\"https:\/\/www.praloup.com\/wp-content\/uploads\/2025\/07\/golf-ut-brendan-le-peru-15-scaled.jpg\" \/>\n\t<meta property=\"og:image:width\" content=\"2560\" \/>\n\t<meta property=\"og:image:height\" content=\"1707\" \/>\n\t<meta property=\"og:image:type\" content=\"image\/jpeg\" \/>\n<meta name=\"twitter:card\" content=\"summary_large_image\" \/>\n<meta name=\"twitter:label1\" content=\"Tempo di lettura stimato\" \/>\n\t<meta name=\"twitter:data1\" content=\"2 minuti\" \/>\n<script type=\"application\/ld+json\" class=\"yoast-schema-graph\">{\"@context\":\"https:\\\/\\\/schema.org\",\"@graph\":[{\"@type\":\"WebPage\",\"@id\":\"https:\\\/\\\/www.praloup.com\\\/it\\\/attivita\\\/giocare-a-golf-a-pra-loup\\\/\",\"url\":\"https:\\\/\\\/www.praloup.com\\\/it\\\/attivita\\\/giocare-a-golf-a-pra-loup\\\/\",\"name\":\"Giocare a golf a Pra Loup - Pra Loup - Office de Tourisme\",\"isPartOf\":{\"@id\":\"https:\\\/\\\/www.praloup.com\\\/it\\\/#website\"},\"primaryImageOfPage\":{\"@id\":\"https:\\\/\\\/www.praloup.com\\\/it\\\/attivita\\\/giocare-a-golf-a-pra-loup\\\/#primaryimage\"},\"image\":{\"@id\":\"https:\\\/\\\/www.praloup.com\\\/it\\\/attivita\\\/giocare-a-golf-a-pra-loup\\\/#primaryimage\"},\"thumbnailUrl\":\"https:\\\/\\\/www.praloup.com\\\/wp-content\\\/uploads\\\/2025\\\/07\\\/golf-ut-brendan-le-peru-15-scaled.jpg\",\"datePublished\":\"2025-07-25T09:49:04+00:00\",\"dateModified\":\"2025-08-14T09:04:18+00:00\",\"description\":\"Golf du Bois Chenu, tra Pra Loup e Barcelonnette: percorso a 9 buche in montagna, accessibile a tutti, con campo pratica panoramico e vista mozzafiato.\",\"breadcrumb\":{\"@id\":\"https:\\\/\\\/www.praloup.com\\\/it\\\/attivita\\\/giocare-a-golf-a-pra-loup\\\/#breadcrumb\"},\"inLanguage\":\"it-IT\",\"potentialAction\":[{\"@type\":\"ReadAction\",\"target\":[\"https:\\\/\\\/www.praloup.com\\\/it\\\/attivita\\\/giocare-a-golf-a-pra-loup\\\/\"]}]},{\"@type\":\"ImageObject\",\"inLanguage\":\"it-IT\",\"@id\":\"https:\\\/\\\/www.praloup.com\\\/it\\\/attivita\\\/giocare-a-golf-a-pra-loup\\\/#primaryimage\",\"url\":\"https:\\\/\\\/www.praloup.com\\\/wp-content\\\/uploads\\\/2025\\\/07\\\/golf-ut-brendan-le-peru-15-scaled.jpg\",\"contentUrl\":\"https:\\\/\\\/www.praloup.com\\\/wp-content\\\/uploads\\\/2025\\\/07\\\/golf-ut-brendan-le-peru-15-scaled.jpg\",\"width\":2560,\"height\":1707,\"caption\":\"Golf\"},{\"@type\":\"BreadcrumbList\",\"@id\":\"https:\\\/\\\/www.praloup.com\\\/it\\\/attivita\\\/giocare-a-golf-a-pra-loup\\\/#breadcrumb\",\"itemListElement\":[{\"@type\":\"ListItem\",\"position\":1,\"name\":\"Accueil\",\"item\":\"https:\\\/\\\/www.praloup.com\\\/it\\\/pra-loup-lesperienza-sciistica-alle-porte-del-parco-nazionale-del-mercantour\\\/\"},{\"@type\":\"ListItem\",\"position\":2,\"name\":\"Attivit\u00e0\",\"item\":\"https:\\\/\\\/www.praloup.com\\\/it\\\/attivita\\\/\"},{\"@type\":\"ListItem\",\"position\":3,\"name\":\"Giocare a golf a Pra Loup\"}]},{\"@type\":\"WebSite\",\"@id\":\"https:\\\/\\\/www.praloup.com\\\/it\\\/#website\",\"url\":\"https:\\\/\\\/www.praloup.com\\\/it\\\/\",\"name\":\"Praloup - Office de Tourisme\",\"description\":\"\",\"publisher\":{\"@id\":\"https:\\\/\\\/www.praloup.com\\\/it\\\/#organization\"},\"potentialAction\":[{\"@type\":\"SearchAction\",\"target\":{\"@type\":\"EntryPoint\",\"urlTemplate\":\"https:\\\/\\\/www.praloup.com\\\/it\\\/?s={search_term_string}\"},\"query-input\":{\"@type\":\"PropertyValueSpecification\",\"valueRequired\":true,\"valueName\":\"search_term_string\"}}],\"inLanguage\":\"it-IT\"},{\"@type\":\"Organization\",\"@id\":\"https:\\\/\\\/www.praloup.com\\\/it\\\/#organization\",\"name\":\"Praloup - Office de Tourisme\",\"url\":\"https:\\\/\\\/www.praloup.com\\\/it\\\/\",\"logo\":{\"@type\":\"ImageObject\",\"inLanguage\":\"it-IT\",\"@id\":\"https:\\\/\\\/www.praloup.com\\\/it\\\/#\\\/schema\\\/logo\\\/image\\\/\",\"url\":\"https:\\\/\\\/www.praloup.com\\\/wp-content\\\/uploads\\\/2025\\\/05\\\/praloup-logo.svg\",\"contentUrl\":\"https:\\\/\\\/www.praloup.com\\\/wp-content\\\/uploads\\\/2025\\\/05\\\/praloup-logo.svg\",\"width\":1,\"height\":1,\"caption\":\"Praloup - Office de Tourisme\"},\"image\":{\"@id\":\"https:\\\/\\\/www.praloup.com\\\/it\\\/#\\\/schema\\\/logo\\\/image\\\/\"},\"sameAs\":[\"https:\\\/\\\/www.facebook.com\\\/praloup\",\"https:\\\/\\\/www.linkedin.com\\\/company\\\/praloup\\\/\",\"https:\\\/\\\/www.instagram.com\\\/pra_loup\\\/\"]}]}<\/script>\n<!-- \/ Yoast SEO plugin. -->","yoast_head_json":{"title":"Giocare a golf a Pra Loup - Pra Loup - Office de Tourisme","description":"Golf du Bois Chenu, tra Pra Loup e Barcelonnette: percorso a 9 buche in montagna, accessibile a tutti, con campo pratica panoramico e vista mozzafiato.","robots":{"index":"index","follow":"follow","max-snippet":"max-snippet:-1","max-image-preview":"max-image-preview:large","max-video-preview":"max-video-preview:-1"},"canonical":"https:\/\/www.praloup.com\/it\/attivita\/giocare-a-golf-a-pra-loup\/","og_locale":"it_IT","og_type":"article","og_title":"Giocare a golf a Pra Loup - Pra Loup - Office de Tourisme","og_description":"Golf du Bois Chenu, tra Pra Loup e Barcelonnette: percorso a 9 buche in montagna, accessibile a tutti, con campo pratica panoramico e vista mozzafiato.","og_url":"https:\/\/www.praloup.com\/it\/attivita\/giocare-a-golf-a-pra-loup\/","og_site_name":"Pra Loup - Office de Tourisme","article_publisher":"https:\/\/www.facebook.com\/praloup","article_modified_time":"2025-08-14T09:04:18+00:00","og_image":[{"width":2560,"height":1707,"url":"https:\/\/www.praloup.com\/wp-content\/uploads\/2025\/07\/golf-ut-brendan-le-peru-15-scaled.jpg","type":"image\/jpeg"}],"twitter_card":"summary_large_image","twitter_misc":{"Tempo di lettura stimato":"2 minuti"},"schema":{"@context":"https:\/\/schema.org","@graph":[{"@type":"WebPage","@id":"https:\/\/www.praloup.com\/it\/attivita\/giocare-a-golf-a-pra-loup\/","url":"https:\/\/www.praloup.com\/it\/attivita\/giocare-a-golf-a-pra-loup\/","name":"Giocare a golf a Pra Loup - Pra Loup - Office de Tourisme","isPartOf":{"@id":"https:\/\/www.praloup.com\/it\/#website"},"primaryImageOfPage":{"@id":"https:\/\/www.praloup.com\/it\/attivita\/giocare-a-golf-a-pra-loup\/#primaryimage"},"image":{"@id":"https:\/\/www.praloup.com\/it\/attivita\/giocare-a-golf-a-pra-loup\/#primaryimage"},"thumbnailUrl":"https:\/\/www.praloup.com\/wp-content\/uploads\/2025\/07\/golf-ut-brendan-le-peru-15-scaled.jpg","datePublished":"2025-07-25T09:49:04+00:00","dateModified":"2025-08-14T09:04:18+00:00","description":"Golf du Bois Chenu, tra Pra Loup e Barcelonnette: percorso a 9 buche in montagna, accessibile a tutti, con campo pratica panoramico e vista mozzafiato.","breadcrumb":{"@id":"https:\/\/www.praloup.com\/it\/attivita\/giocare-a-golf-a-pra-loup\/#breadcrumb"},"inLanguage":"it-IT","potentialAction":[{"@type":"ReadAction","target":["https:\/\/www.praloup.com\/it\/attivita\/giocare-a-golf-a-pra-loup\/"]}]},{"@type":"ImageObject","inLanguage":"it-IT","@id":"https:\/\/www.praloup.com\/it\/attivita\/giocare-a-golf-a-pra-loup\/#primaryimage","url":"https:\/\/www.praloup.com\/wp-content\/uploads\/2025\/07\/golf-ut-brendan-le-peru-15-scaled.jpg","contentUrl":"https:\/\/www.praloup.com\/wp-content\/uploads\/2025\/07\/golf-ut-brendan-le-peru-15-scaled.jpg","width":2560,"height":1707,"caption":"Golf"},{"@type":"BreadcrumbList","@id":"https:\/\/www.praloup.com\/it\/attivita\/giocare-a-golf-a-pra-loup\/#breadcrumb","itemListElement":[{"@type":"ListItem","position":1,"name":"Accueil","item":"https:\/\/www.praloup.com\/it\/pra-loup-lesperienza-sciistica-alle-porte-del-parco-nazionale-del-mercantour\/"},{"@type":"ListItem","position":2,"name":"Attivit\u00e0","item":"https:\/\/www.praloup.com\/it\/attivita\/"},{"@type":"ListItem","position":3,"name":"Giocare a golf a Pra Loup"}]},{"@type":"WebSite","@id":"https:\/\/www.praloup.com\/it\/#website","url":"https:\/\/www.praloup.com\/it\/","name":"Praloup - Office de Tourisme","description":"","publisher":{"@id":"https:\/\/www.praloup.com\/it\/#organization"},"potentialAction":[{"@type":"SearchAction","target":{"@type":"EntryPoint","urlTemplate":"https:\/\/www.praloup.com\/it\/?s={search_term_string}"},"query-input":{"@type":"PropertyValueSpecification","valueRequired":true,"valueName":"search_term_string"}}],"inLanguage":"it-IT"},{"@type":"Organization","@id":"https:\/\/www.praloup.com\/it\/#organization","name":"Praloup - Office de Tourisme","url":"https:\/\/www.praloup.com\/it\/","logo":{"@type":"ImageObject","inLanguage":"it-IT","@id":"https:\/\/www.praloup.com\/it\/#\/schema\/logo\/image\/","url":"https:\/\/www.praloup.com\/wp-content\/uploads\/2025\/05\/praloup-logo.svg","contentUrl":"https:\/\/www.praloup.com\/wp-content\/uploads\/2025\/05\/praloup-logo.svg","width":1,"height":1,"caption":"Praloup - Office de Tourisme"},"image":{"@id":"https:\/\/www.praloup.com\/it\/#\/schema\/logo\/image\/"},"sameAs":["https:\/\/www.facebook.com\/praloup","https:\/\/www.linkedin.com\/company\/praloup\/","https:\/\/www.instagram.com\/pra_loup\/"]}]}},"_links":{"self":[{"href":"https:\/\/www.praloup.com\/it\/wp-json\/wp\/v2\/pages\/13736","targetHints":{"allow":["GET"]}}],"collection":[{"href":"https:\/\/www.praloup.com\/it\/wp-json\/wp\/v2\/pages"}],"about":[{"href":"https:\/\/www.praloup.com\/it\/wp-json\/wp\/v2\/types\/page"}],"author":[{"embeddable":true,"href":"https:\/\/www.praloup.com\/it\/wp-json\/wp\/v2\/users\/2"}],"replies":[{"embeddable":true,"href":"https:\/\/www.praloup.com\/it\/wp-json\/wp\/v2\/comments?post=13736"}],"version-history":[{"count":6,"href":"https:\/\/www.praloup.com\/it\/wp-json\/wp\/v2\/pages\/13736\/revisions"}],"predecessor-version":[{"id":15928,"href":"https:\/\/www.praloup.com\/it\/wp-json\/wp\/v2\/pages\/13736\/revisions\/15928"}],"up":[{"embeddable":true,"href":"https:\/\/www.praloup.com\/it\/wp-json\/wp\/v2\/pages\/1184"}],"wp:featuredmedia":[{"embeddable":true,"href":"https:\/\/www.praloup.com\/it\/wp-json\/wp\/v2\/media\/11555"}],"wp:attachment":[{"href":"https:\/\/www.praloup.com\/it\/wp-json\/wp\/v2\/media?parent=13736"}],"curies":[{"name":"wp","href":"https:\/\/api.w.org\/{rel}","templated":true}]}}