{"id":13717,"date":"2025-07-22T20:55:26","date_gmt":"2025-07-22T18:55:26","guid":{"rendered":"https:\/\/www.praloup.com\/attivita\/in-mezzo-alla-natura\/"},"modified":"2025-08-04T16:51:59","modified_gmt":"2025-08-04T14:51:59","slug":"in-mezzo-alla-natura","status":"publish","type":"page","link":"https:\/\/www.praloup.com\/it\/attivita\/in-mezzo-alla-natura\/","title":{"rendered":"In mezzo alla natura"},"content":{"rendered":"\n<div class=\"wp-block-ws-library-ws-header-interne alignfull\"><div class=\"header-container\"><div class=\"group-media has-image\"><img decoding=\"async\" src=\"http:\/\/www.praloup.com\/wp-content\/uploads\/2025\/07\/52216-pnm-roux-sophie-1920x640.jpg\" alt=\"Fleurs de montagne Pra Loup Ubaye Mercantour\" class=\"image_large_square wp-image-10861 \"\/><\/div><div class=\"group-content\"><div class=\"title\"><h1>In mezzo alla natura<\/h1><\/div><\/div><\/div><div class=\"yoast-breadcrumbs\"><span><span><a href=\"https:\/\/www.praloup.com\/it\/pra-loup-lesperienza-sciistica-alle-porte-del-parco-nazionale-del-mercantour\/\">Accueil<\/a><\/span>  <span><a href=\"https:\/\/www.praloup.com\/it\/attivita\/\">Attivit\u00e0<\/a><\/span>  <span class=\"breadcrumb_last\" aria-current=\"page\">In mezzo alla natura<\/span><\/span><\/div><\/div>\n\n<p><strong>A Pra Loup, le persone vivono all&#8217;aperto, respirano profondamente, si meravigliano.<\/strong>  Che tu sia un amante del brivido o che cerchi la pace e la tranquillit\u00e0 in riva a un lago, la montagna ti offre il meglio che ha da offrire: parapendio sulle vette, pesca tranquilla nei torrenti, sport acquatici nei torrenti, escursioni all&#8217;alba&#8230; Ogni attivit\u00e0 ti connette a ci\u00f2 che \u00e8 importante.<\/p>\n<div class=\"wp-block-ws-library-ws-list-childs\"><\/div>\n<p><\/p>\n","protected":false},"excerpt":{"rendered":"<p>Respirate a pieni polmoni l&#8217;aria fresca a Pra Loup: pesca, parapendio, sport acquatici&#8230; L&#8217;estate si vive all&#8217;aperto!<\/p>\n","protected":false},"author":2,"featured_media":10863,"parent":1184,"menu_order":0,"comment_status":"closed","ping_status":"closed","template":"","meta":{"_thumbnail_id_2":0,"summer_excerpt":"","season":"","menu_page_1":"","menu_page_2":"","footnotes":""},"class_list":["post-13717","page","type-page","status-publish","has-post-thumbnail","hentry"],"yoast_head":"<!-- This site is optimized with the Yoast SEO plugin v27.5 - https:\/\/yoast.com\/product\/yoast-seo-wordpress\/ -->\n<title>In mezzo alla natura - Pra Loup - Office de Tourisme<\/title>\n<meta name=\"robots\" content=\"index, follow, max-snippet:-1, max-image-preview:large, max-video-preview:-1\" \/>\n<link rel=\"canonical\" href=\"https:\/\/www.praloup.com\/it\/attivita\/in-mezzo-alla-natura\/\" \/>\n<meta property=\"og:locale\" content=\"it_IT\" \/>\n<meta property=\"og:type\" content=\"article\" \/>\n<meta property=\"og:title\" content=\"In mezzo alla natura - Pra Loup - Office de Tourisme\" \/>\n<meta property=\"og:description\" content=\"Respirate a pieni polmoni l&#039;aria fresca a Pra Loup: pesca, parapendio, sport acquatici... L&#039;estate si vive all&#039;aperto!\" \/>\n<meta property=\"og:url\" content=\"https:\/\/www.praloup.com\/it\/attivita\/in-mezzo-alla-natura\/\" \/>\n<meta property=\"og:site_name\" content=\"Pra Loup - Office de Tourisme\" \/>\n<meta property=\"article:publisher\" content=\"https:\/\/www.facebook.com\/praloup\" \/>\n<meta property=\"article:modified_time\" content=\"2025-08-04T14:51:59+00:00\" \/>\n<meta property=\"og:image\" content=\"https:\/\/www.praloup.com\/wp-content\/uploads\/2025\/07\/52216-pnm-roux-sophie-scaled.jpg\" \/>\n\t<meta property=\"og:image:width\" content=\"2560\" \/>\n\t<meta property=\"og:image:height\" content=\"1922\" \/>\n\t<meta property=\"og:image:type\" content=\"image\/jpeg\" \/>\n<meta name=\"twitter:card\" content=\"summary_large_image\" \/>\n<script type=\"application\/ld+json\" class=\"yoast-schema-graph\">{\"@context\":\"https:\\\/\\\/schema.org\",\"@graph\":[{\"@type\":\"WebPage\",\"@id\":\"https:\\\/\\\/www.praloup.com\\\/it\\\/attivita\\\/in-mezzo-alla-natura\\\/\",\"url\":\"https:\\\/\\\/www.praloup.com\\\/it\\\/attivita\\\/in-mezzo-alla-natura\\\/\",\"name\":\"In mezzo alla natura - Pra Loup - Office de Tourisme\",\"isPartOf\":{\"@id\":\"https:\\\/\\\/www.praloup.com\\\/it\\\/#website\"},\"primaryImageOfPage\":{\"@id\":\"https:\\\/\\\/www.praloup.com\\\/it\\\/attivita\\\/in-mezzo-alla-natura\\\/#primaryimage\"},\"image\":{\"@id\":\"https:\\\/\\\/www.praloup.com\\\/it\\\/attivita\\\/in-mezzo-alla-natura\\\/#primaryimage\"},\"thumbnailUrl\":\"https:\\\/\\\/www.praloup.com\\\/wp-content\\\/uploads\\\/2025\\\/07\\\/52216-pnm-roux-sophie-scaled.jpg\",\"datePublished\":\"2025-07-22T18:55:26+00:00\",\"dateModified\":\"2025-08-04T14:51:59+00:00\",\"breadcrumb\":{\"@id\":\"https:\\\/\\\/www.praloup.com\\\/it\\\/attivita\\\/in-mezzo-alla-natura\\\/#breadcrumb\"},\"inLanguage\":\"it-IT\",\"potentialAction\":[{\"@type\":\"ReadAction\",\"target\":[\"https:\\\/\\\/www.praloup.com\\\/it\\\/attivita\\\/in-mezzo-alla-natura\\\/\"]}]},{\"@type\":\"ImageObject\",\"inLanguage\":\"it-IT\",\"@id\":\"https:\\\/\\\/www.praloup.com\\\/it\\\/attivita\\\/in-mezzo-alla-natura\\\/#primaryimage\",\"url\":\"https:\\\/\\\/www.praloup.com\\\/wp-content\\\/uploads\\\/2025\\\/07\\\/52216-pnm-roux-sophie-scaled.jpg\",\"contentUrl\":\"https:\\\/\\\/www.praloup.com\\\/wp-content\\\/uploads\\\/2025\\\/07\\\/52216-pnm-roux-sophie-scaled.jpg\",\"width\":2560,\"height\":1922,\"caption\":\"Sophie Roux (PNM)\"},{\"@type\":\"BreadcrumbList\",\"@id\":\"https:\\\/\\\/www.praloup.com\\\/it\\\/attivita\\\/in-mezzo-alla-natura\\\/#breadcrumb\",\"itemListElement\":[{\"@type\":\"ListItem\",\"position\":1,\"name\":\"Accueil\",\"item\":\"https:\\\/\\\/www.praloup.com\\\/it\\\/pra-loup-lesperienza-sciistica-alle-porte-del-parco-nazionale-del-mercantour\\\/\"},{\"@type\":\"ListItem\",\"position\":2,\"name\":\"Attivit\u00e0\",\"item\":\"https:\\\/\\\/www.praloup.com\\\/it\\\/attivita\\\/\"},{\"@type\":\"ListItem\",\"position\":3,\"name\":\"In mezzo alla natura\"}]},{\"@type\":\"WebSite\",\"@id\":\"https:\\\/\\\/www.praloup.com\\\/it\\\/#website\",\"url\":\"https:\\\/\\\/www.praloup.com\\\/it\\\/\",\"name\":\"Praloup - Office de Tourisme\",\"description\":\"\",\"publisher\":{\"@id\":\"https:\\\/\\\/www.praloup.com\\\/it\\\/#organization\"},\"potentialAction\":[{\"@type\":\"SearchAction\",\"target\":{\"@type\":\"EntryPoint\",\"urlTemplate\":\"https:\\\/\\\/www.praloup.com\\\/it\\\/?s={search_term_string}\"},\"query-input\":{\"@type\":\"PropertyValueSpecification\",\"valueRequired\":true,\"valueName\":\"search_term_string\"}}],\"inLanguage\":\"it-IT\"},{\"@type\":\"Organization\",\"@id\":\"https:\\\/\\\/www.praloup.com\\\/it\\\/#organization\",\"name\":\"Praloup - Office de Tourisme\",\"url\":\"https:\\\/\\\/www.praloup.com\\\/it\\\/\",\"logo\":{\"@type\":\"ImageObject\",\"inLanguage\":\"it-IT\",\"@id\":\"https:\\\/\\\/www.praloup.com\\\/it\\\/#\\\/schema\\\/logo\\\/image\\\/\",\"url\":\"https:\\\/\\\/www.praloup.com\\\/wp-content\\\/uploads\\\/2025\\\/05\\\/praloup-logo.svg\",\"contentUrl\":\"https:\\\/\\\/www.praloup.com\\\/wp-content\\\/uploads\\\/2025\\\/05\\\/praloup-logo.svg\",\"width\":1,\"height\":1,\"caption\":\"Praloup - Office de Tourisme\"},\"image\":{\"@id\":\"https:\\\/\\\/www.praloup.com\\\/it\\\/#\\\/schema\\\/logo\\\/image\\\/\"},\"sameAs\":[\"https:\\\/\\\/www.facebook.com\\\/praloup\",\"https:\\\/\\\/www.linkedin.com\\\/company\\\/praloup\\\/\",\"https:\\\/\\\/www.instagram.com\\\/pra_loup\\\/\"]}]}<\/script>\n<!-- \/ Yoast SEO plugin. -->","yoast_head_json":{"title":"In mezzo alla natura - Pra Loup - Office de Tourisme","robots":{"index":"index","follow":"follow","max-snippet":"max-snippet:-1","max-image-preview":"max-image-preview:large","max-video-preview":"max-video-preview:-1"},"canonical":"https:\/\/www.praloup.com\/it\/attivita\/in-mezzo-alla-natura\/","og_locale":"it_IT","og_type":"article","og_title":"In mezzo alla natura - Pra Loup - Office de Tourisme","og_description":"Respirate a pieni polmoni l'aria fresca a Pra Loup: pesca, parapendio, sport acquatici... L'estate si vive all'aperto!","og_url":"https:\/\/www.praloup.com\/it\/attivita\/in-mezzo-alla-natura\/","og_site_name":"Pra Loup - Office de Tourisme","article_publisher":"https:\/\/www.facebook.com\/praloup","article_modified_time":"2025-08-04T14:51:59+00:00","og_image":[{"width":2560,"height":1922,"url":"https:\/\/www.praloup.com\/wp-content\/uploads\/2025\/07\/52216-pnm-roux-sophie-scaled.jpg","type":"image\/jpeg"}],"twitter_card":"summary_large_image","schema":{"@context":"https:\/\/schema.org","@graph":[{"@type":"WebPage","@id":"https:\/\/www.praloup.com\/it\/attivita\/in-mezzo-alla-natura\/","url":"https:\/\/www.praloup.com\/it\/attivita\/in-mezzo-alla-natura\/","name":"In mezzo alla natura - Pra Loup - Office de Tourisme","isPartOf":{"@id":"https:\/\/www.praloup.com\/it\/#website"},"primaryImageOfPage":{"@id":"https:\/\/www.praloup.com\/it\/attivita\/in-mezzo-alla-natura\/#primaryimage"},"image":{"@id":"https:\/\/www.praloup.com\/it\/attivita\/in-mezzo-alla-natura\/#primaryimage"},"thumbnailUrl":"https:\/\/www.praloup.com\/wp-content\/uploads\/2025\/07\/52216-pnm-roux-sophie-scaled.jpg","datePublished":"2025-07-22T18:55:26+00:00","dateModified":"2025-08-04T14:51:59+00:00","breadcrumb":{"@id":"https:\/\/www.praloup.com\/it\/attivita\/in-mezzo-alla-natura\/#breadcrumb"},"inLanguage":"it-IT","potentialAction":[{"@type":"ReadAction","target":["https:\/\/www.praloup.com\/it\/attivita\/in-mezzo-alla-natura\/"]}]},{"@type":"ImageObject","inLanguage":"it-IT","@id":"https:\/\/www.praloup.com\/it\/attivita\/in-mezzo-alla-natura\/#primaryimage","url":"https:\/\/www.praloup.com\/wp-content\/uploads\/2025\/07\/52216-pnm-roux-sophie-scaled.jpg","contentUrl":"https:\/\/www.praloup.com\/wp-content\/uploads\/2025\/07\/52216-pnm-roux-sophie-scaled.jpg","width":2560,"height":1922,"caption":"Sophie Roux (PNM)"},{"@type":"BreadcrumbList","@id":"https:\/\/www.praloup.com\/it\/attivita\/in-mezzo-alla-natura\/#breadcrumb","itemListElement":[{"@type":"ListItem","position":1,"name":"Accueil","item":"https:\/\/www.praloup.com\/it\/pra-loup-lesperienza-sciistica-alle-porte-del-parco-nazionale-del-mercantour\/"},{"@type":"ListItem","position":2,"name":"Attivit\u00e0","item":"https:\/\/www.praloup.com\/it\/attivita\/"},{"@type":"ListItem","position":3,"name":"In mezzo alla natura"}]},{"@type":"WebSite","@id":"https:\/\/www.praloup.com\/it\/#website","url":"https:\/\/www.praloup.com\/it\/","name":"Praloup - Office de Tourisme","description":"","publisher":{"@id":"https:\/\/www.praloup.com\/it\/#organization"},"potentialAction":[{"@type":"SearchAction","target":{"@type":"EntryPoint","urlTemplate":"https:\/\/www.praloup.com\/it\/?s={search_term_string}"},"query-input":{"@type":"PropertyValueSpecification","valueRequired":true,"valueName":"search_term_string"}}],"inLanguage":"it-IT"},{"@type":"Organization","@id":"https:\/\/www.praloup.com\/it\/#organization","name":"Praloup - Office de Tourisme","url":"https:\/\/www.praloup.com\/it\/","logo":{"@type":"ImageObject","inLanguage":"it-IT","@id":"https:\/\/www.praloup.com\/it\/#\/schema\/logo\/image\/","url":"https:\/\/www.praloup.com\/wp-content\/uploads\/2025\/05\/praloup-logo.svg","contentUrl":"https:\/\/www.praloup.com\/wp-content\/uploads\/2025\/05\/praloup-logo.svg","width":1,"height":1,"caption":"Praloup - Office de Tourisme"},"image":{"@id":"https:\/\/www.praloup.com\/it\/#\/schema\/logo\/image\/"},"sameAs":["https:\/\/www.facebook.com\/praloup","https:\/\/www.linkedin.com\/company\/praloup\/","https:\/\/www.instagram.com\/pra_loup\/"]}]}},"_links":{"self":[{"href":"https:\/\/www.praloup.com\/it\/wp-json\/wp\/v2\/pages\/13717","targetHints":{"allow":["GET"]}}],"collection":[{"href":"https:\/\/www.praloup.com\/it\/wp-json\/wp\/v2\/pages"}],"about":[{"href":"https:\/\/www.praloup.com\/it\/wp-json\/wp\/v2\/types\/page"}],"author":[{"embeddable":true,"href":"https:\/\/www.praloup.com\/it\/wp-json\/wp\/v2\/users\/2"}],"replies":[{"embeddable":true,"href":"https:\/\/www.praloup.com\/it\/wp-json\/wp\/v2\/comments?post=13717"}],"version-history":[{"count":0,"href":"https:\/\/www.praloup.com\/it\/wp-json\/wp\/v2\/pages\/13717\/revisions"}],"up":[{"embeddable":true,"href":"https:\/\/www.praloup.com\/it\/wp-json\/wp\/v2\/pages\/1184"}],"wp:featuredmedia":[{"embeddable":true,"href":"https:\/\/www.praloup.com\/it\/wp-json\/wp\/v2\/media\/10863"}],"wp:attachment":[{"href":"https:\/\/www.praloup.com\/it\/wp-json\/wp\/v2\/media?parent=13717"}],"curies":[{"name":"wp","href":"https:\/\/api.w.org\/{rel}","templated":true}]}}