{"id":13716,"date":"2025-07-22T20:35:27","date_gmt":"2025-07-22T18:35:27","guid":{"rendered":"https:\/\/www.praloup.com\/attivita\/terreno-avventura\/bike-park-de-pra-loup\/"},"modified":"2026-04-29T16:01:44","modified_gmt":"2026-04-29T14:01:44","slug":"bike-park-de-pra-loup","status":"publish","type":"page","link":"https:\/\/www.praloup.com\/it\/attivita\/terreno-avventura\/bike-park-de-pra-loup\/","title":{"rendered":"Bike Park de Pra Loup"},"content":{"rendered":"\n<div class=\"wp-block-ws-library-ws-header-interne alignfull\"><div class=\"header-container\"><div class=\"group-media has-image\"><img loading=\"lazy\" decoding=\"async\" width=\"1920\" height=\"640\" src=\"https:\/\/www.praloup.com\/wp-content\/uploads\/2025\/07\/img-0156-1920x640.jpg\" alt=\"\" class=\"image_large_square wp-image-10956 \"\/><\/div><div class=\"group-content\"><div class=\"title\"><h1>Bike Park de Pra Loup<\/h1><\/div><\/div><\/div><div class=\"yoast-breadcrumbs\"><span><span><a href=\"https:\/\/www.praloup.com\/it\/pra-loup-lesperienza-sciistica-alle-porte-del-parco-nazionale-del-mercantour\/\">Accueil<\/a><\/span>  <span><a href=\"https:\/\/www.praloup.com\/it\/attivita\/\">Attivit\u00e0<\/a><\/span>  <span><a href=\"https:\/\/www.praloup.com\/it\/attivita\/terreno-avventura\/\">Terreno avventura<\/a><\/span>  <span class=\"breadcrumb_last\" aria-current=\"page\">Bike Park de Pra Loup<\/span><\/span><\/div><\/div>\n\n<p><strong>Cerchi divertimento, natura e emozioni in montagna?<\/strong> Quest&#8217;estate, dirigiti verso le <strong>discese di Pra Loup <\/strong>! Tra foreste di larice e grandi prati ad alta quota, <strong>il nostro bike park ti accoglie per giorni pieni di adrenalina<\/strong>&#8230; O passeggiate tranquille, secondo i tuoi desideri!<\/p>\n\n<div class=\"wp-block-ws-library-ws-banner alignfull\"><div class=\"wrapper\"><div class=\"group-media\"><img decoding=\"async\" src=\"https:\/\/www.praloup.com\/wp-content\/uploads\/2025\/07\/dsc01950-1920x480.jpg\" alt=\"Bike Park Pra Loup\" class=\"single_image wp-image-10947\"><\/div>\n<div class=\"group-content\"><div class=\"wp-block-ws-library-ws-title\"><h2>5 tracce, 5 stati d&#8217;animo<\/h2><\/div><p>Che tu sia <strong>un principiante<\/strong>, un <strong>ciclista esperto<\/strong> o in <strong>modalit\u00e0 famiglia<\/strong>, ognuno qui trova il proprio sentiero e ritmo \u2014 sempre con le <strong>Alpi del Sud<\/strong> come sfondo.<br>Tutte le piste sono <strong>accessibili tramite gli impianti di risalita<\/strong>, quindi puoi scendere senza sforzo!<\/p><p>\ud83d\udfe2 <strong>Famiglia e bambini (5,5 km):<\/strong> divertente e dolce, perfetto per un&#8217;iniziazione familiare.<\/p><p>\ud83d\udd35 <strong>Quelli blu<\/strong> :<\/p><ul class=\"wp-block-list\">\n<li><em>Blue Brothers (4,2 km):<\/em> curve inclinate, atmosfera boschiva.<\/li>\n\n\n\n<li><em>The Flow (2,7 km):<\/em> breve e ideale per progredire.<\/li>\n<\/ul><p>\ud83d\udd34 <strong>I rossi<\/strong> :<\/p><ul class=\"wp-block-list\">\n<li><em>Rock &amp; Run (La tecnica) (2,1 km):<\/em> passaggi impegnati.<\/li>\n\n\n\n<li><em>Red Carpet (800 m):<\/em> una corsa per i forti.<\/li>\n<\/ul><p>\u26ab\ufe0f <strong>I neri<\/strong> : presto per gli esperti&#8230; Restate sintonizzati!<\/p><p><\/p><div class=\"wp-block-group is-horizontal is-content-justification-center is-nowrap is-layout-flex wp-container-core-group-is-layout-2256e7f1 wp-block-group-is-layout-flex\">\n<div class=\"wp-block-ws-library-ws-button has-text-align-center\"><a href=\"https:\/\/www.praloup.com\/it\/come-organizzarsi\/acquista-mio-pacchetto\/\" class=\"wp-block-button__link wp-element-button btn\">  Acquista un pacchetto<\/a><\/div>\n\n\n\n<div class=\"wp-block-ws-library-ws-button has-text-align-center\"><a href=\"https:\/\/www.praloup.com\/wp-content\/uploads\/2025\/07\/plan-dh-vtt-pra-loup.pdf\" class=\"wp-block-button__link wp-element-button btn\">  Mappa della tenuta<\/a><\/div>\n<\/div><\/div>\n\n\n\n\n\n\n\n\n\n\n\n\n\n\n\n\n\n\n\n\n\n\n\n\n\n\n\n\n\n\n\n\n\n\n\n\n<\/div><\/div>\n\n<p><br\/>Con il suo bike park accessibile e ben progettato,<strong> Pra Loup \u00e8 una vera meta per la mountain bike<\/strong>.  <\/p>\n\n<p>Ideale per le vacanze estive, i fine settimana con gli amici o le uscite sportive in famiglia. Tutto in un contesto naturale preservato, sotto il generoso sole dell&#8217;Ubaye. <\/p>\n\n<div class=\"wp-block-ws-library-ws-featured-content is-style-picto-topo\">\n<div class=\"wp-block-ws-library-ws-title\"><h2><strong>Orari di apertura<\/strong><\/h2><\/div>\n\n\n\n<p><strong>Date <\/strong>: da sabato 4 luglio a domenica 30 agosto 2026.<\/p>\n\n\n\n<p><strong>Orari di apertura del<\/strong> T\u00e9l\u00e9mix de la Capppe: dalle 9:00 alle 17:00 (ultima discesa)<\/p>\n\n\n\n<p><strong>Orari di apertura dei punti vendita:<\/strong> dalle 9:00 alle 13:00 e dalle 14:00 alle 16:45 presso le casse. Due distributori automatici sono disponibili 24 ore su 24 sul vassoio 1600 (casse principali) e 1 distributore automatico disponibile 24 ore su 24 presso le casse Clapiers. <\/p>\n\n\n\n<div class=\"wp-block-ws-library-ws-button has-text-align-left\"><a href=\"https:\/\/www.praloup.com\/it\/come-organizzarsi\/acquista-mio-pacchetto\/\" class=\"wp-block-button__link wp-element-button btn\">  Acquisto il mio skipass<\/a><\/div>\n<\/div>\n\n<div class=\"wp-block-ws-library-ws-columns alignfull has-2-columns are-vertically-aligned-center layout-5050 is-style-background-texture\">\n<div class=\"wp-block-ws-library-ws-column\"><div class=\"wrapper\">\n<div class=\"wp-block-ws-library-ws-title\"><h2>I piccoli <strong>extra del Bike Park<\/strong><\/h2><\/div>\n\n\n\n<p><strong>Lavaggio auto<\/strong> : un&#8217;area di pulizia \u00e8 disponibile alla fine dei binari, cos\u00ec puoi lasciare pulito senza lasciare fango nell&#8217;auto.<\/p>\n\n\n\n<p><strong>Attrezzi disponibili<\/strong> : una <strong>postazione attrezzi self-service <\/strong>permette piccole regolazioni o riparazioni prima\/dopo la pedalata. Pratico e rassicurante! <\/p>\n<\/div><\/div>\n\n\n\n<div class=\"wp-block-ws-library-ws-column\"><div class=\"wrapper\">\n<div class=\"wp-block-ws-library-ws-image\"><div class=\"wrapper\"><div class=\"group-media\"><img decoding=\"async\" src=\"https:\/\/www.praloup.com\/wp-content\/uploads\/2025\/07\/station-de-lavage-velo-front-de-piste-1600-900x570.jpg\" alt=\"Stazione di lavaggio MTB Pra Loup\" class=\"single_image ws-image-11032\"><div class=\"credits\"><\/div><\/div><p class=\"caption\"><\/p><\/div><\/div>\n<\/div><\/div>\n<\/div>\n\n<div class=\"wp-block-ws-library-ws-columns alignwide has-2-columns are-vertically-aligned-center layout-5050 is-style-background-white\">\n<div class=\"wp-block-ws-library-ws-column\"><div class=\"wrapper\">\n<div class=\"wp-block-ws-library-ws-title\"><h3>Noleggia un ATV<\/h3><\/div>\n\n\n\n<p><strong>Che tu venga senza l&#8217;attrezzatura<\/strong> o voglia <strong>provare un nuovo modello<\/strong>, a Pra Loup puoi trovare mountain bike e e-MTB recenti e ben mantenute in noleggio, a pochi passi dagli impianti di risalita.<\/p>\n<\/div><\/div>\n\n\n\n<div class=\"wp-block-ws-library-ws-column\"><div class=\"wrapper\"><div class=\"wp-block-ws-library-ws-list-apidae\"><div class=\"list-items\"><div class=\"item\"><div class=\"card \"><div class=\"group-media\"><div class=\"field-image\"><img decoding=\"async\" src=\"https:\/\/images.weserv.nl\/?url=https:\/\/static.apidae-tourisme.com\/filestore\/objets-touristiques\/images\/151\/115\/31814551-diaporama.jpg&#038;w=337&#038;h=475&#038;fit=cover&#038;output=webp&#038;q=45\" alt=\"Verdier Sport \u2013 Sci di precisione\"\/><\/div><\/div><div class=\"group-content\"><h3 class=\"field-title\">Verdier Sport \u2013 Sci di precisione<\/h3><div class=\"field-description\">Verdier Sport \u2013 Pr\u00e9cision Ski \u201cEquipaggiarsi, partire, emozionarsi: l&#8217;estate inizia al Verdier Sport\u201d.<\/div><\/div><div class=\"field-link\"><a href=\"https:\/\/www.praloup.com\/it\/fiche\/verdier-sport-precision-ski-3\/\" class=\"cardlink\">Verdier Sport \u2013 Sci di precisione<\/a><\/div><\/div><\/div><\/div><\/div><\/div><\/div>\n<\/div>\n\n<div class=\"wp-block-ws-library-ws-banner-parallax alignfull\"><div class=\"header-container\"><div class=\"group-media has-image\"><img loading=\"lazy\" decoding=\"async\" width=\"2560\" height=\"1707\" src=\"https:\/\/www.praloup.com\/wp-content\/uploads\/2025\/07\/dsc01875-scaled.jpg\" alt=\"Bike Park Pra Loup\" class=\"image_large_square wp-image-10944 \" srcset=\"https:\/\/www.praloup.com\/wp-content\/uploads\/2025\/07\/dsc01875-scaled.jpg 2560w, https:\/\/www.praloup.com\/wp-content\/uploads\/2025\/07\/dsc01875-scaled-300x200.jpg 300w, https:\/\/www.praloup.com\/wp-content\/uploads\/2025\/07\/dsc01875-scaled-1024x683.jpg 1024w, https:\/\/www.praloup.com\/wp-content\/uploads\/2025\/07\/dsc01875-scaled-768x512.jpg 768w, https:\/\/www.praloup.com\/wp-content\/uploads\/2025\/07\/dsc01875-scaled-1536x1024.jpg 1536w, https:\/\/www.praloup.com\/wp-content\/uploads\/2025\/07\/dsc01875-scaled-2048x1366.jpg 2048w, https:\/\/www.praloup.com\/wp-content\/uploads\/2025\/07\/dsc01875-scaled-60x40.jpg 60w, https:\/\/www.praloup.com\/wp-content\/uploads\/2025\/07\/dsc01875-scaled-120x80.jpg 120w, https:\/\/www.praloup.com\/wp-content\/uploads\/2025\/07\/dsc01875-scaled-855x570.jpg 855w\" sizes=\"auto, (max-width: 2560px) 100vw, 2560px\" \/><\/div><div class=\"group-content\"><div class=\"intro-text\">Un spot qui vit tout l&#8217;\u00e9t\u00e9<\/div><div class=\"columns\"><div class=\"column\"><h3>Tous niveaux<\/h3><p>Du d\u00e9butant au confirm\u00e9<\/p><\/div><div class=\"column\"><h3>Nature pr\u00e9serv\u00e9e<\/h3><p>Bike park int\u00e9gr\u00e9 \u00e0 son environnement<\/p><\/div><div class=\"column\"><h3>Remont\u00e9es m\u00e9caniques<\/h3><p><em>Monte sans effort, descends \u00e0 fond<\/em><\/p><\/div><\/div><div class=\"buttons\">\n<div class=\"wp-block-ws-library-ws-button has-text-align-left\"><a href=\"https:\/\/www.praloup.com\/it\/come-organizzarsi\/acquista-mio-pacchetto\/\" class=\"wp-block-button__link wp-element-button btn\">  Acquista un pacchetto<\/a><\/div>\n\n\n\n<div class=\"wp-block-ws-library-ws-button has-text-align-left\"><a href=\"https:\/\/www.praloup.com\/it\/fiche\/verdier-sport-precision-ski-3\/\" class=\"wp-block-button__link wp-element-button btn\">  Noleggio attrezzatura<\/a><\/div>\n<\/div><\/div><\/div><\/div>\n\n<div class=\"wp-block-ws-library-ws-title\"><h3>Ancora pi\u00f9 ciclismo<\/h3><\/div>\n<div class=\"alignwide is-style-card-portrait wp-block-ws-library-ws-list-content\"><div class=\"list-items\"><div class=\"item\"><div class=\"card \"><div class=\"group-media\"><div class=\"field-image\"><img loading=\"lazy\" decoding=\"async\" width=\"337\" height=\"475\" src=\"https:\/\/www.praloup.com\/wp-content\/uploads\/2025\/07\/velo-de-route-col-de-la-cayolle-thomas-bruno-2025-51-337x475.jpg\" class=\"winter all-seasons wp-post-image\" alt=\"\" data-season=\"all-seasons\" \/><\/div><\/div><div class=\"group-content\"><h3 class=\"field-title\">Cicloturismo e passi alpini<\/h3><\/div><div class=\"field-link\"><a href=\"https:\/\/www.praloup.com\/it\/attivita\/cicloturismo-e-grandi-passi-alpini\/\" class=\"cardlink\">Cicloturismo e passi alpini<\/a><\/div><\/div><\/div><div class=\"item\"><div class=\"card \"><div class=\"group-media\"><div class=\"field-image\"><img loading=\"lazy\" decoding=\"async\" width=\"337\" height=\"475\" src=\"https:\/\/www.praloup.com\/wp-content\/uploads\/2025\/07\/vtt-gimette-thomas-bruno-2025-81-337x475.jpg\" class=\"winter all-seasons wp-post-image\" alt=\"\" data-season=\"all-seasons\" \/><\/div><\/div><div class=\"group-content\"><h3 class=\"field-title\">Mountain bike nei dintorni di Pra Loup<\/h3><\/div><div class=\"field-link\"><a href=\"https:\/\/www.praloup.com\/it\/100-naturale\/in-mountain-bike-nei-dintorni-di-pra-loup\/\" class=\"cardlink\">Mountain bike nei dintorni di Pra Loup<\/a><\/div><\/div><\/div><div class=\"item\"><div class=\"card \"><div class=\"group-media\"><div class=\"field-image\"><img loading=\"lazy\" decoding=\"async\" width=\"337\" height=\"475\" src=\"https:\/\/www.praloup.com\/wp-content\/uploads\/2025\/05\/pra-loup-alpesphotographiescom-70-337x475.jpg\" class=\"winter wp-post-image\" alt=\"Magasin Pra Loup Ubaye\" data-season=\"winter\" \/><img loading=\"lazy\" decoding=\"async\" width=\"337\" height=\"475\" src=\"https:\/\/www.praloup.com\/wp-content\/uploads\/2025\/07\/front-de-pistes-ut-brendan-le-peru-2-scaled-337x475.jpg\" class=\"vivaldi-thumb summer\" alt=\"Front de pistes Pra Loup Mercantour\" data-season=\"summer\" \/><\/div><\/div><div class=\"group-content\"><h3 class=\"field-title\">Noleggio e acquisto di attrezzature sportive<\/h3><\/div><div class=\"field-link\"><a href=\"https:\/\/www.praloup.com\/it\/negozi-ristoranti\/negozi\/noleggio-e-acquisto-di-attrezzature-sportive\/\" class=\"cardlink\">Noleggio e acquisto di attrezzature sportive<\/a><\/div><\/div><\/div><div class=\"item\"><div class=\"card \"><div class=\"group-media\"><div class=\"field-image\"><img loading=\"lazy\" decoding=\"async\" width=\"337\" height=\"475\" src=\"https:\/\/www.praloup.com\/wp-content\/uploads\/2025\/07\/velo-de-route-col-de-la-cayolle-thomas-bruno-2025-19-337x475.jpg\" class=\"winter all-seasons wp-post-image\" alt=\"Col de la Cayolle V\u00e9lo de route Pra Loup Ubaye Mercantour\" data-season=\"all-seasons\" \/><\/div><\/div><div class=\"group-content\"><h3 class=\"field-title\">Pra Loup e il Tour de France<\/h3><\/div><div class=\"field-link\"><a href=\"https:\/\/www.praloup.com\/it\/pra-loup-e-il-tour-de-france\/\" class=\"cardlink\">Pra Loup e il Tour de France<\/a><\/div><\/div><\/div><\/div><\/div>\n<div class=\"wp-block-ws-library-ws-share\"><span class=\"share-subtitle\">Ti \u00e8 piaciuta questa pagina?<\/span><span class=\"share-title\">Condividilo!<\/span><button class=\"ws-share-button wp-element-button\">Condividi questa pagina<\/button><\/div>\n","protected":false},"excerpt":{"rendered":"<p>Discesa, natura e sensazioni: il parco ciclistico Pra Loup ti aspetta con i suoi sentieri per tutti i livelli e i suoi servizi intelligenti!<\/p>\n","protected":false},"author":2,"featured_media":10958,"parent":13708,"menu_order":0,"comment_status":"closed","ping_status":"closed","template":"","meta":{"_thumbnail_id_2":0,"summer_excerpt":"","season":"","menu_page_1":"","menu_page_2":"","footnotes":""},"class_list":["post-13716","page","type-page","status-publish","has-post-thumbnail","hentry"],"yoast_head":"<!-- This site is optimized with the Yoast SEO plugin v27.5 - https:\/\/yoast.com\/product\/yoast-seo-wordpress\/ -->\n<title>Bike Park de Pra Loup - Pra Loup - Office de Tourisme<\/title>\n<meta name=\"description\" content=\"Discesa, natura e sensazioni: il parco ciclistico Pra Loup ti aspetta con i suoi sentieri per tutti i livelli e i suoi servizi intelligenti!\" \/>\n<meta name=\"robots\" content=\"index, follow, max-snippet:-1, max-image-preview:large, max-video-preview:-1\" \/>\n<link rel=\"canonical\" href=\"https:\/\/www.praloup.com\/it\/attivita\/terreno-avventura\/bike-park-de-pra-loup\/\" \/>\n<meta property=\"og:locale\" content=\"it_IT\" \/>\n<meta property=\"og:type\" content=\"article\" \/>\n<meta property=\"og:title\" content=\"Bike Park de Pra Loup - Pra Loup - Office de Tourisme\" \/>\n<meta property=\"og:description\" content=\"Discesa, natura e sensazioni: il parco ciclistico Pra Loup ti aspetta con i suoi sentieri per tutti i livelli e i suoi servizi intelligenti!\" \/>\n<meta property=\"og:url\" content=\"https:\/\/www.praloup.com\/it\/attivita\/terreno-avventura\/bike-park-de-pra-loup\/\" \/>\n<meta property=\"og:site_name\" content=\"Pra Loup - Office de Tourisme\" \/>\n<meta property=\"article:publisher\" content=\"https:\/\/www.facebook.com\/praloup\" \/>\n<meta property=\"article:modified_time\" content=\"2026-04-29T14:01:44+00:00\" \/>\n<meta property=\"og:image\" content=\"https:\/\/www.praloup.com\/wp-content\/uploads\/2025\/07\/img-0156-scaled.jpg\" \/>\n\t<meta property=\"og:image:width\" content=\"2560\" \/>\n\t<meta property=\"og:image:height\" content=\"1707\" \/>\n\t<meta property=\"og:image:type\" content=\"image\/jpeg\" \/>\n<meta name=\"twitter:card\" content=\"summary_large_image\" \/>\n<meta name=\"twitter:label1\" content=\"Tempo di lettura stimato\" \/>\n\t<meta name=\"twitter:data1\" content=\"2 minuti\" \/>\n<script type=\"application\/ld+json\" class=\"yoast-schema-graph\">{\"@context\":\"https:\\\/\\\/schema.org\",\"@graph\":[{\"@type\":\"WebPage\",\"@id\":\"https:\\\/\\\/www.praloup.com\\\/it\\\/attivita\\\/terreno-avventura\\\/bike-park-de-pra-loup\\\/\",\"url\":\"https:\\\/\\\/www.praloup.com\\\/it\\\/attivita\\\/terreno-avventura\\\/bike-park-de-pra-loup\\\/\",\"name\":\"Bike Park de Pra Loup - Pra Loup - Office de Tourisme\",\"isPartOf\":{\"@id\":\"https:\\\/\\\/www.praloup.com\\\/it\\\/#website\"},\"primaryImageOfPage\":{\"@id\":\"https:\\\/\\\/www.praloup.com\\\/it\\\/attivita\\\/terreno-avventura\\\/bike-park-de-pra-loup\\\/#primaryimage\"},\"image\":{\"@id\":\"https:\\\/\\\/www.praloup.com\\\/it\\\/attivita\\\/terreno-avventura\\\/bike-park-de-pra-loup\\\/#primaryimage\"},\"thumbnailUrl\":\"https:\\\/\\\/www.praloup.com\\\/wp-content\\\/uploads\\\/2025\\\/07\\\/img-0156-scaled.jpg\",\"datePublished\":\"2025-07-22T18:35:27+00:00\",\"dateModified\":\"2026-04-29T14:01:44+00:00\",\"description\":\"Discesa, natura e sensazioni: il parco ciclistico Pra Loup ti aspetta con i suoi sentieri per tutti i livelli e i suoi servizi intelligenti!\",\"breadcrumb\":{\"@id\":\"https:\\\/\\\/www.praloup.com\\\/it\\\/attivita\\\/terreno-avventura\\\/bike-park-de-pra-loup\\\/#breadcrumb\"},\"inLanguage\":\"it-IT\",\"potentialAction\":[{\"@type\":\"ReadAction\",\"target\":[\"https:\\\/\\\/www.praloup.com\\\/it\\\/attivita\\\/terreno-avventura\\\/bike-park-de-pra-loup\\\/\"]}]},{\"@type\":\"ImageObject\",\"inLanguage\":\"it-IT\",\"@id\":\"https:\\\/\\\/www.praloup.com\\\/it\\\/attivita\\\/terreno-avventura\\\/bike-park-de-pra-loup\\\/#primaryimage\",\"url\":\"https:\\\/\\\/www.praloup.com\\\/wp-content\\\/uploads\\\/2025\\\/07\\\/img-0156-scaled.jpg\",\"contentUrl\":\"https:\\\/\\\/www.praloup.com\\\/wp-content\\\/uploads\\\/2025\\\/07\\\/img-0156-scaled.jpg\",\"width\":2560,\"height\":1707},{\"@type\":\"BreadcrumbList\",\"@id\":\"https:\\\/\\\/www.praloup.com\\\/it\\\/attivita\\\/terreno-avventura\\\/bike-park-de-pra-loup\\\/#breadcrumb\",\"itemListElement\":[{\"@type\":\"ListItem\",\"position\":1,\"name\":\"Accueil\",\"item\":\"https:\\\/\\\/www.praloup.com\\\/it\\\/pra-loup-lesperienza-sciistica-alle-porte-del-parco-nazionale-del-mercantour\\\/\"},{\"@type\":\"ListItem\",\"position\":2,\"name\":\"Attivit\u00e0\",\"item\":\"https:\\\/\\\/www.praloup.com\\\/it\\\/attivita\\\/\"},{\"@type\":\"ListItem\",\"position\":3,\"name\":\"Terreno avventura\",\"item\":\"https:\\\/\\\/www.praloup.com\\\/it\\\/attivita\\\/terreno-avventura\\\/\"},{\"@type\":\"ListItem\",\"position\":4,\"name\":\"Bike Park de Pra Loup\"}]},{\"@type\":\"WebSite\",\"@id\":\"https:\\\/\\\/www.praloup.com\\\/it\\\/#website\",\"url\":\"https:\\\/\\\/www.praloup.com\\\/it\\\/\",\"name\":\"Praloup - Office de Tourisme\",\"description\":\"\",\"publisher\":{\"@id\":\"https:\\\/\\\/www.praloup.com\\\/it\\\/#organization\"},\"potentialAction\":[{\"@type\":\"SearchAction\",\"target\":{\"@type\":\"EntryPoint\",\"urlTemplate\":\"https:\\\/\\\/www.praloup.com\\\/it\\\/?s={search_term_string}\"},\"query-input\":{\"@type\":\"PropertyValueSpecification\",\"valueRequired\":true,\"valueName\":\"search_term_string\"}}],\"inLanguage\":\"it-IT\"},{\"@type\":\"Organization\",\"@id\":\"https:\\\/\\\/www.praloup.com\\\/it\\\/#organization\",\"name\":\"Praloup - Office de Tourisme\",\"url\":\"https:\\\/\\\/www.praloup.com\\\/it\\\/\",\"logo\":{\"@type\":\"ImageObject\",\"inLanguage\":\"it-IT\",\"@id\":\"https:\\\/\\\/www.praloup.com\\\/it\\\/#\\\/schema\\\/logo\\\/image\\\/\",\"url\":\"https:\\\/\\\/www.praloup.com\\\/wp-content\\\/uploads\\\/2025\\\/05\\\/praloup-logo.svg\",\"contentUrl\":\"https:\\\/\\\/www.praloup.com\\\/wp-content\\\/uploads\\\/2025\\\/05\\\/praloup-logo.svg\",\"width\":1,\"height\":1,\"caption\":\"Praloup - Office de Tourisme\"},\"image\":{\"@id\":\"https:\\\/\\\/www.praloup.com\\\/it\\\/#\\\/schema\\\/logo\\\/image\\\/\"},\"sameAs\":[\"https:\\\/\\\/www.facebook.com\\\/praloup\",\"https:\\\/\\\/www.linkedin.com\\\/company\\\/praloup\\\/\",\"https:\\\/\\\/www.instagram.com\\\/pra_loup\\\/\"]}]}<\/script>\n<!-- \/ Yoast SEO plugin. -->","yoast_head_json":{"title":"Bike Park de Pra Loup - Pra Loup - Office de Tourisme","description":"Discesa, natura e sensazioni: il parco ciclistico Pra Loup ti aspetta con i suoi sentieri per tutti i livelli e i suoi servizi intelligenti!","robots":{"index":"index","follow":"follow","max-snippet":"max-snippet:-1","max-image-preview":"max-image-preview:large","max-video-preview":"max-video-preview:-1"},"canonical":"https:\/\/www.praloup.com\/it\/attivita\/terreno-avventura\/bike-park-de-pra-loup\/","og_locale":"it_IT","og_type":"article","og_title":"Bike Park de Pra Loup - Pra Loup - Office de Tourisme","og_description":"Discesa, natura e sensazioni: il parco ciclistico Pra Loup ti aspetta con i suoi sentieri per tutti i livelli e i suoi servizi intelligenti!","og_url":"https:\/\/www.praloup.com\/it\/attivita\/terreno-avventura\/bike-park-de-pra-loup\/","og_site_name":"Pra Loup - Office de Tourisme","article_publisher":"https:\/\/www.facebook.com\/praloup","article_modified_time":"2026-04-29T14:01:44+00:00","og_image":[{"width":2560,"height":1707,"url":"https:\/\/www.praloup.com\/wp-content\/uploads\/2025\/07\/img-0156-scaled.jpg","type":"image\/jpeg"}],"twitter_card":"summary_large_image","twitter_misc":{"Tempo di lettura stimato":"2 minuti"},"schema":{"@context":"https:\/\/schema.org","@graph":[{"@type":"WebPage","@id":"https:\/\/www.praloup.com\/it\/attivita\/terreno-avventura\/bike-park-de-pra-loup\/","url":"https:\/\/www.praloup.com\/it\/attivita\/terreno-avventura\/bike-park-de-pra-loup\/","name":"Bike Park de Pra Loup - Pra Loup - Office de Tourisme","isPartOf":{"@id":"https:\/\/www.praloup.com\/it\/#website"},"primaryImageOfPage":{"@id":"https:\/\/www.praloup.com\/it\/attivita\/terreno-avventura\/bike-park-de-pra-loup\/#primaryimage"},"image":{"@id":"https:\/\/www.praloup.com\/it\/attivita\/terreno-avventura\/bike-park-de-pra-loup\/#primaryimage"},"thumbnailUrl":"https:\/\/www.praloup.com\/wp-content\/uploads\/2025\/07\/img-0156-scaled.jpg","datePublished":"2025-07-22T18:35:27+00:00","dateModified":"2026-04-29T14:01:44+00:00","description":"Discesa, natura e sensazioni: il parco ciclistico Pra Loup ti aspetta con i suoi sentieri per tutti i livelli e i suoi servizi intelligenti!","breadcrumb":{"@id":"https:\/\/www.praloup.com\/it\/attivita\/terreno-avventura\/bike-park-de-pra-loup\/#breadcrumb"},"inLanguage":"it-IT","potentialAction":[{"@type":"ReadAction","target":["https:\/\/www.praloup.com\/it\/attivita\/terreno-avventura\/bike-park-de-pra-loup\/"]}]},{"@type":"ImageObject","inLanguage":"it-IT","@id":"https:\/\/www.praloup.com\/it\/attivita\/terreno-avventura\/bike-park-de-pra-loup\/#primaryimage","url":"https:\/\/www.praloup.com\/wp-content\/uploads\/2025\/07\/img-0156-scaled.jpg","contentUrl":"https:\/\/www.praloup.com\/wp-content\/uploads\/2025\/07\/img-0156-scaled.jpg","width":2560,"height":1707},{"@type":"BreadcrumbList","@id":"https:\/\/www.praloup.com\/it\/attivita\/terreno-avventura\/bike-park-de-pra-loup\/#breadcrumb","itemListElement":[{"@type":"ListItem","position":1,"name":"Accueil","item":"https:\/\/www.praloup.com\/it\/pra-loup-lesperienza-sciistica-alle-porte-del-parco-nazionale-del-mercantour\/"},{"@type":"ListItem","position":2,"name":"Attivit\u00e0","item":"https:\/\/www.praloup.com\/it\/attivita\/"},{"@type":"ListItem","position":3,"name":"Terreno avventura","item":"https:\/\/www.praloup.com\/it\/attivita\/terreno-avventura\/"},{"@type":"ListItem","position":4,"name":"Bike Park de Pra Loup"}]},{"@type":"WebSite","@id":"https:\/\/www.praloup.com\/it\/#website","url":"https:\/\/www.praloup.com\/it\/","name":"Praloup - Office de Tourisme","description":"","publisher":{"@id":"https:\/\/www.praloup.com\/it\/#organization"},"potentialAction":[{"@type":"SearchAction","target":{"@type":"EntryPoint","urlTemplate":"https:\/\/www.praloup.com\/it\/?s={search_term_string}"},"query-input":{"@type":"PropertyValueSpecification","valueRequired":true,"valueName":"search_term_string"}}],"inLanguage":"it-IT"},{"@type":"Organization","@id":"https:\/\/www.praloup.com\/it\/#organization","name":"Praloup - Office de Tourisme","url":"https:\/\/www.praloup.com\/it\/","logo":{"@type":"ImageObject","inLanguage":"it-IT","@id":"https:\/\/www.praloup.com\/it\/#\/schema\/logo\/image\/","url":"https:\/\/www.praloup.com\/wp-content\/uploads\/2025\/05\/praloup-logo.svg","contentUrl":"https:\/\/www.praloup.com\/wp-content\/uploads\/2025\/05\/praloup-logo.svg","width":1,"height":1,"caption":"Praloup - Office de Tourisme"},"image":{"@id":"https:\/\/www.praloup.com\/it\/#\/schema\/logo\/image\/"},"sameAs":["https:\/\/www.facebook.com\/praloup","https:\/\/www.linkedin.com\/company\/praloup\/","https:\/\/www.instagram.com\/pra_loup\/"]}]}},"_links":{"self":[{"href":"https:\/\/www.praloup.com\/it\/wp-json\/wp\/v2\/pages\/13716","targetHints":{"allow":["GET"]}}],"collection":[{"href":"https:\/\/www.praloup.com\/it\/wp-json\/wp\/v2\/pages"}],"about":[{"href":"https:\/\/www.praloup.com\/it\/wp-json\/wp\/v2\/types\/page"}],"author":[{"embeddable":true,"href":"https:\/\/www.praloup.com\/it\/wp-json\/wp\/v2\/users\/2"}],"replies":[{"embeddable":true,"href":"https:\/\/www.praloup.com\/it\/wp-json\/wp\/v2\/comments?post=13716"}],"version-history":[{"count":15,"href":"https:\/\/www.praloup.com\/it\/wp-json\/wp\/v2\/pages\/13716\/revisions"}],"predecessor-version":[{"id":39420,"href":"https:\/\/www.praloup.com\/it\/wp-json\/wp\/v2\/pages\/13716\/revisions\/39420"}],"up":[{"embeddable":true,"href":"https:\/\/www.praloup.com\/it\/wp-json\/wp\/v2\/pages\/13708"}],"wp:featuredmedia":[{"embeddable":true,"href":"https:\/\/www.praloup.com\/it\/wp-json\/wp\/v2\/media\/10958"}],"wp:attachment":[{"href":"https:\/\/www.praloup.com\/it\/wp-json\/wp\/v2\/media?parent=13716"}],"curies":[{"name":"wp","href":"https:\/\/api.w.org\/{rel}","templated":true}]}}