{"id":13710,"date":"2025-07-22T13:55:10","date_gmt":"2025-07-22T11:55:10","guid":{"rendered":"https:\/\/www.praloup.com\/attivita\/cicloturismo-e-grandi-passi-alpini\/"},"modified":"2026-04-01T13:17:29","modified_gmt":"2026-04-01T11:17:29","slug":"cicloturismo-e-grandi-passi-alpini","status":"publish","type":"page","link":"https:\/\/www.praloup.com\/it\/attivita\/cicloturismo-e-grandi-passi-alpini\/","title":{"rendered":"Cicloturismo e passi alpini"},"content":{"rendered":"\n<div class=\"wp-block-ws-library-ws-header-interne alignfull\"><div class=\"header-container\"><div class=\"group-media has-image\"><img loading=\"lazy\" decoding=\"async\" width=\"2560\" height=\"1707\" src=\"https:\/\/www.praloup.com\/wp-content\/uploads\/2025\/07\/velo-de-route-col-de-la-cayolle-thomas-bruno-2025-51-scaled.jpg\" alt=\"\" class=\"image_large_square wp-image-11157 \" srcset=\"https:\/\/www.praloup.com\/wp-content\/uploads\/2025\/07\/velo-de-route-col-de-la-cayolle-thomas-bruno-2025-51-scaled.jpg 2560w, https:\/\/www.praloup.com\/wp-content\/uploads\/2025\/07\/velo-de-route-col-de-la-cayolle-thomas-bruno-2025-51-scaled-300x200.jpg 300w, https:\/\/www.praloup.com\/wp-content\/uploads\/2025\/07\/velo-de-route-col-de-la-cayolle-thomas-bruno-2025-51-scaled-1024x683.jpg 1024w, https:\/\/www.praloup.com\/wp-content\/uploads\/2025\/07\/velo-de-route-col-de-la-cayolle-thomas-bruno-2025-51-scaled-768x512.jpg 768w, https:\/\/www.praloup.com\/wp-content\/uploads\/2025\/07\/velo-de-route-col-de-la-cayolle-thomas-bruno-2025-51-scaled-1536x1024.jpg 1536w, https:\/\/www.praloup.com\/wp-content\/uploads\/2025\/07\/velo-de-route-col-de-la-cayolle-thomas-bruno-2025-51-scaled-2048x1366.jpg 2048w, https:\/\/www.praloup.com\/wp-content\/uploads\/2025\/07\/velo-de-route-col-de-la-cayolle-thomas-bruno-2025-51-scaled-60x40.jpg 60w, https:\/\/www.praloup.com\/wp-content\/uploads\/2025\/07\/velo-de-route-col-de-la-cayolle-thomas-bruno-2025-51-scaled-120x80.jpg 120w, https:\/\/www.praloup.com\/wp-content\/uploads\/2025\/07\/velo-de-route-col-de-la-cayolle-thomas-bruno-2025-51-scaled-855x570.jpg 855w\" sizes=\"auto, (max-width: 2560px) 100vw, 2560px\" \/><\/div><div class=\"group-content\"><div class=\"title\"><h1><strong>Cicloturismo e passi alpini<\/strong><\/h1><\/div><\/div><\/div><div class=\"yoast-breadcrumbs\"><span><span><a href=\"https:\/\/www.praloup.com\/it\/pra-loup-lesperienza-sciistica-alle-porte-del-parco-nazionale-del-mercantour\/\">Accueil<\/a><\/span>  <span><a href=\"https:\/\/www.praloup.com\/it\/attivita\/\">Attivit\u00e0<\/a><\/span>  <span class=\"breadcrumb_last\" aria-current=\"page\">Cicloturismo e passi alpini<\/span><\/span><\/div><\/div>\n\n<div class=\"wp-block-ws-library-ws-title\"><h2><em>Pra Loup <\/em>Un nome inciso nella storia del Tour<\/h2><\/div>\n\n<p>Dal 1975, il nome <strong>Pra Loup<\/strong> risuona nel cuore degli appassionati di ciclismo. Fu qui che <strong>Bernard Th\u00e9venet pose fine al regno di Eddy Merckx durante una tappa mitica del Tour de France<\/strong>. 217 km da Nizza, e un finale mozzafiato nelle curve a gomito che portano al resort. Una pagina di leggenda, e l&#8217;inizio di un mito.   <\/p>\n\n<div class=\"wp-block-ws-library-ws-button has-text-align-center is-style-3\"><a href=\"https:\/\/www.praloup.com\/toutes-les-experiences\/pra-loup-et-le-tour-de-france\/\" class=\"wp-block-button__link wp-element-button btn\">  Pra Loup e il Tour de France<\/a><\/div>\n\n<p>Oggi, Pra Loup non \u00e8 solo una localit\u00e0 di montagna: \u00e8 un <strong>parco giochi essenziale per il ciclismo su strada<\/strong>. Che tu sia un alpinista di fiducia, un appassionato di passi a rotelle o un ciclista domenicale, qui troverai qualcosa che ti supera. <\/p>\n\n<div class=\"wp-block-ws-library-ws-columns alignfull has-2-columns are-vertically-aligned-center layout-5050\">\n<div class=\"wp-block-ws-library-ws-column\"><div class=\"wrapper\">\n<div class=\"wp-block-ws-library-ws-title\"><h3>Abpassi <strong>iconici per le biciclette<\/strong><\/h3><\/div>\n\n\n\n<ul class=\"wp-block-list\">\n<li><strong>La salita a Pra Loup (1600 m).<\/strong> Questa \u00e8 la strada pi\u00f9 famosa. 9,4 km da Barcelonnette, media del 5,3% e passaggi superiori al 10%. Basso, nervoso, intenso \u2013 esattamente come quello che diede la vittoria a Bernard Th\u00e9venet.   <\/li>\n\n\n\n<li><strong>Il Col d&#8217;Allos<\/strong>. 22 km di salita tra Ubaye e Verdon. pendenza media del 6%, curve dei balconi e un&#8217;atmosfera selvaggia. Un passaggio mitico del Tour da non perdere.   <\/li>\n\n\n\n<li><strong>Il Col de la Cayolle<\/strong> (2.326 m). Meno ripida (4,2%), ma pi\u00f9 lunga, ti porta attraverso foreste, gole e pascoli montani fino ai confini del Mercantour. <\/li>\n<\/ul>\n\n\n\n<p>Questi tre passi sono parte <strong>integrante del Brevet des 7 Cols<\/strong> de l&#8217;Ubaye, una sfida a grandezza naturale per i ciclisti pi\u00f9 esperti.<\/p>\n<\/div><\/div>\n\n\n\n<div class=\"wp-block-ws-library-ws-column\"><div class=\"wrapper\"><div class=\"is-style-card-portrait wp-block-ws-library-ws-list-content\"><div class=\"list-items splide\" data-splide=\"{&quot;type&quot;:&quot;slide&quot;,&quot;fixedWidth&quot;:320,&quot;heightRatio&quot;:&quot;auto&quot;,&quot;perMove&quot;:1,&quot;drag&quot;:true,&quot;arrows&quot;:true,&quot;pagination&quot;:0,&quot;autoplay&quot;:false,&quot;gap&quot;:&quot;54px&quot;,&quot;breakpoints&quot;:{&quot;1450&quot;:{&quot;gap&quot;:&quot;15px&quot;}}}\"><div class=\"splide__track\"><div class=\"splide__list\"><div class=\"splide__slide\"><div class=\"item\"><div class=\"card \"><div class=\"group-media\"><div class=\"field-image\"><img loading=\"lazy\" decoding=\"async\" width=\"337\" height=\"475\" src=\"https:\/\/www.praloup.com\/wp-content\/uploads\/2025\/07\/velo-de-route-col-de-la-cayolle-thomas-bruno-2025-19-337x475.jpg\" class=\"winter all-seasons wp-post-image\" alt=\"Col de la Cayolle V\u00e9lo de route Pra Loup Ubaye Mercantour\" data-season=\"all-seasons\" \/><\/div><\/div><div class=\"group-content\"><h3 class=\"field-title\">Pra Loup e il Tour de France<\/h3><\/div><div class=\"field-link\"><a href=\"https:\/\/www.praloup.com\/it\/pra-loup-e-il-tour-de-france\/\" class=\"cardlink\">Pra Loup e il Tour de France<\/a><\/div><\/div><\/div><\/div><div class=\"splide__slide\"><div class=\"item\"><div class=\"card \"><div class=\"group-media\"><div class=\"field-image\"><img loading=\"lazy\" decoding=\"async\" width=\"337\" height=\"475\" src=\"https:\/\/www.praloup.com\/wp-content\/uploads\/2025\/07\/velo-de-route-col-de-la-cayolle-thomas-bruno-2025-62-337x475.jpg\" class=\"winter all-seasons wp-post-image\" alt=\"Col de la Cayolle Pra Loup Ubaye Mercantour V\u00e9lo de route\" data-season=\"all-seasons\" \/><\/div><\/div><div class=\"group-content\"><h3 class=\"field-title\">Il Brevet des 7 Cols: una sfida ciclistica<\/h3><\/div><div class=\"field-link\"><a href=\"https:\/\/www.praloup.com\/it\/il-brevet-des-7-cols-una-sfida-ciclistica\/\" class=\"cardlink\">Il Brevet des 7 Cols: una sfida ciclistica<\/a><\/div><\/div><\/div><\/div><div class=\"splide__slide\"><div class=\"item\"><div class=\"card \"><div class=\"group-media\"><div class=\"field-image\"><img loading=\"lazy\" decoding=\"async\" width=\"337\" height=\"475\" src=\"https:\/\/www.praloup.com\/wp-content\/uploads\/2025\/07\/velo-de-route-col-de-la-cayolle-thomas-bruno-2025-59-337x475.jpg\" class=\"winter all-seasons wp-post-image\" alt=\"Col de la Cayolle Pra Loup Ubaye Mercantour V\u00e9lo de route\" data-season=\"all-seasons\" \/><\/div><\/div><div class=\"group-content\"><h3 class=\"field-title\">La Randonn\u00e9e des Trois Cols: l&#8217;evento ciclistico dell&#8217;estate<\/h3><\/div><div class=\"field-link\"><a href=\"https:\/\/www.praloup.com\/it\/la-randonnee-des-trois-cols-levento-ciclistico-dellestate\/\" class=\"cardlink\">La Randonn\u00e9e des Trois Cols: l&#8217;evento ciclistico dell&#8217;estate<\/a><\/div><\/div><\/div><\/div><\/div><\/div><\/div><\/div><\/div><\/div>\n<\/div>\n\n<div class=\"wp-block-ws-library-ws-featured-content alignfull is-style-picto-topo\">\n<div class=\"wp-block-ws-library-ws-title\"><h3>Fate spazio alle biciclette con l&#8217;evento &#8220;Les 3 cols&#8221;<\/h3><\/div>\n\n\n\n<p><strong>Ogni anno<\/strong>, la <strong>prima domenica di agosto<\/strong>, si <strong>svolge la famosa escursione dei 3 passi<\/strong> (Col d&#8217;Allos, Col des Champs, Col de la Cayolle). Fate spazio per andare in bici su questi 3 passi mitici, con gioia e buon umore. <\/p>\n\n\n\n<div class=\"wp-block-ws-library-ws-button has-text-align-left is-style-2\"><a href=\"https:\/\/www.praloup.com\/toutes-les-experiences\/la-randonnee-des-trois-cols-levenement-velo-de-lete\/\" class=\"wp-block-button__link wp-element-button btn\">  Scopri di pi\u00f9<\/a><\/div>\n<\/div>\n\n<div class=\"wp-block-ws-library-ws-columns alignfull has-2-columns are-vertically-aligned-center layout-5050 is-style-background-texture\">\n<div class=\"wp-block-ws-library-ws-column\"><div class=\"wrapper\">\n<div class=\"wp-block-ws-library-ws-image\"><div class=\"wrapper\"><div class=\"group-media\"><img decoding=\"async\" src=\"https:\/\/www.praloup.com\/wp-content\/uploads\/2025\/07\/velo-de-route-col-de-la-cayolle-thomas-bruno-2025-19-900x570.jpg\" alt=\"Col de la Cayolle Road bike Pra Loup Ubaye Mercantour\" class=\"single_image ws-image-11139\"><div class=\"credits\">Tommaso Bruno<\/div><\/div><p class=\"caption\"><\/p><\/div><\/div>\n<\/div><\/div>\n\n\n\n<div class=\"wp-block-ws-library-ws-column\"><div class=\"wrapper\">\n<div class=\"wp-block-ws-library-ws-title\"><h3>Un&#8217;area <strong>100% ciclabile<\/strong><\/h3><\/div>\n\n\n\n<p>Oltre alle infrastrutture, <strong>Pra Loup fa parte di una valle completamente aperta al ciclismo<\/strong>. Attraverso il Brevet des 7 Cols, eventi estivi, soggiorni sportivi e la comunit\u00e0 locale, il resort afferma la sua cultura ciclistica.   <strong>Oltre 4.000 km di strade e sentieri attraversano il territorio di Ubaye.<\/strong><\/p>\n\n\n\n<p>Tra passi, foreste, creste e sentieri pastorali, ogni percorso offre una vista diversa della montagna. Gli amanti dell&#8217;adrenalina saranno serviti:<strong> qui, impegno e bellezza vanno sempre di pari passo.<\/strong> <\/p>\n<\/div><\/div>\n<\/div>\n\n<div class=\"wp-block-ws-library-ws-title\"><h3>Appassionato di ciclismo?  <\/h3><\/div>\n\n<p>Pra Loup non si accontenta del ciclismo su strada. \u00c8 anche una <strong>meta famosa per il mountain bike<\/strong>. Il suo moderno e ben attrezzato Bike Park offre cinque sentieri in discesa con una differenza di quota di 550 m e una lunghezza fino a 5,5 km. Accoglie tutti i profili: principianti, appassionati di tecnica, esperti di discesa.   <\/p>\n\n<p>Ma l&#8217;impegno del resort non si ferma qui. Nel 2021, Pra Loup ha ospitato i <strong>Campionati Mondiali UCI Masters di Mountain Bike<\/strong>, confermando il suo status di roccaforte della mountain bike. <\/p>\n\n<p><strong>Le possibilit\u00e0 sono numerose <\/strong>: percorsi di corsa campestre, sentieri forestali, anelli alpini&#8230; Tutti gli stili trovano il loro posto, tra tecnicalit\u00e0, bellezza dei paesaggi e variet\u00e0 di terreni. <\/p>\n<div class=\"wp-block-ws-library-ws-list-content\"><div class=\"list-items\"><div class=\"item\"><div class=\"card \"><div class=\"group-media\"><div class=\"field-image\"><img loading=\"lazy\" decoding=\"async\" width=\"337\" height=\"475\" src=\"https:\/\/www.praloup.com\/wp-content\/uploads\/2025\/07\/img-0156-337x475.jpg\" class=\"winter all-seasons wp-post-image\" alt=\"\" data-season=\"all-seasons\" \/><\/div><\/div><div class=\"group-content\"><h3 class=\"field-title\">Bike Park de Pra Loup<\/h3><\/div><div class=\"field-link\"><a href=\"https:\/\/www.praloup.com\/it\/attivita\/terreno-avventura\/bike-park-de-pra-loup\/\" class=\"cardlink\">Bike Park de Pra Loup<\/a><\/div><\/div><\/div><div class=\"item\"><div class=\"card \"><div class=\"group-media\"><div class=\"field-image\"><img loading=\"lazy\" decoding=\"async\" width=\"337\" height=\"475\" src=\"https:\/\/www.praloup.com\/wp-content\/uploads\/2025\/07\/vtt-gimette-thomas-bruno-2025-81-337x475.jpg\" class=\"winter all-seasons wp-post-image\" alt=\"\" data-season=\"all-seasons\" \/><\/div><\/div><div class=\"group-content\"><h3 class=\"field-title\">Mountain bike nei dintorni di Pra Loup<\/h3><\/div><div class=\"field-link\"><a href=\"https:\/\/www.praloup.com\/it\/100-naturale\/in-mountain-bike-nei-dintorni-di-pra-loup\/\" class=\"cardlink\">Mountain bike nei dintorni di Pra Loup<\/a><\/div><\/div><\/div><div class=\"item\"><div class=\"card \"><div class=\"group-media\"><div class=\"field-image\"><img loading=\"lazy\" decoding=\"async\" width=\"337\" height=\"475\" src=\"https:\/\/www.praloup.com\/wp-content\/uploads\/2025\/05\/pra-loup-alpesphotographiescom-70-337x475.jpg\" class=\"winter wp-post-image\" alt=\"Magasin Pra Loup Ubaye\" data-season=\"winter\" \/><img loading=\"lazy\" decoding=\"async\" width=\"337\" height=\"475\" src=\"https:\/\/www.praloup.com\/wp-content\/uploads\/2025\/07\/front-de-pistes-ut-brendan-le-peru-2-scaled-337x475.jpg\" class=\"vivaldi-thumb summer\" alt=\"Front de pistes Pra Loup Mercantour\" data-season=\"summer\" \/><\/div><\/div><div class=\"group-content\"><h3 class=\"field-title\">Noleggio e acquisto di attrezzature sportive<\/h3><\/div><div class=\"field-link\"><a href=\"https:\/\/www.praloup.com\/it\/negozi-ristoranti\/negozi\/noleggio-e-acquisto-di-attrezzature-sportive\/\" class=\"cardlink\">Noleggio e acquisto di attrezzature sportive<\/a><\/div><\/div><\/div><\/div><\/div>\n<div class=\"wp-block-ws-library-ws-share\"><span class=\"share-subtitle\">Ti \u00e8 piaciuta questa pagina?<\/span><span class=\"share-title\">Condividilo!<\/span><button class=\"ws-share-button wp-element-button\">Condividi questa pagina<\/button><\/div>\n","protected":false},"excerpt":{"rendered":"<p>Scala i mitici passi intorno a Pra Loup e pedala nel cuore delle Alpi. Sfide leggendarie e paesaggi mozzafiato sono per voi! <\/p>\n","protected":false},"author":2,"featured_media":11159,"parent":1184,"menu_order":0,"comment_status":"closed","ping_status":"closed","template":"","meta":{"_thumbnail_id_2":0,"summer_excerpt":"","season":"","menu_page_1":"","menu_page_2":"","footnotes":""},"class_list":["post-13710","page","type-page","status-publish","has-post-thumbnail","hentry"],"yoast_head":"<!-- This site is optimized with the Yoast SEO plugin v27.5 - https:\/\/yoast.com\/product\/yoast-seo-wordpress\/ -->\n<title>Cicloturismo e passi alpini - Pra Loup - Office de Tourisme<\/title>\n<meta name=\"description\" content=\"Affronta i grandi valichi alpini in modalit\u00e0 cicloturismo intorno a Pra Loup. Itinerari mitici, paesaggi grandiosi e sfide \u00e0 la carte!\" \/>\n<meta name=\"robots\" content=\"index, follow, max-snippet:-1, max-image-preview:large, max-video-preview:-1\" \/>\n<link rel=\"canonical\" href=\"https:\/\/www.praloup.com\/it\/attivita\/cicloturismo-e-grandi-passi-alpini\/\" \/>\n<meta property=\"og:locale\" content=\"it_IT\" \/>\n<meta property=\"og:type\" content=\"article\" \/>\n<meta property=\"og:title\" content=\"Cicloturismo e passi alpini - Pra Loup - Office de Tourisme\" \/>\n<meta property=\"og:description\" content=\"Affronta i grandi valichi alpini in modalit\u00e0 cicloturismo intorno a Pra Loup. Itinerari mitici, paesaggi grandiosi e sfide \u00e0 la carte!\" \/>\n<meta property=\"og:url\" content=\"https:\/\/www.praloup.com\/it\/attivita\/cicloturismo-e-grandi-passi-alpini\/\" \/>\n<meta property=\"og:site_name\" content=\"Pra Loup - Office de Tourisme\" \/>\n<meta property=\"article:publisher\" content=\"https:\/\/www.facebook.com\/praloup\" \/>\n<meta property=\"article:modified_time\" content=\"2026-04-01T11:17:29+00:00\" \/>\n<meta property=\"og:image\" content=\"https:\/\/www.praloup.com\/wp-content\/uploads\/2025\/07\/velo-de-route-col-de-la-cayolle-thomas-bruno-2025-51-scaled.jpg\" \/>\n\t<meta property=\"og:image:width\" content=\"2560\" \/>\n\t<meta property=\"og:image:height\" content=\"1707\" \/>\n\t<meta property=\"og:image:type\" content=\"image\/jpeg\" \/>\n<meta name=\"twitter:card\" content=\"summary_large_image\" \/>\n<meta name=\"twitter:label1\" content=\"Tempo di lettura stimato\" \/>\n\t<meta name=\"twitter:data1\" content=\"2 minuti\" \/>\n<script type=\"application\/ld+json\" class=\"yoast-schema-graph\">{\"@context\":\"https:\\\/\\\/schema.org\",\"@graph\":[{\"@type\":\"WebPage\",\"@id\":\"https:\\\/\\\/www.praloup.com\\\/it\\\/attivita\\\/cicloturismo-e-grandi-passi-alpini\\\/\",\"url\":\"https:\\\/\\\/www.praloup.com\\\/it\\\/attivita\\\/cicloturismo-e-grandi-passi-alpini\\\/\",\"name\":\"Cicloturismo e passi alpini - Pra Loup - Office de Tourisme\",\"isPartOf\":{\"@id\":\"https:\\\/\\\/www.praloup.com\\\/it\\\/#website\"},\"primaryImageOfPage\":{\"@id\":\"https:\\\/\\\/www.praloup.com\\\/it\\\/attivita\\\/cicloturismo-e-grandi-passi-alpini\\\/#primaryimage\"},\"image\":{\"@id\":\"https:\\\/\\\/www.praloup.com\\\/it\\\/attivita\\\/cicloturismo-e-grandi-passi-alpini\\\/#primaryimage\"},\"thumbnailUrl\":\"https:\\\/\\\/www.praloup.com\\\/wp-content\\\/uploads\\\/2025\\\/07\\\/velo-de-route-col-de-la-cayolle-thomas-bruno-2025-51-scaled.jpg\",\"datePublished\":\"2025-07-22T11:55:10+00:00\",\"dateModified\":\"2026-04-01T11:17:29+00:00\",\"description\":\"Affronta i grandi valichi alpini in modalit\u00e0 cicloturismo intorno a Pra Loup. Itinerari mitici, paesaggi grandiosi e sfide \u00e0 la carte!\",\"breadcrumb\":{\"@id\":\"https:\\\/\\\/www.praloup.com\\\/it\\\/attivita\\\/cicloturismo-e-grandi-passi-alpini\\\/#breadcrumb\"},\"inLanguage\":\"it-IT\",\"potentialAction\":[{\"@type\":\"ReadAction\",\"target\":[\"https:\\\/\\\/www.praloup.com\\\/it\\\/attivita\\\/cicloturismo-e-grandi-passi-alpini\\\/\"]}]},{\"@type\":\"ImageObject\",\"inLanguage\":\"it-IT\",\"@id\":\"https:\\\/\\\/www.praloup.com\\\/it\\\/attivita\\\/cicloturismo-e-grandi-passi-alpini\\\/#primaryimage\",\"url\":\"https:\\\/\\\/www.praloup.com\\\/wp-content\\\/uploads\\\/2025\\\/07\\\/velo-de-route-col-de-la-cayolle-thomas-bruno-2025-51-scaled.jpg\",\"contentUrl\":\"https:\\\/\\\/www.praloup.com\\\/wp-content\\\/uploads\\\/2025\\\/07\\\/velo-de-route-col-de-la-cayolle-thomas-bruno-2025-51-scaled.jpg\",\"width\":2560,\"height\":1707,\"caption\":\"Thomas Bruno\"},{\"@type\":\"BreadcrumbList\",\"@id\":\"https:\\\/\\\/www.praloup.com\\\/it\\\/attivita\\\/cicloturismo-e-grandi-passi-alpini\\\/#breadcrumb\",\"itemListElement\":[{\"@type\":\"ListItem\",\"position\":1,\"name\":\"Accueil\",\"item\":\"https:\\\/\\\/www.praloup.com\\\/it\\\/pra-loup-lesperienza-sciistica-alle-porte-del-parco-nazionale-del-mercantour\\\/\"},{\"@type\":\"ListItem\",\"position\":2,\"name\":\"Attivit\u00e0\",\"item\":\"https:\\\/\\\/www.praloup.com\\\/it\\\/attivita\\\/\"},{\"@type\":\"ListItem\",\"position\":3,\"name\":\"Cicloturismo e passi alpini\"}]},{\"@type\":\"WebSite\",\"@id\":\"https:\\\/\\\/www.praloup.com\\\/it\\\/#website\",\"url\":\"https:\\\/\\\/www.praloup.com\\\/it\\\/\",\"name\":\"Praloup - Office de Tourisme\",\"description\":\"\",\"publisher\":{\"@id\":\"https:\\\/\\\/www.praloup.com\\\/it\\\/#organization\"},\"potentialAction\":[{\"@type\":\"SearchAction\",\"target\":{\"@type\":\"EntryPoint\",\"urlTemplate\":\"https:\\\/\\\/www.praloup.com\\\/it\\\/?s={search_term_string}\"},\"query-input\":{\"@type\":\"PropertyValueSpecification\",\"valueRequired\":true,\"valueName\":\"search_term_string\"}}],\"inLanguage\":\"it-IT\"},{\"@type\":\"Organization\",\"@id\":\"https:\\\/\\\/www.praloup.com\\\/it\\\/#organization\",\"name\":\"Praloup - Office de Tourisme\",\"url\":\"https:\\\/\\\/www.praloup.com\\\/it\\\/\",\"logo\":{\"@type\":\"ImageObject\",\"inLanguage\":\"it-IT\",\"@id\":\"https:\\\/\\\/www.praloup.com\\\/it\\\/#\\\/schema\\\/logo\\\/image\\\/\",\"url\":\"https:\\\/\\\/www.praloup.com\\\/wp-content\\\/uploads\\\/2025\\\/05\\\/praloup-logo.svg\",\"contentUrl\":\"https:\\\/\\\/www.praloup.com\\\/wp-content\\\/uploads\\\/2025\\\/05\\\/praloup-logo.svg\",\"width\":1,\"height\":1,\"caption\":\"Praloup - Office de Tourisme\"},\"image\":{\"@id\":\"https:\\\/\\\/www.praloup.com\\\/it\\\/#\\\/schema\\\/logo\\\/image\\\/\"},\"sameAs\":[\"https:\\\/\\\/www.facebook.com\\\/praloup\",\"https:\\\/\\\/www.linkedin.com\\\/company\\\/praloup\\\/\",\"https:\\\/\\\/www.instagram.com\\\/pra_loup\\\/\"]}]}<\/script>\n<!-- \/ Yoast SEO plugin. -->","yoast_head_json":{"title":"Cicloturismo e passi alpini - Pra Loup - Office de Tourisme","description":"Affronta i grandi valichi alpini in modalit\u00e0 cicloturismo intorno a Pra Loup. Itinerari mitici, paesaggi grandiosi e sfide \u00e0 la carte!","robots":{"index":"index","follow":"follow","max-snippet":"max-snippet:-1","max-image-preview":"max-image-preview:large","max-video-preview":"max-video-preview:-1"},"canonical":"https:\/\/www.praloup.com\/it\/attivita\/cicloturismo-e-grandi-passi-alpini\/","og_locale":"it_IT","og_type":"article","og_title":"Cicloturismo e passi alpini - Pra Loup - Office de Tourisme","og_description":"Affronta i grandi valichi alpini in modalit\u00e0 cicloturismo intorno a Pra Loup. Itinerari mitici, paesaggi grandiosi e sfide \u00e0 la carte!","og_url":"https:\/\/www.praloup.com\/it\/attivita\/cicloturismo-e-grandi-passi-alpini\/","og_site_name":"Pra Loup - Office de Tourisme","article_publisher":"https:\/\/www.facebook.com\/praloup","article_modified_time":"2026-04-01T11:17:29+00:00","og_image":[{"width":2560,"height":1707,"url":"https:\/\/www.praloup.com\/wp-content\/uploads\/2025\/07\/velo-de-route-col-de-la-cayolle-thomas-bruno-2025-51-scaled.jpg","type":"image\/jpeg"}],"twitter_card":"summary_large_image","twitter_misc":{"Tempo di lettura stimato":"2 minuti"},"schema":{"@context":"https:\/\/schema.org","@graph":[{"@type":"WebPage","@id":"https:\/\/www.praloup.com\/it\/attivita\/cicloturismo-e-grandi-passi-alpini\/","url":"https:\/\/www.praloup.com\/it\/attivita\/cicloturismo-e-grandi-passi-alpini\/","name":"Cicloturismo e passi alpini - Pra Loup - Office de Tourisme","isPartOf":{"@id":"https:\/\/www.praloup.com\/it\/#website"},"primaryImageOfPage":{"@id":"https:\/\/www.praloup.com\/it\/attivita\/cicloturismo-e-grandi-passi-alpini\/#primaryimage"},"image":{"@id":"https:\/\/www.praloup.com\/it\/attivita\/cicloturismo-e-grandi-passi-alpini\/#primaryimage"},"thumbnailUrl":"https:\/\/www.praloup.com\/wp-content\/uploads\/2025\/07\/velo-de-route-col-de-la-cayolle-thomas-bruno-2025-51-scaled.jpg","datePublished":"2025-07-22T11:55:10+00:00","dateModified":"2026-04-01T11:17:29+00:00","description":"Affronta i grandi valichi alpini in modalit\u00e0 cicloturismo intorno a Pra Loup. Itinerari mitici, paesaggi grandiosi e sfide \u00e0 la carte!","breadcrumb":{"@id":"https:\/\/www.praloup.com\/it\/attivita\/cicloturismo-e-grandi-passi-alpini\/#breadcrumb"},"inLanguage":"it-IT","potentialAction":[{"@type":"ReadAction","target":["https:\/\/www.praloup.com\/it\/attivita\/cicloturismo-e-grandi-passi-alpini\/"]}]},{"@type":"ImageObject","inLanguage":"it-IT","@id":"https:\/\/www.praloup.com\/it\/attivita\/cicloturismo-e-grandi-passi-alpini\/#primaryimage","url":"https:\/\/www.praloup.com\/wp-content\/uploads\/2025\/07\/velo-de-route-col-de-la-cayolle-thomas-bruno-2025-51-scaled.jpg","contentUrl":"https:\/\/www.praloup.com\/wp-content\/uploads\/2025\/07\/velo-de-route-col-de-la-cayolle-thomas-bruno-2025-51-scaled.jpg","width":2560,"height":1707,"caption":"Thomas Bruno"},{"@type":"BreadcrumbList","@id":"https:\/\/www.praloup.com\/it\/attivita\/cicloturismo-e-grandi-passi-alpini\/#breadcrumb","itemListElement":[{"@type":"ListItem","position":1,"name":"Accueil","item":"https:\/\/www.praloup.com\/it\/pra-loup-lesperienza-sciistica-alle-porte-del-parco-nazionale-del-mercantour\/"},{"@type":"ListItem","position":2,"name":"Attivit\u00e0","item":"https:\/\/www.praloup.com\/it\/attivita\/"},{"@type":"ListItem","position":3,"name":"Cicloturismo e passi alpini"}]},{"@type":"WebSite","@id":"https:\/\/www.praloup.com\/it\/#website","url":"https:\/\/www.praloup.com\/it\/","name":"Praloup - Office de Tourisme","description":"","publisher":{"@id":"https:\/\/www.praloup.com\/it\/#organization"},"potentialAction":[{"@type":"SearchAction","target":{"@type":"EntryPoint","urlTemplate":"https:\/\/www.praloup.com\/it\/?s={search_term_string}"},"query-input":{"@type":"PropertyValueSpecification","valueRequired":true,"valueName":"search_term_string"}}],"inLanguage":"it-IT"},{"@type":"Organization","@id":"https:\/\/www.praloup.com\/it\/#organization","name":"Praloup - Office de Tourisme","url":"https:\/\/www.praloup.com\/it\/","logo":{"@type":"ImageObject","inLanguage":"it-IT","@id":"https:\/\/www.praloup.com\/it\/#\/schema\/logo\/image\/","url":"https:\/\/www.praloup.com\/wp-content\/uploads\/2025\/05\/praloup-logo.svg","contentUrl":"https:\/\/www.praloup.com\/wp-content\/uploads\/2025\/05\/praloup-logo.svg","width":1,"height":1,"caption":"Praloup - Office de Tourisme"},"image":{"@id":"https:\/\/www.praloup.com\/it\/#\/schema\/logo\/image\/"},"sameAs":["https:\/\/www.facebook.com\/praloup","https:\/\/www.linkedin.com\/company\/praloup\/","https:\/\/www.instagram.com\/pra_loup\/"]}]}},"_links":{"self":[{"href":"https:\/\/www.praloup.com\/it\/wp-json\/wp\/v2\/pages\/13710","targetHints":{"allow":["GET"]}}],"collection":[{"href":"https:\/\/www.praloup.com\/it\/wp-json\/wp\/v2\/pages"}],"about":[{"href":"https:\/\/www.praloup.com\/it\/wp-json\/wp\/v2\/types\/page"}],"author":[{"embeddable":true,"href":"https:\/\/www.praloup.com\/it\/wp-json\/wp\/v2\/users\/2"}],"replies":[{"embeddable":true,"href":"https:\/\/www.praloup.com\/it\/wp-json\/wp\/v2\/comments?post=13710"}],"version-history":[{"count":2,"href":"https:\/\/www.praloup.com\/it\/wp-json\/wp\/v2\/pages\/13710\/revisions"}],"predecessor-version":[{"id":38583,"href":"https:\/\/www.praloup.com\/it\/wp-json\/wp\/v2\/pages\/13710\/revisions\/38583"}],"up":[{"embeddable":true,"href":"https:\/\/www.praloup.com\/it\/wp-json\/wp\/v2\/pages\/1184"}],"wp:featuredmedia":[{"embeddable":true,"href":"https:\/\/www.praloup.com\/it\/wp-json\/wp\/v2\/media\/11159"}],"wp:attachment":[{"href":"https:\/\/www.praloup.com\/it\/wp-json\/wp\/v2\/media?parent=13710"}],"curies":[{"name":"wp","href":"https:\/\/api.w.org\/{rel}","templated":true}]}}