{"id":13705,"date":"2025-07-22T11:49:37","date_gmt":"2025-07-22T09:49:37","guid":{"rendered":"https:\/\/www.praloup.com\/il-know-how-di-pralope\/"},"modified":"2026-03-17T13:07:13","modified_gmt":"2026-03-17T12:07:13","slug":"il-know-how-di-pralope","status":"publish","type":"page","link":"https:\/\/www.praloup.com\/it\/il-know-how-di-pralope\/","title":{"rendered":"Il know-how di Pralope"},"content":{"rendered":"\n<div class=\"wp-block-ws-library-ws-header-interne alignfull\"><div class=\"header-container\"><div class=\"group-media has-image\"><img loading=\"lazy\" decoding=\"async\" width=\"1920\" height=\"640\" src=\"https:\/\/www.praloup.com\/wp-content\/uploads\/2026\/02\/pra-loup-alpesphotographiescom-11-1920x640.jpg\" alt=\"\" class=\"image_large_square wp-image-34074 \"\/><\/div><div class=\"group-content\"><div class=\"title\"><h1>Il know-how di Pralope<br><\/h1><\/div><\/div><\/div><div class=\"yoast-breadcrumbs\"><span><span><a href=\"https:\/\/www.praloup.com\/it\/pra-loup-lesperienza-sciistica-alle-porte-del-parco-nazionale-del-mercantour\/\">Accueil<\/a><\/span>  <span class=\"breadcrumb_last\" aria-current=\"page\">Il know-how di Pralope<\/span><\/span><\/div><\/div>\n\n<p>Pra Loup e la sua valle non vivono solo al ritmo delle stagioni sciistiche o delle piste estive. Qui <strong>la montagna pu\u00f2 essere gustata, condivisa e inventata quotidianamente<\/strong> grazie a donne e uomini che hanno scelto di creare, trasformare e trasmettere. Il loro know-how \u00e8 radicato ma vivo. Autentico, ma che guarda al futuro.   <\/p>\n\n<p>Attraverso tre ritratti, scopri questa <strong>energia artigianale unica<\/strong>, nata dalla passione, dalla natura locale e dallo spirito dell&#8217;altitudine.<\/p>\n\n<div class=\"wp-block-ws-library-ws-columns alignfull has-2-columns are-vertically-aligned-center layout-5050\" data-season=\"allseasons\">\n<div class=\"wp-block-ws-library-ws-column\"><div class=\"wrapper\">\n<div class=\"wp-block-ws-library-ws-title\"><h2>Les Gaillardises de <strong>l&#8217;Ubaye L&#8217;arte della marmellata a Bayasse<\/strong><\/h2><\/div>\n\n\n\n<p>In fondo alla valle della Bayasse, a due passi dagli ampi spazi aperti del Parco Nazionale del Mercantour, si annida una straordinaria bottega: quella di <strong>B\u00e9atrice Bellon<\/strong>, marmellatrice e artigiana del gusto. A 1.800 metri di altitudine, realizza marmellate eccezionali, premiate a livello internazionale, in un piccolo borgo collinare dove l&#8217;aria \u00e8 pura e il tempo sembra essersi fermato. <\/p>\n\n\n\n<p>Dal 2014, B\u00e9atrice cucina a mano, in un paiolo di rame, ricette originali che sublimano i frutti del territorio. Il suo credo: <strong>rispetto delle stagioni, delle variet\u00e0 e del gusto crudo<\/strong>, senza aromi aggiunti o compromessi. Fragola-menta, pesca con pepe di Sichuan, cioccolato fondente al lampone o gelatina di germogli di larice&#8230; Ogni barattolo \u00e8 una firma, un souvenir di montagna in scatola.  <\/p>\n\n\n\n<p>Pi\u00f9 che una jam, \u00e8 una filosofia. Nella fattoria, offre anche un <strong>bar di marmellata<\/strong>, dove si possono gustare generosi toast, sciroppi fatti in casa e mousse di frutta calda mentre si contemplano le vette. Un&#8217;esperienza a s\u00e9 stante.  <\/p>\n\n\n\n<p>Les Gaillardises de l&#8217;Ubaye incarna <strong>un know-how locale, creativo e rispettoso<\/strong>, da scoprire assolutamente durante una visita a Bayasse o al mercato della Barcelonnette.<\/p>\n\n\n\n<div class=\"wp-block-ws-library-ws-button has-text-align-left is-style-2\"><a href=\"https:\/\/www.praloup.com\/it\/il-know-how-di-pralope\/i-gaillardises-dellubaye\/\" class=\"wp-block-button__link wp-element-button btn\">  Scoprire  <\/a><\/div>\n<\/div><\/div>\n\n\n\n<div class=\"wp-block-ws-library-ws-column\"><div class=\"wrapper\">\n<div class=\"wp-block-ws-library-ws-image\"><div class=\"wrapper\"><div class=\"group-media\"><img decoding=\"async\" src=\"https:\/\/www.praloup.com\/wp-content\/uploads\/2026\/02\/pra-loup-alpesphotographiescom-15-900x570.jpg\" alt=\"\" class=\"single_image ws-image-34096\"><div class=\"credits\">Fotografie delle Alpi  <\/div><\/div><p class=\"caption\"><\/p><\/div><\/div>\n<\/div><\/div>\n<\/div>\n\n<div class=\"wp-block-ws-library-ws-columns alignfull has-2-columns are-vertically-aligned-center layout-5050\">\n<div class=\"wp-block-ws-library-ws-column\"><div class=\"wrapper\">\n<div class=\"wp-block-ws-library-ws-image\"><div class=\"wrapper\"><div class=\"group-media\"><img decoding=\"async\" src=\"https:\/\/www.praloup.com\/wp-content\/uploads\/2026\/02\/dsc-9688-900x570.jpg\" alt=\"\" class=\"single_image ws-image-34089\"><div class=\"credits\">Audrey Measson<\/div><\/div><p class=\"caption\"><\/p><\/div><\/div>\n<\/div><\/div>\n\n\n\n<div class=\"wp-block-ws-library-ws-column\"><div class=\"wrapper\">\n<div class=\"wp-block-ws-library-ws-title\"><h2>  Pane bayasse, <strong>la storia di una passione nel cuore degli Ubaye<\/strong><\/h2><\/div>\n\n\n\n<p>Nato nel 1994 dalla passione di Fabrice Gendron per Bayasse e i suoi paesaggi, il Pain de Bayasse \u00e8 soprattutto un&#8217;avventura umana. Formatosi in Savoia, trasform\u00f2 la casa di famiglia in una panetteria e trasform\u00f2 questo luogo ad alta quota uno spazio dove il pane divenne tradizione e arte di vivere. Nel 1996, C\u00e9dric Monasse si un\u00ec all&#8217;avventura dopo una laurea in elettronica. Insieme a Fabrice, impar\u00f2 i gesti e i segreti per preparare un pane che oggi \u00e8 emblematico della valle.   <\/p>\n\n\n\n<p>Nel 2010, quando la panetteria e la fattoria del diciassettesimo secolo furono messe in vendita, C\u00e9dric e la sua compagna St\u00e9phanie presero in mano il testimone. Dopo un periodo professionale nel settore delle costruzioni, C\u00e9dric torn\u00f2 alla sua prima vocazione. Insieme, si formarono per la panetteria CAP e riportarono in vita questo luogo, intriso di storia, fedele all&#8217;insegnamento trasmesso sul posto.  <\/p>\n\n\n\n<p>Il pain de Bayasse si basa su una ricetta semplice \u2014 farina, acqua, lievitazione naturale naturale e sale \u2014 ma richiede pazienza e precisione. Il lievito madre, preparato settimanalmente da un pezzo di impasto conservato nella segale, viene nutrito a lungo prima di cuocere. La farina biologica, proveniente dal mulino Pichard di Malijai, combina segale, grano e farro. Cuocere su un fuoco a legna, direttamente a contatto con la fiamma, conferisce al pane il suo sapore unico e la sua crosta caratteristica.   <\/p>\n\n\n\n<p>A Bayasse, il ritmo dipende dalle stagioni e dal tempo. Possono volerci diverse ore per riscaldare il forno e preparare i lotti, fino a cinque al giorno in estate. Tra strade coperte di neve, cambiamenti climatici e rispetto per i cicli naturali, ogni lotto \u00e8 un adattamento alle montagne.  <\/p>\n\n\n\n<p>Grazie alla sua densa bridiola, il Pain de Bayasse pu\u00f2 essere conservato per circa una settimana o addirittura un mese in buone condizioni \u2014 una risorsa preziosa per escursionisti e amanti dei prodotti locali.<\/p>\n\n\n\n<p>Da pi\u00f9 di 16 anni, C\u00e9dric e St\u00e9phanie accolgono visitatori e clienti abituali nella loro panetteria e bed and breakfast, offrendo una tappa gourmet sulla strada verso il Col de la Cayolle. Una variet\u00e0 di pani, prodotti locali (pat\u00e9, formaggi, miele) e persino birra artigianale fatta con cibo invenduto testimoniano un impegno autentico e anti-spreco. <\/p>\n\n\n\n<p>Presenti ogni sabato al mercato Barcelonnette e il mercoled\u00ec durante le festivit\u00e0 di Marsiglia, coltivano un rapporto fedele con i loro clienti. In ogni condizione atmosferica, il Pain de Bayasse rimane un simbolo di perseveranza, conoscenza e attaccamento alle montagne Ubayan. <\/p>\n<\/div><\/div>\n<\/div>\n\n<div class=\"wp-block-ws-library-ws-columns alignfull has-2-columns are-vertically-aligned-center layout-5050\" data-season=\"allseasons\">\n<div class=\"wp-block-ws-library-ws-column\"><div class=\"wrapper\">\n<div class=\"wp-block-ws-library-ws-title\" data-season=\"allseasons\"><h2>&nbsp;L\u00d8\u00dc<strong>La birra di montagna che frizza a Pra Loup<\/strong> <\/h2><\/div>\n\n\n\n<p>Nel cuore di Pra Loup, a un&#8217;altitudine di 1.596 metri, il birrificio artigianale<strong> L\u00d8\u00dc <\/strong>sta dando nuova vita al know-how locale. Installata in una casa familiare trasformata in un microbirrificio, d\u00e0 origine <strong>a birre di montagna prodotte a mano, in piccole quantit\u00e0, con acqua pura proveniente dalle cime<\/strong>. Un luogo su scala umana, dove autenticit\u00e0, standard elevati e passione si incontrano.  <\/p>\n\n\n\n<p>Dietro <strong>L\u00d8\u00dc<\/strong> ci sono <strong>Estelle David<\/strong>, microbiologa appassionata di fermentazione, <strong>e Ken Boeri<\/strong>, istruttore di sci di Pra Loup. Insieme, immaginavano una birra che riflettesse il loro territorio: sincera, vivace e profondamente radicata nel resort. Dopo diversi anni di test, messa a punto e messa a punto, <strong>lancieranno ufficialmente la loro produzione nel 2024<\/strong>, con il desiderio dichiarato di <strong>offrire una birra 100% locale, artigianale e amichevole<\/strong>.  <\/p>\n\n\n\n<p>Dalla frantumazione alla fermentazione, fino all&#8217;imbottigliamento, ogni passaggio viene eseguito con cura nella loro officina posata. Le ricette, originali e ispirate al mondo delle montagne, riflettono il loro desiderio di dare vita a Pra Loup tutto l&#8217;anno attraverso un <strong>prodotto di identit\u00e0, generosit\u00e0 e qualit\u00e0<\/strong>. <\/p>\n\n\n\n<p>Pi\u00f9 di una birra,<strong> L\u00d8\u00dc <\/strong>incarna uno stato mentale: quello di una montagna creativa, abitata e autentica, dove le iniziative locali partecipano pienamente all&#8217;anima del territorio. Una grande scoperta per estendere l&#8217;esperienza di Pra Loup, tra convivialit\u00e0, condivisione e conoscenza. <\/p>\n<\/div><\/div>\n\n\n\n<div class=\"wp-block-ws-library-ws-column\"><div class=\"wrapper\">\n<div class=\"wp-block-ws-library-ws-image\" data-season=\"allseasons\"><div class=\"wrapper\"><div class=\"group-media\"><img decoding=\"async\" src=\"https:\/\/www.praloup.com\/wp-content\/uploads\/2025\/07\/biere-lou-amandine-bonnefis-900x570.jpg\" alt=\"\" class=\"single_image ws-image-10087\"><div class=\"credits\"><\/div><\/div><p class=\"caption\"><\/p><\/div><\/div>\n<\/div><\/div>\n<\/div>\n\n<div class=\"wp-block-ws-library-ws-columns alignfull has-2-columns are-vertically-aligned-center layout-5050\" data-season=\"winter\">\n<div class=\"wp-block-ws-library-ws-column\"><div class=\"wrapper\">\n<div class=\"wp-block-ws-library-ws-image\" data-season=\"winter\"><div class=\"wrapper\"><div class=\"group-media\"><img decoding=\"async\" src=\"https:\/\/www.praloup.com\/wp-content\/uploads\/2026\/02\/frite-omanu-thomas-bruno-otpl-2026-48-900x570.jpg\" alt=\"\" class=\"single_image ws-image-34086\"><div class=\"credits\">Tommaso Bruno<\/div><\/div><p class=\"caption\"><\/p><\/div><\/div>\n<\/div><\/div>\n\n\n\n<div class=\"wp-block-ws-library-ws-column\"><div class=\"wrapper\">\n<div class=\"wp-block-ws-library-ws-title\" data-season=\"winter\"><h2>&nbsp;<strong>Una storia che va alla patata<\/strong> <\/h2><\/div>\n\n\n\n<p data-season=\"winter\">Situata sul bordo del <strong>pendio blu di Peguieou<\/strong>, scopri l&#8217;indirizzo dove le patatine sono davvero locali: a <strong>Omanu<\/strong>, le <strong>patate provengono dall&#8217;orto del proprietario<\/strong>, nella valle. Circa 300 kg di semi vengono piantati su 2.800 m\u00b2, per un raccolto di circa 3 tonnellate. E prima di arrivare al piatto, tutto viene preparato sul posto, in quota: <strong>smistamento, taglia, cottura&#8230; Nessuna deviazione<\/strong>.  <\/p>\n<\/div><\/div>\n<\/div>\n\n<p><\/p>\n","protected":false},"excerpt":{"rendered":"<p>Qui facciamo bene, facciamo bene e lo facciamo con il cuore. Vieni a conoscere chi Pra Loup lo plasma quotidianamente, tra tradizione e passione. <\/p>\n","protected":false},"author":3,"featured_media":34098,"parent":0,"menu_order":0,"comment_status":"closed","ping_status":"closed","template":"","meta":{"_thumbnail_id_2":34074,"summer_excerpt":"","season":"","menu_page_1":"","menu_page_2":"","footnotes":""},"class_list":["post-13705","page","type-page","status-publish","has-post-thumbnail","hentry"],"yoast_head":"<!-- This site is optimized with the Yoast SEO plugin v27.5 - https:\/\/yoast.com\/product\/yoast-seo-wordpress\/ -->\n<title>Il know-how di Pralope - Pra Loup - Office de Tourisme<\/title>\n<meta name=\"description\" content=\"A Pra Loup, artigiani e appassionati fanno vivere la montagna in un modo diverso. Marmellate, ravioli, saper fare... Scopri talenti radicati e stimolanti.\" \/>\n<meta name=\"robots\" content=\"index, follow, max-snippet:-1, max-image-preview:large, max-video-preview:-1\" \/>\n<link rel=\"canonical\" href=\"https:\/\/www.praloup.com\/it\/il-know-how-di-pralope\/\" \/>\n<meta property=\"og:locale\" content=\"it_IT\" \/>\n<meta property=\"og:type\" content=\"article\" \/>\n<meta property=\"og:title\" content=\"Il know-how di Pralope - Pra Loup - Office de Tourisme\" \/>\n<meta property=\"og:description\" content=\"A Pra Loup, artigiani e appassionati fanno vivere la montagna in un modo diverso. Marmellate, ravioli, saper fare... Scopri talenti radicati e stimolanti.\" \/>\n<meta property=\"og:url\" content=\"https:\/\/www.praloup.com\/it\/il-know-how-di-pralope\/\" \/>\n<meta property=\"og:site_name\" content=\"Pra Loup - Office de Tourisme\" \/>\n<meta property=\"article:publisher\" content=\"https:\/\/www.facebook.com\/praloup\" \/>\n<meta property=\"article:modified_time\" content=\"2026-03-17T12:07:13+00:00\" \/>\n<meta property=\"og:image\" content=\"https:\/\/www.praloup.com\/wp-content\/uploads\/2026\/02\/pra-loup-alpesphotographiescom-15-scaled.jpg\" \/>\n\t<meta property=\"og:image:width\" content=\"2560\" \/>\n\t<meta property=\"og:image:height\" content=\"1708\" \/>\n\t<meta property=\"og:image:type\" content=\"image\/jpeg\" \/>\n<meta name=\"twitter:card\" content=\"summary_large_image\" \/>\n<meta name=\"twitter:label1\" content=\"Tempo di lettura stimato\" \/>\n\t<meta name=\"twitter:data1\" content=\"5 minuti\" \/>\n<script type=\"application\/ld+json\" class=\"yoast-schema-graph\">{\"@context\":\"https:\\\/\\\/schema.org\",\"@graph\":[{\"@type\":\"WebPage\",\"@id\":\"https:\\\/\\\/www.praloup.com\\\/it\\\/il-know-how-di-pralope\\\/\",\"url\":\"https:\\\/\\\/www.praloup.com\\\/it\\\/il-know-how-di-pralope\\\/\",\"name\":\"Il know-how di Pralope - Pra Loup - Office de Tourisme\",\"isPartOf\":{\"@id\":\"https:\\\/\\\/www.praloup.com\\\/it\\\/#website\"},\"primaryImageOfPage\":{\"@id\":\"https:\\\/\\\/www.praloup.com\\\/it\\\/il-know-how-di-pralope\\\/#primaryimage\"},\"image\":{\"@id\":\"https:\\\/\\\/www.praloup.com\\\/it\\\/il-know-how-di-pralope\\\/#primaryimage\"},\"thumbnailUrl\":\"https:\\\/\\\/www.praloup.com\\\/wp-content\\\/uploads\\\/2026\\\/02\\\/pra-loup-alpesphotographiescom-15-scaled.jpg\",\"datePublished\":\"2025-07-22T09:49:37+00:00\",\"dateModified\":\"2026-03-17T12:07:13+00:00\",\"description\":\"A Pra Loup, artigiani e appassionati fanno vivere la montagna in un modo diverso. Marmellate, ravioli, saper fare... Scopri talenti radicati e stimolanti.\",\"breadcrumb\":{\"@id\":\"https:\\\/\\\/www.praloup.com\\\/it\\\/il-know-how-di-pralope\\\/#breadcrumb\"},\"inLanguage\":\"it-IT\",\"potentialAction\":[{\"@type\":\"ReadAction\",\"target\":[\"https:\\\/\\\/www.praloup.com\\\/it\\\/il-know-how-di-pralope\\\/\"]}]},{\"@type\":\"ImageObject\",\"inLanguage\":\"it-IT\",\"@id\":\"https:\\\/\\\/www.praloup.com\\\/it\\\/il-know-how-di-pralope\\\/#primaryimage\",\"url\":\"https:\\\/\\\/www.praloup.com\\\/wp-content\\\/uploads\\\/2026\\\/02\\\/pra-loup-alpesphotographiescom-15-scaled.jpg\",\"contentUrl\":\"https:\\\/\\\/www.praloup.com\\\/wp-content\\\/uploads\\\/2026\\\/02\\\/pra-loup-alpesphotographiescom-15-scaled.jpg\",\"width\":2560,\"height\":1708,\"caption\":\"Alpes photographies\"},{\"@type\":\"BreadcrumbList\",\"@id\":\"https:\\\/\\\/www.praloup.com\\\/it\\\/il-know-how-di-pralope\\\/#breadcrumb\",\"itemListElement\":[{\"@type\":\"ListItem\",\"position\":1,\"name\":\"Accueil\",\"item\":\"https:\\\/\\\/www.praloup.com\\\/it\\\/pra-loup-lesperienza-sciistica-alle-porte-del-parco-nazionale-del-mercantour\\\/\"},{\"@type\":\"ListItem\",\"position\":2,\"name\":\"Il know-how di Pralope\"}]},{\"@type\":\"WebSite\",\"@id\":\"https:\\\/\\\/www.praloup.com\\\/it\\\/#website\",\"url\":\"https:\\\/\\\/www.praloup.com\\\/it\\\/\",\"name\":\"Praloup - Office de Tourisme\",\"description\":\"\",\"publisher\":{\"@id\":\"https:\\\/\\\/www.praloup.com\\\/it\\\/#organization\"},\"potentialAction\":[{\"@type\":\"SearchAction\",\"target\":{\"@type\":\"EntryPoint\",\"urlTemplate\":\"https:\\\/\\\/www.praloup.com\\\/it\\\/?s={search_term_string}\"},\"query-input\":{\"@type\":\"PropertyValueSpecification\",\"valueRequired\":true,\"valueName\":\"search_term_string\"}}],\"inLanguage\":\"it-IT\"},{\"@type\":\"Organization\",\"@id\":\"https:\\\/\\\/www.praloup.com\\\/it\\\/#organization\",\"name\":\"Praloup - Office de Tourisme\",\"url\":\"https:\\\/\\\/www.praloup.com\\\/it\\\/\",\"logo\":{\"@type\":\"ImageObject\",\"inLanguage\":\"it-IT\",\"@id\":\"https:\\\/\\\/www.praloup.com\\\/it\\\/#\\\/schema\\\/logo\\\/image\\\/\",\"url\":\"https:\\\/\\\/www.praloup.com\\\/wp-content\\\/uploads\\\/2025\\\/05\\\/praloup-logo.svg\",\"contentUrl\":\"https:\\\/\\\/www.praloup.com\\\/wp-content\\\/uploads\\\/2025\\\/05\\\/praloup-logo.svg\",\"width\":1,\"height\":1,\"caption\":\"Praloup - Office de Tourisme\"},\"image\":{\"@id\":\"https:\\\/\\\/www.praloup.com\\\/it\\\/#\\\/schema\\\/logo\\\/image\\\/\"},\"sameAs\":[\"https:\\\/\\\/www.facebook.com\\\/praloup\",\"https:\\\/\\\/www.linkedin.com\\\/company\\\/praloup\\\/\",\"https:\\\/\\\/www.instagram.com\\\/pra_loup\\\/\"]}]}<\/script>\n<!-- \/ Yoast SEO plugin. -->","yoast_head_json":{"title":"Il know-how di Pralope - Pra Loup - Office de Tourisme","description":"A Pra Loup, artigiani e appassionati fanno vivere la montagna in un modo diverso. Marmellate, ravioli, saper fare... Scopri talenti radicati e stimolanti.","robots":{"index":"index","follow":"follow","max-snippet":"max-snippet:-1","max-image-preview":"max-image-preview:large","max-video-preview":"max-video-preview:-1"},"canonical":"https:\/\/www.praloup.com\/it\/il-know-how-di-pralope\/","og_locale":"it_IT","og_type":"article","og_title":"Il know-how di Pralope - Pra Loup - Office de Tourisme","og_description":"A Pra Loup, artigiani e appassionati fanno vivere la montagna in un modo diverso. Marmellate, ravioli, saper fare... Scopri talenti radicati e stimolanti.","og_url":"https:\/\/www.praloup.com\/it\/il-know-how-di-pralope\/","og_site_name":"Pra Loup - Office de Tourisme","article_publisher":"https:\/\/www.facebook.com\/praloup","article_modified_time":"2026-03-17T12:07:13+00:00","og_image":[{"width":2560,"height":1708,"url":"https:\/\/www.praloup.com\/wp-content\/uploads\/2026\/02\/pra-loup-alpesphotographiescom-15-scaled.jpg","type":"image\/jpeg"}],"twitter_card":"summary_large_image","twitter_misc":{"Tempo di lettura stimato":"5 minuti"},"schema":{"@context":"https:\/\/schema.org","@graph":[{"@type":"WebPage","@id":"https:\/\/www.praloup.com\/it\/il-know-how-di-pralope\/","url":"https:\/\/www.praloup.com\/it\/il-know-how-di-pralope\/","name":"Il know-how di Pralope - Pra Loup - Office de Tourisme","isPartOf":{"@id":"https:\/\/www.praloup.com\/it\/#website"},"primaryImageOfPage":{"@id":"https:\/\/www.praloup.com\/it\/il-know-how-di-pralope\/#primaryimage"},"image":{"@id":"https:\/\/www.praloup.com\/it\/il-know-how-di-pralope\/#primaryimage"},"thumbnailUrl":"https:\/\/www.praloup.com\/wp-content\/uploads\/2026\/02\/pra-loup-alpesphotographiescom-15-scaled.jpg","datePublished":"2025-07-22T09:49:37+00:00","dateModified":"2026-03-17T12:07:13+00:00","description":"A Pra Loup, artigiani e appassionati fanno vivere la montagna in un modo diverso. Marmellate, ravioli, saper fare... Scopri talenti radicati e stimolanti.","breadcrumb":{"@id":"https:\/\/www.praloup.com\/it\/il-know-how-di-pralope\/#breadcrumb"},"inLanguage":"it-IT","potentialAction":[{"@type":"ReadAction","target":["https:\/\/www.praloup.com\/it\/il-know-how-di-pralope\/"]}]},{"@type":"ImageObject","inLanguage":"it-IT","@id":"https:\/\/www.praloup.com\/it\/il-know-how-di-pralope\/#primaryimage","url":"https:\/\/www.praloup.com\/wp-content\/uploads\/2026\/02\/pra-loup-alpesphotographiescom-15-scaled.jpg","contentUrl":"https:\/\/www.praloup.com\/wp-content\/uploads\/2026\/02\/pra-loup-alpesphotographiescom-15-scaled.jpg","width":2560,"height":1708,"caption":"Alpes photographies"},{"@type":"BreadcrumbList","@id":"https:\/\/www.praloup.com\/it\/il-know-how-di-pralope\/#breadcrumb","itemListElement":[{"@type":"ListItem","position":1,"name":"Accueil","item":"https:\/\/www.praloup.com\/it\/pra-loup-lesperienza-sciistica-alle-porte-del-parco-nazionale-del-mercantour\/"},{"@type":"ListItem","position":2,"name":"Il know-how di Pralope"}]},{"@type":"WebSite","@id":"https:\/\/www.praloup.com\/it\/#website","url":"https:\/\/www.praloup.com\/it\/","name":"Praloup - Office de Tourisme","description":"","publisher":{"@id":"https:\/\/www.praloup.com\/it\/#organization"},"potentialAction":[{"@type":"SearchAction","target":{"@type":"EntryPoint","urlTemplate":"https:\/\/www.praloup.com\/it\/?s={search_term_string}"},"query-input":{"@type":"PropertyValueSpecification","valueRequired":true,"valueName":"search_term_string"}}],"inLanguage":"it-IT"},{"@type":"Organization","@id":"https:\/\/www.praloup.com\/it\/#organization","name":"Praloup - Office de Tourisme","url":"https:\/\/www.praloup.com\/it\/","logo":{"@type":"ImageObject","inLanguage":"it-IT","@id":"https:\/\/www.praloup.com\/it\/#\/schema\/logo\/image\/","url":"https:\/\/www.praloup.com\/wp-content\/uploads\/2025\/05\/praloup-logo.svg","contentUrl":"https:\/\/www.praloup.com\/wp-content\/uploads\/2025\/05\/praloup-logo.svg","width":1,"height":1,"caption":"Praloup - Office de Tourisme"},"image":{"@id":"https:\/\/www.praloup.com\/it\/#\/schema\/logo\/image\/"},"sameAs":["https:\/\/www.facebook.com\/praloup","https:\/\/www.linkedin.com\/company\/praloup\/","https:\/\/www.instagram.com\/pra_loup\/"]}]}},"_links":{"self":[{"href":"https:\/\/www.praloup.com\/it\/wp-json\/wp\/v2\/pages\/13705","targetHints":{"allow":["GET"]}}],"collection":[{"href":"https:\/\/www.praloup.com\/it\/wp-json\/wp\/v2\/pages"}],"about":[{"href":"https:\/\/www.praloup.com\/it\/wp-json\/wp\/v2\/types\/page"}],"author":[{"embeddable":true,"href":"https:\/\/www.praloup.com\/it\/wp-json\/wp\/v2\/users\/3"}],"replies":[{"embeddable":true,"href":"https:\/\/www.praloup.com\/it\/wp-json\/wp\/v2\/comments?post=13705"}],"version-history":[{"count":12,"href":"https:\/\/www.praloup.com\/it\/wp-json\/wp\/v2\/pages\/13705\/revisions"}],"predecessor-version":[{"id":37607,"href":"https:\/\/www.praloup.com\/it\/wp-json\/wp\/v2\/pages\/13705\/revisions\/37607"}],"wp:featuredmedia":[{"embeddable":true,"href":"https:\/\/www.praloup.com\/it\/wp-json\/wp\/v2\/media\/34098"}],"wp:attachment":[{"href":"https:\/\/www.praloup.com\/it\/wp-json\/wp\/v2\/media?parent=13705"}],"curies":[{"name":"wp","href":"https:\/\/api.w.org\/{rel}","templated":true}]}}