{"id":13680,"date":"2025-07-21T11:55:47","date_gmt":"2025-07-21T09:55:47","guid":{"rendered":"https:\/\/www.praloup.com\/i-gaillardises-dellubaye\/"},"modified":"2026-05-06T15:43:40","modified_gmt":"2026-05-06T13:43:40","slug":"i-gaillardises-dellubaye","status":"publish","type":"page","link":"https:\/\/www.praloup.com\/it\/il-know-how-di-pralope\/i-gaillardises-dellubaye\/","title":{"rendered":"I Gaillardises dell&#8217;Ubaye"},"content":{"rendered":"\n<div class=\"wp-block-ws-library-ws-header-interne alignfull\"><div class=\"header-container\"><div class=\"group-media has-image\"><img loading=\"lazy\" decoding=\"async\" width=\"1920\" height=\"640\" src=\"https:\/\/www.praloup.com\/wp-content\/uploads\/2026\/02\/pra-loup-alpesphotographiescom-28-1920x640.jpg\" alt=\"\" class=\"image_large_square wp-image-34080 \"\/><\/div><div class=\"group-content\"><div class=\"title\"><h1>I Gaillardises dell&#8217;Ubaye<\/h1><\/div><\/div><\/div><div class=\"yoast-breadcrumbs\"><span><span><a href=\"https:\/\/www.praloup.com\/it\/pra-loup-lesperienza-sciistica-alle-porte-del-parco-nazionale-del-mercantour\/\">Accueil<\/a><\/span>  <span><a href=\"https:\/\/www.praloup.com\/it\/il-know-how-di-pralope\/\">Il know-how di Pralope<\/a><\/span>  <span class=\"breadcrumb_last\" aria-current=\"page\">I Gaillardises dell&rsquo;Ubaye<\/span><\/span><\/div><\/div>\n\n<div class=\"wp-block-ws-library-ws-columns alignfull has-2-columns are-vertically-aligned-center layout-4060\">\n<div class=\"wp-block-ws-library-ws-column\"><div class=\"wrapper\">\n<div class=\"wp-block-ws-library-ws-image\"><div class=\"wrapper\"><div class=\"group-media\"><img decoding=\"async\" src=\"https:\/\/www.praloup.com\/wp-content\/uploads\/2025\/07\/les-gaillardises-thomas-bruno-42-1-428x570.jpg\" alt=\"\" class=\"single_image ws-image-10117\"><div class=\"credits\">Tommaso Bruno<\/div><\/div><p class=\"caption\"><\/p><\/div><\/div>\n<\/div><\/div>\n\n\n\n<div class=\"wp-block-ws-library-ws-column\"><div class=\"wrapper\">\n<div class=\"wp-block-ws-library-ws-title\"><h2>Una macchina per marmellate <strong>come nessun&#8217;altra<\/strong><\/h2><\/div>\n\n\n\n<p>Dal 2014, B\u00e9atrice prepara a mano marmellate artigianali di alta gamma, in un calderone di rame, secondo un raro know-how.<br\/>I suoi ingredienti? Frutta fresca, locale, di stagione, raccolta a maturazione. Niente puree industriali, ma vere, crude, gustose!  <\/p>\n\n\n\n<p>&#8220;Sono frutti degli alberi&#8221;, dice B\u00e9atrice.<br\/>Una marmellata che rispetta la natura \u00e8 anche lo spirito dell&#8217;Ubaye.<\/p>\n<\/div><\/div>\n<\/div>\n\n<div class=\"wp-block-ws-library-ws-banner alignfull\"><div class=\"wrapper\"><div class=\"group-media\"><img loading=\"lazy\" decoding=\"async\" width=\"2560\" height=\"1920\" src=\"https:\/\/www.praloup.com\/wp-content\/uploads\/2025\/07\/les-gaillardises-thomas-bruno-9-scaled.jpg\" alt=\"\" class=\"single_image wp-image-10093\" srcset=\"https:\/\/www.praloup.com\/wp-content\/uploads\/2025\/07\/les-gaillardises-thomas-bruno-9-scaled.jpg 2560w, https:\/\/www.praloup.com\/wp-content\/uploads\/2025\/07\/les-gaillardises-thomas-bruno-9-scaled-300x225.jpg 300w, https:\/\/www.praloup.com\/wp-content\/uploads\/2025\/07\/les-gaillardises-thomas-bruno-9-scaled-1024x768.jpg 1024w, https:\/\/www.praloup.com\/wp-content\/uploads\/2025\/07\/les-gaillardises-thomas-bruno-9-scaled-768x576.jpg 768w, https:\/\/www.praloup.com\/wp-content\/uploads\/2025\/07\/les-gaillardises-thomas-bruno-9-scaled-1536x1152.jpg 1536w, https:\/\/www.praloup.com\/wp-content\/uploads\/2025\/07\/les-gaillardises-thomas-bruno-9-scaled-2048x1536.jpg 2048w, https:\/\/www.praloup.com\/wp-content\/uploads\/2025\/07\/les-gaillardises-thomas-bruno-9-scaled-60x45.jpg 60w, https:\/\/www.praloup.com\/wp-content\/uploads\/2025\/07\/les-gaillardises-thomas-bruno-9-scaled-120x90.jpg 120w, https:\/\/www.praloup.com\/wp-content\/uploads\/2025\/07\/les-gaillardises-thomas-bruno-9-scaled-760x570.jpg 760w\" sizes=\"auto, (max-width: 2560px) 100vw, 2560px\" \/><\/div>\n<div class=\"group-content\"><p>Quando la marmellata diventa un&#8217;arte&#8230; in mezzo alle montagne Ci sono luoghi dove si rallenta, dove ogni gesto conta, e dove i profumi risvegliano il ricordo.<br>A 1.800 metri di altitudine, nella frazione di Bayasse, nel cuore della selvaggia Ubaye, Les Gaillardises de l&#8217;Ubaye \u00e8 molto pi\u00f9 di una semplice fattoria: \u00e8 il laboratorio dolciario di B\u00e9atrice Bellon, campionessa mondiale di marmellata nel 2021<\/p><\/div>\n<\/div><\/div>\n\n<div class=\"wp-block-ws-library-ws-columns alignfull has-2-columns are-vertically-aligned-center layout-5050 is-style-background-texture\">\n<div class=\"wp-block-ws-library-ws-column\"><div class=\"wrapper\">\n<div class=\"wp-block-ws-library-ws-image\"><div class=\"wrapper\"><div class=\"group-media\"><img decoding=\"async\" src=\"https:\/\/www.praloup.com\/wp-content\/uploads\/2026\/02\/pra-loup-alpesphotographiescom-29-900x570.jpg\" alt=\"\" class=\"single_image ws-image-34083\"><div class=\"credits\"><\/div><\/div><p class=\"caption\"><\/p><\/div><\/div>\n<\/div><\/div>\n\n\n\n<div class=\"wp-block-ws-library-ws-column\"><div class=\"wrapper\">\n<div class=\"wp-block-ws-library-ws-title\"><h2><br>Un&#8217;alchimia <strong>di alta montagna<\/strong><\/h2><\/div>\n\n\n\n<p>Le marmellate delle Gaillardises sono originali, audaci, piene di carattere:<\/p>\n\n\n\n<ul class=\"wp-block-list\">\n<li>Gelatina di germogli di larice,<\/li>\n\n\n\n<li>Fragola-menta, Lampone-cioccolato fondente,<\/li>\n\n\n\n<li>Pesca con pepe di Sichuan,<\/li>\n\n\n\n<li>E anche ricette ispirate ai cocktail: Mojito, Pi\u00f1a Colada, Arancia con Kahl\u00faa&#8230;<\/li>\n<\/ul>\n\n\n\n<p>Ogni barattolo diventa una passeggiata gustativa in montagna, un souvenir da portare via.<\/p>\n\n\n\n<p>Nel corso delle stagioni, mescola i sapori: fragola-menta, lampone-cioccolato fondente, pesca con pepe di Sichuan&#8230; o creazioni audaci come <em>l&#8217;arancia con Kahl\u00faa<\/em>, <em>Pi\u00f1a Colada<\/em> o <em>Mojito<\/em>. Ricette uniche, che combinano accuratezza aromatica e consistenze fondenti. <\/p>\n<\/div><\/div>\n<\/div>\n\n<div class=\"wp-block-ws-library-ws-title alignfull\"><h2> <strong>Know-how riconosciuto a livello internazionale<\/strong><\/h2><\/div>\n\n<p>Il talento di B\u00e9atrice ha rapidamente sedotto i palati pi\u00f9 esigenti. Nel 2020, la sua ricetta di <em>ribes nero, ribes rosso e maras selvatico candito<\/em> ha vinto la medaglia d&#8217;oro e il titolo di campionessa del mondo alle Confituriades, una competizione professionale internazionale. Nel processo, vengono premiate anche le barrette <em>di cereali Croqu&#8217;barre<\/em>, <em>Pina Colada<\/em> e <em>cocco e fragola<\/em> .  <\/p>\n\n<p>Un vero ambasciatore del gusto made in Ubaye!<\/p>\n\n<div class=\"wp-block-ws-library-ws-columns alignwide has-2-columns are-vertically-aligned-center layout-6040\">\n<div class=\"wp-block-ws-library-ws-column\"><div class=\"wrapper\">\n<div class=\"wp-block-ws-library-ws-title\"><h2>Un jam bar <strong>in<\/strong> <strong>fattoria<\/strong><\/h2><\/div>\n\n\n\n<p class=\"has-text-align-center\">Di passaggio Cerchi un momento sospeso? B\u00e9atrice ha creato un bar di marmellata nella sua fattoria: un luogo di degustazione unico, dove si pu\u00f2 gustare un caff\u00e8 o uno sciroppo fatto in casa (offerto) accompagnato da una generosa fetta di pane. La mousse di frutta raccolta intorno al paiolo, ancora calda, evoca gli spuntini di una volta. Un vero e proprio viaggio sensoriale.   <\/p>\n\n\n\n<div class=\"wp-block-ws-library-ws-title\"><h4>&nbsp;Dove trovare le sue <strong>marmellate e i suoi croqu&#8217;bar?<\/strong><\/h4><\/div>\n\n\n\n<p>Dove trovare le sue marmellate e i suoi croqu&#8217;bar?<\/p>\n\n\n\n<ul class=\"wp-block-list\">\n<li>  Presso la fattoria (Frazione di Bayasse \u2013 accesso possibile in auto)<\/li>\n\n\n\n<li>Al mercato della Barcelonnette<\/li>\n\n\n\n<li>  Alla Maison de Pays de Jausiers<\/li>\n\n\n\n<li>  Sul suo negozio online<\/li>\n<\/ul>\n<\/div><\/div>\n\n\n\n<div class=\"wp-block-ws-library-ws-column\"><div class=\"wrapper\">\n<div class=\"wp-block-ws-library-ws-image\"><div class=\"wrapper\"><div class=\"group-media\"><img decoding=\"async\" src=\"https:\/\/www.praloup.com\/wp-content\/uploads\/2025\/07\/les-gaillardises-beatrice-bellon-379x570.jpg\" alt=\"\" class=\"single_image ws-image-10120\"><div class=\"credits\"><\/div><\/div><p class=\"caption\"><\/p><\/div><\/div>\n<\/div><\/div>\n<\/div>\n\n<div class=\"wp-block-ws-library-ws-button alignwide has-text-align-wide\"><a href=\"https:\/\/lesgaillardises.fr\/\" class=\"wp-block-button__link wp-element-button btn\">  Sito web di Gaillardises<\/a><\/div>\n\n<div class=\"wp-block-ws-library-ws-title alignwide\"><h3>Dove mangiare?  <\/h3><\/div>\n<p class=\"error ws-apidae-empty-list\">Nessuna attrazione turistica in vista. Forse il nostro sito si sta facendo un piccolo pisolino\u2026<\/p>","protected":false},"excerpt":{"rendered":"<p>Il talento di B\u00e9atrice ha rapidamente sedotto i palati pi\u00f9 esigenti. Nel 2020, la sua ricetta di ribes nero, ribes [&hellip;]<\/p>\n","protected":false},"author":3,"featured_media":39723,"parent":13705,"menu_order":0,"comment_status":"closed","ping_status":"closed","template":"","meta":{"_thumbnail_id_2":0,"summer_excerpt":"","season":"","menu_page_1":"","menu_page_2":"","footnotes":""},"class_list":["post-13680","page","type-page","status-publish","has-post-thumbnail","hentry"],"yoast_head":"<!-- This site is optimized with the Yoast SEO plugin v27.5 - https:\/\/yoast.com\/product\/yoast-seo-wordpress\/ -->\n<title>I Gaillardises dell&#039;Ubaye - Pra Loup - Office de Tourisme<\/title>\n<meta name=\"description\" content=\"I Gaillardises dell&#039;Ubaye! Quando la marmellata diventa un&#039;arte... in mezzo alle montagne Ci sono luoghi dove si rallenta, dove ogni gesto conta, e dove i profumi risvegliano il ricordo. A 1.800 metri di altitudine, nella frazione di Bayasse, nel cuore della selvaggia Ubaye, Les Gaillardises de l&#039;Ubaye \u00e8 molto pi\u00f9 di una semplice fattoria: \u00e8 il laboratorio dolciario di B\u00e9atrice Bellon, campionessa mondiale di marmellata nel 2021\" \/>\n<meta name=\"robots\" content=\"index, follow, max-snippet:-1, max-image-preview:large, max-video-preview:-1\" \/>\n<link rel=\"canonical\" href=\"https:\/\/www.praloup.com\/it\/il-know-how-di-pralope\/i-gaillardises-dellubaye\/\" \/>\n<meta property=\"og:locale\" content=\"it_IT\" \/>\n<meta property=\"og:type\" content=\"article\" \/>\n<meta property=\"og:title\" content=\"I Gaillardises dell&#039;Ubaye - Pra Loup - Office de Tourisme\" \/>\n<meta property=\"og:description\" content=\"I Gaillardises dell&#039;Ubaye! Quando la marmellata diventa un&#039;arte... in mezzo alle montagne Ci sono luoghi dove si rallenta, dove ogni gesto conta, e dove i profumi risvegliano il ricordo. A 1.800 metri di altitudine, nella frazione di Bayasse, nel cuore della selvaggia Ubaye, Les Gaillardises de l&#039;Ubaye \u00e8 molto pi\u00f9 di una semplice fattoria: \u00e8 il laboratorio dolciario di B\u00e9atrice Bellon, campionessa mondiale di marmellata nel 2021\" \/>\n<meta property=\"og:url\" content=\"https:\/\/www.praloup.com\/it\/il-know-how-di-pralope\/i-gaillardises-dellubaye\/\" \/>\n<meta property=\"og:site_name\" content=\"Pra Loup - Office de Tourisme\" \/>\n<meta property=\"article:publisher\" content=\"https:\/\/www.facebook.com\/praloup\" \/>\n<meta property=\"article:modified_time\" content=\"2026-05-06T13:43:40+00:00\" \/>\n<meta property=\"og:image\" content=\"https:\/\/www.praloup.com\/wp-content\/uploads\/2026\/05\/pra-loup-alpesphotographiescom-11-scaled.jpg\" \/>\n\t<meta property=\"og:image:width\" content=\"2560\" \/>\n\t<meta property=\"og:image:height\" content=\"1708\" \/>\n\t<meta property=\"og:image:type\" content=\"image\/jpeg\" \/>\n<meta name=\"twitter:card\" content=\"summary_large_image\" \/>\n<meta name=\"twitter:label1\" content=\"Tempo di lettura stimato\" \/>\n\t<meta name=\"twitter:data1\" content=\"2 minuti\" \/>\n<script type=\"application\/ld+json\" class=\"yoast-schema-graph\">{\"@context\":\"https:\\\/\\\/schema.org\",\"@graph\":[{\"@type\":\"WebPage\",\"@id\":\"https:\\\/\\\/www.praloup.com\\\/it\\\/il-know-how-di-pralope\\\/i-gaillardises-dellubaye\\\/\",\"url\":\"https:\\\/\\\/www.praloup.com\\\/it\\\/il-know-how-di-pralope\\\/i-gaillardises-dellubaye\\\/\",\"name\":\"I Gaillardises dell'Ubaye - Pra Loup - Office de Tourisme\",\"isPartOf\":{\"@id\":\"https:\\\/\\\/www.praloup.com\\\/it\\\/#website\"},\"primaryImageOfPage\":{\"@id\":\"https:\\\/\\\/www.praloup.com\\\/it\\\/il-know-how-di-pralope\\\/i-gaillardises-dellubaye\\\/#primaryimage\"},\"image\":{\"@id\":\"https:\\\/\\\/www.praloup.com\\\/it\\\/il-know-how-di-pralope\\\/i-gaillardises-dellubaye\\\/#primaryimage\"},\"thumbnailUrl\":\"https:\\\/\\\/www.praloup.com\\\/wp-content\\\/uploads\\\/2026\\\/05\\\/pra-loup-alpesphotographiescom-11-scaled.jpg\",\"datePublished\":\"2025-07-21T09:55:47+00:00\",\"dateModified\":\"2026-05-06T13:43:40+00:00\",\"description\":\"I Gaillardises dell'Ubaye! Quando la marmellata diventa un'arte... in mezzo alle montagne Ci sono luoghi dove si rallenta, dove ogni gesto conta, e dove i profumi risvegliano il ricordo. A 1.800 metri di altitudine, nella frazione di Bayasse, nel cuore della selvaggia Ubaye, Les Gaillardises de l'Ubaye \u00e8 molto pi\u00f9 di una semplice fattoria: \u00e8 il laboratorio dolciario di B\u00e9atrice Bellon, campionessa mondiale di marmellata nel 2021\",\"breadcrumb\":{\"@id\":\"https:\\\/\\\/www.praloup.com\\\/it\\\/il-know-how-di-pralope\\\/i-gaillardises-dellubaye\\\/#breadcrumb\"},\"inLanguage\":\"it-IT\",\"potentialAction\":[{\"@type\":\"ReadAction\",\"target\":[\"https:\\\/\\\/www.praloup.com\\\/it\\\/il-know-how-di-pralope\\\/i-gaillardises-dellubaye\\\/\"]}]},{\"@type\":\"ImageObject\",\"inLanguage\":\"it-IT\",\"@id\":\"https:\\\/\\\/www.praloup.com\\\/it\\\/il-know-how-di-pralope\\\/i-gaillardises-dellubaye\\\/#primaryimage\",\"url\":\"https:\\\/\\\/www.praloup.com\\\/wp-content\\\/uploads\\\/2026\\\/05\\\/pra-loup-alpesphotographiescom-11-scaled.jpg\",\"contentUrl\":\"https:\\\/\\\/www.praloup.com\\\/wp-content\\\/uploads\\\/2026\\\/05\\\/pra-loup-alpesphotographiescom-11-scaled.jpg\",\"width\":2560,\"height\":1708},{\"@type\":\"BreadcrumbList\",\"@id\":\"https:\\\/\\\/www.praloup.com\\\/it\\\/il-know-how-di-pralope\\\/i-gaillardises-dellubaye\\\/#breadcrumb\",\"itemListElement\":[{\"@type\":\"ListItem\",\"position\":1,\"name\":\"Accueil\",\"item\":\"https:\\\/\\\/www.praloup.com\\\/it\\\/pra-loup-lesperienza-sciistica-alle-porte-del-parco-nazionale-del-mercantour\\\/\"},{\"@type\":\"ListItem\",\"position\":2,\"name\":\"Il know-how di Pralope\",\"item\":\"https:\\\/\\\/www.praloup.com\\\/it\\\/il-know-how-di-pralope\\\/\"},{\"@type\":\"ListItem\",\"position\":3,\"name\":\"I Gaillardises dell&rsquo;Ubaye\"}]},{\"@type\":\"WebSite\",\"@id\":\"https:\\\/\\\/www.praloup.com\\\/it\\\/#website\",\"url\":\"https:\\\/\\\/www.praloup.com\\\/it\\\/\",\"name\":\"Praloup - Office de Tourisme\",\"description\":\"\",\"publisher\":{\"@id\":\"https:\\\/\\\/www.praloup.com\\\/it\\\/#organization\"},\"potentialAction\":[{\"@type\":\"SearchAction\",\"target\":{\"@type\":\"EntryPoint\",\"urlTemplate\":\"https:\\\/\\\/www.praloup.com\\\/it\\\/?s={search_term_string}\"},\"query-input\":{\"@type\":\"PropertyValueSpecification\",\"valueRequired\":true,\"valueName\":\"search_term_string\"}}],\"inLanguage\":\"it-IT\"},{\"@type\":\"Organization\",\"@id\":\"https:\\\/\\\/www.praloup.com\\\/it\\\/#organization\",\"name\":\"Praloup - Office de Tourisme\",\"url\":\"https:\\\/\\\/www.praloup.com\\\/it\\\/\",\"logo\":{\"@type\":\"ImageObject\",\"inLanguage\":\"it-IT\",\"@id\":\"https:\\\/\\\/www.praloup.com\\\/it\\\/#\\\/schema\\\/logo\\\/image\\\/\",\"url\":\"https:\\\/\\\/www.praloup.com\\\/wp-content\\\/uploads\\\/2025\\\/05\\\/praloup-logo.svg\",\"contentUrl\":\"https:\\\/\\\/www.praloup.com\\\/wp-content\\\/uploads\\\/2025\\\/05\\\/praloup-logo.svg\",\"width\":1,\"height\":1,\"caption\":\"Praloup - Office de Tourisme\"},\"image\":{\"@id\":\"https:\\\/\\\/www.praloup.com\\\/it\\\/#\\\/schema\\\/logo\\\/image\\\/\"},\"sameAs\":[\"https:\\\/\\\/www.facebook.com\\\/praloup\",\"https:\\\/\\\/www.linkedin.com\\\/company\\\/praloup\\\/\",\"https:\\\/\\\/www.instagram.com\\\/pra_loup\\\/\"]}]}<\/script>\n<!-- \/ Yoast SEO plugin. -->","yoast_head_json":{"title":"I Gaillardises dell'Ubaye - Pra Loup - Office de Tourisme","description":"I Gaillardises dell'Ubaye! Quando la marmellata diventa un'arte... in mezzo alle montagne Ci sono luoghi dove si rallenta, dove ogni gesto conta, e dove i profumi risvegliano il ricordo. A 1.800 metri di altitudine, nella frazione di Bayasse, nel cuore della selvaggia Ubaye, Les Gaillardises de l'Ubaye \u00e8 molto pi\u00f9 di una semplice fattoria: \u00e8 il laboratorio dolciario di B\u00e9atrice Bellon, campionessa mondiale di marmellata nel 2021","robots":{"index":"index","follow":"follow","max-snippet":"max-snippet:-1","max-image-preview":"max-image-preview:large","max-video-preview":"max-video-preview:-1"},"canonical":"https:\/\/www.praloup.com\/it\/il-know-how-di-pralope\/i-gaillardises-dellubaye\/","og_locale":"it_IT","og_type":"article","og_title":"I Gaillardises dell'Ubaye - Pra Loup - Office de Tourisme","og_description":"I Gaillardises dell'Ubaye! Quando la marmellata diventa un'arte... in mezzo alle montagne Ci sono luoghi dove si rallenta, dove ogni gesto conta, e dove i profumi risvegliano il ricordo. A 1.800 metri di altitudine, nella frazione di Bayasse, nel cuore della selvaggia Ubaye, Les Gaillardises de l'Ubaye \u00e8 molto pi\u00f9 di una semplice fattoria: \u00e8 il laboratorio dolciario di B\u00e9atrice Bellon, campionessa mondiale di marmellata nel 2021","og_url":"https:\/\/www.praloup.com\/it\/il-know-how-di-pralope\/i-gaillardises-dellubaye\/","og_site_name":"Pra Loup - Office de Tourisme","article_publisher":"https:\/\/www.facebook.com\/praloup","article_modified_time":"2026-05-06T13:43:40+00:00","og_image":[{"width":2560,"height":1708,"url":"https:\/\/www.praloup.com\/wp-content\/uploads\/2026\/05\/pra-loup-alpesphotographiescom-11-scaled.jpg","type":"image\/jpeg"}],"twitter_card":"summary_large_image","twitter_misc":{"Tempo di lettura stimato":"2 minuti"},"schema":{"@context":"https:\/\/schema.org","@graph":[{"@type":"WebPage","@id":"https:\/\/www.praloup.com\/it\/il-know-how-di-pralope\/i-gaillardises-dellubaye\/","url":"https:\/\/www.praloup.com\/it\/il-know-how-di-pralope\/i-gaillardises-dellubaye\/","name":"I Gaillardises dell'Ubaye - Pra Loup - Office de Tourisme","isPartOf":{"@id":"https:\/\/www.praloup.com\/it\/#website"},"primaryImageOfPage":{"@id":"https:\/\/www.praloup.com\/it\/il-know-how-di-pralope\/i-gaillardises-dellubaye\/#primaryimage"},"image":{"@id":"https:\/\/www.praloup.com\/it\/il-know-how-di-pralope\/i-gaillardises-dellubaye\/#primaryimage"},"thumbnailUrl":"https:\/\/www.praloup.com\/wp-content\/uploads\/2026\/05\/pra-loup-alpesphotographiescom-11-scaled.jpg","datePublished":"2025-07-21T09:55:47+00:00","dateModified":"2026-05-06T13:43:40+00:00","description":"I Gaillardises dell'Ubaye! Quando la marmellata diventa un'arte... in mezzo alle montagne Ci sono luoghi dove si rallenta, dove ogni gesto conta, e dove i profumi risvegliano il ricordo. A 1.800 metri di altitudine, nella frazione di Bayasse, nel cuore della selvaggia Ubaye, Les Gaillardises de l'Ubaye \u00e8 molto pi\u00f9 di una semplice fattoria: \u00e8 il laboratorio dolciario di B\u00e9atrice Bellon, campionessa mondiale di marmellata nel 2021","breadcrumb":{"@id":"https:\/\/www.praloup.com\/it\/il-know-how-di-pralope\/i-gaillardises-dellubaye\/#breadcrumb"},"inLanguage":"it-IT","potentialAction":[{"@type":"ReadAction","target":["https:\/\/www.praloup.com\/it\/il-know-how-di-pralope\/i-gaillardises-dellubaye\/"]}]},{"@type":"ImageObject","inLanguage":"it-IT","@id":"https:\/\/www.praloup.com\/it\/il-know-how-di-pralope\/i-gaillardises-dellubaye\/#primaryimage","url":"https:\/\/www.praloup.com\/wp-content\/uploads\/2026\/05\/pra-loup-alpesphotographiescom-11-scaled.jpg","contentUrl":"https:\/\/www.praloup.com\/wp-content\/uploads\/2026\/05\/pra-loup-alpesphotographiescom-11-scaled.jpg","width":2560,"height":1708},{"@type":"BreadcrumbList","@id":"https:\/\/www.praloup.com\/it\/il-know-how-di-pralope\/i-gaillardises-dellubaye\/#breadcrumb","itemListElement":[{"@type":"ListItem","position":1,"name":"Accueil","item":"https:\/\/www.praloup.com\/it\/pra-loup-lesperienza-sciistica-alle-porte-del-parco-nazionale-del-mercantour\/"},{"@type":"ListItem","position":2,"name":"Il know-how di Pralope","item":"https:\/\/www.praloup.com\/it\/il-know-how-di-pralope\/"},{"@type":"ListItem","position":3,"name":"I Gaillardises dell&rsquo;Ubaye"}]},{"@type":"WebSite","@id":"https:\/\/www.praloup.com\/it\/#website","url":"https:\/\/www.praloup.com\/it\/","name":"Praloup - Office de Tourisme","description":"","publisher":{"@id":"https:\/\/www.praloup.com\/it\/#organization"},"potentialAction":[{"@type":"SearchAction","target":{"@type":"EntryPoint","urlTemplate":"https:\/\/www.praloup.com\/it\/?s={search_term_string}"},"query-input":{"@type":"PropertyValueSpecification","valueRequired":true,"valueName":"search_term_string"}}],"inLanguage":"it-IT"},{"@type":"Organization","@id":"https:\/\/www.praloup.com\/it\/#organization","name":"Praloup - Office de Tourisme","url":"https:\/\/www.praloup.com\/it\/","logo":{"@type":"ImageObject","inLanguage":"it-IT","@id":"https:\/\/www.praloup.com\/it\/#\/schema\/logo\/image\/","url":"https:\/\/www.praloup.com\/wp-content\/uploads\/2025\/05\/praloup-logo.svg","contentUrl":"https:\/\/www.praloup.com\/wp-content\/uploads\/2025\/05\/praloup-logo.svg","width":1,"height":1,"caption":"Praloup - Office de Tourisme"},"image":{"@id":"https:\/\/www.praloup.com\/it\/#\/schema\/logo\/image\/"},"sameAs":["https:\/\/www.facebook.com\/praloup","https:\/\/www.linkedin.com\/company\/praloup\/","https:\/\/www.instagram.com\/pra_loup\/"]}]}},"_links":{"self":[{"href":"https:\/\/www.praloup.com\/it\/wp-json\/wp\/v2\/pages\/13680","targetHints":{"allow":["GET"]}}],"collection":[{"href":"https:\/\/www.praloup.com\/it\/wp-json\/wp\/v2\/pages"}],"about":[{"href":"https:\/\/www.praloup.com\/it\/wp-json\/wp\/v2\/types\/page"}],"author":[{"embeddable":true,"href":"https:\/\/www.praloup.com\/it\/wp-json\/wp\/v2\/users\/3"}],"replies":[{"embeddable":true,"href":"https:\/\/www.praloup.com\/it\/wp-json\/wp\/v2\/comments?post=13680"}],"version-history":[{"count":6,"href":"https:\/\/www.praloup.com\/it\/wp-json\/wp\/v2\/pages\/13680\/revisions"}],"predecessor-version":[{"id":39752,"href":"https:\/\/www.praloup.com\/it\/wp-json\/wp\/v2\/pages\/13680\/revisions\/39752"}],"up":[{"embeddable":true,"href":"https:\/\/www.praloup.com\/it\/wp-json\/wp\/v2\/pages\/13705"}],"wp:featuredmedia":[{"embeddable":true,"href":"https:\/\/www.praloup.com\/it\/wp-json\/wp\/v2\/media\/39723"}],"wp:attachment":[{"href":"https:\/\/www.praloup.com\/it\/wp-json\/wp\/v2\/media?parent=13680"}],"curies":[{"name":"wp","href":"https:\/\/api.w.org\/{rel}","templated":true}]}}