{"id":1204,"date":"2025-05-02T17:56:23","date_gmt":"2025-05-02T15:56:23","guid":{"rendered":"https:\/\/www.praloup.com\/destinazione-mercantour\/"},"modified":"2025-08-13T14:42:44","modified_gmt":"2025-08-13T12:42:44","slug":"destinazione-mercantour","status":"publish","type":"page","link":"https:\/\/www.praloup.com\/it\/destinazione-mercantour\/","title":{"rendered":"Destinazione Mercantour"},"content":{"rendered":"\n<div class=\"wp-block-ws-library-ws-header-interne alignfull\"><div class=\"header-container\"><div class=\"group-media has-image\"><img decoding=\"async\" src=\"https:\/\/www.praloup.com\/wp-content\/uploads\/2025\/08\/pra-loup-1600-neige-ut-brendan-le-peru-91-1920x640.jpg\" alt=\"\" class=\"image_large_square wp-image-14537 \"\/><\/div><div class=\"group-content\"><div class=\"title\"><h1>Destinazione Mercantour<\/h1><\/div><\/div><\/div><div class=\"yoast-breadcrumbs\"><span><span><a href=\"https:\/\/www.praloup.com\/it\/pra-loup-lesperienza-sciistica-alle-porte-del-parco-nazionale-del-mercantour\/\">Accueil<\/a><\/span>  <span class=\"breadcrumb_last\" aria-current=\"page\">Destinazione Mercantour<\/span><\/span><\/div><\/div>\n\n<h1 class=\"wp-block-heading\">Alla scoperta del Parco del Mercantour: uno scenario di natura e convivialit\u00e0<\/h1>\n\n<p>Immerso nel cuore delle Alpi meridionali, il Parco Nazionale del Mercantour \u00e8 molto pi\u00f9 di una semplice area naturale: \u00e8 un invito a vivere momenti indimenticabili in armonia con la natura. Grazie ai suoi paesaggi mozzafiato, ai sentieri escursionistici segnalati e ai Punti di Interesse (POI) disseminati in tutto il parco, il Mercantour \u00e8 una destinazione ideale per gli amanti della montagna e per chi ha voglia di scoprire cose nuove. <\/p>\n\n<h2 class=\"wp-block-heading\">Un&#8217;autentica esperienza di montagna<\/h2>\n\n<p>La Maison du Parc, la porta d&#8217;accesso a questa avventura, ti accoglie con informazioni preziose e consigli utili su come sfruttare al meglio il tuo soggiorno. Qui ogni visitatore \u00e8 invitato a imparare a vivere in armonia con l&#8217;ambiente, attraverso attivit\u00e0 divertenti ed educative. Il parco si fa un punto d&#8217;onore di promuovere prodotti etichettati provenienti da un&#8217;agricoltura rispettosa e sostenibile, garantendoti sapori autentici e responsabili.  <\/p>\n\n<h2 class=\"wp-block-heading\">Ecoturismo del Mercantour: un impegno per il futuro<\/h2>\n\n<p>Il Mercantour \u00e8 fermamente impegnato in un approccio ecoturistico, volto a preservare la ricchezza del suo patrimonio naturale e a offrire esperienze memorabili. Il villaggio di Uvernet-Fours, con il suo fascino pittoresco e la sua comunit\u00e0 accogliente, incarna perfettamente questa visione. Tutte le persone coinvolte, visitatori o residenti, svolgono un ruolo essenziale in questa dinamica di condivisione e convivialit\u00e0. Insieme, facciamo del Mercantour un luogo in cui lealt\u00e0, passione e vitalit\u00e0 si uniscono per offrire momenti di libert\u00e0 e allegria.   <\/p>\n\n<h2 class=\"wp-block-heading\">Pra Loup: il tuo punto di partenza per l&#8217;avventura<\/h2>\n\n<p>Pra Loup, il resort emblematico della valle dell&#8217;Ubaye, condivide questa stessa filosofia. Quando soggiorni a Pra Loup, scegli un&#8217;esperienza di montagna unica, dove ogni momento \u00e8 un&#8217;opportunit\u00e0 di scoperta e condivisione. Che tu sia un amante del brivido o che tu voglia semplicemente ricaricare le batterie, Pra Loup e il Parco del Mercantour ti offrono la cornice ideale per vivere momenti memorabili in armonia con la natura e i valori umani.  <\/p>\n\n<p>Unisciti a noi e lasciati sedurre dalla magia del Mercantour, dove ogni sentiero \u00e8 una promessa di avventura e ogni incontro una fonte di arricchimento.<\/p>\n","protected":false},"excerpt":{"rendered":"<p>Alla scoperta del Parco del Mercantour: uno scenario di natura e convivialit\u00e0 Immerso nel cuore delle Alpi meridionali, il Parco [&hellip;]<\/p>\n","protected":false},"author":1,"featured_media":3680,"parent":0,"menu_order":0,"comment_status":"closed","ping_status":"closed","template":"","meta":{"_thumbnail_id_2":0,"summer_excerpt":"","season":"","menu_page_1":"","menu_page_2":"","footnotes":""},"class_list":["post-1204","page","type-page","status-publish","has-post-thumbnail","hentry"],"yoast_head":"<!-- This site is optimized with the Yoast SEO plugin v27.5 - https:\/\/yoast.com\/product\/yoast-seo-wordpress\/ -->\n<title>Destinazione Mercantour - Pra Loup - Office de Tourisme<\/title>\n<meta name=\"robots\" content=\"index, follow, max-snippet:-1, max-image-preview:large, max-video-preview:-1\" \/>\n<link rel=\"canonical\" href=\"https:\/\/www.praloup.com\/it\/destinazione-mercantour\/\" \/>\n<meta property=\"og:locale\" content=\"it_IT\" \/>\n<meta property=\"og:type\" content=\"article\" \/>\n<meta property=\"og:title\" content=\"Destinazione Mercantour - Pra Loup - Office de Tourisme\" \/>\n<meta property=\"og:description\" content=\"Alla scoperta del Parco del Mercantour: uno scenario di natura e convivialit\u00e0 Immerso nel cuore delle Alpi meridionali, il Parco [&hellip;]\" \/>\n<meta property=\"og:url\" content=\"https:\/\/www.praloup.com\/it\/destinazione-mercantour\/\" \/>\n<meta property=\"og:site_name\" content=\"Pra Loup - Office de Tourisme\" \/>\n<meta property=\"article:publisher\" content=\"https:\/\/www.facebook.com\/praloup\" \/>\n<meta property=\"article:modified_time\" content=\"2025-08-13T12:42:44+00:00\" \/>\n<meta property=\"og:image\" content=\"https:\/\/www.praloup.com\/wp-content\/uploads\/2025\/05\/pra-loup-alpesphotographiescom-66-scaled.jpg\" \/>\n\t<meta property=\"og:image:width\" content=\"2560\" \/>\n\t<meta property=\"og:image:height\" content=\"1707\" \/>\n\t<meta property=\"og:image:type\" content=\"image\/jpeg\" \/>\n<meta name=\"twitter:card\" content=\"summary_large_image\" \/>\n<meta name=\"twitter:label1\" content=\"Tempo di lettura stimato\" \/>\n\t<meta name=\"twitter:data1\" content=\"2 minuti\" \/>\n<script type=\"application\/ld+json\" class=\"yoast-schema-graph\">{\"@context\":\"https:\\\/\\\/schema.org\",\"@graph\":[{\"@type\":\"WebPage\",\"@id\":\"https:\\\/\\\/www.praloup.com\\\/it\\\/destinazione-mercantour\\\/\",\"url\":\"https:\\\/\\\/www.praloup.com\\\/it\\\/destinazione-mercantour\\\/\",\"name\":\"Destinazione Mercantour - Pra Loup - Office de Tourisme\",\"isPartOf\":{\"@id\":\"https:\\\/\\\/www.praloup.com\\\/it\\\/#website\"},\"primaryImageOfPage\":{\"@id\":\"https:\\\/\\\/www.praloup.com\\\/it\\\/destinazione-mercantour\\\/#primaryimage\"},\"image\":{\"@id\":\"https:\\\/\\\/www.praloup.com\\\/it\\\/destinazione-mercantour\\\/#primaryimage\"},\"thumbnailUrl\":\"https:\\\/\\\/www.praloup.com\\\/wp-content\\\/uploads\\\/2025\\\/05\\\/pra-loup-alpesphotographiescom-66-scaled.jpg\",\"datePublished\":\"2025-05-02T15:56:23+00:00\",\"dateModified\":\"2025-08-13T12:42:44+00:00\",\"breadcrumb\":{\"@id\":\"https:\\\/\\\/www.praloup.com\\\/it\\\/destinazione-mercantour\\\/#breadcrumb\"},\"inLanguage\":\"it-IT\",\"potentialAction\":[{\"@type\":\"ReadAction\",\"target\":[\"https:\\\/\\\/www.praloup.com\\\/it\\\/destinazione-mercantour\\\/\"]}]},{\"@type\":\"ImageObject\",\"inLanguage\":\"it-IT\",\"@id\":\"https:\\\/\\\/www.praloup.com\\\/it\\\/destinazione-mercantour\\\/#primaryimage\",\"url\":\"https:\\\/\\\/www.praloup.com\\\/wp-content\\\/uploads\\\/2025\\\/05\\\/pra-loup-alpesphotographiescom-66-scaled.jpg\",\"contentUrl\":\"https:\\\/\\\/www.praloup.com\\\/wp-content\\\/uploads\\\/2025\\\/05\\\/pra-loup-alpesphotographiescom-66-scaled.jpg\",\"width\":2560,\"height\":1707},{\"@type\":\"BreadcrumbList\",\"@id\":\"https:\\\/\\\/www.praloup.com\\\/it\\\/destinazione-mercantour\\\/#breadcrumb\",\"itemListElement\":[{\"@type\":\"ListItem\",\"position\":1,\"name\":\"Accueil\",\"item\":\"https:\\\/\\\/www.praloup.com\\\/it\\\/pra-loup-lesperienza-sciistica-alle-porte-del-parco-nazionale-del-mercantour\\\/\"},{\"@type\":\"ListItem\",\"position\":2,\"name\":\"Destinazione Mercantour\"}]},{\"@type\":\"WebSite\",\"@id\":\"https:\\\/\\\/www.praloup.com\\\/it\\\/#website\",\"url\":\"https:\\\/\\\/www.praloup.com\\\/it\\\/\",\"name\":\"Praloup - Office de Tourisme\",\"description\":\"\",\"publisher\":{\"@id\":\"https:\\\/\\\/www.praloup.com\\\/it\\\/#organization\"},\"potentialAction\":[{\"@type\":\"SearchAction\",\"target\":{\"@type\":\"EntryPoint\",\"urlTemplate\":\"https:\\\/\\\/www.praloup.com\\\/it\\\/?s={search_term_string}\"},\"query-input\":{\"@type\":\"PropertyValueSpecification\",\"valueRequired\":true,\"valueName\":\"search_term_string\"}}],\"inLanguage\":\"it-IT\"},{\"@type\":\"Organization\",\"@id\":\"https:\\\/\\\/www.praloup.com\\\/it\\\/#organization\",\"name\":\"Praloup - Office de Tourisme\",\"url\":\"https:\\\/\\\/www.praloup.com\\\/it\\\/\",\"logo\":{\"@type\":\"ImageObject\",\"inLanguage\":\"it-IT\",\"@id\":\"https:\\\/\\\/www.praloup.com\\\/it\\\/#\\\/schema\\\/logo\\\/image\\\/\",\"url\":\"https:\\\/\\\/www.praloup.com\\\/wp-content\\\/uploads\\\/2025\\\/05\\\/praloup-logo.svg\",\"contentUrl\":\"https:\\\/\\\/www.praloup.com\\\/wp-content\\\/uploads\\\/2025\\\/05\\\/praloup-logo.svg\",\"width\":1,\"height\":1,\"caption\":\"Praloup - Office de Tourisme\"},\"image\":{\"@id\":\"https:\\\/\\\/www.praloup.com\\\/it\\\/#\\\/schema\\\/logo\\\/image\\\/\"},\"sameAs\":[\"https:\\\/\\\/www.facebook.com\\\/praloup\",\"https:\\\/\\\/www.linkedin.com\\\/company\\\/praloup\\\/\",\"https:\\\/\\\/www.instagram.com\\\/pra_loup\\\/\"]}]}<\/script>\n<!-- \/ Yoast SEO plugin. -->","yoast_head_json":{"title":"Destinazione Mercantour - Pra Loup - Office de Tourisme","robots":{"index":"index","follow":"follow","max-snippet":"max-snippet:-1","max-image-preview":"max-image-preview:large","max-video-preview":"max-video-preview:-1"},"canonical":"https:\/\/www.praloup.com\/it\/destinazione-mercantour\/","og_locale":"it_IT","og_type":"article","og_title":"Destinazione Mercantour - Pra Loup - Office de Tourisme","og_description":"Alla scoperta del Parco del Mercantour: uno scenario di natura e convivialit\u00e0 Immerso nel cuore delle Alpi meridionali, il Parco [&hellip;]","og_url":"https:\/\/www.praloup.com\/it\/destinazione-mercantour\/","og_site_name":"Pra Loup - Office de Tourisme","article_publisher":"https:\/\/www.facebook.com\/praloup","article_modified_time":"2025-08-13T12:42:44+00:00","og_image":[{"width":2560,"height":1707,"url":"https:\/\/www.praloup.com\/wp-content\/uploads\/2025\/05\/pra-loup-alpesphotographiescom-66-scaled.jpg","type":"image\/jpeg"}],"twitter_card":"summary_large_image","twitter_misc":{"Tempo di lettura stimato":"2 minuti"},"schema":{"@context":"https:\/\/schema.org","@graph":[{"@type":"WebPage","@id":"https:\/\/www.praloup.com\/it\/destinazione-mercantour\/","url":"https:\/\/www.praloup.com\/it\/destinazione-mercantour\/","name":"Destinazione Mercantour - Pra Loup - Office de Tourisme","isPartOf":{"@id":"https:\/\/www.praloup.com\/it\/#website"},"primaryImageOfPage":{"@id":"https:\/\/www.praloup.com\/it\/destinazione-mercantour\/#primaryimage"},"image":{"@id":"https:\/\/www.praloup.com\/it\/destinazione-mercantour\/#primaryimage"},"thumbnailUrl":"https:\/\/www.praloup.com\/wp-content\/uploads\/2025\/05\/pra-loup-alpesphotographiescom-66-scaled.jpg","datePublished":"2025-05-02T15:56:23+00:00","dateModified":"2025-08-13T12:42:44+00:00","breadcrumb":{"@id":"https:\/\/www.praloup.com\/it\/destinazione-mercantour\/#breadcrumb"},"inLanguage":"it-IT","potentialAction":[{"@type":"ReadAction","target":["https:\/\/www.praloup.com\/it\/destinazione-mercantour\/"]}]},{"@type":"ImageObject","inLanguage":"it-IT","@id":"https:\/\/www.praloup.com\/it\/destinazione-mercantour\/#primaryimage","url":"https:\/\/www.praloup.com\/wp-content\/uploads\/2025\/05\/pra-loup-alpesphotographiescom-66-scaled.jpg","contentUrl":"https:\/\/www.praloup.com\/wp-content\/uploads\/2025\/05\/pra-loup-alpesphotographiescom-66-scaled.jpg","width":2560,"height":1707},{"@type":"BreadcrumbList","@id":"https:\/\/www.praloup.com\/it\/destinazione-mercantour\/#breadcrumb","itemListElement":[{"@type":"ListItem","position":1,"name":"Accueil","item":"https:\/\/www.praloup.com\/it\/pra-loup-lesperienza-sciistica-alle-porte-del-parco-nazionale-del-mercantour\/"},{"@type":"ListItem","position":2,"name":"Destinazione Mercantour"}]},{"@type":"WebSite","@id":"https:\/\/www.praloup.com\/it\/#website","url":"https:\/\/www.praloup.com\/it\/","name":"Praloup - Office de Tourisme","description":"","publisher":{"@id":"https:\/\/www.praloup.com\/it\/#organization"},"potentialAction":[{"@type":"SearchAction","target":{"@type":"EntryPoint","urlTemplate":"https:\/\/www.praloup.com\/it\/?s={search_term_string}"},"query-input":{"@type":"PropertyValueSpecification","valueRequired":true,"valueName":"search_term_string"}}],"inLanguage":"it-IT"},{"@type":"Organization","@id":"https:\/\/www.praloup.com\/it\/#organization","name":"Praloup - Office de Tourisme","url":"https:\/\/www.praloup.com\/it\/","logo":{"@type":"ImageObject","inLanguage":"it-IT","@id":"https:\/\/www.praloup.com\/it\/#\/schema\/logo\/image\/","url":"https:\/\/www.praloup.com\/wp-content\/uploads\/2025\/05\/praloup-logo.svg","contentUrl":"https:\/\/www.praloup.com\/wp-content\/uploads\/2025\/05\/praloup-logo.svg","width":1,"height":1,"caption":"Praloup - Office de Tourisme"},"image":{"@id":"https:\/\/www.praloup.com\/it\/#\/schema\/logo\/image\/"},"sameAs":["https:\/\/www.facebook.com\/praloup","https:\/\/www.linkedin.com\/company\/praloup\/","https:\/\/www.instagram.com\/pra_loup\/"]}]}},"_links":{"self":[{"href":"https:\/\/www.praloup.com\/it\/wp-json\/wp\/v2\/pages\/1204","targetHints":{"allow":["GET"]}}],"collection":[{"href":"https:\/\/www.praloup.com\/it\/wp-json\/wp\/v2\/pages"}],"about":[{"href":"https:\/\/www.praloup.com\/it\/wp-json\/wp\/v2\/types\/page"}],"author":[{"embeddable":true,"href":"https:\/\/www.praloup.com\/it\/wp-json\/wp\/v2\/users\/1"}],"replies":[{"embeddable":true,"href":"https:\/\/www.praloup.com\/it\/wp-json\/wp\/v2\/comments?post=1204"}],"version-history":[{"count":1,"href":"https:\/\/www.praloup.com\/it\/wp-json\/wp\/v2\/pages\/1204\/revisions"}],"predecessor-version":[{"id":15756,"href":"https:\/\/www.praloup.com\/it\/wp-json\/wp\/v2\/pages\/1204\/revisions\/15756"}],"wp:featuredmedia":[{"embeddable":true,"href":"https:\/\/www.praloup.com\/it\/wp-json\/wp\/v2\/media\/3680"}],"wp:attachment":[{"href":"https:\/\/www.praloup.com\/it\/wp-json\/wp\/v2\/media?parent=1204"}],"curies":[{"name":"wp","href":"https:\/\/api.w.org\/{rel}","templated":true}]}}