{"id":1197,"date":"2025-05-02T17:57:28","date_gmt":"2025-05-02T15:57:28","guid":{"rendered":"https:\/\/www.praloup.com\/100-neve\/"},"modified":"2025-08-05T12:59:28","modified_gmt":"2025-08-05T10:59:28","slug":"100-neve","status":"publish","type":"page","link":"https:\/\/www.praloup.com\/it\/100-neve\/","title":{"rendered":"100% Neve"},"content":{"rendered":"\n<div class=\"wp-block-ws-library-ws-header-interne alignfull\"><div class=\"header-container\"><div class=\"group-media has-image\"><img loading=\"lazy\" decoding=\"async\" width=\"2560\" height=\"1707\" src=\"http:\/\/www.praloup.com\/wp-content\/uploads\/2025\/05\/pra-loup-alpesphotographiescom-82-scaled.jpg\" alt=\"\" class=\"image_large_square wp-image-3727 \" srcset=\"https:\/\/www.praloup.com\/wp-content\/uploads\/2025\/05\/pra-loup-alpesphotographiescom-82-scaled.jpg 2560w, https:\/\/www.praloup.com\/wp-content\/uploads\/2025\/05\/pra-loup-alpesphotographiescom-82-scaled-300x200.jpg 300w, https:\/\/www.praloup.com\/wp-content\/uploads\/2025\/05\/pra-loup-alpesphotographiescom-82-scaled-1024x683.jpg 1024w, https:\/\/www.praloup.com\/wp-content\/uploads\/2025\/05\/pra-loup-alpesphotographiescom-82-scaled-768x512.jpg 768w, https:\/\/www.praloup.com\/wp-content\/uploads\/2025\/05\/pra-loup-alpesphotographiescom-82-scaled-1536x1024.jpg 1536w, https:\/\/www.praloup.com\/wp-content\/uploads\/2025\/05\/pra-loup-alpesphotographiescom-82-scaled-2048x1366.jpg 2048w, https:\/\/www.praloup.com\/wp-content\/uploads\/2025\/05\/pra-loup-alpesphotographiescom-82-scaled-60x40.jpg 60w, https:\/\/www.praloup.com\/wp-content\/uploads\/2025\/05\/pra-loup-alpesphotographiescom-82-scaled-120x80.jpg 120w, https:\/\/www.praloup.com\/wp-content\/uploads\/2025\/05\/pra-loup-alpesphotographiescom-82-scaled-855x570.jpg 855w\" sizes=\"auto, (max-width: 2560px) 100vw, 2560px\" \/><\/div><div class=\"group-content\"><div class=\"title\"><h1>100% Neve<\/h1><\/div><\/div><\/div><div class=\"yoast-breadcrumbs\"><span><span><a href=\"https:\/\/www.praloup.com\/it\/pra-loup-lesperienza-sciistica-alle-porte-del-parco-nazionale-del-mercantour\/\">Accueil<\/a><\/span>  <span class=\"breadcrumb_last\" aria-current=\"page\">100% Neve<\/span><\/span><\/div><\/div>\n\n<p><strong>Scopri l \u201cofferta 100% sci di Pra Loup: un\u201d esperienza indimenticabile in montagna<\/strong><\/p>\n\n<p>Immerso nel cuore della valle dell&#8217;Ubaye, Pra Loup ti invita a vivere un&#8217;avventura sciistica unica con la sua offerta 100% Ski. Il nostro resort si distingue per il suo impegno nello sviluppo sostenibile e per la sua ambizione di diventare il punto di riferimento delle Alpi meridionali. Qui ogni discesa \u00e8 un&#8217;introduzione alla montagna, dove il piacere si unisce al rispetto per l&#8217;ambiente. Con chilometri di piste adatte a tutti i livelli, Pra Loup promette momenti di condivisione e convivialit\u00e0, lontani dai clich\u00e9 tradizionali.   <\/p>\n\n<p><strong>Spazi per tutti gli sciatori<\/strong><\/p>\n\n<p>Sia che tu sia un principiante o uno sciatore esperto, Pra Loup ti ha pensato. Le nostre aree per principianti sono state progettate appositamente per permetterti di progredire dolcemente, con zone ludiche che rendono l&#8217;apprendimento dello sci divertente e accessibile. Grazie alla nostra mappa interattiva e al piano delle piste, non ti perderai nessuna delle meraviglie che la nostra area sciistica ha da offrire. Per chi vuole esplorare la montagna da solo, la nostra app mobile \u00e8 il tuo compagno ideale, che ti guida sulle piste e ti offre consigli in tempo reale.   <\/p>\n\n<p><strong>Una stazione accessibile e innovativa<\/strong><\/p>\n\n<p>A Pra Loup crediamo in una montagna per tutti. Per questo abbiamo sviluppato i servizi di Handiski, che permettono a tutti di godere delle gioie dello sci. Il nostro impegno va oltre lo sci: incoraggiamo i momenti di condivisione, la giovialit\u00e0 e la libert\u00e0. Ogni giocatore, sia esso cliente, partner o membro della comunit\u00e0, partecipa a questa visione condivisa. Insieme, facciamo di Pra Loup un luogo dove imparare a vivere in armonia con l&#8217;ambiente naturale e sociale. Unisciti a noi e vivi esperienze memorabili in montagna, dove ogni discesa \u00e8 un invito alla scoperta e alla condivisione.     <\/p>\n\n<hr class=\"wp-block-separator has-alpha-channel-opacity\"\/>\n<div class=\"wp-block-ws-library-ws-list-childs\"><div class=\"child-pages-list list-items list-2-3-4\"><div class=\"item\" data-season=\"all-seasons\"><div class=\"card card-child\"><div class=\"group-media\"><div class=\"field-image\"><img decoding=\"async\" width=\"320\" height=\"215\" src=\"https:\/\/www.praloup.com\/wp-content\/uploads\/2025\/07\/56315-pnm-breton-francois-320x215.jpg\" class=\"winter all-seasons wp-post-image\" alt=\"Ski de randonne\u0301e a\u0300 Pra Loup, Ubaye, Mercantour\" loading=\"lazy\" data-season=\"all-seasons\" srcset=\"https:\/\/www.praloup.com\/wp-content\/uploads\/2025\/07\/56315-pnm-breton-francois-320x215.jpg 320w, https:\/\/www.praloup.com\/wp-content\/uploads\/2025\/07\/56315-pnm-breton-francois-768x513.jpg 768w, https:\/\/www.praloup.com\/wp-content\/uploads\/2025\/07\/56315-pnm-breton-francois-60x40.jpg 60w, https:\/\/www.praloup.com\/wp-content\/uploads\/2025\/07\/56315-pnm-breton-francois-120x80.jpg 120w, https:\/\/www.praloup.com\/wp-content\/uploads\/2025\/07\/56315-pnm-breton-francois.jpg 800w\" sizes=\"auto, (max-width: 320px) 100vw, 320px\" \/><\/div><\/div><div class=\"group-content\"><span class=\"field-title\">Sci alpinismo nei dintorni di Pra Loup<\/span><\/div><div class=\"field-link\"><a href=\"https:\/\/www.praloup.com\/it\/100-neve\/sci-alpinismo\/\" class=\"cardlink\">Voir plus<\/a><\/div><\/div><\/div><div class=\"item\" data-season=\"all-seasons\"><div class=\"card card-child\"><div class=\"group-media\"><div class=\"field-image is-default\"><img decoding=\"async\" src=\"https:\/\/www.praloup.com\/wp-content\/uploads\/2025\/05\/praloup-logo-1.svg\" alt=\"Pra Loup - Office de Tourisme\" style=\"filter: grayscale(100%);\" loading=\"lazy\" \/><\/div><\/div><div class=\"group-content\"><span class=\"field-title\">Ristoranti di montagna<\/span><\/div><div class=\"field-link\"><a href=\"https:\/\/www.praloup.com\/it\/100-neve\/ristoranti-quota\/\" class=\"cardlink\">Voir plus<\/a><\/div><\/div><\/div><div class=\"item\" data-season=\"all-seasons\"><div class=\"card card-child\"><div class=\"group-media\"><div class=\"field-image is-default\"><img decoding=\"async\" src=\"https:\/\/www.praloup.com\/wp-content\/uploads\/2025\/05\/praloup-logo-1.svg\" alt=\"Pra Loup - Office de Tourisme\" style=\"filter: grayscale(100%);\" loading=\"lazy\" \/><\/div><\/div><div class=\"group-content\"><span class=\"field-title\">Sci club<\/span><\/div><div class=\"field-link\"><a href=\"https:\/\/www.praloup.com\/it\/100-neve\/sci-club\/\" class=\"cardlink\">Voir plus<\/a><\/div><\/div><\/div><div class=\"item\" data-season=\"all-seasons\"><div class=\"card card-child\"><div class=\"group-media\"><div class=\"field-image is-default\"><img decoding=\"async\" src=\"https:\/\/www.praloup.com\/wp-content\/uploads\/2025\/05\/praloup-logo-1.svg\" alt=\"Pra Loup - Office de Tourisme\" style=\"filter: grayscale(100%);\" loading=\"lazy\" \/><\/div><\/div><div class=\"group-content\"><span class=\"field-title\">Noleggio di attrezzature<\/span><\/div><div class=\"field-link\"><a href=\"https:\/\/www.praloup.com\/it\/100-neve\/noleggio-di-attrezzature\/\" class=\"cardlink\">Voir plus<\/a><\/div><\/div><\/div><div class=\"item\" data-season=\"all-seasons\"><div class=\"card card-child\"><div class=\"group-media\"><div class=\"field-image\"><img decoding=\"async\" width=\"320\" height=\"215\" src=\"https:\/\/www.praloup.com\/wp-content\/uploads\/2025\/05\/pra-loup-1600-neige-ut-brendan-le-peru-66-320x215.jpg\" class=\"winter all-seasons wp-post-image\" alt=\"Neige Pra Loup itin\u00e9raires raquettes\" loading=\"lazy\" data-season=\"all-seasons\" srcset=\"https:\/\/www.praloup.com\/wp-content\/uploads\/2025\/05\/pra-loup-1600-neige-ut-brendan-le-peru-66-320x215.jpg 320w, https:\/\/www.praloup.com\/wp-content\/uploads\/2025\/05\/pra-loup-1600-neige-ut-brendan-le-peru-66-60x40.jpg 60w, https:\/\/www.praloup.com\/wp-content\/uploads\/2025\/05\/pra-loup-1600-neige-ut-brendan-le-peru-66-120x80.jpg 120w\" sizes=\"auto, (max-width: 320px) 100vw, 320px\" \/><\/div><\/div><div class=\"group-content\"><span class=\"field-title\">Ciaspolate nei dintorni di Pra Loup<\/span><\/div><div class=\"field-link\"><a href=\"https:\/\/www.praloup.com\/it\/100-neve\/racchette-da-neve\/\" class=\"cardlink\">Voir plus<\/a><\/div><\/div><\/div><div class=\"item\" data-season=\"all-seasons\"><div class=\"card card-child\"><div class=\"group-media\"><div class=\"field-image\"><img decoding=\"async\" width=\"320\" height=\"215\" src=\"https:\/\/www.praloup.com\/wp-content\/uploads\/2025\/05\/pra-loup-alpesphotographiescom-2-320x215.jpg\" class=\"winter all-seasons wp-post-image\" alt=\"\" loading=\"lazy\" data-season=\"all-seasons\" srcset=\"https:\/\/www.praloup.com\/wp-content\/uploads\/2025\/05\/pra-loup-alpesphotographiescom-2-320x215.jpg 320w, https:\/\/www.praloup.com\/wp-content\/uploads\/2025\/05\/pra-loup-alpesphotographiescom-2-60x40.jpg 60w, https:\/\/www.praloup.com\/wp-content\/uploads\/2025\/05\/pra-loup-alpesphotographiescom-2-120x80.jpg 120w\" sizes=\"auto, (max-width: 320px) 100vw, 320px\" \/><\/div><\/div><div class=\"group-content\"><span class=\"field-title\">Noleggia la tua attrezzatura da sci a Pra Loup<\/span><\/div><div class=\"field-link\"><a href=\"https:\/\/www.praloup.com\/it\/100-neve\/noleggia-la-tua-attrezzatura-da-sci-a-pra-loup\/\" class=\"cardlink\">Voir plus<\/a><\/div><\/div><\/div><div class=\"item\" data-season=\"all-seasons\"><div class=\"card card-child\"><div class=\"group-media\"><div class=\"field-image\"><img decoding=\"async\" width=\"320\" height=\"215\" src=\"https:\/\/www.praloup.com\/wp-content\/uploads\/2025\/05\/pra-loup-alpesphotographiescom-10-320x215.jpg\" class=\"winter all-seasons wp-post-image\" alt=\"\" loading=\"lazy\" data-season=\"all-seasons\" srcset=\"https:\/\/www.praloup.com\/wp-content\/uploads\/2025\/05\/pra-loup-alpesphotographiescom-10-320x215.jpg 320w, https:\/\/www.praloup.com\/wp-content\/uploads\/2025\/05\/pra-loup-alpesphotographiescom-10-60x40.jpg 60w, https:\/\/www.praloup.com\/wp-content\/uploads\/2025\/05\/pra-loup-alpesphotographiescom-10-120x80.jpg 120w\" sizes=\"auto, (max-width: 320px) 100vw, 320px\" \/><\/div><\/div><div class=\"group-content\"><span class=\"field-title\">Acquista\/Recupera il mio pass<\/span><\/div><div class=\"field-link\"><a href=\"https:\/\/www.praloup.com\/it\/100-neve\/acquista-recupera-mio-pacchetto\/\" class=\"cardlink\">Voir plus<\/a><\/div><\/div><\/div><div class=\"item\" data-season=\"all-seasons\"><div class=\"card card-child\"><div class=\"group-media\"><div class=\"field-image\"><img decoding=\"async\" width=\"320\" height=\"215\" src=\"https:\/\/www.praloup.com\/wp-content\/uploads\/2025\/05\/pra-loup-alpesphotographiescom-17-320x215.jpg\" class=\"winter wp-post-image\" alt=\"Pra Loup Hiver Ski Snowboard\" loading=\"lazy\" data-season=\"winter\" srcset=\"https:\/\/www.praloup.com\/wp-content\/uploads\/2025\/05\/pra-loup-alpesphotographiescom-17-320x215.jpg 320w, https:\/\/www.praloup.com\/wp-content\/uploads\/2025\/05\/pra-loup-alpesphotographiescom-17-60x40.jpg 60w, https:\/\/www.praloup.com\/wp-content\/uploads\/2025\/05\/pra-loup-alpesphotographiescom-17-120x80.jpg 120w\" sizes=\"auto, (max-width: 320px) 100vw, 320px\" \/><img loading=\"lazy\" decoding=\"async\" width=\"320\" height=\"215\" src=\"https:\/\/www.praloup.com\/wp-content\/uploads\/2025\/05\/pra-loup-alpesphotographiescom-17-scaled-320x215.jpg\" class=\"vivaldi-thumb summer\" alt=\"Pra Loup Hiver Ski Snowboard\" data-season=\"summer\" srcset=\"https:\/\/www.praloup.com\/wp-content\/uploads\/2025\/05\/pra-loup-alpesphotographiescom-17-scaled-320x215.jpg 320w, https:\/\/www.praloup.com\/wp-content\/uploads\/2025\/05\/pra-loup-alpesphotographiescom-17-scaled-60x40.jpg 60w, https:\/\/www.praloup.com\/wp-content\/uploads\/2025\/05\/pra-loup-alpesphotographiescom-17-scaled-120x80.jpg 120w\" sizes=\"auto, (max-width: 320px) 100vw, 320px\" \/><\/div><\/div><div class=\"group-content\"><span class=\"field-title\">Prenota le mie lezioni di sci<\/span><\/div><div class=\"field-link\"><a href=\"https:\/\/www.praloup.com\/it\/100-neve\/lezioni-di-sci\/\" class=\"cardlink\">Voir plus<\/a><\/div><\/div><\/div><div class=\"item\" data-season=\"all-seasons\"><div class=\"card card-child\"><div class=\"group-media\"><div class=\"field-image is-default\"><img decoding=\"async\" src=\"https:\/\/www.praloup.com\/wp-content\/uploads\/2025\/05\/praloup-logo-1.svg\" alt=\"Pra Loup - Office de Tourisme\" style=\"filter: grayscale(100%);\" loading=\"lazy\" \/><\/div><\/div><div class=\"group-content\"><span class=\"field-title\">Capretti<\/span><\/div><div class=\"field-link\"><a href=\"https:\/\/www.praloup.com\/it\/100-neve\/bambini\/\" class=\"cardlink\">Voir plus<\/a><\/div><\/div><\/div><div class=\"item\" data-season=\"all-seasons\"><div class=\"card card-child\"><div class=\"group-media\"><div class=\"field-image\"><img decoding=\"async\" width=\"320\" height=\"215\" src=\"https:\/\/www.praloup.com\/wp-content\/uploads\/2025\/07\/domaine-skiable-de-pra-loup-brendan-le-peru-24-320x215.jpg\" class=\"winter all-seasons wp-post-image\" alt=\"Ski Pra Loup Hiver\" loading=\"lazy\" data-season=\"all-seasons\" srcset=\"https:\/\/www.praloup.com\/wp-content\/uploads\/2025\/07\/domaine-skiable-de-pra-loup-brendan-le-peru-24-320x215.jpg 320w, https:\/\/www.praloup.com\/wp-content\/uploads\/2025\/07\/domaine-skiable-de-pra-loup-brendan-le-peru-24-60x40.jpg 60w, https:\/\/www.praloup.com\/wp-content\/uploads\/2025\/07\/domaine-skiable-de-pra-loup-brendan-le-peru-24-120x80.jpg 120w\" sizes=\"auto, (max-width: 320px) 100vw, 320px\" \/><\/div><\/div><div class=\"group-content\"><span class=\"field-title\">Apertura delle piste e degli impianti di risalita<\/span><\/div><div class=\"field-link\"><a href=\"https:\/\/www.praloup.com\/it\/100-neve\/piste-impianti-di-risalita-aperti\/\" class=\"cardlink\">Voir plus<\/a><\/div><\/div><\/div><div class=\"item\" data-season=\"all-seasons\"><div class=\"card card-child\"><div class=\"group-media\"><div class=\"field-image\"><img decoding=\"async\" width=\"320\" height=\"215\" src=\"https:\/\/www.praloup.com\/wp-content\/uploads\/2025\/08\/pra-loup-alpesphotographiescom-8-320x215.jpg\" class=\"winter wp-post-image\" alt=\"\" loading=\"lazy\" data-season=\"winter\" \/><img loading=\"lazy\" decoding=\"async\" width=\"320\" height=\"215\" src=\"https:\/\/www.praloup.com\/wp-content\/uploads\/2025\/08\/pra-loup-alpesphotographiescom-8-320x215.jpg\" class=\"vivaldi-thumb summer\" alt=\"\" data-season=\"summer\" \/><\/div><\/div><div class=\"group-content\"><span class=\"field-title\">Comprensorio sciistico<\/span><\/div><div class=\"field-link\"><a href=\"https:\/\/www.praloup.com\/it\/100-neve\/area-sciistica\/\" class=\"cardlink\">Voir plus<\/a><\/div><\/div><\/div><\/div><\/div>","protected":false},"excerpt":{"rendered":"<p>Scopri Praloup, una localit\u00e0 per famiglie situata nella valle dell&#8217;Ubaye, nelle Alpi dell&#8217;Alta Provenza. A un&#8217;altitudine compresa tra i 1500 e i 2500 metri, questo paradiso degli sport invernali offre 180 km di piste adatte a tutti. <\/p>\n","protected":false},"author":1,"featured_media":3839,"parent":0,"menu_order":0,"comment_status":"closed","ping_status":"closed","template":"","meta":{"_thumbnail_id_2":0,"summer_excerpt":"","season":"","menu_page_1":"","menu_page_2":"","footnotes":""},"class_list":["post-1197","page","type-page","status-publish","has-post-thumbnail","hentry"],"yoast_head":"<!-- This site is optimized with the Yoast SEO plugin v27.5 - https:\/\/yoast.com\/product\/yoast-seo-wordpress\/ -->\n<title>100% Neve - Pra Loup - Office de Tourisme<\/title>\n<meta name=\"robots\" content=\"index, follow, max-snippet:-1, max-image-preview:large, max-video-preview:-1\" \/>\n<link rel=\"canonical\" href=\"https:\/\/www.praloup.com\/it\/100-neve\/\" \/>\n<meta property=\"og:locale\" content=\"it_IT\" \/>\n<meta property=\"og:type\" content=\"article\" \/>\n<meta property=\"og:title\" content=\"100% Neve - Pra Loup - Office de Tourisme\" \/>\n<meta property=\"og:description\" content=\"Scopri Praloup, una localit\u00e0 per famiglie situata nella valle dell&#039;Ubaye, nelle Alpi dell&#039;Alta Provenza. A un&#039;altitudine compresa tra i 1500 e i 2500 metri, questo paradiso degli sport invernali offre 180 km di piste adatte a tutti.\" \/>\n<meta property=\"og:url\" content=\"https:\/\/www.praloup.com\/it\/100-neve\/\" \/>\n<meta property=\"og:site_name\" content=\"Pra Loup - Office de Tourisme\" \/>\n<meta property=\"article:publisher\" content=\"https:\/\/www.facebook.com\/praloup\" \/>\n<meta property=\"article:modified_time\" content=\"2025-08-05T10:59:28+00:00\" \/>\n<meta property=\"og:image\" content=\"https:\/\/www.praloup.com\/wp-content\/uploads\/2025\/05\/pra-loup-1600-neige-ut-brendan-le-peru-84-scaled.jpg\" \/>\n\t<meta property=\"og:image:width\" content=\"2560\" \/>\n\t<meta property=\"og:image:height\" content=\"1707\" \/>\n\t<meta property=\"og:image:type\" content=\"image\/jpeg\" \/>\n<meta name=\"twitter:card\" content=\"summary_large_image\" \/>\n<meta name=\"twitter:label1\" content=\"Tempo di lettura stimato\" \/>\n\t<meta name=\"twitter:data1\" content=\"1 minuto\" \/>\n<script type=\"application\/ld+json\" class=\"yoast-schema-graph\">{\"@context\":\"https:\\\/\\\/schema.org\",\"@graph\":[{\"@type\":\"WebPage\",\"@id\":\"https:\\\/\\\/www.praloup.com\\\/it\\\/100-neve\\\/\",\"url\":\"https:\\\/\\\/www.praloup.com\\\/it\\\/100-neve\\\/\",\"name\":\"100% Neve - Pra Loup - Office de Tourisme\",\"isPartOf\":{\"@id\":\"https:\\\/\\\/www.praloup.com\\\/it\\\/#website\"},\"primaryImageOfPage\":{\"@id\":\"https:\\\/\\\/www.praloup.com\\\/it\\\/100-neve\\\/#primaryimage\"},\"image\":{\"@id\":\"https:\\\/\\\/www.praloup.com\\\/it\\\/100-neve\\\/#primaryimage\"},\"thumbnailUrl\":\"https:\\\/\\\/www.praloup.com\\\/wp-content\\\/uploads\\\/2025\\\/05\\\/pra-loup-1600-neige-ut-brendan-le-peru-84-scaled.jpg\",\"datePublished\":\"2025-05-02T15:57:28+00:00\",\"dateModified\":\"2025-08-05T10:59:28+00:00\",\"breadcrumb\":{\"@id\":\"https:\\\/\\\/www.praloup.com\\\/it\\\/100-neve\\\/#breadcrumb\"},\"inLanguage\":\"it-IT\",\"potentialAction\":[{\"@type\":\"ReadAction\",\"target\":[\"https:\\\/\\\/www.praloup.com\\\/it\\\/100-neve\\\/\"]}]},{\"@type\":\"ImageObject\",\"inLanguage\":\"it-IT\",\"@id\":\"https:\\\/\\\/www.praloup.com\\\/it\\\/100-neve\\\/#primaryimage\",\"url\":\"https:\\\/\\\/www.praloup.com\\\/wp-content\\\/uploads\\\/2025\\\/05\\\/pra-loup-1600-neige-ut-brendan-le-peru-84-scaled.jpg\",\"contentUrl\":\"https:\\\/\\\/www.praloup.com\\\/wp-content\\\/uploads\\\/2025\\\/05\\\/pra-loup-1600-neige-ut-brendan-le-peru-84-scaled.jpg\",\"width\":2560,\"height\":1707,\"caption\":\"Alpes Photographies\"},{\"@type\":\"BreadcrumbList\",\"@id\":\"https:\\\/\\\/www.praloup.com\\\/it\\\/100-neve\\\/#breadcrumb\",\"itemListElement\":[{\"@type\":\"ListItem\",\"position\":1,\"name\":\"Accueil\",\"item\":\"https:\\\/\\\/www.praloup.com\\\/it\\\/pra-loup-lesperienza-sciistica-alle-porte-del-parco-nazionale-del-mercantour\\\/\"},{\"@type\":\"ListItem\",\"position\":2,\"name\":\"100% Neve\"}]},{\"@type\":\"WebSite\",\"@id\":\"https:\\\/\\\/www.praloup.com\\\/it\\\/#website\",\"url\":\"https:\\\/\\\/www.praloup.com\\\/it\\\/\",\"name\":\"Praloup - Office de Tourisme\",\"description\":\"\",\"publisher\":{\"@id\":\"https:\\\/\\\/www.praloup.com\\\/it\\\/#organization\"},\"potentialAction\":[{\"@type\":\"SearchAction\",\"target\":{\"@type\":\"EntryPoint\",\"urlTemplate\":\"https:\\\/\\\/www.praloup.com\\\/it\\\/?s={search_term_string}\"},\"query-input\":{\"@type\":\"PropertyValueSpecification\",\"valueRequired\":true,\"valueName\":\"search_term_string\"}}],\"inLanguage\":\"it-IT\"},{\"@type\":\"Organization\",\"@id\":\"https:\\\/\\\/www.praloup.com\\\/it\\\/#organization\",\"name\":\"Praloup - Office de Tourisme\",\"url\":\"https:\\\/\\\/www.praloup.com\\\/it\\\/\",\"logo\":{\"@type\":\"ImageObject\",\"inLanguage\":\"it-IT\",\"@id\":\"https:\\\/\\\/www.praloup.com\\\/it\\\/#\\\/schema\\\/logo\\\/image\\\/\",\"url\":\"https:\\\/\\\/www.praloup.com\\\/wp-content\\\/uploads\\\/2025\\\/05\\\/praloup-logo.svg\",\"contentUrl\":\"https:\\\/\\\/www.praloup.com\\\/wp-content\\\/uploads\\\/2025\\\/05\\\/praloup-logo.svg\",\"width\":1,\"height\":1,\"caption\":\"Praloup - Office de Tourisme\"},\"image\":{\"@id\":\"https:\\\/\\\/www.praloup.com\\\/it\\\/#\\\/schema\\\/logo\\\/image\\\/\"},\"sameAs\":[\"https:\\\/\\\/www.facebook.com\\\/praloup\",\"https:\\\/\\\/www.linkedin.com\\\/company\\\/praloup\\\/\",\"https:\\\/\\\/www.instagram.com\\\/pra_loup\\\/\"]}]}<\/script>\n<!-- \/ Yoast SEO plugin. -->","yoast_head_json":{"title":"100% Neve - Pra Loup - Office de Tourisme","robots":{"index":"index","follow":"follow","max-snippet":"max-snippet:-1","max-image-preview":"max-image-preview:large","max-video-preview":"max-video-preview:-1"},"canonical":"https:\/\/www.praloup.com\/it\/100-neve\/","og_locale":"it_IT","og_type":"article","og_title":"100% Neve - Pra Loup - Office de Tourisme","og_description":"Scopri Praloup, una localit\u00e0 per famiglie situata nella valle dell'Ubaye, nelle Alpi dell'Alta Provenza. A un'altitudine compresa tra i 1500 e i 2500 metri, questo paradiso degli sport invernali offre 180 km di piste adatte a tutti.","og_url":"https:\/\/www.praloup.com\/it\/100-neve\/","og_site_name":"Pra Loup - Office de Tourisme","article_publisher":"https:\/\/www.facebook.com\/praloup","article_modified_time":"2025-08-05T10:59:28+00:00","og_image":[{"width":2560,"height":1707,"url":"https:\/\/www.praloup.com\/wp-content\/uploads\/2025\/05\/pra-loup-1600-neige-ut-brendan-le-peru-84-scaled.jpg","type":"image\/jpeg"}],"twitter_card":"summary_large_image","twitter_misc":{"Tempo di lettura stimato":"1 minuto"},"schema":{"@context":"https:\/\/schema.org","@graph":[{"@type":"WebPage","@id":"https:\/\/www.praloup.com\/it\/100-neve\/","url":"https:\/\/www.praloup.com\/it\/100-neve\/","name":"100% Neve - Pra Loup - Office de Tourisme","isPartOf":{"@id":"https:\/\/www.praloup.com\/it\/#website"},"primaryImageOfPage":{"@id":"https:\/\/www.praloup.com\/it\/100-neve\/#primaryimage"},"image":{"@id":"https:\/\/www.praloup.com\/it\/100-neve\/#primaryimage"},"thumbnailUrl":"https:\/\/www.praloup.com\/wp-content\/uploads\/2025\/05\/pra-loup-1600-neige-ut-brendan-le-peru-84-scaled.jpg","datePublished":"2025-05-02T15:57:28+00:00","dateModified":"2025-08-05T10:59:28+00:00","breadcrumb":{"@id":"https:\/\/www.praloup.com\/it\/100-neve\/#breadcrumb"},"inLanguage":"it-IT","potentialAction":[{"@type":"ReadAction","target":["https:\/\/www.praloup.com\/it\/100-neve\/"]}]},{"@type":"ImageObject","inLanguage":"it-IT","@id":"https:\/\/www.praloup.com\/it\/100-neve\/#primaryimage","url":"https:\/\/www.praloup.com\/wp-content\/uploads\/2025\/05\/pra-loup-1600-neige-ut-brendan-le-peru-84-scaled.jpg","contentUrl":"https:\/\/www.praloup.com\/wp-content\/uploads\/2025\/05\/pra-loup-1600-neige-ut-brendan-le-peru-84-scaled.jpg","width":2560,"height":1707,"caption":"Alpes Photographies"},{"@type":"BreadcrumbList","@id":"https:\/\/www.praloup.com\/it\/100-neve\/#breadcrumb","itemListElement":[{"@type":"ListItem","position":1,"name":"Accueil","item":"https:\/\/www.praloup.com\/it\/pra-loup-lesperienza-sciistica-alle-porte-del-parco-nazionale-del-mercantour\/"},{"@type":"ListItem","position":2,"name":"100% Neve"}]},{"@type":"WebSite","@id":"https:\/\/www.praloup.com\/it\/#website","url":"https:\/\/www.praloup.com\/it\/","name":"Praloup - Office de Tourisme","description":"","publisher":{"@id":"https:\/\/www.praloup.com\/it\/#organization"},"potentialAction":[{"@type":"SearchAction","target":{"@type":"EntryPoint","urlTemplate":"https:\/\/www.praloup.com\/it\/?s={search_term_string}"},"query-input":{"@type":"PropertyValueSpecification","valueRequired":true,"valueName":"search_term_string"}}],"inLanguage":"it-IT"},{"@type":"Organization","@id":"https:\/\/www.praloup.com\/it\/#organization","name":"Praloup - Office de Tourisme","url":"https:\/\/www.praloup.com\/it\/","logo":{"@type":"ImageObject","inLanguage":"it-IT","@id":"https:\/\/www.praloup.com\/it\/#\/schema\/logo\/image\/","url":"https:\/\/www.praloup.com\/wp-content\/uploads\/2025\/05\/praloup-logo.svg","contentUrl":"https:\/\/www.praloup.com\/wp-content\/uploads\/2025\/05\/praloup-logo.svg","width":1,"height":1,"caption":"Praloup - Office de Tourisme"},"image":{"@id":"https:\/\/www.praloup.com\/it\/#\/schema\/logo\/image\/"},"sameAs":["https:\/\/www.facebook.com\/praloup","https:\/\/www.linkedin.com\/company\/praloup\/","https:\/\/www.instagram.com\/pra_loup\/"]}]}},"_links":{"self":[{"href":"https:\/\/www.praloup.com\/it\/wp-json\/wp\/v2\/pages\/1197","targetHints":{"allow":["GET"]}}],"collection":[{"href":"https:\/\/www.praloup.com\/it\/wp-json\/wp\/v2\/pages"}],"about":[{"href":"https:\/\/www.praloup.com\/it\/wp-json\/wp\/v2\/types\/page"}],"author":[{"embeddable":true,"href":"https:\/\/www.praloup.com\/it\/wp-json\/wp\/v2\/users\/1"}],"replies":[{"embeddable":true,"href":"https:\/\/www.praloup.com\/it\/wp-json\/wp\/v2\/comments?post=1197"}],"version-history":[{"count":0,"href":"https:\/\/www.praloup.com\/it\/wp-json\/wp\/v2\/pages\/1197\/revisions"}],"wp:featuredmedia":[{"embeddable":true,"href":"https:\/\/www.praloup.com\/it\/wp-json\/wp\/v2\/media\/3839"}],"wp:attachment":[{"href":"https:\/\/www.praloup.com\/it\/wp-json\/wp\/v2\/media?parent=1197"}],"curies":[{"name":"wp","href":"https:\/\/api.w.org\/{rel}","templated":true}]}}