{"id":1190,"date":"2025-05-02T18:02:29","date_gmt":"2025-05-02T16:02:29","guid":{"rendered":"https:\/\/www.praloup.com\/lezioni-di-sci\/"},"modified":"2026-01-19T17:28:55","modified_gmt":"2026-01-19T16:28:55","slug":"lezioni-di-sci","status":"publish","type":"page","link":"https:\/\/www.praloup.com\/it\/100-neve\/lezioni-di-sci\/","title":{"rendered":"Prenota le mie lezioni di sci"},"content":{"rendered":"\n<div class=\"wp-block-ws-library-ws-header-interne alignfull\"><div class=\"header-container\"><div class=\"group-media has-image\"><img decoding=\"async\" src=\"https:\/\/www.praloup.com\/wp-content\/uploads\/2025\/05\/pra-loup-alpesphotographiescom-17-1920x640.jpg\" alt=\"Pra Loup Hiver Ski Snowboard\" class=\"image_large_square wp-image-3532 \"\/><\/div><div class=\"group-content\"><div class=\"title\"><h1>Prenota le mie lezioni di sci<\/h1><\/div><\/div><\/div><div class=\"yoast-breadcrumbs\"><span><span><a href=\"https:\/\/www.praloup.com\/it\/pra-loup-lesperienza-sciistica-alle-porte-del-parco-nazionale-del-mercantour\/\">Accueil<\/a><\/span>  <span><a href=\"https:\/\/www.praloup.com\/it\/100-neve\/\">100% Neve<\/a><\/span>  <span class=\"breadcrumb_last\" aria-current=\"page\">Prenota le mie lezioni di sci<\/span><\/span><\/div><\/div>\n\n<p>Che tu sia un principiante, uno sciatore esperto o semplicemente desideri perfezionare la tua tecnica, Pra Loup ti offre un&#8217;ampia scelta di lezioni adatte a tutti i livelli e a tutti i desideri.<br\/>Bambini, adolescenti o adulti: ognuno trova la propria formula, sia nelle lezioni di gruppo per progredire in un&#8217;atmosfera amichevole che nelle lezioni private per un supporto personalizzato al 100%.<\/p>\n\n<p>I nostri istruttori qualificati e appassionati conoscono la montagna come le loro tasche. Ti guideranno, ti motiveranno e ti aiuteranno a progredire garantendoti sicurezza e buon umore. <\/p>\n\n<p><strong>Sci alpino, snowboard, freestyle, fuoripista<\/strong>&#8230; Indipendentemente dalla disciplina che desideri, troverai l&#8217;istruttore che fa per te.<br\/><strong>Prenota subito online<\/strong> per garantirti il posto e goderti al meglio il tuo soggiorno sulle piste di Pra Loup.<\/p>\n<div id=\"listing_30151\" data-observer-wishlist data-attributes='listing-avance {\"selectedSelectionIds\":[\"197196\",\"197133\"],\"perPage\":3,\"align\":\"wide\",\"isPortrait\":false,\"isImageContain\":false,\"showCommune\":true,\"defaultImage\":\"\\\/wp-content\\\/plugins\\\/ws-apidae\\\/assets\\\/images\\\/placeholder-empty-image.svg\",\"selectedFacets\":[],\"showMap\":false,\"sortOrder\":\"random\",\"showType\":false,\"columnsCount\":\"2-3-3\",\"showActiveFacets\":false,\"showGeolocalisation\":false,\"isLimited\":false,\"isPaginated\":false,\"season\":\"\"}' class=\"ws-listing wp-block-ws-apidae-library-listing-avance alignwide\" data-map-id=\"map_30151\" data-locations-id=\"locations-data_30151\"><div class=\"facetwp-template\"><div class=\"list-container active\"><div class=\"list-items\"><div class=\"item\"><div class=\"card card-apidae card-avance\"><div class=\"group-media\"><div class=\"field-image\"><img decoding=\"async\" src=\"https:\/\/images.weserv.nl\/?url=https:\/\/static.apidae-tourisme.com\/filestore\/objets-touristiques\/images\/170\/227\/11658154-diaporama.jpg&#038;w=450&#038;h=350&#038;fit=cover&#038;output=webp&#038;q=45\" alt=\"Scuola di Sci Francese di Pra Loup\"\/><\/div><\/div><div class=\"group-content\"><h3 class=\"field-title\">Scuola di Sci Francese di Pra Loup<\/h3><div class=\"field-description\">L\u2019ESF di Pra Loup propone lezioni dai 3 anni in su per qualsiasi tipo di attivit\u00e0 sulla neve: sci alpino,&#8230;<\/div><\/div><div class=\"field-link\"><a href=\"https:\/\/www.praloup.com\/it\/fiche\/scuola-di-sci-francese-di-pra-loup-3\/\" class=\"cardlink\">Scuola di Sci Francese di Pra Loup<\/a><\/div><\/div><\/div><div class=\"item\"><div class=\"card card-apidae card-avance\"><div class=\"group-media\"><div class=\"field-image\"><img decoding=\"async\" src=\"https:\/\/images.weserv.nl\/?url=https:\/\/static.apidae-tourisme.com\/filestore\/objets-touristiques\/images\/67\/95\/15753027-diaporama.jpg&#038;w=450&#038;h=350&#038;fit=cover&#038;output=webp&#038;q=45\" alt=\"Scuola sci e snowboard Oxyg\u00e8ne Ubaye Valley\"\/><\/div><\/div><div class=\"group-content\"><h3 class=\"field-title\">Scuola sci e snowboard Oxyg\u00e8ne Ubaye Valley<\/h3><div class=\"field-description\">Oxyg\u00e8ne \u00e8 una scuola di sci con 30 anni di esperienza. La nostra piccola \u00e9quipe originaria della regione ti far\u00e0&#8230;<\/div><\/div><div class=\"field-link\"><a href=\"https:\/\/www.praloup.com\/it\/fiche\/scuola-sci-snowboard-oxygene-vallee-de-lubaye\/\" class=\"cardlink\">Scuola sci e snowboard Oxyg\u00e8ne Ubaye Valley<\/a><\/div><\/div><\/div><div class=\"item\"><div class=\"card card-apidae card-avance\"><div class=\"group-media\"><div class=\"field-image\"><img decoding=\"async\" src=\"https:\/\/images.weserv.nl\/?url=https:\/\/static.apidae-tourisme.com\/filestore\/objets-touristiques\/images\/53\/185\/18921781-diaporama.jpg&#038;w=450&#038;h=350&#038;fit=cover&#038;output=webp&#038;q=45\" alt=\"Nathy Loisir\"\/><\/div><\/div><div class=\"group-content\"><h3 class=\"field-title\">Nathy Loisir<\/h3><div class=\"field-description\">Specialista nel noleggio di slitte da neve. Accessibile a tutti a partire dai 4 anni. Ci trovate all&#8217;inizio delle piste,&#8230;<\/div><\/div><div class=\"field-link\"><a href=\"https:\/\/www.praloup.com\/it\/fiche\/nathy-loisir-3\/\" class=\"cardlink\">Nathy Loisir<\/a><\/div><\/div><\/div><div class=\"item\"><div class=\"card card-apidae card-avance\"><div class=\"group-media\"><div class=\"field-image\"><img decoding=\"async\" src=\"https:\/\/images.weserv.nl\/?url=https:\/\/static.apidae-tourisme.com\/filestore\/objets-touristiques\/images\/243\/148\/8623347-diaporama.jpg&#038;w=450&#038;h=350&#038;fit=cover&#038;output=webp&#038;q=45\" alt=\"Sci Indipendenza Yannick Debeux\"\/><\/div><\/div><div class=\"group-content\"><h3 class=\"field-title\">Sci Indipendenza Yannick Debeux<\/h3><div class=\"field-description\">Maestri nazionali indipendenti con qualifica statale. Le lezioni private sono il modo migliore per fare progressi.<\/div><\/div><div class=\"field-link\"><a href=\"https:\/\/www.praloup.com\/it\/fiche\/scuola-sci\/\" class=\"cardlink\">Sci Indipendenza Yannick Debeux<\/a><\/div><\/div><\/div><div class=\"item\"><div class=\"card card-apidae card-avance\"><div class=\"group-media\"><div class=\"field-image\"><img decoding=\"async\" src=\"https:\/\/images.weserv.nl\/?url=https:\/\/static.apidae-tourisme.com\/filestore\/objets-touristiques\/images\/234\/182\/8632042-diaporama.jpg&#038;w=450&#038;h=350&#038;fit=cover&#038;output=webp&#038;q=45\" alt=\"Christophe Bracciani \u2013 Istruttore indipendente\"\/><\/div><\/div><div class=\"group-content\"><h3 class=\"field-title\">Christophe Bracciani \u2013 Istruttore indipendente<\/h3><div class=\"field-description\">In qualit\u00e0 di istruttore diplomato dallo Stato, vi propongo di partire alla scoperta di spazi incontaminati in tutta sicurezza, con&#8230;<\/div><\/div><div class=\"field-link\"><a href=\"https:\/\/www.praloup.com\/it\/fiche\/christophe-bracciani-moniteur-independant-3\/\" class=\"cardlink\">Christophe Bracciani \u2013 Istruttore indipendente<\/a><\/div><\/div><\/div><div class=\"item\"><div class=\"card card-apidae card-avance\"><div class=\"group-media\"><div class=\"field-image\"><img decoding=\"async\" src=\"https:\/\/images.weserv.nl\/?url=https:\/\/static.apidae-tourisme.com\/filestore\/objets-touristiques\/images\/48\/176\/36417584-diaporama.png&#038;w=450&#038;h=350&#038;fit=cover&#038;output=webp&#038;q=45\" alt=\"Scuola di Sci Pra Loup\"\/><\/div><\/div><div class=\"group-content\"><h3 class=\"field-title\">Scuola di Sci Pra Loup<\/h3><div class=\"field-description\">Vogliamo rendere il soggiorno un\u2019esperienza indimenticabile condividendo la nostra passione per la montagna e le attivit\u00e0 sulla neve.<\/div><\/div><div class=\"field-link\"><a href=\"https:\/\/www.praloup.com\/it\/fiche\/scuola-sci-di-pra-loup\/\" class=\"cardlink\">Scuola di Sci Pra Loup<\/a><\/div><\/div><\/div><div id=\"locations-data_30151\" style=\"display: none;\">{&quot;locations&quot;:[{&quot;lat&quot;:&quot;44.369944&quot;,&quot;lng&quot;:&quot;6.600995&quot;,&quot;title&quot;:&quot;Scuola di Sci Francese di Pra Loup&quot;,&quot;permalink&quot;:&quot;https:\\\/\\\/www.praloup.com\\\/it\\\/fiche\\\/scuola-di-sci-francese-di-pra-loup-3\\\/&quot;,&quot;type&quot;:&quot;activite&quot;,&quot;commune&quot;:&quot;Pra Loup 1600&quot;,&quot;type_commerce&quot;:&quot;&quot;,&quot;image&quot;:&quot;https:\\\/\\\/static.apidae-tourisme.com\\\/filestore\\\/objets-touristiques\\\/images\\\/170\\\/227\\\/11658154-diaporama.jpg&quot;,&quot;image_width&quot;:&quot;450&quot;,&quot;image_height&quot;:&quot;350&quot;,&quot;image_fit&quot;:&quot;cover&quot;},{&quot;lat&quot;:&quot;44.369275&quot;,&quot;lng&quot;:&quot;6.601006&quot;,&quot;title&quot;:&quot;Scuola sci e snowboard Oxyg\\u00e8ne Ubaye Valley&quot;,&quot;permalink&quot;:&quot;https:\\\/\\\/www.praloup.com\\\/it\\\/fiche\\\/scuola-sci-snowboard-oxygene-vallee-de-lubaye\\\/&quot;,&quot;type&quot;:&quot;activite&quot;,&quot;commune&quot;:&quot;Pra Loup 1600&quot;,&quot;type_commerce&quot;:&quot;&quot;,&quot;image&quot;:&quot;https:\\\/\\\/static.apidae-tourisme.com\\\/filestore\\\/objets-touristiques\\\/images\\\/67\\\/95\\\/15753027-diaporama.jpg&quot;,&quot;image_width&quot;:&quot;450&quot;,&quot;image_height&quot;:&quot;350&quot;,&quot;image_fit&quot;:&quot;cover&quot;},{&quot;lat&quot;:&quot;44.368559&quot;,&quot;lng&quot;:&quot;6.60034&quot;,&quot;title&quot;:&quot;Nathy Loisir&quot;,&quot;permalink&quot;:&quot;https:\\\/\\\/www.praloup.com\\\/it\\\/fiche\\\/nathy-loisir-3\\\/&quot;,&quot;type&quot;:&quot;commerce_et_service&quot;,&quot;commune&quot;:&quot;Pra Loup 1600&quot;,&quot;type_commerce&quot;:&quot;&quot;,&quot;image&quot;:&quot;https:\\\/\\\/static.apidae-tourisme.com\\\/filestore\\\/objets-touristiques\\\/images\\\/53\\\/185\\\/18921781-diaporama.jpg&quot;,&quot;image_width&quot;:&quot;450&quot;,&quot;image_height&quot;:&quot;350&quot;,&quot;image_fit&quot;:&quot;cover&quot;},{&quot;lat&quot;:&quot;44.368709&quot;,&quot;lng&quot;:&quot;6.603167&quot;,&quot;title&quot;:&quot;Sci Indipendenza Yannick Debeux&quot;,&quot;permalink&quot;:&quot;https:\\\/\\\/www.praloup.com\\\/it\\\/fiche\\\/scuola-sci\\\/&quot;,&quot;type&quot;:&quot;activite&quot;,&quot;commune&quot;:&quot;Pra Loup 1600&quot;,&quot;type_commerce&quot;:&quot;&quot;,&quot;image&quot;:&quot;https:\\\/\\\/static.apidae-tourisme.com\\\/filestore\\\/objets-touristiques\\\/images\\\/243\\\/148\\\/8623347-diaporama.jpg&quot;,&quot;image_width&quot;:&quot;450&quot;,&quot;image_height&quot;:&quot;350&quot;,&quot;image_fit&quot;:&quot;cover&quot;},{&quot;lat&quot;:&quot;44.369134&quot;,&quot;lng&quot;:&quot;6.602297&quot;,&quot;title&quot;:&quot;Christophe Bracciani \\u2013 Istruttore indipendente&quot;,&quot;permalink&quot;:&quot;https:\\\/\\\/www.praloup.com\\\/it\\\/fiche\\\/christophe-bracciani-moniteur-independant-3\\\/&quot;,&quot;type&quot;:&quot;commerce_et_service&quot;,&quot;commune&quot;:&quot;Pra Loup 1600&quot;,&quot;type_commerce&quot;:&quot;&quot;,&quot;image&quot;:&quot;https:\\\/\\\/static.apidae-tourisme.com\\\/filestore\\\/objets-touristiques\\\/images\\\/234\\\/182\\\/8632042-diaporama.jpg&quot;,&quot;image_width&quot;:&quot;450&quot;,&quot;image_height&quot;:&quot;350&quot;,&quot;image_fit&quot;:&quot;cover&quot;},{&quot;lat&quot;:&quot;44.369919&quot;,&quot;lng&quot;:&quot;6.600857&quot;,&quot;title&quot;:&quot;Scuola di Sci Pra Loup&quot;,&quot;permalink&quot;:&quot;https:\\\/\\\/www.praloup.com\\\/it\\\/fiche\\\/scuola-sci-di-pra-loup\\\/&quot;,&quot;type&quot;:&quot;activite&quot;,&quot;commune&quot;:&quot;Pra Loup 1600&quot;,&quot;type_commerce&quot;:&quot;&quot;,&quot;image&quot;:&quot;https:\\\/\\\/static.apidae-tourisme.com\\\/filestore\\\/objets-touristiques\\\/images\\\/48\\\/176\\\/36417584-diaporama.png&quot;,&quot;image_width&quot;:&quot;450&quot;,&quot;image_height&quot;:&quot;350&quot;,&quot;image_fit&quot;:&quot;cover&quot;}],&quot;center_lat&quot;:&quot;44.369944&quot;,&quot;center_lng&quot;:&quot;6.600995&quot;}<\/div><\/div><\/div><\/div><\/div>\n<div class=\"wp-block-ws-library-ws-title\" data-season=\"winter\"><h2>Altri <strong>indirizzi degli istruttori di sci<\/strong><\/h2><\/div>\n\n<ul class=\"wp-block-list\">\n<li data-season=\"winter\"><strong>SKI INDEP \u2013 Roby Manu<\/strong> : <strong>06 43 38 57 71 <\/strong> <\/li>\n<\/ul>\n<div class=\"alignfull wp-block-ws-library-ws-list-content\"><div class=\"list-items\"><div class=\"item\"><div class=\"card \"><div class=\"group-media\"><div class=\"field-image\"><img loading=\"lazy\" decoding=\"async\" width=\"337\" height=\"475\" src=\"https:\/\/www.praloup.com\/wp-content\/uploads\/2025\/05\/pra-loup-alpesphotographiescom-2-337x475.jpg\" class=\"winter all-seasons wp-post-image\" alt=\"\" data-season=\"all-seasons\" \/><\/div><\/div><div class=\"group-content\"><h3 class=\"field-title\">Noleggia la tua attrezzatura da sci a Pra Loup<\/h3><\/div><div class=\"field-link\"><a href=\"https:\/\/www.praloup.com\/it\/100-neve\/noleggia-la-tua-attrezzatura-da-sci-a-pra-loup\/\" class=\"cardlink\">Noleggia la tua attrezzatura da sci a Pra Loup<\/a><\/div><\/div><\/div><div class=\"item\"><div class=\"card \"><div class=\"group-media\"><div class=\"field-image\"><img loading=\"lazy\" decoding=\"async\" width=\"337\" height=\"475\" src=\"https:\/\/www.praloup.com\/wp-content\/uploads\/2025\/05\/pra-loup-alpesphotographiescom-49-337x475.jpg\" class=\"winter wp-post-image\" alt=\"\" data-season=\"winter\" \/><img loading=\"lazy\" decoding=\"async\" width=\"337\" height=\"475\" src=\"https:\/\/www.praloup.com\/wp-content\/uploads\/2025\/07\/rando-vttae-crete-de-gimette-thomas-bruno-2025-35-337x475.jpg\" class=\"vivaldi-thumb summer\" alt=\"VTT VTTAZ Pra Loup Gimette Ubaye Mercantour\" data-season=\"summer\" \/><\/div><\/div><div class=\"group-content\"><h3 class=\"field-title\">Acquista il mio piano<\/h3><\/div><div class=\"field-link\"><a href=\"https:\/\/www.praloup.com\/it\/come-organizzarsi\/acquista-mio-pacchetto\/\" class=\"cardlink\">Acquista il mio piano<\/a><\/div><\/div><\/div><div class=\"item\"><div class=\"card \"><div class=\"group-media\"><div class=\"field-image\"><img loading=\"lazy\" decoding=\"async\" width=\"337\" height=\"475\" src=\"https:\/\/www.praloup.com\/wp-content\/uploads\/2025\/08\/pra-loup-alpesphotographiescom-8-337x475.jpg\" class=\"winter wp-post-image\" alt=\"\" data-season=\"winter\" \/><img loading=\"lazy\" decoding=\"async\" width=\"337\" height=\"475\" src=\"https:\/\/www.praloup.com\/wp-content\/uploads\/2025\/08\/pra-loup-alpesphotographiescom-8-337x475.jpg\" class=\"vivaldi-thumb summer\" alt=\"\" data-season=\"summer\" \/><\/div><\/div><div class=\"group-content\"><h3 class=\"field-title\">Comprensorio sciistico<\/h3><\/div><div class=\"field-link\"><a href=\"https:\/\/www.praloup.com\/it\/100-neve\/area-sciistica\/\" class=\"cardlink\">Comprensorio sciistico<\/a><\/div><\/div><\/div><\/div><\/div>","protected":false},"excerpt":{"rendered":"<p>Che tu sia un principiante, uno sciatore esperto o semplicemente desideri perfezionare la tua tecnica, Pra Loup ti offre un&#8217;ampia [&hellip;]<\/p>\n","protected":false},"author":1,"featured_media":3533,"parent":1197,"menu_order":0,"comment_status":"closed","ping_status":"closed","template":"","meta":{"_thumbnail_id_2":3532,"summer_excerpt":"","season":"","menu_page_1":"","menu_page_2":"","footnotes":""},"class_list":["post-1190","page","type-page","status-publish","has-post-thumbnail","hentry"],"yoast_head":"<!-- This site is optimized with the Yoast SEO plugin v27.5 - https:\/\/yoast.com\/product\/yoast-seo-wordpress\/ -->\n<title>Prenota le mie lezioni di sci - Pra Loup - Office de Tourisme<\/title>\n<meta name=\"robots\" content=\"index, follow, max-snippet:-1, max-image-preview:large, max-video-preview:-1\" \/>\n<link rel=\"canonical\" href=\"https:\/\/www.praloup.com\/it\/100-neve\/lezioni-di-sci\/\" \/>\n<meta property=\"og:locale\" content=\"it_IT\" \/>\n<meta property=\"og:type\" content=\"article\" \/>\n<meta property=\"og:title\" content=\"Prenota le mie lezioni di sci - Pra Loup - Office de Tourisme\" \/>\n<meta property=\"og:description\" content=\"Che tu sia un principiante, uno sciatore esperto o semplicemente desideri perfezionare la tua tecnica, Pra Loup ti offre un&#8217;ampia [&hellip;]\" \/>\n<meta property=\"og:url\" content=\"https:\/\/www.praloup.com\/it\/100-neve\/lezioni-di-sci\/\" \/>\n<meta property=\"og:site_name\" content=\"Pra Loup - Office de Tourisme\" \/>\n<meta property=\"article:publisher\" content=\"https:\/\/www.facebook.com\/praloup\" \/>\n<meta property=\"article:modified_time\" content=\"2026-01-19T16:28:55+00:00\" \/>\n<meta property=\"og:image\" content=\"https:\/\/www.praloup.com\/wp-content\/uploads\/2025\/05\/pra-loup-alpesphotographiescom-17-scaled.jpg\" \/>\n\t<meta property=\"og:image:width\" content=\"2560\" \/>\n\t<meta property=\"og:image:height\" content=\"1707\" \/>\n\t<meta property=\"og:image:type\" content=\"image\/jpeg\" \/>\n<meta name=\"twitter:card\" content=\"summary_large_image\" \/>\n<meta name=\"twitter:label1\" content=\"Tempo di lettura stimato\" \/>\n\t<meta name=\"twitter:data1\" content=\"1 minuto\" \/>\n<script type=\"application\/ld+json\" class=\"yoast-schema-graph\">{\"@context\":\"https:\\\/\\\/schema.org\",\"@graph\":[{\"@type\":\"WebPage\",\"@id\":\"https:\\\/\\\/www.praloup.com\\\/it\\\/100-neve\\\/lezioni-di-sci\\\/\",\"url\":\"https:\\\/\\\/www.praloup.com\\\/it\\\/100-neve\\\/lezioni-di-sci\\\/\",\"name\":\"Prenota le mie lezioni di sci - Pra Loup - Office de Tourisme\",\"isPartOf\":{\"@id\":\"https:\\\/\\\/www.praloup.com\\\/it\\\/#website\"},\"primaryImageOfPage\":{\"@id\":\"https:\\\/\\\/www.praloup.com\\\/it\\\/100-neve\\\/lezioni-di-sci\\\/#primaryimage\"},\"image\":{\"@id\":\"https:\\\/\\\/www.praloup.com\\\/it\\\/100-neve\\\/lezioni-di-sci\\\/#primaryimage\"},\"thumbnailUrl\":\"https:\\\/\\\/www.praloup.com\\\/wp-content\\\/uploads\\\/2025\\\/05\\\/pra-loup-alpesphotographiescom-17-scaled.jpg\",\"datePublished\":\"2025-05-02T16:02:29+00:00\",\"dateModified\":\"2026-01-19T16:28:55+00:00\",\"breadcrumb\":{\"@id\":\"https:\\\/\\\/www.praloup.com\\\/it\\\/100-neve\\\/lezioni-di-sci\\\/#breadcrumb\"},\"inLanguage\":\"it-IT\",\"potentialAction\":[{\"@type\":\"ReadAction\",\"target\":[\"https:\\\/\\\/www.praloup.com\\\/it\\\/100-neve\\\/lezioni-di-sci\\\/\"]}]},{\"@type\":\"ImageObject\",\"inLanguage\":\"it-IT\",\"@id\":\"https:\\\/\\\/www.praloup.com\\\/it\\\/100-neve\\\/lezioni-di-sci\\\/#primaryimage\",\"url\":\"https:\\\/\\\/www.praloup.com\\\/wp-content\\\/uploads\\\/2025\\\/05\\\/pra-loup-alpesphotographiescom-17-scaled.jpg\",\"contentUrl\":\"https:\\\/\\\/www.praloup.com\\\/wp-content\\\/uploads\\\/2025\\\/05\\\/pra-loup-alpesphotographiescom-17-scaled.jpg\",\"width\":2560,\"height\":1707,\"caption\":\"Alpes Photographies\"},{\"@type\":\"BreadcrumbList\",\"@id\":\"https:\\\/\\\/www.praloup.com\\\/it\\\/100-neve\\\/lezioni-di-sci\\\/#breadcrumb\",\"itemListElement\":[{\"@type\":\"ListItem\",\"position\":1,\"name\":\"Accueil\",\"item\":\"https:\\\/\\\/www.praloup.com\\\/it\\\/pra-loup-lesperienza-sciistica-alle-porte-del-parco-nazionale-del-mercantour\\\/\"},{\"@type\":\"ListItem\",\"position\":2,\"name\":\"100% Neve\",\"item\":\"https:\\\/\\\/www.praloup.com\\\/it\\\/100-neve\\\/\"},{\"@type\":\"ListItem\",\"position\":3,\"name\":\"Prenota le mie lezioni di sci\"}]},{\"@type\":\"WebSite\",\"@id\":\"https:\\\/\\\/www.praloup.com\\\/it\\\/#website\",\"url\":\"https:\\\/\\\/www.praloup.com\\\/it\\\/\",\"name\":\"Praloup - Office de Tourisme\",\"description\":\"\",\"publisher\":{\"@id\":\"https:\\\/\\\/www.praloup.com\\\/it\\\/#organization\"},\"potentialAction\":[{\"@type\":\"SearchAction\",\"target\":{\"@type\":\"EntryPoint\",\"urlTemplate\":\"https:\\\/\\\/www.praloup.com\\\/it\\\/?s={search_term_string}\"},\"query-input\":{\"@type\":\"PropertyValueSpecification\",\"valueRequired\":true,\"valueName\":\"search_term_string\"}}],\"inLanguage\":\"it-IT\"},{\"@type\":\"Organization\",\"@id\":\"https:\\\/\\\/www.praloup.com\\\/it\\\/#organization\",\"name\":\"Praloup - Office de Tourisme\",\"url\":\"https:\\\/\\\/www.praloup.com\\\/it\\\/\",\"logo\":{\"@type\":\"ImageObject\",\"inLanguage\":\"it-IT\",\"@id\":\"https:\\\/\\\/www.praloup.com\\\/it\\\/#\\\/schema\\\/logo\\\/image\\\/\",\"url\":\"https:\\\/\\\/www.praloup.com\\\/wp-content\\\/uploads\\\/2025\\\/05\\\/praloup-logo.svg\",\"contentUrl\":\"https:\\\/\\\/www.praloup.com\\\/wp-content\\\/uploads\\\/2025\\\/05\\\/praloup-logo.svg\",\"width\":1,\"height\":1,\"caption\":\"Praloup - Office de Tourisme\"},\"image\":{\"@id\":\"https:\\\/\\\/www.praloup.com\\\/it\\\/#\\\/schema\\\/logo\\\/image\\\/\"},\"sameAs\":[\"https:\\\/\\\/www.facebook.com\\\/praloup\",\"https:\\\/\\\/www.linkedin.com\\\/company\\\/praloup\\\/\",\"https:\\\/\\\/www.instagram.com\\\/pra_loup\\\/\"]}]}<\/script>\n<!-- \/ Yoast SEO plugin. -->","yoast_head_json":{"title":"Prenota le mie lezioni di sci - Pra Loup - Office de Tourisme","robots":{"index":"index","follow":"follow","max-snippet":"max-snippet:-1","max-image-preview":"max-image-preview:large","max-video-preview":"max-video-preview:-1"},"canonical":"https:\/\/www.praloup.com\/it\/100-neve\/lezioni-di-sci\/","og_locale":"it_IT","og_type":"article","og_title":"Prenota le mie lezioni di sci - Pra Loup - Office de Tourisme","og_description":"Che tu sia un principiante, uno sciatore esperto o semplicemente desideri perfezionare la tua tecnica, Pra Loup ti offre un&#8217;ampia [&hellip;]","og_url":"https:\/\/www.praloup.com\/it\/100-neve\/lezioni-di-sci\/","og_site_name":"Pra Loup - Office de Tourisme","article_publisher":"https:\/\/www.facebook.com\/praloup","article_modified_time":"2026-01-19T16:28:55+00:00","og_image":[{"width":2560,"height":1707,"url":"https:\/\/www.praloup.com\/wp-content\/uploads\/2025\/05\/pra-loup-alpesphotographiescom-17-scaled.jpg","type":"image\/jpeg"}],"twitter_card":"summary_large_image","twitter_misc":{"Tempo di lettura stimato":"1 minuto"},"schema":{"@context":"https:\/\/schema.org","@graph":[{"@type":"WebPage","@id":"https:\/\/www.praloup.com\/it\/100-neve\/lezioni-di-sci\/","url":"https:\/\/www.praloup.com\/it\/100-neve\/lezioni-di-sci\/","name":"Prenota le mie lezioni di sci - Pra Loup - Office de Tourisme","isPartOf":{"@id":"https:\/\/www.praloup.com\/it\/#website"},"primaryImageOfPage":{"@id":"https:\/\/www.praloup.com\/it\/100-neve\/lezioni-di-sci\/#primaryimage"},"image":{"@id":"https:\/\/www.praloup.com\/it\/100-neve\/lezioni-di-sci\/#primaryimage"},"thumbnailUrl":"https:\/\/www.praloup.com\/wp-content\/uploads\/2025\/05\/pra-loup-alpesphotographiescom-17-scaled.jpg","datePublished":"2025-05-02T16:02:29+00:00","dateModified":"2026-01-19T16:28:55+00:00","breadcrumb":{"@id":"https:\/\/www.praloup.com\/it\/100-neve\/lezioni-di-sci\/#breadcrumb"},"inLanguage":"it-IT","potentialAction":[{"@type":"ReadAction","target":["https:\/\/www.praloup.com\/it\/100-neve\/lezioni-di-sci\/"]}]},{"@type":"ImageObject","inLanguage":"it-IT","@id":"https:\/\/www.praloup.com\/it\/100-neve\/lezioni-di-sci\/#primaryimage","url":"https:\/\/www.praloup.com\/wp-content\/uploads\/2025\/05\/pra-loup-alpesphotographiescom-17-scaled.jpg","contentUrl":"https:\/\/www.praloup.com\/wp-content\/uploads\/2025\/05\/pra-loup-alpesphotographiescom-17-scaled.jpg","width":2560,"height":1707,"caption":"Alpes Photographies"},{"@type":"BreadcrumbList","@id":"https:\/\/www.praloup.com\/it\/100-neve\/lezioni-di-sci\/#breadcrumb","itemListElement":[{"@type":"ListItem","position":1,"name":"Accueil","item":"https:\/\/www.praloup.com\/it\/pra-loup-lesperienza-sciistica-alle-porte-del-parco-nazionale-del-mercantour\/"},{"@type":"ListItem","position":2,"name":"100% Neve","item":"https:\/\/www.praloup.com\/it\/100-neve\/"},{"@type":"ListItem","position":3,"name":"Prenota le mie lezioni di sci"}]},{"@type":"WebSite","@id":"https:\/\/www.praloup.com\/it\/#website","url":"https:\/\/www.praloup.com\/it\/","name":"Praloup - Office de Tourisme","description":"","publisher":{"@id":"https:\/\/www.praloup.com\/it\/#organization"},"potentialAction":[{"@type":"SearchAction","target":{"@type":"EntryPoint","urlTemplate":"https:\/\/www.praloup.com\/it\/?s={search_term_string}"},"query-input":{"@type":"PropertyValueSpecification","valueRequired":true,"valueName":"search_term_string"}}],"inLanguage":"it-IT"},{"@type":"Organization","@id":"https:\/\/www.praloup.com\/it\/#organization","name":"Praloup - Office de Tourisme","url":"https:\/\/www.praloup.com\/it\/","logo":{"@type":"ImageObject","inLanguage":"it-IT","@id":"https:\/\/www.praloup.com\/it\/#\/schema\/logo\/image\/","url":"https:\/\/www.praloup.com\/wp-content\/uploads\/2025\/05\/praloup-logo.svg","contentUrl":"https:\/\/www.praloup.com\/wp-content\/uploads\/2025\/05\/praloup-logo.svg","width":1,"height":1,"caption":"Praloup - Office de Tourisme"},"image":{"@id":"https:\/\/www.praloup.com\/it\/#\/schema\/logo\/image\/"},"sameAs":["https:\/\/www.facebook.com\/praloup","https:\/\/www.linkedin.com\/company\/praloup\/","https:\/\/www.instagram.com\/pra_loup\/"]}]}},"_links":{"self":[{"href":"https:\/\/www.praloup.com\/it\/wp-json\/wp\/v2\/pages\/1190","targetHints":{"allow":["GET"]}}],"collection":[{"href":"https:\/\/www.praloup.com\/it\/wp-json\/wp\/v2\/pages"}],"about":[{"href":"https:\/\/www.praloup.com\/it\/wp-json\/wp\/v2\/types\/page"}],"author":[{"embeddable":true,"href":"https:\/\/www.praloup.com\/it\/wp-json\/wp\/v2\/users\/1"}],"replies":[{"embeddable":true,"href":"https:\/\/www.praloup.com\/it\/wp-json\/wp\/v2\/comments?post=1190"}],"version-history":[{"count":11,"href":"https:\/\/www.praloup.com\/it\/wp-json\/wp\/v2\/pages\/1190\/revisions"}],"predecessor-version":[{"id":32230,"href":"https:\/\/www.praloup.com\/it\/wp-json\/wp\/v2\/pages\/1190\/revisions\/32230"}],"up":[{"embeddable":true,"href":"https:\/\/www.praloup.com\/it\/wp-json\/wp\/v2\/pages\/1197"}],"wp:featuredmedia":[{"embeddable":true,"href":"https:\/\/www.praloup.com\/it\/wp-json\/wp\/v2\/media\/3533"}],"wp:attachment":[{"href":"https:\/\/www.praloup.com\/it\/wp-json\/wp\/v2\/media?parent=1190"}],"curies":[{"name":"wp","href":"https:\/\/api.w.org\/{rel}","templated":true}]}}