{"id":1165,"date":"2025-05-02T20:25:08","date_gmt":"2025-05-02T18:25:08","guid":{"rendered":"https:\/\/www.praloup.com\/100-naturale\/"},"modified":"2025-08-05T15:01:51","modified_gmt":"2025-08-05T13:01:51","slug":"100-naturale","status":"publish","type":"page","link":"https:\/\/www.praloup.com\/it\/100-naturale\/","title":{"rendered":"100% Natura"},"content":{"rendered":"\n<div class=\"wp-block-ws-library-ws-header-interne alignfull\"><div class=\"header-container\"><div class=\"group-media has-image\"><img decoding=\"async\" src=\"http:\/\/www.praloup.com\/wp-content\/uploads\/2025\/07\/img-1691-2-1920x640.jpg\" alt=\"Pra Loup Ubaye Mercantour Panorama coucher de soleil\" class=\"image_large_square wp-image-10311 \"\/><\/div><div class=\"group-content\"><div class=\"title\"><h1>100% Natura<\/h1><\/div><\/div><\/div><div class=\"yoast-breadcrumbs\"><span><span><a href=\"https:\/\/www.praloup.com\/it\/pra-loup-lesperienza-sciistica-alle-porte-del-parco-nazionale-del-mercantour\/\">Accueil<\/a><\/span>  <span class=\"breadcrumb_last\" aria-current=\"page\">100% Natura<\/span><\/span><\/div><\/div>\n\n<p data-season=\"summer\"><strong>A Pra Loup, la natura \u00e8 molto pi\u00f9 di un ambiente: \u00e8 il vostro parco giochi.<\/strong><br\/>Lass\u00f9 sui crinali o lungo i torrenti, che tu sia un escursionista curioso, un appassionato di mountain bike, un amante del brivido o semplicemente un contemplativo, troverai quello che stai cercando. Respirate <strong>l&#8217;aria pura delle Alpi meridionali<\/strong>, seguite le strade secondarie e prendetevi il tempo per meravigliarvi. <strong>Qui, le montagne invitano a vivere, muoversi e riconnettersi.<\/strong> <\/p>\n\n<div class=\"wp-block-ws-library-ws-columns alignfull has-2-columns are-vertically-aligned-center layout-5050\">\n<div class=\"wp-block-ws-library-ws-column\"><div class=\"wrapper\">\n<div class=\"wp-block-ws-library-ws-title\"><h2>Escursionismo<\/h2><\/div>\n\n\n\n<p><br\/><strong>Percorsi per tutti i livelli <\/strong>attraversano creste, boschi e valli. Quelle pi\u00f9 accessibili si snodano lungo le verdi piste da sci o i sentieri dell&#8217;antica pastorizia. I pi\u00f9 impegnati portano alle vette, ai laghi glaciali o ai panorami del <strong>Mercantour<\/strong>.  <\/p>\n\n\n\n<p><br\/>La destinazione Pra Loup ospita <strong>una biodiversit\u00e0 eccezionale<\/strong>. Con una guida o sui sentieri tematici, <strong>incontra le specie emblematiche del parco<\/strong> : camosci, aquile reali, marmotte, farfalle rare o fiori protetti. Gite nella natura sono organizzate per tutta l&#8217;estate dal resort.  <\/p>\n<\/div><\/div>\n\n\n\n<div class=\"wp-block-ws-library-ws-column\"><div class=\"wrapper\"><div class=\"is-style-card-portrait wp-block-ws-library-ws-list-content\"><div class=\"list-items splide\" data-splide=\"{&quot;type&quot;:&quot;slide&quot;,&quot;fixedWidth&quot;:320,&quot;heightRatio&quot;:&quot;auto&quot;,&quot;perMove&quot;:1,&quot;drag&quot;:true,&quot;arrows&quot;:true,&quot;pagination&quot;:0,&quot;autoplay&quot;:false,&quot;gap&quot;:&quot;54px&quot;,&quot;breakpoints&quot;:{&quot;1450&quot;:{&quot;gap&quot;:&quot;15px&quot;}}}\"><div class=\"splide__track\"><div class=\"splide__list\"><div class=\"splide__slide\"><div class=\"item\"><div class=\"card \"><div class=\"group-media\"><div class=\"field-image\"><img loading=\"lazy\" decoding=\"async\" width=\"337\" height=\"475\" src=\"https:\/\/www.praloup.com\/wp-content\/uploads\/2025\/07\/randonnee-et-bouquetins-clo-de-la-cloche-thomas-bruno-2025-463-1-337x475.jpg\" class=\"winter all-seasons wp-post-image\" alt=\"Randonn\u00e9e Pra Loup Ubaye Mercantour\" data-season=\"all-seasons\" \/><\/div><\/div><div class=\"group-content\"><h3 class=\"field-title\">Escursioni a Pra Loup<\/h3><\/div><div class=\"field-link\"><a href=\"https:\/\/www.praloup.com\/it\/100-naturale\/escursioni\/\" class=\"cardlink\">Escursioni a Pra Loup<\/a><\/div><\/div><\/div><\/div><div class=\"splide__slide\"><div class=\"item\"><div class=\"card \"><div class=\"group-media\"><div class=\"field-image\"><img loading=\"lazy\" decoding=\"async\" width=\"337\" height=\"475\" src=\"https:\/\/www.praloup.com\/wp-content\/uploads\/2025\/07\/41600-j-blanc-blanc-jacques-1-337x475.jpg\" class=\"winter all-seasons wp-post-image\" alt=\"Marmottes Mercantour\" data-season=\"all-seasons\" \/><\/div><\/div><div class=\"group-content\"><h3 class=\"field-title\">Una passeggiata con gli animali locali<\/h3><\/div><div class=\"field-link\"><a href=\"https:\/\/www.praloup.com\/it\/100-naturale\/una-passeggiata-con-gli-animali-locali\/\" class=\"cardlink\">Una passeggiata con gli animali locali<\/a><\/div><\/div><\/div><\/div><div class=\"splide__slide\"><div class=\"item\"><div class=\"card \"><div class=\"group-media\"><div class=\"field-image\"><img loading=\"lazy\" decoding=\"async\" width=\"337\" height=\"475\" src=\"https:\/\/www.praloup.com\/wp-content\/uploads\/2025\/07\/51404-pnm-jung-marion-337x475.jpg\" class=\"winter wp-post-image\" alt=\"\" data-season=\"winter\" \/><img loading=\"lazy\" decoding=\"async\" width=\"337\" height=\"475\" src=\"https:\/\/www.praloup.com\/wp-content\/uploads\/2025\/07\/col-cayolle-cbrunet-8-337x475.jpg\" class=\"vivaldi-thumb summer\" alt=\"Col de la Cayolle, Mercantour, Ubaye, Pra Loup\" data-season=\"summer\" \/><\/div><\/div><div class=\"group-content\"><h3 class=\"field-title\">Conoscere le normative del Parco Nazionale del Mercantour<\/h3><\/div><div class=\"field-link\"><a href=\"https:\/\/www.praloup.com\/it\/conoscere-le-normative-del-parco-nazionale-del-mercantour\/\" class=\"cardlink\">Conoscere le normative del Parco Nazionale del Mercantour<\/a><\/div><\/div><\/div><\/div><\/div><\/div><\/div><\/div><\/div><\/div>\n<\/div>\n\n<div class=\"wp-block-ws-library-ws-columns alignfull has-2-columns are-vertically-aligned-center layout-5050 is-style-background-texture\">\n<div class=\"wp-block-ws-library-ws-column\"><div class=\"wrapper\">\n<div class=\"wp-block-ws-library-ws-title\"><h2>Trail &amp; Nordic Walking<\/h2><\/div>\n\n\n\n<p><br\/><br\/>Il <strong>terreno variegato di Pra Loup <\/strong>\u00e8 un parco giochi ideale per gli amanti delle corse in alta quota o delle passeggiate sportive. L&#8217;area offre <strong>diversi percorsi segnalati<\/strong>, con <strong>dislivelli adattati<\/strong>, perfetti per l&#8217;allenamento o l&#8217;apprendimento <\/p>\n\n\n\n<div class=\"wp-block-ws-library-ws-button has-text-align-left is-style-2\"><a href=\"https:\/\/www.praloup.com\/100-nature\/trail-et-marche-nordique-autour-de-pra-loup\/\" class=\"wp-block-button__link wp-element-button btn\">  Sto correndo l\u00ec!<\/a><\/div>\n<\/div><\/div>\n\n\n\n<div class=\"wp-block-ws-library-ws-column\"><div class=\"wrapper\">\n<div class=\"wp-block-ws-library-ws-image\"><div class=\"wrapper\"><div class=\"group-media\"><img decoding=\"async\" src=\"http:\/\/www.praloup.com\/wp-content\/uploads\/2025\/07\/randonnee-et-bouquetins-clo-de-la-cloche-thomas-bruno-2025-513-1-900x570.jpg\" alt=\"Escursioni a Pra Loup\" class=\"single_image ws-image-10329\"><div class=\"credits\">Tommaso Bruno<\/div><\/div><p class=\"caption\"><\/p><\/div><\/div>\n<\/div><\/div>\n<\/div>\n\n<div class=\"wp-block-ws-library-ws-columns alignwide has-2-columns are-vertically-aligned-center layout-5050 is-style-background-white\">\n<div class=\"wp-block-ws-library-ws-column\"><div class=\"wrapper\">\n<div class=\"wp-block-ws-library-ws-image\"><div class=\"wrapper\"><div class=\"group-media\"><img decoding=\"async\" src=\"http:\/\/www.praloup.com\/wp-content\/uploads\/2025\/07\/vtt-gimette-thomas-bruno-2025-9-900x570.jpg\" alt=\"Escursioni in mountain bike Gimette Pra Loup\" class=\"single_image ws-image-9230\"><div class=\"credits\">Tommaso Bruno<\/div><\/div><p class=\"caption\"><\/p><\/div><\/div>\n<\/div><\/div>\n\n\n\n<div class=\"wp-block-ws-library-ws-column\"><div class=\"wrapper\">\n<div class=\"wp-block-ws-library-ws-title\"><h2>Mountain bike e mountain bike<\/h2><\/div>\n\n\n\n<p><br\/><br\/><br\/>Con il suo <strong>Bike Park accessibile al telemix<\/strong> , <strong>i percorsi enduro<\/strong> e <strong>i percorsi downhill<\/strong>, Pra Loup attira gli appassionati di mountain bike di tutte le et\u00e0.<\/p>\n\n\n\n<p>Il territorio di Uvernet-Fours offre anche <strong>anelli naturalistici <\/strong>attraverso frazioni, boschi o lungo torrenti.<\/p>\n\n\n\n<div class=\"wp-block-ws-library-ws-button has-text-align-left is-style-2\"><a href=\"https:\/\/www.praloup.com\/100-nature\/vtt-velo-de-montagne-autour-de-pra-loup\/\" class=\"wp-block-button__link wp-element-button btn\">  Inizia<\/a><\/div>\n<\/div><\/div>\n<\/div>\n\n<div class=\"wp-block-ws-library-ws-columns alignfull has-2-columns are-vertically-aligned-center layout-5050\">\n<div class=\"wp-block-ws-library-ws-column\"><div class=\"wrapper\">\n<div class=\"wp-block-ws-library-ws-title\"><h2>Cicloturismo e grandi passi alpini<\/h2><\/div>\n\n\n\n<p><br\/>I ciclisti su strada troveranno a Pra Loup un<strong>punto di partenza strategico per scalare i passi Allos, Cayolle o Bonette, <\/strong>in uno scenario grandioso.  <br\/><\/p>\n\n\n\n<p>La storia del <strong>Tour de France <\/strong>e le sfide moderne si incontrano sull&#8217;asfalto di queste strade leggendarie.<\/p>\n\n\n\n<div class=\"wp-block-ws-library-ws-button has-text-align-left is-style-2\"><a href=\"https:\/\/www.praloup.com\/activites\/cyclotourisme-grands-cols-alpins\/\" class=\"wp-block-button__link wp-element-button btn\">  Sto iniziando<\/a><\/div>\n<\/div><\/div>\n\n\n\n<div class=\"wp-block-ws-library-ws-column\"><div class=\"wrapper\">\n<div class=\"wp-block-ws-library-ws-image\"><div class=\"wrapper\"><div class=\"group-media\"><img decoding=\"async\" src=\"http:\/\/www.praloup.com\/wp-content\/uploads\/2025\/07\/pra-loup-1600-ete-thomas-bruno-2025-17-1-900x570.jpg\" alt=\"Sentiero Pra Loup 1600 nel bosco\" class=\"single_image ws-image-10474\"><div class=\"credits\">Tommaso Bruno<\/div><\/div><p class=\"caption\"><\/p><\/div><\/div>\n<\/div><\/div>\n<\/div>\n\n<div class=\"wp-block-ws-library-ws-columns alignwide has-2-columns are-vertically-aligned-center layout-5050 is-style-background-white\">\n<div class=\"wp-block-ws-library-ws-column\"><div class=\"wrapper\">\n<div class=\"wp-block-ws-library-ws-image\"><div class=\"wrapper\"><div class=\"group-media\"><img decoding=\"async\" src=\"http:\/\/www.praloup.com\/wp-content\/uploads\/2025\/07\/sommet-du-rocher-vue-lac-de-costebelle-drone-photo-thomas-bruno-2025-10-900x570.jpg\" alt=\"Vista sul Lago Costebelle, Pra Loup Mercantour\" class=\"single_image ws-image-9134\"><div class=\"credits\">Tommaso Bruno<\/div><\/div><p class=\"caption\"><\/p><\/div><\/div>\n<\/div><\/div>\n\n\n\n<div class=\"wp-block-ws-library-ws-column\"><div class=\"wrapper\">\n<div class=\"wp-block-ws-library-ws-title\"><h2>Acque bianche e torrenti freschi<\/h2><\/div>\n\n\n\n<p><br\/><br\/>Nelle vicinanze, <strong>il fiume Ubaye e i torrenti Bachelard <\/strong>vi invitano a praticare sport acquatici: rafting, canyoning, kayak, hydrospeed&#8230;<\/p>\n\n\n\n<p>La frescura c&#8217;\u00e8 anche intorno al <strong>laghetto naturale di Costebelle,<\/strong> ideale per la pesca, le passeggiate o i sonnellini all&#8217;ombra dei larici.<\/p>\n\n\n\n<p><\/p>\n\n\n\n<div class=\"wp-block-ws-library-ws-button has-text-align-left is-style-2\"><a href=\"https:\/\/www.praloup.com\/activites\/activites-deau-vive-autour-de-pra-loup\/\" class=\"wp-block-button__link wp-element-button btn\">  Faccio il grande passo<\/a><\/div>\n<\/div><\/div>\n<\/div>\n\n<div class=\"wp-block-ws-library-ws-columns alignfull has-2-columns are-vertically-aligned-center layout-5050 is-style-background-texture\">\n<div class=\"wp-block-ws-library-ws-column\"><div class=\"wrapper\">\n<div class=\"wp-block-ws-library-ws-title\"><h2>Parapendio e fuga verticale<\/h2><\/div>\n\n\n\n<p><br\/><br\/><br\/>Con<strong> i suoi decolli in cima alla zona del Pra Loup<\/strong> e i suoi atterraggi a valle, il parapendio offre un altro modo per comprendere i paesaggi:<strong> in volo libero, di fronte alle vette del Mercantour.<\/strong><\/p>\n\n\n\n<div class=\"wp-block-ws-library-ws-button has-text-align-left is-style-2\"><a href=\"https:\/\/www.praloup.com\/activites\/parapente-a-pra-loup\/\" class=\"wp-block-button__link wp-element-button btn\">  Sono partito<\/a><\/div>\n<\/div><\/div>\n\n\n\n<div class=\"wp-block-ws-library-ws-column\"><div class=\"wrapper\">\n<div class=\"wp-block-ws-library-ws-image\"><div class=\"wrapper\"><div class=\"group-media\"><img decoding=\"async\" src=\"http:\/\/www.praloup.com\/wp-content\/uploads\/2025\/07\/img-1691-2-900x570.jpg\" alt=\"Pra Loup Ubaye Mercantour Sunset Panorama\" class=\"single_image ws-image-10311\"><div class=\"credits\"><\/div><\/div><p class=\"caption\"><\/p><\/div><\/div>\n<\/div><\/div>\n<\/div>\n\n<p><\/p>\n","protected":false},"excerpt":{"rendered":"<p>Respirare, contemplare, esplorare: a Pra Loup la natura \u00e8 ovunque. Escursionismo, ciclismo, trail running, fiumi e vette&#8230; Un intero parco giochi d&#8217;avventura a grandezza naturale. <\/p>\n","protected":false},"author":1,"featured_media":0,"parent":0,"menu_order":0,"comment_status":"closed","ping_status":"closed","template":"","meta":{"_thumbnail_id_2":0,"summer_excerpt":"","season":"","menu_page_1":"","menu_page_2":"","footnotes":""},"class_list":["post-1165","page","type-page","status-publish","hentry"],"yoast_head":"<!-- This site is optimized with the Yoast SEO plugin v27.5 - https:\/\/yoast.com\/product\/yoast-seo-wordpress\/ -->\n<title>100% Natura - Pra Loup - Office de Tourisme<\/title>\n<meta name=\"description\" content=\"Esplora la natura a Pra Loup: escursioni, mountain bike, trail running, parapendio, fiumi... Una destinazione naturale al 100% tra il Mercantour e valli incontaminate.\" \/>\n<meta name=\"robots\" content=\"index, follow, max-snippet:-1, max-image-preview:large, max-video-preview:-1\" \/>\n<link rel=\"canonical\" href=\"https:\/\/www.praloup.com\/it\/100-naturale\/\" \/>\n<meta property=\"og:locale\" content=\"it_IT\" \/>\n<meta property=\"og:type\" content=\"article\" \/>\n<meta property=\"og:title\" content=\"100% Natura - Pra Loup - Office de Tourisme\" \/>\n<meta property=\"og:description\" content=\"Esplora la natura a Pra Loup: escursioni, mountain bike, trail running, parapendio, fiumi... Una destinazione naturale al 100% tra il Mercantour e valli incontaminate.\" \/>\n<meta property=\"og:url\" content=\"https:\/\/www.praloup.com\/it\/100-naturale\/\" \/>\n<meta property=\"og:site_name\" content=\"Pra Loup - Office de Tourisme\" \/>\n<meta property=\"article:publisher\" content=\"https:\/\/www.facebook.com\/praloup\" \/>\n<meta property=\"article:modified_time\" content=\"2025-08-05T13:01:51+00:00\" \/>\n<meta property=\"og:image\" content=\"http:\/\/www.praloup.com\/wp-content\/uploads\/2025\/07\/img-1691-2-1920x640.jpg\" \/>\n<meta name=\"twitter:card\" content=\"summary_large_image\" \/>\n<meta name=\"twitter:label1\" content=\"Tempo di lettura stimato\" \/>\n\t<meta name=\"twitter:data1\" content=\"2 minuti\" \/>\n<script type=\"application\/ld+json\" class=\"yoast-schema-graph\">{\"@context\":\"https:\\\/\\\/schema.org\",\"@graph\":[{\"@type\":\"WebPage\",\"@id\":\"https:\\\/\\\/www.praloup.com\\\/it\\\/100-naturale\\\/\",\"url\":\"https:\\\/\\\/www.praloup.com\\\/it\\\/100-naturale\\\/\",\"name\":\"100% Natura - Pra Loup - Office de Tourisme\",\"isPartOf\":{\"@id\":\"https:\\\/\\\/www.praloup.com\\\/it\\\/#website\"},\"primaryImageOfPage\":{\"@id\":\"https:\\\/\\\/www.praloup.com\\\/it\\\/100-naturale\\\/#primaryimage\"},\"image\":{\"@id\":\"https:\\\/\\\/www.praloup.com\\\/it\\\/100-naturale\\\/#primaryimage\"},\"thumbnailUrl\":\"http:\\\/\\\/www.praloup.com\\\/wp-content\\\/uploads\\\/2025\\\/07\\\/img-1691-2-1920x640.jpg\",\"datePublished\":\"2025-05-02T18:25:08+00:00\",\"dateModified\":\"2025-08-05T13:01:51+00:00\",\"description\":\"Esplora la natura a Pra Loup: escursioni, mountain bike, trail running, parapendio, fiumi... Una destinazione naturale al 100% tra il Mercantour e valli incontaminate.\",\"breadcrumb\":{\"@id\":\"https:\\\/\\\/www.praloup.com\\\/it\\\/100-naturale\\\/#breadcrumb\"},\"inLanguage\":\"it-IT\",\"potentialAction\":[{\"@type\":\"ReadAction\",\"target\":[\"https:\\\/\\\/www.praloup.com\\\/it\\\/100-naturale\\\/\"]}]},{\"@type\":\"ImageObject\",\"inLanguage\":\"it-IT\",\"@id\":\"https:\\\/\\\/www.praloup.com\\\/it\\\/100-naturale\\\/#primaryimage\",\"url\":\"http:\\\/\\\/www.praloup.com\\\/wp-content\\\/uploads\\\/2025\\\/07\\\/img-1691-2-1920x640.jpg\",\"contentUrl\":\"http:\\\/\\\/www.praloup.com\\\/wp-content\\\/uploads\\\/2025\\\/07\\\/img-1691-2-1920x640.jpg\"},{\"@type\":\"BreadcrumbList\",\"@id\":\"https:\\\/\\\/www.praloup.com\\\/it\\\/100-naturale\\\/#breadcrumb\",\"itemListElement\":[{\"@type\":\"ListItem\",\"position\":1,\"name\":\"Accueil\",\"item\":\"https:\\\/\\\/www.praloup.com\\\/it\\\/pra-loup-lesperienza-sciistica-alle-porte-del-parco-nazionale-del-mercantour\\\/\"},{\"@type\":\"ListItem\",\"position\":2,\"name\":\"100% Natura\"}]},{\"@type\":\"WebSite\",\"@id\":\"https:\\\/\\\/www.praloup.com\\\/it\\\/#website\",\"url\":\"https:\\\/\\\/www.praloup.com\\\/it\\\/\",\"name\":\"Praloup - Office de Tourisme\",\"description\":\"\",\"publisher\":{\"@id\":\"https:\\\/\\\/www.praloup.com\\\/it\\\/#organization\"},\"potentialAction\":[{\"@type\":\"SearchAction\",\"target\":{\"@type\":\"EntryPoint\",\"urlTemplate\":\"https:\\\/\\\/www.praloup.com\\\/it\\\/?s={search_term_string}\"},\"query-input\":{\"@type\":\"PropertyValueSpecification\",\"valueRequired\":true,\"valueName\":\"search_term_string\"}}],\"inLanguage\":\"it-IT\"},{\"@type\":\"Organization\",\"@id\":\"https:\\\/\\\/www.praloup.com\\\/it\\\/#organization\",\"name\":\"Praloup - Office de Tourisme\",\"url\":\"https:\\\/\\\/www.praloup.com\\\/it\\\/\",\"logo\":{\"@type\":\"ImageObject\",\"inLanguage\":\"it-IT\",\"@id\":\"https:\\\/\\\/www.praloup.com\\\/it\\\/#\\\/schema\\\/logo\\\/image\\\/\",\"url\":\"https:\\\/\\\/www.praloup.com\\\/wp-content\\\/uploads\\\/2025\\\/05\\\/praloup-logo.svg\",\"contentUrl\":\"https:\\\/\\\/www.praloup.com\\\/wp-content\\\/uploads\\\/2025\\\/05\\\/praloup-logo.svg\",\"width\":1,\"height\":1,\"caption\":\"Praloup - Office de Tourisme\"},\"image\":{\"@id\":\"https:\\\/\\\/www.praloup.com\\\/it\\\/#\\\/schema\\\/logo\\\/image\\\/\"},\"sameAs\":[\"https:\\\/\\\/www.facebook.com\\\/praloup\",\"https:\\\/\\\/www.linkedin.com\\\/company\\\/praloup\\\/\",\"https:\\\/\\\/www.instagram.com\\\/pra_loup\\\/\"]}]}<\/script>\n<!-- \/ Yoast SEO plugin. -->","yoast_head_json":{"title":"100% Natura - Pra Loup - Office de Tourisme","description":"Esplora la natura a Pra Loup: escursioni, mountain bike, trail running, parapendio, fiumi... Una destinazione naturale al 100% tra il Mercantour e valli incontaminate.","robots":{"index":"index","follow":"follow","max-snippet":"max-snippet:-1","max-image-preview":"max-image-preview:large","max-video-preview":"max-video-preview:-1"},"canonical":"https:\/\/www.praloup.com\/it\/100-naturale\/","og_locale":"it_IT","og_type":"article","og_title":"100% Natura - Pra Loup - Office de Tourisme","og_description":"Esplora la natura a Pra Loup: escursioni, mountain bike, trail running, parapendio, fiumi... Una destinazione naturale al 100% tra il Mercantour e valli incontaminate.","og_url":"https:\/\/www.praloup.com\/it\/100-naturale\/","og_site_name":"Pra Loup - Office de Tourisme","article_publisher":"https:\/\/www.facebook.com\/praloup","article_modified_time":"2025-08-05T13:01:51+00:00","og_image":[{"url":"http:\/\/www.praloup.com\/wp-content\/uploads\/2025\/07\/img-1691-2-1920x640.jpg","type":"","width":"","height":""}],"twitter_card":"summary_large_image","twitter_misc":{"Tempo di lettura stimato":"2 minuti"},"schema":{"@context":"https:\/\/schema.org","@graph":[{"@type":"WebPage","@id":"https:\/\/www.praloup.com\/it\/100-naturale\/","url":"https:\/\/www.praloup.com\/it\/100-naturale\/","name":"100% Natura - Pra Loup - Office de Tourisme","isPartOf":{"@id":"https:\/\/www.praloup.com\/it\/#website"},"primaryImageOfPage":{"@id":"https:\/\/www.praloup.com\/it\/100-naturale\/#primaryimage"},"image":{"@id":"https:\/\/www.praloup.com\/it\/100-naturale\/#primaryimage"},"thumbnailUrl":"http:\/\/www.praloup.com\/wp-content\/uploads\/2025\/07\/img-1691-2-1920x640.jpg","datePublished":"2025-05-02T18:25:08+00:00","dateModified":"2025-08-05T13:01:51+00:00","description":"Esplora la natura a Pra Loup: escursioni, mountain bike, trail running, parapendio, fiumi... Una destinazione naturale al 100% tra il Mercantour e valli incontaminate.","breadcrumb":{"@id":"https:\/\/www.praloup.com\/it\/100-naturale\/#breadcrumb"},"inLanguage":"it-IT","potentialAction":[{"@type":"ReadAction","target":["https:\/\/www.praloup.com\/it\/100-naturale\/"]}]},{"@type":"ImageObject","inLanguage":"it-IT","@id":"https:\/\/www.praloup.com\/it\/100-naturale\/#primaryimage","url":"http:\/\/www.praloup.com\/wp-content\/uploads\/2025\/07\/img-1691-2-1920x640.jpg","contentUrl":"http:\/\/www.praloup.com\/wp-content\/uploads\/2025\/07\/img-1691-2-1920x640.jpg"},{"@type":"BreadcrumbList","@id":"https:\/\/www.praloup.com\/it\/100-naturale\/#breadcrumb","itemListElement":[{"@type":"ListItem","position":1,"name":"Accueil","item":"https:\/\/www.praloup.com\/it\/pra-loup-lesperienza-sciistica-alle-porte-del-parco-nazionale-del-mercantour\/"},{"@type":"ListItem","position":2,"name":"100% Natura"}]},{"@type":"WebSite","@id":"https:\/\/www.praloup.com\/it\/#website","url":"https:\/\/www.praloup.com\/it\/","name":"Praloup - Office de Tourisme","description":"","publisher":{"@id":"https:\/\/www.praloup.com\/it\/#organization"},"potentialAction":[{"@type":"SearchAction","target":{"@type":"EntryPoint","urlTemplate":"https:\/\/www.praloup.com\/it\/?s={search_term_string}"},"query-input":{"@type":"PropertyValueSpecification","valueRequired":true,"valueName":"search_term_string"}}],"inLanguage":"it-IT"},{"@type":"Organization","@id":"https:\/\/www.praloup.com\/it\/#organization","name":"Praloup - Office de Tourisme","url":"https:\/\/www.praloup.com\/it\/","logo":{"@type":"ImageObject","inLanguage":"it-IT","@id":"https:\/\/www.praloup.com\/it\/#\/schema\/logo\/image\/","url":"https:\/\/www.praloup.com\/wp-content\/uploads\/2025\/05\/praloup-logo.svg","contentUrl":"https:\/\/www.praloup.com\/wp-content\/uploads\/2025\/05\/praloup-logo.svg","width":1,"height":1,"caption":"Praloup - Office de Tourisme"},"image":{"@id":"https:\/\/www.praloup.com\/it\/#\/schema\/logo\/image\/"},"sameAs":["https:\/\/www.facebook.com\/praloup","https:\/\/www.linkedin.com\/company\/praloup\/","https:\/\/www.instagram.com\/pra_loup\/"]}]}},"_links":{"self":[{"href":"https:\/\/www.praloup.com\/it\/wp-json\/wp\/v2\/pages\/1165","targetHints":{"allow":["GET"]}}],"collection":[{"href":"https:\/\/www.praloup.com\/it\/wp-json\/wp\/v2\/pages"}],"about":[{"href":"https:\/\/www.praloup.com\/it\/wp-json\/wp\/v2\/types\/page"}],"author":[{"embeddable":true,"href":"https:\/\/www.praloup.com\/it\/wp-json\/wp\/v2\/users\/1"}],"replies":[{"embeddable":true,"href":"https:\/\/www.praloup.com\/it\/wp-json\/wp\/v2\/comments?post=1165"}],"version-history":[{"count":0,"href":"https:\/\/www.praloup.com\/it\/wp-json\/wp\/v2\/pages\/1165\/revisions"}],"wp:attachment":[{"href":"https:\/\/www.praloup.com\/it\/wp-json\/wp\/v2\/media?parent=1165"}],"curies":[{"name":"wp","href":"https:\/\/api.w.org\/{rel}","templated":true}]}}