{"id":5708,"date":"2025-05-08T22:21:36","date_gmt":"2025-05-08T20:21:36","guid":{"rendered":"https:\/\/www.praloup.com\/legal-notice-and-credits\/"},"modified":"2025-09-09T15:39:07","modified_gmt":"2025-09-09T13:39:07","slug":"legal-notice-and-credits","status":"publish","type":"page","link":"https:\/\/www.praloup.com\/en\/legal-notice-and-credits\/","title":{"rendered":"Legal notice and credits"},"content":{"rendered":"\n<div class=\"wp-block-ws-library-ws-header-interne alignfull\"><div class=\"header-container\"><div class=\"group-media has-image\"><img loading=\"lazy\" decoding=\"async\" width=\"2560\" height=\"1707\" src=\"https:\/\/www.praloup.com\/wp-content\/uploads\/2025\/05\/pra-loup-alpesphotographiescom-89-scaled.jpg\" alt=\"\" class=\"image_large_square wp-image-3748 \" srcset=\"https:\/\/www.praloup.com\/wp-content\/uploads\/2025\/05\/pra-loup-alpesphotographiescom-89-scaled.jpg 2560w, https:\/\/www.praloup.com\/wp-content\/uploads\/2025\/05\/pra-loup-alpesphotographiescom-89-scaled-300x200.jpg 300w, https:\/\/www.praloup.com\/wp-content\/uploads\/2025\/05\/pra-loup-alpesphotographiescom-89-scaled-1024x683.jpg 1024w, https:\/\/www.praloup.com\/wp-content\/uploads\/2025\/05\/pra-loup-alpesphotographiescom-89-scaled-768x512.jpg 768w, https:\/\/www.praloup.com\/wp-content\/uploads\/2025\/05\/pra-loup-alpesphotographiescom-89-scaled-1536x1024.jpg 1536w, https:\/\/www.praloup.com\/wp-content\/uploads\/2025\/05\/pra-loup-alpesphotographiescom-89-scaled-2048x1366.jpg 2048w, https:\/\/www.praloup.com\/wp-content\/uploads\/2025\/05\/pra-loup-alpesphotographiescom-89-scaled-60x40.jpg 60w, https:\/\/www.praloup.com\/wp-content\/uploads\/2025\/05\/pra-loup-alpesphotographiescom-89-scaled-120x80.jpg 120w, https:\/\/www.praloup.com\/wp-content\/uploads\/2025\/05\/pra-loup-alpesphotographiescom-89-scaled-855x570.jpg 855w\" sizes=\"auto, (max-width: 2560px) 100vw, 2560px\" \/><\/div><div class=\"group-content\"><div class=\"title\"><h1>Legal notice and credits<\/h1><\/div><\/div><\/div><div class=\"yoast-breadcrumbs\"><span><span><a href=\"https:\/\/www.praloup.com\/en\/pra-loup-the-ski-experience-at-the-gateway-to-the-mercantour-national-park\/\">Home<\/a><\/span>  <span class=\"breadcrumb_last\" aria-current=\"page\">Legal notice and credits<\/span><\/span><\/div><\/div>\n\n<p>The<a href=\"https:\/\/www.praloup.com\/en\/\"> https:\/\/www.praloup.com\/<\/a> site is the property of the Tourist Office:  <\/p>\n\n<p>Tourist Office<br\/>04400 Pra Loup, France<br\/>SIRET: 97948629700018<br\/>Email: info@praloup.com  <\/p>\n\n<p>Director: C\u00e9dric Brunet<\/p>\n\n<div class=\"wp-block-columns is-layout-flex wp-container-core-columns-is-layout-6c531013 wp-block-columns-is-layout-flex\">\n<div class=\"wp-block-column is-layout-flow wp-block-column-is-layout-flow\">\n<h3 class=\"wp-block-heading\">WebDesign<\/h3>\n\n\n\n<p>The UI \/ UX Design creation and CSS integration were carried out by the <a title=\"WebSenso Agency - UX design webdesign\" href=\"https:\/\/www.websenso.com\/expertises\/ux-design\" target=\"_blank\" rel=\"noopener\">WebSenso agency<\/a> on the basis of elements made available (logo, graphic charter, etc.).<\/p>\n<\/div>\n\n\n\n<div class=\"wp-block-column is-layout-flow wp-block-column-is-layout-flow\">\n<h3 class=\"wp-block-heading\">Development<\/h3>\n\n\n\n<p>This web project was carried out by the <a title=\"WebSenso Agency - WordPress Application Development\" href=\"https:\/\/www.websenso.com\" target=\"_blank\" rel=\"noopener\">WebSenso agency<\/a> on the WordPress CMS: configuration, plugin, theme, etc.<\/p>\n<\/div>\n<\/div>\n\n<div class=\"wp-block-group alignfull has-global-padding is-layout-constrained wp-block-group-is-layout-constrained\">\n<div class=\"wp-block-column is-layout-flow wp-block-column-is-layout-flow\">\n<div class=\"wp-block-columns is-layout-flex wp-container-core-columns-is-layout-6c531013 wp-block-columns-is-layout-flex\">\n<div class=\"wp-block-column is-layout-flow wp-block-column-is-layout-flow\">\n<h3 class=\"wp-block-heading\">Maintenance<\/h3>\n\n\n\n<p><a href=\"https:\/\/www.websenso.com\/expertises\/wordpress\" target=\"_blank\" rel=\"noopener\">The WordPress TMA<\/a> (Third-Party Application Maintenance) is operated by the <a href=\"https:\/\/www.websenso.com\" target=\"_blank\" rel=\"noopener\">WebSenso agency<\/a>.<\/p>\n<\/div>\n\n\n\n<div class=\"wp-block-column is-layout-flow wp-block-column-is-layout-flow\">\n<h3 class=\"wp-block-heading\">Accommodation<\/h3>\n\n\n\n<p>This service is physically hosted in France in a data center of the company OVHCloud.<\/p>\n<\/div>\n<\/div>\n<\/div>\n<\/div>\n\n<h3 class=\"wp-block-heading\">Intellectual property<\/h3>\n\n<p>Our entity is the owner of the intellectual property rights or holds the rights of use on all the elements accessible on the site, in particular texts, images, graphics, logo, etc. So before copying, adapting, quoting this content&#8230; Please obtain prior written permission. <\/p>\n\n<h3 class=\"wp-block-heading\">Hypertext links<\/h3>\n\n<p>As you browse, you will discover several hyperlinks to other websites. Our entity does not have the possibility to verify the content of these sites and will therefore not assume any responsibility for this fact. <\/p>\n\n<h3 class=\"wp-block-heading\">Cookies<\/h3>\n\n<p>Browsing this site causes the installation of small files, called <a href=\"https:\/\/fr.wikipedia.org\/wiki\/Cookie_(informatique)\" target=\"_blank\" rel=\"nofollow noopener external\">cookies<\/a>, on the user&#8217;s browser. They are nice and don&#8217;t take up space. However, refusing to install a cookie may technically block access to certain services and reduce our ability to improve the browsing experience. Below is the list of cookies used.   <\/p>\n\n    \n    <div class=\"table-responsive\">\n        <table class=\"table cookie-tracker-table\">\n            <thead>\n                <tr>\n                    <th>Outil<\/th>\n                    <th>Fonctionnalit\u00e9<\/th>\n                    <th>Fichier(s)<\/th>\n                    <th>Dur\u00e9e de vie<\/th>\n                    <th>IP collect\u00e9e<\/th>\n                    <th><a href=\"https:\/\/www.eff.org\/issues\/do-not-track\" target=\"_blank\">DNT<\/a> respect\u00e9<\/th>\n                <\/tr>\n            <\/thead>\n            <tbody>\n                <tr>\n                    <td><strong>Ce site uniquement<\/strong> <br\/>CMS WordPress<\/td>\n                    <td>G\u00e8re les sessions utilisateur, la d\u00e9tection de JavaScript, et la persistance de la connexion.<\/td>\n                    <td>has_js<br\/>wordpress_logged_in_*<\/td>\n                    <td>Expire \u00e0 la fermeture du navigateur.<\/td>\n                    <td>-<\/td>\n                    <td>-<\/td>\n                <\/tr>\n\n                                    <tr>\n                        <td><strong>Matomo<\/strong> <br\/>H\u00e9berg\u00e9 en France<\/td>\n                        <td>Votre navigation est mesur\u00e9e par la solution Matomo. H\u00e9berg\u00e9e sur des serveurs en France (<a href=\"https:\/\/www.websenso.com\/analytics\" target=\"_blank\">https:\/\/www.websenso.com\/analytics<\/a>), ce logiciel est configur\u00e9 avec les param\u00e8tres stricts du respect de la vie priv\u00e9.<\/td>\n                        <td> Aucun<\/td>\n                        <td>-<\/td>\n                        <td>\n                            <div style=\"color: green;\">\ud83d\ude0e R\u00e9duite<\/div>\n                            <small>IP (2 octets masqu\u00e9s)\u00a0: 216.73.xxx.xxx<\/small>\n                        <\/td>\n                        <td>\n                            -                        <\/td>\n                    <\/tr>\n                \n                                    <tr>\n                        <td><strong>Google Analytics<\/strong> <br\/>Google Inc, USA<\/td>\n                        <td>Analyse du trafic en attribuant un identifiant unique.<\/td>\n                        <td>_ga<br\/>_gat<br\/>_gid<\/td>\n                        <td>14 mois<\/td>\n                        <td>\n                            <div style=\"color: red;\">\ud83d\ude15 Compl\u00e8te<\/div>\n                            <small>IP compl\u00e8te collect\u00e9e<\/small>\n                        <\/td>\n                        <td>-<\/td>\n                    <\/tr>\n                            <\/tbody>\n        <\/table>\n    <\/div>\n\n    \n\n<h3 class=\"wp-block-heading\">Management of personal data<\/h3>\n\n<p>By surfing this website, information may be collected: origin, access provider, IP address, etc. The site collects personal information for the purposes of certain services offered by this site, see above. The right of access, rectification and opposition to personal data concerning visitors is made by written request to the above address.  <\/p>\n\n<h3 class=\"wp-block-heading\">Applicable law and jurisdiction<\/h3>\n\n<p>Any dispute in connection with the use of this site is subject to French law and in the language of Moli\u00e8re. Cock-a-doodle-doo! <\/p>\n\n<h3 class=\"wp-block-heading\">Still there?<\/h3>\n\n<p>Congratulations! Because this page is probably the least interesting on this site \ud83d\ude09 <\/p>\n","protected":false},"excerpt":{"rendered":"<p>The https:\/\/www.praloup.com\/ site is the property of the Tourist Office: Tourist Office04400 Pra Loup, FranceSIRET: 97948629700018Email: info@praloup.com Director: C\u00e9dric Brunet [&hellip;]<\/p>\n","protected":false},"author":1,"featured_media":0,"parent":0,"menu_order":0,"comment_status":"closed","ping_status":"closed","template":"","meta":{"_thumbnail_id_2":0,"summer_excerpt":"","season":"","menu_page_1":"","menu_page_2":"","footnotes":""},"class_list":["post-5708","page","type-page","status-publish","hentry"],"yoast_head":"<!-- This site is optimized with the Yoast SEO plugin v27.5 - https:\/\/yoast.com\/product\/yoast-seo-wordpress\/ -->\n<title>Legal notice and credits - Pra Loup - Office de Tourisme<\/title>\n<meta name=\"robots\" content=\"index, follow, max-snippet:-1, max-image-preview:large, max-video-preview:-1\" \/>\n<link rel=\"canonical\" href=\"https:\/\/www.praloup.com\/en\/legal-notice-and-credits\/\" \/>\n<meta property=\"og:locale\" content=\"en_US\" \/>\n<meta property=\"og:type\" content=\"article\" \/>\n<meta property=\"og:title\" content=\"Legal notice and credits - Pra Loup - Office de Tourisme\" \/>\n<meta property=\"og:description\" content=\"The https:\/\/www.praloup.com\/ site is the property of the Tourist Office: Tourist Office04400 Pra Loup, FranceSIRET: 97948629700018Email: info@praloup.com Director: C\u00e9dric Brunet [&hellip;]\" \/>\n<meta property=\"og:url\" content=\"https:\/\/www.praloup.com\/en\/legal-notice-and-credits\/\" \/>\n<meta property=\"og:site_name\" content=\"Pra Loup - Office de Tourisme\" \/>\n<meta property=\"article:publisher\" content=\"https:\/\/www.facebook.com\/praloup\" \/>\n<meta property=\"article:modified_time\" content=\"2025-09-09T13:39:07+00:00\" \/>\n<meta property=\"og:image\" content=\"http:\/\/www.praloup.com\/wp-content\/uploads\/2025\/05\/pra-loup-alpesphotographiescom-89-1920x640.jpg\" \/>\n<meta name=\"twitter:card\" content=\"summary_large_image\" \/>\n<meta name=\"twitter:label1\" content=\"Est. reading time\" \/>\n\t<meta name=\"twitter:data1\" content=\"2 minutes\" \/>\n<script type=\"application\/ld+json\" class=\"yoast-schema-graph\">{\"@context\":\"https:\\\/\\\/schema.org\",\"@graph\":[{\"@type\":\"WebPage\",\"@id\":\"https:\\\/\\\/www.praloup.com\\\/en\\\/legal-notice-and-credits\\\/\",\"url\":\"https:\\\/\\\/www.praloup.com\\\/en\\\/legal-notice-and-credits\\\/\",\"name\":\"Legal notice and credits - Pra Loup - Office de Tourisme\",\"isPartOf\":{\"@id\":\"https:\\\/\\\/www.praloup.com\\\/en\\\/#website\"},\"primaryImageOfPage\":{\"@id\":\"https:\\\/\\\/www.praloup.com\\\/en\\\/legal-notice-and-credits\\\/#primaryimage\"},\"image\":{\"@id\":\"https:\\\/\\\/www.praloup.com\\\/en\\\/legal-notice-and-credits\\\/#primaryimage\"},\"thumbnailUrl\":\"https:\\\/\\\/www.praloup.com\\\/wp-content\\\/uploads\\\/2025\\\/05\\\/pra-loup-alpesphotographiescom-89-scaled.jpg\",\"datePublished\":\"2025-05-08T20:21:36+00:00\",\"dateModified\":\"2025-09-09T13:39:07+00:00\",\"breadcrumb\":{\"@id\":\"https:\\\/\\\/www.praloup.com\\\/en\\\/legal-notice-and-credits\\\/#breadcrumb\"},\"inLanguage\":\"en-US\",\"potentialAction\":[{\"@type\":\"ReadAction\",\"target\":[\"https:\\\/\\\/www.praloup.com\\\/en\\\/legal-notice-and-credits\\\/\"]}]},{\"@type\":\"ImageObject\",\"inLanguage\":\"en-US\",\"@id\":\"https:\\\/\\\/www.praloup.com\\\/en\\\/legal-notice-and-credits\\\/#primaryimage\",\"url\":\"https:\\\/\\\/www.praloup.com\\\/wp-content\\\/uploads\\\/2025\\\/05\\\/pra-loup-alpesphotographiescom-89-scaled.jpg\",\"contentUrl\":\"https:\\\/\\\/www.praloup.com\\\/wp-content\\\/uploads\\\/2025\\\/05\\\/pra-loup-alpesphotographiescom-89-scaled.jpg\"},{\"@type\":\"BreadcrumbList\",\"@id\":\"https:\\\/\\\/www.praloup.com\\\/en\\\/legal-notice-and-credits\\\/#breadcrumb\",\"itemListElement\":[{\"@type\":\"ListItem\",\"position\":1,\"name\":\"Home\",\"item\":\"https:\\\/\\\/www.praloup.com\\\/en\\\/pra-loup-the-ski-experience-at-the-gateway-to-the-mercantour-national-park\\\/\"},{\"@type\":\"ListItem\",\"position\":2,\"name\":\"Legal notice and credits\"}]},{\"@type\":\"WebSite\",\"@id\":\"https:\\\/\\\/www.praloup.com\\\/en\\\/#website\",\"url\":\"https:\\\/\\\/www.praloup.com\\\/en\\\/\",\"name\":\"Praloup - Office de Tourisme\",\"description\":\"\",\"publisher\":{\"@id\":\"https:\\\/\\\/www.praloup.com\\\/en\\\/#organization\"},\"potentialAction\":[{\"@type\":\"SearchAction\",\"target\":{\"@type\":\"EntryPoint\",\"urlTemplate\":\"https:\\\/\\\/www.praloup.com\\\/en\\\/?s={search_term_string}\"},\"query-input\":{\"@type\":\"PropertyValueSpecification\",\"valueRequired\":true,\"valueName\":\"search_term_string\"}}],\"inLanguage\":\"en-US\"},{\"@type\":\"Organization\",\"@id\":\"https:\\\/\\\/www.praloup.com\\\/en\\\/#organization\",\"name\":\"Praloup - Office de Tourisme\",\"url\":\"https:\\\/\\\/www.praloup.com\\\/en\\\/\",\"logo\":{\"@type\":\"ImageObject\",\"inLanguage\":\"en-US\",\"@id\":\"https:\\\/\\\/www.praloup.com\\\/en\\\/#\\\/schema\\\/logo\\\/image\\\/\",\"url\":\"https:\\\/\\\/www.praloup.com\\\/wp-content\\\/uploads\\\/2025\\\/05\\\/praloup-logo.svg\",\"contentUrl\":\"https:\\\/\\\/www.praloup.com\\\/wp-content\\\/uploads\\\/2025\\\/05\\\/praloup-logo.svg\",\"width\":1,\"height\":1,\"caption\":\"Praloup - Office de Tourisme\"},\"image\":{\"@id\":\"https:\\\/\\\/www.praloup.com\\\/en\\\/#\\\/schema\\\/logo\\\/image\\\/\"},\"sameAs\":[\"https:\\\/\\\/www.facebook.com\\\/praloup\",\"https:\\\/\\\/www.linkedin.com\\\/company\\\/praloup\\\/\",\"https:\\\/\\\/www.instagram.com\\\/pra_loup\\\/\"]}]}<\/script>\n<!-- \/ Yoast SEO plugin. -->","yoast_head_json":{"title":"Legal notice and credits - Pra Loup - Office de Tourisme","robots":{"index":"index","follow":"follow","max-snippet":"max-snippet:-1","max-image-preview":"max-image-preview:large","max-video-preview":"max-video-preview:-1"},"canonical":"https:\/\/www.praloup.com\/en\/legal-notice-and-credits\/","og_locale":"en_US","og_type":"article","og_title":"Legal notice and credits - Pra Loup - Office de Tourisme","og_description":"The https:\/\/www.praloup.com\/ site is the property of the Tourist Office: Tourist Office04400 Pra Loup, FranceSIRET: 97948629700018Email: info@praloup.com Director: C\u00e9dric Brunet [&hellip;]","og_url":"https:\/\/www.praloup.com\/en\/legal-notice-and-credits\/","og_site_name":"Pra Loup - Office de Tourisme","article_publisher":"https:\/\/www.facebook.com\/praloup","article_modified_time":"2025-09-09T13:39:07+00:00","og_image":[{"url":"http:\/\/www.praloup.com\/wp-content\/uploads\/2025\/05\/pra-loup-alpesphotographiescom-89-1920x640.jpg","type":"","width":"","height":""}],"twitter_card":"summary_large_image","twitter_misc":{"Est. reading time":"2 minutes"},"schema":{"@context":"https:\/\/schema.org","@graph":[{"@type":"WebPage","@id":"https:\/\/www.praloup.com\/en\/legal-notice-and-credits\/","url":"https:\/\/www.praloup.com\/en\/legal-notice-and-credits\/","name":"Legal notice and credits - Pra Loup - Office de Tourisme","isPartOf":{"@id":"https:\/\/www.praloup.com\/en\/#website"},"primaryImageOfPage":{"@id":"https:\/\/www.praloup.com\/en\/legal-notice-and-credits\/#primaryimage"},"image":{"@id":"https:\/\/www.praloup.com\/en\/legal-notice-and-credits\/#primaryimage"},"thumbnailUrl":"https:\/\/www.praloup.com\/wp-content\/uploads\/2025\/05\/pra-loup-alpesphotographiescom-89-scaled.jpg","datePublished":"2025-05-08T20:21:36+00:00","dateModified":"2025-09-09T13:39:07+00:00","breadcrumb":{"@id":"https:\/\/www.praloup.com\/en\/legal-notice-and-credits\/#breadcrumb"},"inLanguage":"en-US","potentialAction":[{"@type":"ReadAction","target":["https:\/\/www.praloup.com\/en\/legal-notice-and-credits\/"]}]},{"@type":"ImageObject","inLanguage":"en-US","@id":"https:\/\/www.praloup.com\/en\/legal-notice-and-credits\/#primaryimage","url":"https:\/\/www.praloup.com\/wp-content\/uploads\/2025\/05\/pra-loup-alpesphotographiescom-89-scaled.jpg","contentUrl":"https:\/\/www.praloup.com\/wp-content\/uploads\/2025\/05\/pra-loup-alpesphotographiescom-89-scaled.jpg"},{"@type":"BreadcrumbList","@id":"https:\/\/www.praloup.com\/en\/legal-notice-and-credits\/#breadcrumb","itemListElement":[{"@type":"ListItem","position":1,"name":"Home","item":"https:\/\/www.praloup.com\/en\/pra-loup-the-ski-experience-at-the-gateway-to-the-mercantour-national-park\/"},{"@type":"ListItem","position":2,"name":"Legal notice and credits"}]},{"@type":"WebSite","@id":"https:\/\/www.praloup.com\/en\/#website","url":"https:\/\/www.praloup.com\/en\/","name":"Praloup - Office de Tourisme","description":"","publisher":{"@id":"https:\/\/www.praloup.com\/en\/#organization"},"potentialAction":[{"@type":"SearchAction","target":{"@type":"EntryPoint","urlTemplate":"https:\/\/www.praloup.com\/en\/?s={search_term_string}"},"query-input":{"@type":"PropertyValueSpecification","valueRequired":true,"valueName":"search_term_string"}}],"inLanguage":"en-US"},{"@type":"Organization","@id":"https:\/\/www.praloup.com\/en\/#organization","name":"Praloup - Office de Tourisme","url":"https:\/\/www.praloup.com\/en\/","logo":{"@type":"ImageObject","inLanguage":"en-US","@id":"https:\/\/www.praloup.com\/en\/#\/schema\/logo\/image\/","url":"https:\/\/www.praloup.com\/wp-content\/uploads\/2025\/05\/praloup-logo.svg","contentUrl":"https:\/\/www.praloup.com\/wp-content\/uploads\/2025\/05\/praloup-logo.svg","width":1,"height":1,"caption":"Praloup - Office de Tourisme"},"image":{"@id":"https:\/\/www.praloup.com\/en\/#\/schema\/logo\/image\/"},"sameAs":["https:\/\/www.facebook.com\/praloup","https:\/\/www.linkedin.com\/company\/praloup\/","https:\/\/www.instagram.com\/pra_loup\/"]}]}},"_links":{"self":[{"href":"https:\/\/www.praloup.com\/en\/wp-json\/wp\/v2\/pages\/5708","targetHints":{"allow":["GET"]}}],"collection":[{"href":"https:\/\/www.praloup.com\/en\/wp-json\/wp\/v2\/pages"}],"about":[{"href":"https:\/\/www.praloup.com\/en\/wp-json\/wp\/v2\/types\/page"}],"author":[{"embeddable":true,"href":"https:\/\/www.praloup.com\/en\/wp-json\/wp\/v2\/users\/1"}],"replies":[{"embeddable":true,"href":"https:\/\/www.praloup.com\/en\/wp-json\/wp\/v2\/comments?post=5708"}],"version-history":[{"count":4,"href":"https:\/\/www.praloup.com\/en\/wp-json\/wp\/v2\/pages\/5708\/revisions"}],"predecessor-version":[{"id":21333,"href":"https:\/\/www.praloup.com\/en\/wp-json\/wp\/v2\/pages\/5708\/revisions\/21333"}],"wp:attachment":[{"href":"https:\/\/www.praloup.com\/en\/wp-json\/wp\/v2\/media?parent=5708"}],"curies":[{"name":"wp","href":"https:\/\/api.w.org\/{rel}","templated":true}]}}