{"id":13715,"date":"2025-07-22T20:35:27","date_gmt":"2025-07-22T18:35:27","guid":{"rendered":"https:\/\/www.praloup.com\/activities\/adventure-terrain\/bike-park-de-pra-loup\/"},"modified":"2026-04-29T16:01:45","modified_gmt":"2026-04-29T14:01:45","slug":"bike-park-de-pra-loup","status":"publish","type":"page","link":"https:\/\/www.praloup.com\/en\/activities\/adventure-terrain\/bike-park-de-pra-loup\/","title":{"rendered":"Bike Park de Pra Loup"},"content":{"rendered":"\n<div class=\"wp-block-ws-library-ws-header-interne alignfull\"><div class=\"header-container\"><div class=\"group-media has-image\"><img loading=\"lazy\" decoding=\"async\" width=\"1920\" height=\"640\" src=\"https:\/\/www.praloup.com\/wp-content\/uploads\/2025\/07\/img-0156-1920x640.jpg\" alt=\"\" class=\"image_large_square wp-image-10956 \"\/><\/div><div class=\"group-content\"><div class=\"title\"><h1>Bike Park de Pra Loup<\/h1><\/div><\/div><\/div><div class=\"yoast-breadcrumbs\"><span><span><a href=\"https:\/\/www.praloup.com\/en\/pra-loup-the-ski-experience-at-the-gateway-to-the-mercantour-national-park\/\">Home<\/a><\/span>  <span><a href=\"https:\/\/www.praloup.com\/en\/activities\/\">Activities<\/a><\/span>  <span><a href=\"https:\/\/www.praloup.com\/en\/activities\/adventure-terrain\/\">Adventure Terrain<\/a><\/span>  <span class=\"breadcrumb_last\" aria-current=\"page\">Bike Park de Pra Loup<\/span><\/span><\/div><\/div>\n\n<p><strong>Looking for fun, nature and thrills in the mountains?<\/strong> This summer, head for the <strong>downhill slopes of Pra Loup <\/strong>! Between larch forests and large high-altitude meadows, <strong>our bike park welcomes you for days full of adrenaline<\/strong>&#8230; or quiet walks, according to your desires!<\/p>\n\n<div class=\"wp-block-ws-library-ws-banner alignfull\"><div class=\"wrapper\"><div class=\"group-media\"><img decoding=\"async\" src=\"https:\/\/www.praloup.com\/wp-content\/uploads\/2025\/07\/dsc01950-1920x480.jpg\" alt=\"Bike Park Pra Loup\" class=\"single_image wp-image-10947\"><\/div>\n<div class=\"group-content\"><div class=\"wp-block-ws-library-ws-title\"><h2>5 tracks, 5 moods<\/h2><\/div><p>Whether you&#8217;re <strong>a beginner<\/strong>, an <strong>experienced rider<\/strong> or in <strong>family<\/strong> mode, everyone here finds their own trail and rhythm \u2014 always with the <strong>Southern Alps<\/strong> as a backdrop.<br>All the slopes are <strong>accessible by the ski lifts<\/strong>, so you can go down effortlessly!<\/p><p>\ud83d\udfe2 <strong>Family &amp; Kids (5.5 km):<\/strong> fun and gentle, perfect for a family initiation.<\/p><p>\ud83d\udd35 <strong>The blue ones<\/strong> :<\/p><ul class=\"wp-block-list\">\n<li><em>Blue Brothers (4.2 km):<\/em> banked bends, forest atmosphere.<\/li>\n\n\n\n<li><em>The Flow (2.7 km):<\/em> short and ideal for progressing.<\/li>\n<\/ul><p>\ud83d\udd34 <strong>The reds<\/strong> :<\/p><ul class=\"wp-block-list\">\n<li><em>Rock &amp; Run (The technique) (2.1 km):<\/em> committed passages.<\/li>\n\n\n\n<li><em>Red Carpet (800 m):<\/em> a sprint for the strong.<\/li>\n<\/ul><p>\u26ab\ufe0f <strong>The black ones<\/strong> : coming soon for the experts&#8230; Stay tuned!<\/p><p><\/p><div class=\"wp-block-group is-horizontal is-content-justification-center is-nowrap is-layout-flex wp-container-core-group-is-layout-2256e7f1 wp-block-group-is-layout-flex\">\n<div class=\"wp-block-ws-library-ws-button has-text-align-center\"><a href=\"https:\/\/www.praloup.com\/en\/getting-organized\/buy-my-package\/\" class=\"wp-block-button__link wp-element-button btn\">  Buy a package<\/a><\/div>\n\n\n\n<div class=\"wp-block-ws-library-ws-button has-text-align-center\"><a href=\"https:\/\/www.praloup.com\/wp-content\/uploads\/2025\/07\/plan-dh-vtt-pra-loup.pdf\" class=\"wp-block-button__link wp-element-button btn\">  Map of the estate<\/a><\/div>\n<\/div><\/div>\n\n\n\n\n\n\n\n\n\n\n\n\n\n\n\n\n\n\n\n\n\n\n\n\n\n\n\n\n\n\n\n\n\n\n\n\n<\/div><\/div>\n\n<p><br\/>With its accessible and well-thought-out bike park,<strong> Pra Loup is a real mountain bike destination<\/strong>.  <\/p>\n\n<p>Ideal for summer holidays, weekends with friends or sports outings with the family. All in a preserved natural setting, under the generous sun of the Ubaye. <\/p>\n\n<div class=\"wp-block-ws-library-ws-featured-content is-style-picto-topo\">\n<div class=\"wp-block-ws-library-ws-title\"><h2><strong>Opening<\/strong> hours<\/h2><\/div>\n\n\n\n<p><strong>Dates <\/strong>: from Saturday 4 July to Sunday 30 August 2026.<\/p>\n\n\n\n<p><strong>Opening hours of<\/strong> the T\u00e9l\u00e9mix de la Capppe : from 9 am to 5 pm (last descent)<\/p>\n\n\n\n<p><strong>Opening hours of the points of sale:<\/strong> from 9 am to 1 pm and from 2 pm to 4.45 pm at the cash desks. Two vending machines are available 24 hours a day on the 1600 platter (main cash desks) and 1 vending machine available 24 hours a day at the Clapiers cash desks. <\/p>\n\n\n\n<div class=\"wp-block-ws-library-ws-button has-text-align-left\"><a href=\"https:\/\/www.praloup.com\/en\/getting-organized\/buy-my-package\/\" class=\"wp-block-button__link wp-element-button btn\">  I buy my ski pass<\/a><\/div>\n<\/div>\n\n<div class=\"wp-block-ws-library-ws-columns alignfull has-2-columns are-vertically-aligned-center layout-5050 is-style-background-texture\">\n<div class=\"wp-block-ws-library-ws-column\"><div class=\"wrapper\">\n<div class=\"wp-block-ws-library-ws-title\"><h2>The little <strong>extras of the Bike Park<\/strong><\/h2><\/div>\n\n\n\n<p><strong>Car wash<\/strong> : a cleaning area is available at the end of the tracks, so you can leave clean and without leaving any mud in the car.<\/p>\n\n\n\n<p><strong>Tools available<\/strong> : a <strong>self-service tool station <\/strong>allows small adjustments or repairs before\/after riding. Practical and reassuring! <\/p>\n<\/div><\/div>\n\n\n\n<div class=\"wp-block-ws-library-ws-column\"><div class=\"wrapper\">\n<div class=\"wp-block-ws-library-ws-image\"><div class=\"wrapper\"><div class=\"group-media\"><img decoding=\"async\" src=\"https:\/\/www.praloup.com\/wp-content\/uploads\/2025\/07\/station-de-lavage-velo-front-de-piste-1600-900x570.jpg\" alt=\"MTB wash station Pra Loup\" class=\"single_image ws-image-11032\"><div class=\"credits\"><\/div><\/div><p class=\"caption\"><\/p><\/div><\/div>\n<\/div><\/div>\n<\/div>\n\n<div class=\"wp-block-ws-library-ws-columns alignwide has-2-columns are-vertically-aligned-center layout-5050 is-style-background-white\">\n<div class=\"wp-block-ws-library-ws-column\"><div class=\"wrapper\">\n<div class=\"wp-block-ws-library-ws-title\"><h3>Rent an ATV<\/h3><\/div>\n\n\n\n<p><strong>Whether you come without your equipment<\/strong> or want to <strong>test a new model<\/strong>, in Pra Loup you can find recent and well-maintained mountain bikes and e-MTBs for rent, just a few steps from the lifts.<\/p>\n<\/div><\/div>\n\n\n\n<div class=\"wp-block-ws-library-ws-column\"><div class=\"wrapper\"><div class=\"wp-block-ws-library-ws-list-apidae\"><div class=\"list-items\"><div class=\"item\"><div class=\"card \"><div class=\"group-media\"><div class=\"field-image\"><img decoding=\"async\" src=\"https:\/\/images.weserv.nl\/?url=https:\/\/static.apidae-tourisme.com\/filestore\/objets-touristiques\/images\/151\/115\/31814551-diaporama.jpg&#038;w=337&#038;h=475&#038;fit=cover&#038;output=webp&#038;q=45\" alt=\"Verdier Sport &#8211; Precision Ski\"\/><\/div><\/div><div class=\"group-content\"><h3 class=\"field-title\">Verdier Sport &#8211; Precision Ski<\/h3><div class=\"field-description\">Verdier Sport &#8211; Pr\u00e9cision Ski \u2018Equip yourself, set off, vibrate &#8211; Summer begins at Verdier Sport\u2019.<\/div><\/div><div class=\"field-link\"><a href=\"https:\/\/www.praloup.com\/en\/fiche\/verdier-sport-precision-ski-2\/\" class=\"cardlink\">Verdier Sport &#8211; Precision Ski<\/a><\/div><\/div><\/div><\/div><\/div><\/div><\/div>\n<\/div>\n\n<div class=\"wp-block-ws-library-ws-banner-parallax alignfull\"><div class=\"header-container\"><div class=\"group-media has-image\"><img loading=\"lazy\" decoding=\"async\" width=\"2560\" height=\"1707\" src=\"https:\/\/www.praloup.com\/wp-content\/uploads\/2025\/07\/dsc01875-scaled.jpg\" alt=\"Bike Park Pra Loup\" class=\"image_large_square wp-image-10944 \" srcset=\"https:\/\/www.praloup.com\/wp-content\/uploads\/2025\/07\/dsc01875-scaled.jpg 2560w, https:\/\/www.praloup.com\/wp-content\/uploads\/2025\/07\/dsc01875-scaled-300x200.jpg 300w, https:\/\/www.praloup.com\/wp-content\/uploads\/2025\/07\/dsc01875-scaled-1024x683.jpg 1024w, https:\/\/www.praloup.com\/wp-content\/uploads\/2025\/07\/dsc01875-scaled-768x512.jpg 768w, https:\/\/www.praloup.com\/wp-content\/uploads\/2025\/07\/dsc01875-scaled-1536x1024.jpg 1536w, https:\/\/www.praloup.com\/wp-content\/uploads\/2025\/07\/dsc01875-scaled-2048x1366.jpg 2048w, https:\/\/www.praloup.com\/wp-content\/uploads\/2025\/07\/dsc01875-scaled-60x40.jpg 60w, https:\/\/www.praloup.com\/wp-content\/uploads\/2025\/07\/dsc01875-scaled-120x80.jpg 120w, https:\/\/www.praloup.com\/wp-content\/uploads\/2025\/07\/dsc01875-scaled-855x570.jpg 855w\" sizes=\"auto, (max-width: 2560px) 100vw, 2560px\" \/><\/div><div class=\"group-content\"><div class=\"intro-text\">Un spot qui vit tout l&#8217;\u00e9t\u00e9<\/div><div class=\"columns\"><div class=\"column\"><h3>Tous niveaux<\/h3><p>Du d\u00e9butant au confirm\u00e9<\/p><\/div><div class=\"column\"><h3>Nature pr\u00e9serv\u00e9e<\/h3><p>Bike park int\u00e9gr\u00e9 \u00e0 son environnement<\/p><\/div><div class=\"column\"><h3>Remont\u00e9es m\u00e9caniques<\/h3><p><em>Monte sans effort, descends \u00e0 fond<\/em><\/p><\/div><\/div><div class=\"buttons\">\n<div class=\"wp-block-ws-library-ws-button has-text-align-left\"><a href=\"https:\/\/www.praloup.com\/en\/getting-organized\/buy-my-package\/\" class=\"wp-block-button__link wp-element-button btn\">  Buy a package<\/a><\/div>\n\n\n\n<div class=\"wp-block-ws-library-ws-button has-text-align-left\"><a href=\"https:\/\/www.praloup.com\/en\/fiche\/verdier-sport-precision-ski-2\/\" class=\"wp-block-button__link wp-element-button btn\">  Rent equipment<\/a><\/div>\n<\/div><\/div><\/div><\/div>\n\n<div class=\"wp-block-ws-library-ws-title\"><h3>Even more cycling<\/h3><\/div>\n<div class=\"alignwide is-style-card-portrait wp-block-ws-library-ws-list-content\"><div class=\"list-items\"><div class=\"item\"><div class=\"card \"><div class=\"group-media\"><div class=\"field-image\"><img loading=\"lazy\" decoding=\"async\" width=\"337\" height=\"475\" src=\"https:\/\/www.praloup.com\/wp-content\/uploads\/2025\/07\/velo-de-route-col-de-la-cayolle-thomas-bruno-2025-51-337x475.jpg\" class=\"winter all-seasons wp-post-image\" alt=\"\" data-season=\"all-seasons\" \/><\/div><\/div><div class=\"group-content\"><h3 class=\"field-title\">Cycle tourism &amp; Great Alpine passes<\/h3><\/div><div class=\"field-link\"><a href=\"https:\/\/www.praloup.com\/en\/activities\/cycle-tourism-great-alpine-passes\/\" class=\"cardlink\">Cycle tourism &amp; Great Alpine passes<\/a><\/div><\/div><\/div><div class=\"item\"><div class=\"card \"><div class=\"group-media\"><div class=\"field-image\"><img loading=\"lazy\" decoding=\"async\" width=\"337\" height=\"475\" src=\"https:\/\/www.praloup.com\/wp-content\/uploads\/2025\/07\/vtt-gimette-thomas-bruno-2025-81-337x475.jpg\" class=\"winter all-seasons wp-post-image\" alt=\"\" data-season=\"all-seasons\" \/><\/div><\/div><div class=\"group-content\"><h3 class=\"field-title\">Mountain biking around Pra Loup<\/h3><\/div><div class=\"field-link\"><a href=\"https:\/\/www.praloup.com\/en\/100-nature\/mountain-biking-around-pra-loup\/\" class=\"cardlink\">Mountain biking around Pra Loup<\/a><\/div><\/div><\/div><div class=\"item\"><div class=\"card \"><div class=\"group-media\"><div class=\"field-image\"><img loading=\"lazy\" decoding=\"async\" width=\"337\" height=\"475\" src=\"https:\/\/www.praloup.com\/wp-content\/uploads\/2025\/05\/pra-loup-alpesphotographiescom-70-337x475.jpg\" class=\"winter wp-post-image\" alt=\"\" data-season=\"winter\" \/><img loading=\"lazy\" decoding=\"async\" width=\"337\" height=\"475\" src=\"https:\/\/www.praloup.com\/wp-content\/uploads\/2025\/07\/front-de-pistes-ut-brendan-le-peru-2-scaled-337x475.jpg\" class=\"vivaldi-thumb summer\" alt=\"Front de pistes Pra Loup Mercantour\" data-season=\"summer\" \/><\/div><\/div><div class=\"group-content\"><h3 class=\"field-title\">Rental and purchase of sports equipment<\/h3><\/div><div class=\"field-link\"><a href=\"https:\/\/www.praloup.com\/en\/shops-and-restaurants\/shops\/rental-and-purchase-of-sports-equipment\/\" class=\"cardlink\">Rental and purchase of sports equipment<\/a><\/div><\/div><\/div><div class=\"item\"><div class=\"card \"><div class=\"group-media\"><div class=\"field-image\"><img loading=\"lazy\" decoding=\"async\" width=\"337\" height=\"475\" src=\"https:\/\/www.praloup.com\/wp-content\/uploads\/2025\/07\/velo-de-route-col-de-la-cayolle-thomas-bruno-2025-19-337x475.jpg\" class=\"winter all-seasons wp-post-image\" alt=\"Col de la Cayolle V\u00e9lo de route Pra Loup Ubaye Mercantour\" data-season=\"all-seasons\" \/><\/div><\/div><div class=\"group-content\"><h3 class=\"field-title\">Pra Loup and the Tour de France<\/h3><\/div><div class=\"field-link\"><a href=\"https:\/\/www.praloup.com\/en\/pra-loup-and-the-tour-de-france\/\" class=\"cardlink\">Pra Loup and the Tour de France<\/a><\/div><\/div><\/div><\/div><\/div>\n<div class=\"wp-block-ws-library-ws-share\"><span class=\"share-subtitle\">Did you like this page?<\/span><span class=\"share-title\">Share it!<\/span><button class=\"ws-share-button wp-element-button\">Share this page<\/button><\/div>\n","protected":false},"excerpt":{"rendered":"<p>Downhill, nature and sensations: the Pra Loup bike park awaits you with its trails for all levels and its clever services!<\/p>\n","protected":false},"author":2,"featured_media":10957,"parent":13707,"menu_order":0,"comment_status":"closed","ping_status":"closed","template":"","meta":{"_thumbnail_id_2":0,"summer_excerpt":"","season":"","menu_page_1":"","menu_page_2":"","footnotes":""},"class_list":["post-13715","page","type-page","status-publish","has-post-thumbnail","hentry"],"yoast_head":"<!-- This site is optimized with the Yoast SEO plugin v27.5 - https:\/\/yoast.com\/product\/yoast-seo-wordpress\/ -->\n<title>Bike Park de Pra Loup - Pra Loup - Office de Tourisme<\/title>\n<meta name=\"description\" content=\"Downhill, nature and sensations: the Pra Loup bike park awaits you with its trails for all levels and its clever services!\" \/>\n<meta name=\"robots\" content=\"index, follow, max-snippet:-1, max-image-preview:large, max-video-preview:-1\" \/>\n<link rel=\"canonical\" href=\"https:\/\/www.praloup.com\/en\/activities\/adventure-terrain\/bike-park-de-pra-loup\/\" \/>\n<meta property=\"og:locale\" content=\"en_US\" \/>\n<meta property=\"og:type\" content=\"article\" \/>\n<meta property=\"og:title\" content=\"Bike Park de Pra Loup - Pra Loup - Office de Tourisme\" \/>\n<meta property=\"og:description\" content=\"Downhill, nature and sensations: the Pra Loup bike park awaits you with its trails for all levels and its clever services!\" \/>\n<meta property=\"og:url\" content=\"https:\/\/www.praloup.com\/en\/activities\/adventure-terrain\/bike-park-de-pra-loup\/\" \/>\n<meta property=\"og:site_name\" content=\"Pra Loup - Office de Tourisme\" \/>\n<meta property=\"article:publisher\" content=\"https:\/\/www.facebook.com\/praloup\" \/>\n<meta property=\"article:modified_time\" content=\"2026-04-29T14:01:45+00:00\" \/>\n<meta property=\"og:image\" content=\"https:\/\/www.praloup.com\/wp-content\/uploads\/2025\/07\/img-0156-scaled.jpg\" \/>\n\t<meta property=\"og:image:width\" content=\"2560\" \/>\n\t<meta property=\"og:image:height\" content=\"1707\" \/>\n\t<meta property=\"og:image:type\" content=\"image\/jpeg\" \/>\n<meta name=\"twitter:card\" content=\"summary_large_image\" \/>\n<meta name=\"twitter:label1\" content=\"Est. reading time\" \/>\n\t<meta name=\"twitter:data1\" content=\"2 minutes\" \/>\n<script type=\"application\/ld+json\" class=\"yoast-schema-graph\">{\"@context\":\"https:\\\/\\\/schema.org\",\"@graph\":[{\"@type\":\"WebPage\",\"@id\":\"https:\\\/\\\/www.praloup.com\\\/en\\\/activities\\\/adventure-terrain\\\/bike-park-de-pra-loup\\\/\",\"url\":\"https:\\\/\\\/www.praloup.com\\\/en\\\/activities\\\/adventure-terrain\\\/bike-park-de-pra-loup\\\/\",\"name\":\"Bike Park de Pra Loup - Pra Loup - Office de Tourisme\",\"isPartOf\":{\"@id\":\"https:\\\/\\\/www.praloup.com\\\/en\\\/#website\"},\"primaryImageOfPage\":{\"@id\":\"https:\\\/\\\/www.praloup.com\\\/en\\\/activities\\\/adventure-terrain\\\/bike-park-de-pra-loup\\\/#primaryimage\"},\"image\":{\"@id\":\"https:\\\/\\\/www.praloup.com\\\/en\\\/activities\\\/adventure-terrain\\\/bike-park-de-pra-loup\\\/#primaryimage\"},\"thumbnailUrl\":\"https:\\\/\\\/www.praloup.com\\\/wp-content\\\/uploads\\\/2025\\\/07\\\/img-0156-scaled.jpg\",\"datePublished\":\"2025-07-22T18:35:27+00:00\",\"dateModified\":\"2026-04-29T14:01:45+00:00\",\"description\":\"Downhill, nature and sensations: the Pra Loup bike park awaits you with its trails for all levels and its clever services!\",\"breadcrumb\":{\"@id\":\"https:\\\/\\\/www.praloup.com\\\/en\\\/activities\\\/adventure-terrain\\\/bike-park-de-pra-loup\\\/#breadcrumb\"},\"inLanguage\":\"en-US\",\"potentialAction\":[{\"@type\":\"ReadAction\",\"target\":[\"https:\\\/\\\/www.praloup.com\\\/en\\\/activities\\\/adventure-terrain\\\/bike-park-de-pra-loup\\\/\"]}]},{\"@type\":\"ImageObject\",\"inLanguage\":\"en-US\",\"@id\":\"https:\\\/\\\/www.praloup.com\\\/en\\\/activities\\\/adventure-terrain\\\/bike-park-de-pra-loup\\\/#primaryimage\",\"url\":\"https:\\\/\\\/www.praloup.com\\\/wp-content\\\/uploads\\\/2025\\\/07\\\/img-0156-scaled.jpg\",\"contentUrl\":\"https:\\\/\\\/www.praloup.com\\\/wp-content\\\/uploads\\\/2025\\\/07\\\/img-0156-scaled.jpg\",\"width\":2560,\"height\":1707},{\"@type\":\"BreadcrumbList\",\"@id\":\"https:\\\/\\\/www.praloup.com\\\/en\\\/activities\\\/adventure-terrain\\\/bike-park-de-pra-loup\\\/#breadcrumb\",\"itemListElement\":[{\"@type\":\"ListItem\",\"position\":1,\"name\":\"Home\",\"item\":\"https:\\\/\\\/www.praloup.com\\\/en\\\/pra-loup-the-ski-experience-at-the-gateway-to-the-mercantour-national-park\\\/\"},{\"@type\":\"ListItem\",\"position\":2,\"name\":\"Activities\",\"item\":\"https:\\\/\\\/www.praloup.com\\\/en\\\/activities\\\/\"},{\"@type\":\"ListItem\",\"position\":3,\"name\":\"Adventure Terrain\",\"item\":\"https:\\\/\\\/www.praloup.com\\\/en\\\/activities\\\/adventure-terrain\\\/\"},{\"@type\":\"ListItem\",\"position\":4,\"name\":\"Bike Park de Pra Loup\"}]},{\"@type\":\"WebSite\",\"@id\":\"https:\\\/\\\/www.praloup.com\\\/en\\\/#website\",\"url\":\"https:\\\/\\\/www.praloup.com\\\/en\\\/\",\"name\":\"Praloup - Office de Tourisme\",\"description\":\"\",\"publisher\":{\"@id\":\"https:\\\/\\\/www.praloup.com\\\/en\\\/#organization\"},\"potentialAction\":[{\"@type\":\"SearchAction\",\"target\":{\"@type\":\"EntryPoint\",\"urlTemplate\":\"https:\\\/\\\/www.praloup.com\\\/en\\\/?s={search_term_string}\"},\"query-input\":{\"@type\":\"PropertyValueSpecification\",\"valueRequired\":true,\"valueName\":\"search_term_string\"}}],\"inLanguage\":\"en-US\"},{\"@type\":\"Organization\",\"@id\":\"https:\\\/\\\/www.praloup.com\\\/en\\\/#organization\",\"name\":\"Praloup - Office de Tourisme\",\"url\":\"https:\\\/\\\/www.praloup.com\\\/en\\\/\",\"logo\":{\"@type\":\"ImageObject\",\"inLanguage\":\"en-US\",\"@id\":\"https:\\\/\\\/www.praloup.com\\\/en\\\/#\\\/schema\\\/logo\\\/image\\\/\",\"url\":\"https:\\\/\\\/www.praloup.com\\\/wp-content\\\/uploads\\\/2025\\\/05\\\/praloup-logo.svg\",\"contentUrl\":\"https:\\\/\\\/www.praloup.com\\\/wp-content\\\/uploads\\\/2025\\\/05\\\/praloup-logo.svg\",\"width\":1,\"height\":1,\"caption\":\"Praloup - Office de Tourisme\"},\"image\":{\"@id\":\"https:\\\/\\\/www.praloup.com\\\/en\\\/#\\\/schema\\\/logo\\\/image\\\/\"},\"sameAs\":[\"https:\\\/\\\/www.facebook.com\\\/praloup\",\"https:\\\/\\\/www.linkedin.com\\\/company\\\/praloup\\\/\",\"https:\\\/\\\/www.instagram.com\\\/pra_loup\\\/\"]}]}<\/script>\n<!-- \/ Yoast SEO plugin. -->","yoast_head_json":{"title":"Bike Park de Pra Loup - Pra Loup - Office de Tourisme","description":"Downhill, nature and sensations: the Pra Loup bike park awaits you with its trails for all levels and its clever services!","robots":{"index":"index","follow":"follow","max-snippet":"max-snippet:-1","max-image-preview":"max-image-preview:large","max-video-preview":"max-video-preview:-1"},"canonical":"https:\/\/www.praloup.com\/en\/activities\/adventure-terrain\/bike-park-de-pra-loup\/","og_locale":"en_US","og_type":"article","og_title":"Bike Park de Pra Loup - Pra Loup - Office de Tourisme","og_description":"Downhill, nature and sensations: the Pra Loup bike park awaits you with its trails for all levels and its clever services!","og_url":"https:\/\/www.praloup.com\/en\/activities\/adventure-terrain\/bike-park-de-pra-loup\/","og_site_name":"Pra Loup - Office de Tourisme","article_publisher":"https:\/\/www.facebook.com\/praloup","article_modified_time":"2026-04-29T14:01:45+00:00","og_image":[{"width":2560,"height":1707,"url":"https:\/\/www.praloup.com\/wp-content\/uploads\/2025\/07\/img-0156-scaled.jpg","type":"image\/jpeg"}],"twitter_card":"summary_large_image","twitter_misc":{"Est. reading time":"2 minutes"},"schema":{"@context":"https:\/\/schema.org","@graph":[{"@type":"WebPage","@id":"https:\/\/www.praloup.com\/en\/activities\/adventure-terrain\/bike-park-de-pra-loup\/","url":"https:\/\/www.praloup.com\/en\/activities\/adventure-terrain\/bike-park-de-pra-loup\/","name":"Bike Park de Pra Loup - Pra Loup - Office de Tourisme","isPartOf":{"@id":"https:\/\/www.praloup.com\/en\/#website"},"primaryImageOfPage":{"@id":"https:\/\/www.praloup.com\/en\/activities\/adventure-terrain\/bike-park-de-pra-loup\/#primaryimage"},"image":{"@id":"https:\/\/www.praloup.com\/en\/activities\/adventure-terrain\/bike-park-de-pra-loup\/#primaryimage"},"thumbnailUrl":"https:\/\/www.praloup.com\/wp-content\/uploads\/2025\/07\/img-0156-scaled.jpg","datePublished":"2025-07-22T18:35:27+00:00","dateModified":"2026-04-29T14:01:45+00:00","description":"Downhill, nature and sensations: the Pra Loup bike park awaits you with its trails for all levels and its clever services!","breadcrumb":{"@id":"https:\/\/www.praloup.com\/en\/activities\/adventure-terrain\/bike-park-de-pra-loup\/#breadcrumb"},"inLanguage":"en-US","potentialAction":[{"@type":"ReadAction","target":["https:\/\/www.praloup.com\/en\/activities\/adventure-terrain\/bike-park-de-pra-loup\/"]}]},{"@type":"ImageObject","inLanguage":"en-US","@id":"https:\/\/www.praloup.com\/en\/activities\/adventure-terrain\/bike-park-de-pra-loup\/#primaryimage","url":"https:\/\/www.praloup.com\/wp-content\/uploads\/2025\/07\/img-0156-scaled.jpg","contentUrl":"https:\/\/www.praloup.com\/wp-content\/uploads\/2025\/07\/img-0156-scaled.jpg","width":2560,"height":1707},{"@type":"BreadcrumbList","@id":"https:\/\/www.praloup.com\/en\/activities\/adventure-terrain\/bike-park-de-pra-loup\/#breadcrumb","itemListElement":[{"@type":"ListItem","position":1,"name":"Home","item":"https:\/\/www.praloup.com\/en\/pra-loup-the-ski-experience-at-the-gateway-to-the-mercantour-national-park\/"},{"@type":"ListItem","position":2,"name":"Activities","item":"https:\/\/www.praloup.com\/en\/activities\/"},{"@type":"ListItem","position":3,"name":"Adventure Terrain","item":"https:\/\/www.praloup.com\/en\/activities\/adventure-terrain\/"},{"@type":"ListItem","position":4,"name":"Bike Park de Pra Loup"}]},{"@type":"WebSite","@id":"https:\/\/www.praloup.com\/en\/#website","url":"https:\/\/www.praloup.com\/en\/","name":"Praloup - Office de Tourisme","description":"","publisher":{"@id":"https:\/\/www.praloup.com\/en\/#organization"},"potentialAction":[{"@type":"SearchAction","target":{"@type":"EntryPoint","urlTemplate":"https:\/\/www.praloup.com\/en\/?s={search_term_string}"},"query-input":{"@type":"PropertyValueSpecification","valueRequired":true,"valueName":"search_term_string"}}],"inLanguage":"en-US"},{"@type":"Organization","@id":"https:\/\/www.praloup.com\/en\/#organization","name":"Praloup - Office de Tourisme","url":"https:\/\/www.praloup.com\/en\/","logo":{"@type":"ImageObject","inLanguage":"en-US","@id":"https:\/\/www.praloup.com\/en\/#\/schema\/logo\/image\/","url":"https:\/\/www.praloup.com\/wp-content\/uploads\/2025\/05\/praloup-logo.svg","contentUrl":"https:\/\/www.praloup.com\/wp-content\/uploads\/2025\/05\/praloup-logo.svg","width":1,"height":1,"caption":"Praloup - Office de Tourisme"},"image":{"@id":"https:\/\/www.praloup.com\/en\/#\/schema\/logo\/image\/"},"sameAs":["https:\/\/www.facebook.com\/praloup","https:\/\/www.linkedin.com\/company\/praloup\/","https:\/\/www.instagram.com\/pra_loup\/"]}]}},"_links":{"self":[{"href":"https:\/\/www.praloup.com\/en\/wp-json\/wp\/v2\/pages\/13715","targetHints":{"allow":["GET"]}}],"collection":[{"href":"https:\/\/www.praloup.com\/en\/wp-json\/wp\/v2\/pages"}],"about":[{"href":"https:\/\/www.praloup.com\/en\/wp-json\/wp\/v2\/types\/page"}],"author":[{"embeddable":true,"href":"https:\/\/www.praloup.com\/en\/wp-json\/wp\/v2\/users\/2"}],"replies":[{"embeddable":true,"href":"https:\/\/www.praloup.com\/en\/wp-json\/wp\/v2\/comments?post=13715"}],"version-history":[{"count":13,"href":"https:\/\/www.praloup.com\/en\/wp-json\/wp\/v2\/pages\/13715\/revisions"}],"predecessor-version":[{"id":39421,"href":"https:\/\/www.praloup.com\/en\/wp-json\/wp\/v2\/pages\/13715\/revisions\/39421"}],"up":[{"embeddable":true,"href":"https:\/\/www.praloup.com\/en\/wp-json\/wp\/v2\/pages\/13707"}],"wp:featuredmedia":[{"embeddable":true,"href":"https:\/\/www.praloup.com\/en\/wp-json\/wp\/v2\/media\/10957"}],"wp:attachment":[{"href":"https:\/\/www.praloup.com\/en\/wp-json\/wp\/v2\/media?parent=13715"}],"curies":[{"name":"wp","href":"https:\/\/api.w.org\/{rel}","templated":true}]}}